{"id":2326,"date":"2024-08-13T08:09:28","date_gmt":"2024-08-13T08:09:28","guid":{"rendered":"https:\/\/sunvis-solar.com\/?post_type=product&#038;p=2326"},"modified":"2024-08-13T12:14:20","modified_gmt":"2024-08-13T12:14:20","slug":"40w-400w-haute-luminosite-tout-en-un-lumiere-solaire-de-rue","status":"publish","type":"product","link":"https:\/\/sunvis-solar.com\/fr\/product\/40w-400w-high-brightness-all-in-one-solar-street-light\/","title":{"rendered":"Lampadaire solaire haute luminosit\u00e9 40 W-400 W pour projets mondiaux | Conception tout-en-un | Max 32400LM"},"content":{"rendered":"","protected":false},"excerpt":{"rendered":"<p>&nbsp;<\/p>\n<ul>\n<li>Conception int\u00e9gr\u00e9e, facile \u00e0 installer<\/li>\n<li>Panneau solaire \u00e0 haut rendement, efficacit\u00e9 de conversion 23%, temps de charge plus court<\/li>\n<li>Batterie au lithium maximale de 1920 WH, plus de stockage d&#039;\u00e9nergie, temps d&#039;\u00e9clairage plus long<\/li>\n<li>Luminosit\u00e9 \u00e9lev\u00e9e, maximum 32400LM<\/li>\n<li>Niveau de protection \u00e9lev\u00e9 IP66<\/li>\n<li>Dur\u00e9e de vie de 10 ans<\/li>\n<li>Garantie 5 ans, aucun souci apr\u00e8s-vente<\/li>\n<li>Coque en aluminium, ne craint pas la mer et le sable, durable<\/li>\n<li>Certificat CE, IEC60598, IP66, IK09<\/li>\n<li>Sans entretien, \u00e9conomisez sur les co\u00fbts apr\u00e8s-vente<\/li>\n<li>Accessoire en option : Contr\u00f4le intelligent par application, <a href=\"https:\/\/sunvis-solar.com\/fr\/systeme-de-telesurveillance\/\" target=\"_blank\" rel=\"noopener\">IOT<\/a> Syst\u00e8me de gestion, <a href=\"https:\/\/sunvis-solar.com\/fr\/lampadaire-solaire-avec-camera-de-videosurveillance-wifi-4g\/\" target=\"_blank\" rel=\"noopener\">Cam\u00e9ra de vid\u00e9osurveillance<\/a>, Pics anti-oiseaux.<\/li>\n<\/ul>","protected":false},"featured_media":2278,"template":"","meta":[],"product_brand":[],"product_cat":[309,323,317],"product_tag":[],"class_list":{"0":"post-2326","1":"product","2":"type-product","3":"status-publish","4":"has-post-thumbnail","6":"product_cat-all-in-one","7":"product_cat-solar-floodlight","8":"product_cat-solar-street-light","10":"first","11":"instock","12":"shipping-taxable","13":"product-type-simple"},"yoast_head":"<!-- This site is optimized with the Yoast SEO plugin v27.3 - https:\/\/yoast.com\/product\/yoast-seo-wordpress\/ -->\n<title>40W-400W High Brightness All In One Solar Street Light for Projects<\/title>\n<meta name=\"description\" content=\"Customize All In One Solar Street Light from 40W to 400W to match your Global Projects. Easy to Install, Contact for Quotation Now!\" \/>\n<meta name=\"robots\" content=\"index, follow, max-snippet:-1, max-image-preview:large, max-video-preview:-1\" \/>\n<link rel=\"canonical\" href=\"https:\/\/sunvis-solar.com\/fr\/produit\/40w-400w-haute-luminosite-tout-en-un-lumiere-solaire-de-rue\/\" \/>\n<meta property=\"og:locale\" content=\"fr_FR\" \/>\n<meta property=\"og:type\" content=\"article\" \/>\n<meta property=\"og:title\" content=\"40W-400W High Brightness All In One Solar Street Light for Projects\" \/>\n<meta property=\"og:description\" content=\"Customize All In One Solar Street Light from 40W to 400W to match your Global Projects. Easy to Install, Contact for Quotation Now!\" \/>\n<meta property=\"og:url\" content=\"https:\/\/sunvis-solar.com\/fr\/produit\/40w-400w-haute-luminosite-tout-en-un-lumiere-solaire-de-rue\/\" \/>\n<meta property=\"og:site_name\" content=\"Solar Street Light and Solar System Manufacturer in China\" \/>\n<meta property=\"article:modified_time\" content=\"2024-08-13T12:14:20+00:00\" \/>\n<meta property=\"og:image\" content=\"https:\/\/sunvis-solar.com\/wp-content\/uploads\/2024\/08\/ALL-IN-ONE-SOLAR-STREET-LIGHT-100W-1.jpg\" \/>\n\t<meta property=\"og:image:width\" content=\"800\" \/>\n\t<meta property=\"og:image:height\" content=\"800\" \/>\n\t<meta property=\"og:image:type\" content=\"image\/jpeg\" \/>\n<meta name=\"twitter:card\" content=\"summary_large_image\" \/>\n<meta name=\"twitter:label1\" content=\"Dur\u00e9e de lecture estim\u00e9e\" \/>\n\t<meta name=\"twitter:data1\" content=\"1 minute\" \/>\n<script type=\"application\/ld+json\" class=\"yoast-schema-graph\">{\"@context\":\"https:\\\/\\\/schema.org\",\"@graph\":[{\"@type\":\"WebPage\",\"@id\":\"https:\\\/\\\/sunvis-solar.com\\\/product\\\/40w-400w-high-brightness-all-in-one-solar-street-light\\\/\",\"url\":\"https:\\\/\\\/sunvis-solar.com\\\/product\\\/40w-400w-high-brightness-all-in-one-solar-street-light\\\/\",\"name\":\"40W-400W High Brightness All In One Solar Street Light for Projects\",\"isPartOf\":{\"@id\":\"https:\\\/\\\/sunvis-solar.com\\\/#website\"},\"primaryImageOfPage\":{\"@id\":\"https:\\\/\\\/sunvis-solar.com\\\/product\\\/40w-400w-high-brightness-all-in-one-solar-street-light\\\/#primaryimage\"},\"image\":{\"@id\":\"https:\\\/\\\/sunvis-solar.com\\\/product\\\/40w-400w-high-brightness-all-in-one-solar-street-light\\\/#primaryimage\"},\"thumbnailUrl\":\"https:\\\/\\\/sunvis-solar.com\\\/wp-content\\\/uploads\\\/2024\\\/08\\\/ALL-IN-ONE-SOLAR-STREET-LIGHT-100W-1.jpg\",\"datePublished\":\"2024-08-13T08:09:28+00:00\",\"dateModified\":\"2024-08-13T12:14:20+00:00\",\"description\":\"Customize All In One Solar Street Light from 40W to 400W to match your Global Projects. Easy to Install, Contact for Quotation Now!\",\"breadcrumb\":{\"@id\":\"https:\\\/\\\/sunvis-solar.com\\\/product\\\/40w-400w-high-brightness-all-in-one-solar-street-light\\\/#breadcrumb\"},\"inLanguage\":\"fr-FR\",\"potentialAction\":[{\"@type\":\"ReadAction\",\"target\":[\"https:\\\/\\\/sunvis-solar.com\\\/product\\\/40w-400w-high-brightness-all-in-one-solar-street-light\\\/\"]}]},{\"@type\":\"ImageObject\",\"inLanguage\":\"fr-FR\",\"@id\":\"https:\\\/\\\/sunvis-solar.com\\\/product\\\/40w-400w-high-brightness-all-in-one-solar-street-light\\\/#primaryimage\",\"url\":\"https:\\\/\\\/sunvis-solar.com\\\/wp-content\\\/uploads\\\/2024\\\/08\\\/ALL-IN-ONE-SOLAR-STREET-LIGHT-100W-1.jpg\",\"contentUrl\":\"https:\\\/\\\/sunvis-solar.com\\\/wp-content\\\/uploads\\\/2024\\\/08\\\/ALL-IN-ONE-SOLAR-STREET-LIGHT-100W-1.jpg\",\"width\":800,\"height\":800,\"caption\":\"ALL IN ONE SOLAR STREET LIGHT 100W\"},{\"@type\":\"BreadcrumbList\",\"@id\":\"https:\\\/\\\/sunvis-solar.com\\\/product\\\/40w-400w-high-brightness-all-in-one-solar-street-light\\\/#breadcrumb\",\"itemListElement\":[{\"@type\":\"ListItem\",\"position\":1,\"name\":\"Home\",\"item\":\"https:\\\/\\\/sunvis-solar.com\\\/\"},{\"@type\":\"ListItem\",\"position\":2,\"name\":\"Product\",\"item\":\"https:\\\/\\\/sunvis-solar.com\\\/product\\\/\"},{\"@type\":\"ListItem\",\"position\":3,\"name\":\"40W-400W High Brightness Solar Street Light for Global Projects | All-in-One Design | Max 32400LM\"}]},{\"@type\":\"WebSite\",\"@id\":\"https:\\\/\\\/sunvis-solar.com\\\/#website\",\"url\":\"https:\\\/\\\/sunvis-solar.com\\\/\",\"name\":\"Solar Street Light and Solar System Manufacturer in China\",\"description\":\"Solar Street Light and Solar System Manufacturer in China\",\"publisher\":{\"@id\":\"https:\\\/\\\/sunvis-solar.com\\\/#organization\"},\"potentialAction\":[{\"@type\":\"SearchAction\",\"target\":{\"@type\":\"EntryPoint\",\"urlTemplate\":\"https:\\\/\\\/sunvis-solar.com\\\/?s={search_term_string}\"},\"query-input\":{\"@type\":\"PropertyValueSpecification\",\"valueRequired\":true,\"valueName\":\"search_term_string\"}}],\"inLanguage\":\"fr-FR\"},{\"@type\":\"Organization\",\"@id\":\"https:\\\/\\\/sunvis-solar.com\\\/#organization\",\"name\":\"Solar Street Light and Solar System Manufacturer in China\",\"url\":\"https:\\\/\\\/sunvis-solar.com\\\/\",\"logo\":{\"@type\":\"ImageObject\",\"inLanguage\":\"fr-FR\",\"@id\":\"https:\\\/\\\/sunvis-solar.com\\\/#\\\/schema\\\/logo\\\/image\\\/\",\"url\":\"https:\\\/\\\/sunvis-solar.com\\\/wp-content\\\/uploads\\\/2023\\\/02\\\/SUNVIS-logo-2.png\",\"contentUrl\":\"https:\\\/\\\/sunvis-solar.com\\\/wp-content\\\/uploads\\\/2023\\\/02\\\/SUNVIS-logo-2.png\",\"width\":200,\"height\":45,\"caption\":\"Solar Street Light and Solar System Manufacturer in China\"},\"image\":{\"@id\":\"https:\\\/\\\/sunvis-solar.com\\\/#\\\/schema\\\/logo\\\/image\\\/\"}}]}<\/script>\n<!-- \/ Yoast SEO plugin. -->","yoast_head_json":{"title":"Lampadaire solaire tout-en-un haute luminosit\u00e9 40 W-400 W pour projets","description":"Personnalisez votre lampadaire solaire tout-en-un de 40 W \u00e0 400 W pour l&#039;adapter \u00e0 vos projets mondiaux. Facile \u00e0 installer, contactez-nous pour un devis d\u00e8s maintenant\u00a0!","robots":{"index":"index","follow":"follow","max-snippet":"max-snippet:-1","max-image-preview":"max-image-preview:large","max-video-preview":"max-video-preview:-1"},"canonical":"https:\/\/sunvis-solar.com\/fr\/produit\/40w-400w-haute-luminosite-tout-en-un-lumiere-solaire-de-rue\/","og_locale":"fr_FR","og_type":"article","og_title":"40W-400W High Brightness All In One Solar Street Light for Projects","og_description":"Customize All In One Solar Street Light from 40W to 400W to match your Global Projects. Easy to Install, Contact for Quotation Now!","og_url":"https:\/\/sunvis-solar.com\/fr\/produit\/40w-400w-haute-luminosite-tout-en-un-lumiere-solaire-de-rue\/","og_site_name":"Solar Street Light and Solar System Manufacturer in China","article_modified_time":"2024-08-13T12:14:20+00:00","og_image":[{"width":800,"height":800,"url":"https:\/\/sunvis-solar.com\/wp-content\/uploads\/2024\/08\/ALL-IN-ONE-SOLAR-STREET-LIGHT-100W-1.jpg","type":"image\/jpeg"}],"twitter_card":"summary_large_image","twitter_misc":{"Dur\u00e9e de lecture estim\u00e9e":"1 minute"},"schema":{"@context":"https:\/\/schema.org","@graph":[{"@type":"WebPage","@id":"https:\/\/sunvis-solar.com\/product\/40w-400w-high-brightness-all-in-one-solar-street-light\/","url":"https:\/\/sunvis-solar.com\/product\/40w-400w-high-brightness-all-in-one-solar-street-light\/","name":"Lampadaire solaire tout-en-un haute luminosit\u00e9 40 W-400 W pour projets","isPartOf":{"@id":"https:\/\/sunvis-solar.com\/#website"},"primaryImageOfPage":{"@id":"https:\/\/sunvis-solar.com\/product\/40w-400w-high-brightness-all-in-one-solar-street-light\/#primaryimage"},"image":{"@id":"https:\/\/sunvis-solar.com\/product\/40w-400w-high-brightness-all-in-one-solar-street-light\/#primaryimage"},"thumbnailUrl":"https:\/\/sunvis-solar.com\/wp-content\/uploads\/2024\/08\/ALL-IN-ONE-SOLAR-STREET-LIGHT-100W-1.jpg","datePublished":"2024-08-13T08:09:28+00:00","dateModified":"2024-08-13T12:14:20+00:00","description":"Personnalisez votre lampadaire solaire tout-en-un de 40 W \u00e0 400 W pour l&#039;adapter \u00e0 vos projets mondiaux. Facile \u00e0 installer, contactez-nous pour un devis d\u00e8s maintenant\u00a0!","breadcrumb":{"@id":"https:\/\/sunvis-solar.com\/product\/40w-400w-high-brightness-all-in-one-solar-street-light\/#breadcrumb"},"inLanguage":"fr-FR","potentialAction":[{"@type":"ReadAction","target":["https:\/\/sunvis-solar.com\/product\/40w-400w-high-brightness-all-in-one-solar-street-light\/"]}]},{"@type":"ImageObject","inLanguage":"fr-FR","@id":"https:\/\/sunvis-solar.com\/product\/40w-400w-high-brightness-all-in-one-solar-street-light\/#primaryimage","url":"https:\/\/sunvis-solar.com\/wp-content\/uploads\/2024\/08\/ALL-IN-ONE-SOLAR-STREET-LIGHT-100W-1.jpg","contentUrl":"https:\/\/sunvis-solar.com\/wp-content\/uploads\/2024\/08\/ALL-IN-ONE-SOLAR-STREET-LIGHT-100W-1.jpg","width":800,"height":800,"caption":"ALL IN ONE SOLAR STREET LIGHT 100W"},{"@type":"BreadcrumbList","@id":"https:\/\/sunvis-solar.com\/product\/40w-400w-high-brightness-all-in-one-solar-street-light\/#breadcrumb","itemListElement":[{"@type":"ListItem","position":1,"name":"Home","item":"https:\/\/sunvis-solar.com\/"},{"@type":"ListItem","position":2,"name":"Product","item":"https:\/\/sunvis-solar.com\/product\/"},{"@type":"ListItem","position":3,"name":"40W-400W High Brightness Solar Street Light for Global Projects | All-in-One Design | Max 32400LM"}]},{"@type":"WebSite","@id":"https:\/\/sunvis-solar.com\/#website","url":"https:\/\/sunvis-solar.com\/","name":"Fabricant de lampadaires et de syst\u00e8mes solaires en Chine","description":"Fabricant de lampadaires et de syst\u00e8mes solaires en Chine","publisher":{"@id":"https:\/\/sunvis-solar.com\/#organization"},"potentialAction":[{"@type":"SearchAction","target":{"@type":"EntryPoint","urlTemplate":"https:\/\/sunvis-solar.com\/?s={search_term_string}"},"query-input":{"@type":"PropertyValueSpecification","valueRequired":true,"valueName":"search_term_string"}}],"inLanguage":"fr-FR"},{"@type":"Organization","@id":"https:\/\/sunvis-solar.com\/#organization","name":"Fabricant de lampadaires et de syst\u00e8mes solaires en Chine","url":"https:\/\/sunvis-solar.com\/","logo":{"@type":"ImageObject","inLanguage":"fr-FR","@id":"https:\/\/sunvis-solar.com\/#\/schema\/logo\/image\/","url":"https:\/\/sunvis-solar.com\/wp-content\/uploads\/2023\/02\/SUNVIS-logo-2.png","contentUrl":"https:\/\/sunvis-solar.com\/wp-content\/uploads\/2023\/02\/SUNVIS-logo-2.png","width":200,"height":45,"caption":"Solar Street Light and Solar System Manufacturer in China"},"image":{"@id":"https:\/\/sunvis-solar.com\/#\/schema\/logo\/image\/"}}]}},"_links":{"self":[{"href":"https:\/\/sunvis-solar.com\/fr\/wp-json\/wp\/v2\/product\/2326","targetHints":{"allow":["GET"]}}],"collection":[{"href":"https:\/\/sunvis-solar.com\/fr\/wp-json\/wp\/v2\/product"}],"about":[{"href":"https:\/\/sunvis-solar.com\/fr\/wp-json\/wp\/v2\/types\/product"}],"wp:featuredmedia":[{"embeddable":true,"href":"https:\/\/sunvis-solar.com\/fr\/wp-json\/wp\/v2\/media\/2278"}],"wp:attachment":[{"href":"https:\/\/sunvis-solar.com\/fr\/wp-json\/wp\/v2\/media?parent=2326"}],"wp:term":[{"taxonomy":"product_brand","embeddable":true,"href":"https:\/\/sunvis-solar.com\/fr\/wp-json\/wp\/v2\/product_brand?post=2326"},{"taxonomy":"product_cat","embeddable":true,"href":"https:\/\/sunvis-solar.com\/fr\/wp-json\/wp\/v2\/product_cat?post=2326"},{"taxonomy":"product_tag","embeddable":true,"href":"https:\/\/sunvis-solar.com\/fr\/wp-json\/wp\/v2\/product_tag?post=2326"}],"curies":[{"name":"wp","href":"https:\/\/api.w.org\/{rel}","templated":true}]}}