{"id":2264,"date":"2024-08-07T09:17:11","date_gmt":"2024-08-07T09:17:11","guid":{"rendered":"https:\/\/sunvis-solar.com\/?post_type=product&#038;p=2264"},"modified":"2024-08-08T01:01:32","modified_gmt":"2024-08-08T01:01:32","slug":"eclairage-de-rue-solaire-en-gros-avec-camera-ctv","status":"publish","type":"product","link":"https:\/\/sunvis-solar.com\/fr\/product\/wholesale-solar-street-light-with-cctv-camera\/","title":{"rendered":"R\u00e9verb\u00e8re solaire en gros avec cam\u00e9ra de vid\u00e9osurveillance"},"content":{"rendered":"","protected":false},"excerpt":{"rendered":"<p>SUNVIS a d\u00e9velopp\u00e9 la version 4G et WIFI du lampadaire solaire int\u00e9gr\u00e9 de surveillance, un lampadaire solaire efficace, respectueux de l&#039;environnement et facile \u00e0 installer. Il dispose d&#039;une fonction de surveillance int\u00e9gr\u00e9e avec les fonctionnalit\u00e9s suivantes\u00a0:<\/p>\n<ul>\n<li>\u00c9quip\u00e9 d&#039;un objectif de cam\u00e9ra de 4 millions de pixels.<\/li>\n<li>Consommation d&#039;\u00e9nergie ultra faible, offrant 365 jours de fonctionnement ininterrompu.<\/li>\n<li>L&#039;objectif dispose d&#039;une rotation \u00e0 360 degr\u00e9s, assurant une couverture de surveillance compl\u00e8te.<\/li>\n<li>Prend en charge la visualisation multi-\u00e9cran via l&#039;application mobile et le PC.<\/li>\n<li>Suivi de mouvement intelligent aliment\u00e9 par l&#039;IA.<\/li>\n<li>Fonction d&#039;alarme en un clic.<\/li>\n<li>Offre des lumens totaux allant de 2400 \u00e0 3600lm.<\/li>\n<\/ul>\n<p>Le lampadaire solaire avec cam\u00e9ra CCTV convient aux parcs, places, communaut\u00e9s, parkings et autres lieux pour les entrepreneurs et les grossistes importateurs.<\/p>","protected":false},"featured_media":2279,"template":"","meta":[],"product_brand":[],"product_cat":[309,317],"product_tag":[],"class_list":{"0":"post-2264","1":"product","2":"type-product","3":"status-publish","4":"has-post-thumbnail","6":"product_cat-all-in-one","7":"product_cat-solar-street-light","9":"first","10":"instock","11":"shipping-taxable","12":"product-type-simple"},"yoast_head":"<!-- This site is optimized with the Yoast SEO plugin v27.3 - https:\/\/yoast.com\/product\/yoast-seo-wordpress\/ -->\n<title>Wholesale Solar Street Light with 4G\/WIFI Camera - SUNVIS<\/title>\n<meta name=\"description\" content=\"Wholesale Solar Street Light with 4G and WiFi Version CCTV Camera, 24-hour Surveillance. The best solar street light for Projects, Contact for a quote now!\" \/>\n<meta name=\"robots\" content=\"index, follow, max-snippet:-1, max-image-preview:large, max-video-preview:-1\" \/>\n<link rel=\"canonical\" href=\"https:\/\/sunvis-solar.com\/fr\/produit\/eclairage-de-rue-solaire-en-gros-avec-camera-ctv\/\" \/>\n<meta property=\"og:locale\" content=\"fr_FR\" \/>\n<meta property=\"og:type\" content=\"article\" \/>\n<meta property=\"og:title\" content=\"Wholesale Solar Street Light with 4G\/WIFI Camera - SUNVIS\" \/>\n<meta property=\"og:description\" content=\"Wholesale Solar Street Light with 4G and WiFi Version CCTV Camera, 24-hour Surveillance. The best solar street light for Projects, Contact for a quote now!\" \/>\n<meta property=\"og:url\" content=\"https:\/\/sunvis-solar.com\/fr\/produit\/eclairage-de-rue-solaire-en-gros-avec-camera-ctv\/\" \/>\n<meta property=\"og:site_name\" content=\"Solar Street Light and Solar System Manufacturer in China\" \/>\n<meta property=\"article:modified_time\" content=\"2024-08-08T01:01:32+00:00\" \/>\n<meta property=\"og:image\" content=\"https:\/\/sunvis-solar.com\/wp-content\/uploads\/2024\/08\/Wholesales-Solar-Street-Light-with-Camera.jpg\" \/>\n\t<meta property=\"og:image:width\" content=\"1080\" \/>\n\t<meta property=\"og:image:height\" content=\"1080\" \/>\n\t<meta property=\"og:image:type\" content=\"image\/jpeg\" \/>\n<meta name=\"twitter:card\" content=\"summary_large_image\" \/>\n<meta name=\"twitter:label1\" content=\"Dur\u00e9e de lecture estim\u00e9e\" \/>\n\t<meta name=\"twitter:data1\" content=\"1 minute\" \/>\n<script type=\"application\/ld+json\" class=\"yoast-schema-graph\">{\"@context\":\"https:\\\/\\\/schema.org\",\"@graph\":[{\"@type\":\"WebPage\",\"@id\":\"https:\\\/\\\/sunvis-solar.com\\\/product\\\/wholesale-solar-street-light-with-cctv-camera\\\/\",\"url\":\"https:\\\/\\\/sunvis-solar.com\\\/product\\\/wholesale-solar-street-light-with-cctv-camera\\\/\",\"name\":\"Wholesale Solar Street Light with 4G\\\/WIFI Camera - SUNVIS\",\"isPartOf\":{\"@id\":\"https:\\\/\\\/sunvis-solar.com\\\/#website\"},\"primaryImageOfPage\":{\"@id\":\"https:\\\/\\\/sunvis-solar.com\\\/product\\\/wholesale-solar-street-light-with-cctv-camera\\\/#primaryimage\"},\"image\":{\"@id\":\"https:\\\/\\\/sunvis-solar.com\\\/product\\\/wholesale-solar-street-light-with-cctv-camera\\\/#primaryimage\"},\"thumbnailUrl\":\"https:\\\/\\\/sunvis-solar.com\\\/wp-content\\\/uploads\\\/2024\\\/08\\\/Wholesales-Solar-Street-Light-with-Camera.jpg\",\"datePublished\":\"2024-08-07T09:17:11+00:00\",\"dateModified\":\"2024-08-08T01:01:32+00:00\",\"description\":\"Wholesale Solar Street Light with 4G and WiFi Version CCTV Camera, 24-hour Surveillance. The best solar street light for Projects, Contact for a quote now!\",\"breadcrumb\":{\"@id\":\"https:\\\/\\\/sunvis-solar.com\\\/product\\\/wholesale-solar-street-light-with-cctv-camera\\\/#breadcrumb\"},\"inLanguage\":\"fr-FR\",\"potentialAction\":[{\"@type\":\"ReadAction\",\"target\":[\"https:\\\/\\\/sunvis-solar.com\\\/product\\\/wholesale-solar-street-light-with-cctv-camera\\\/\"]}]},{\"@type\":\"ImageObject\",\"inLanguage\":\"fr-FR\",\"@id\":\"https:\\\/\\\/sunvis-solar.com\\\/product\\\/wholesale-solar-street-light-with-cctv-camera\\\/#primaryimage\",\"url\":\"https:\\\/\\\/sunvis-solar.com\\\/wp-content\\\/uploads\\\/2024\\\/08\\\/Wholesales-Solar-Street-Light-with-Camera.jpg\",\"contentUrl\":\"https:\\\/\\\/sunvis-solar.com\\\/wp-content\\\/uploads\\\/2024\\\/08\\\/Wholesales-Solar-Street-Light-with-Camera.jpg\",\"width\":1080,\"height\":1080,\"caption\":\"Wholesales Solar Street Light with Camera\"},{\"@type\":\"BreadcrumbList\",\"@id\":\"https:\\\/\\\/sunvis-solar.com\\\/product\\\/wholesale-solar-street-light-with-cctv-camera\\\/#breadcrumb\",\"itemListElement\":[{\"@type\":\"ListItem\",\"position\":1,\"name\":\"Home\",\"item\":\"https:\\\/\\\/sunvis-solar.com\\\/\"},{\"@type\":\"ListItem\",\"position\":2,\"name\":\"Product\",\"item\":\"https:\\\/\\\/sunvis-solar.com\\\/product\\\/\"},{\"@type\":\"ListItem\",\"position\":3,\"name\":\"Wholesale Solar Street Light with CCTV Camera\"}]},{\"@type\":\"WebSite\",\"@id\":\"https:\\\/\\\/sunvis-solar.com\\\/#website\",\"url\":\"https:\\\/\\\/sunvis-solar.com\\\/\",\"name\":\"Solar Street Light and Solar System Manufacturer in China\",\"description\":\"Solar Street Light and Solar System Manufacturer in China\",\"publisher\":{\"@id\":\"https:\\\/\\\/sunvis-solar.com\\\/#organization\"},\"potentialAction\":[{\"@type\":\"SearchAction\",\"target\":{\"@type\":\"EntryPoint\",\"urlTemplate\":\"https:\\\/\\\/sunvis-solar.com\\\/?s={search_term_string}\"},\"query-input\":{\"@type\":\"PropertyValueSpecification\",\"valueRequired\":true,\"valueName\":\"search_term_string\"}}],\"inLanguage\":\"fr-FR\"},{\"@type\":\"Organization\",\"@id\":\"https:\\\/\\\/sunvis-solar.com\\\/#organization\",\"name\":\"Solar Street Light and Solar System Manufacturer in China\",\"url\":\"https:\\\/\\\/sunvis-solar.com\\\/\",\"logo\":{\"@type\":\"ImageObject\",\"inLanguage\":\"fr-FR\",\"@id\":\"https:\\\/\\\/sunvis-solar.com\\\/#\\\/schema\\\/logo\\\/image\\\/\",\"url\":\"https:\\\/\\\/sunvis-solar.com\\\/wp-content\\\/uploads\\\/2023\\\/02\\\/SUNVIS-logo-2.png\",\"contentUrl\":\"https:\\\/\\\/sunvis-solar.com\\\/wp-content\\\/uploads\\\/2023\\\/02\\\/SUNVIS-logo-2.png\",\"width\":200,\"height\":45,\"caption\":\"Solar Street Light and Solar System Manufacturer in China\"},\"image\":{\"@id\":\"https:\\\/\\\/sunvis-solar.com\\\/#\\\/schema\\\/logo\\\/image\\\/\"}}]}<\/script>\n<!-- \/ Yoast SEO plugin. -->","yoast_head_json":{"title":"R\u00e9verb\u00e8re solaire en gros avec cam\u00e9ra 4G\/WIFI - SUNVIS","description":"R\u00e9verb\u00e8re solaire en gros avec cam\u00e9ra de vid\u00e9osurveillance version 4G et WiFi, surveillance 24 heures sur 24. Le meilleur lampadaire solaire pour les projets, contactez-nous pour un devis maintenant\u00a0!","robots":{"index":"index","follow":"follow","max-snippet":"max-snippet:-1","max-image-preview":"max-image-preview:large","max-video-preview":"max-video-preview:-1"},"canonical":"https:\/\/sunvis-solar.com\/fr\/produit\/eclairage-de-rue-solaire-en-gros-avec-camera-ctv\/","og_locale":"fr_FR","og_type":"article","og_title":"Wholesale Solar Street Light with 4G\/WIFI Camera - SUNVIS","og_description":"Wholesale Solar Street Light with 4G and WiFi Version CCTV Camera, 24-hour Surveillance. The best solar street light for Projects, Contact for a quote now!","og_url":"https:\/\/sunvis-solar.com\/fr\/produit\/eclairage-de-rue-solaire-en-gros-avec-camera-ctv\/","og_site_name":"Solar Street Light and Solar System Manufacturer in China","article_modified_time":"2024-08-08T01:01:32+00:00","og_image":[{"width":1080,"height":1080,"url":"https:\/\/sunvis-solar.com\/wp-content\/uploads\/2024\/08\/Wholesales-Solar-Street-Light-with-Camera.jpg","type":"image\/jpeg"}],"twitter_card":"summary_large_image","twitter_misc":{"Dur\u00e9e de lecture estim\u00e9e":"1 minute"},"schema":{"@context":"https:\/\/schema.org","@graph":[{"@type":"WebPage","@id":"https:\/\/sunvis-solar.com\/product\/wholesale-solar-street-light-with-cctv-camera\/","url":"https:\/\/sunvis-solar.com\/product\/wholesale-solar-street-light-with-cctv-camera\/","name":"R\u00e9verb\u00e8re solaire en gros avec cam\u00e9ra 4G\/WIFI - SUNVIS","isPartOf":{"@id":"https:\/\/sunvis-solar.com\/#website"},"primaryImageOfPage":{"@id":"https:\/\/sunvis-solar.com\/product\/wholesale-solar-street-light-with-cctv-camera\/#primaryimage"},"image":{"@id":"https:\/\/sunvis-solar.com\/product\/wholesale-solar-street-light-with-cctv-camera\/#primaryimage"},"thumbnailUrl":"https:\/\/sunvis-solar.com\/wp-content\/uploads\/2024\/08\/Wholesales-Solar-Street-Light-with-Camera.jpg","datePublished":"2024-08-07T09:17:11+00:00","dateModified":"2024-08-08T01:01:32+00:00","description":"R\u00e9verb\u00e8re solaire en gros avec cam\u00e9ra de vid\u00e9osurveillance version 4G et WiFi, surveillance 24 heures sur 24. Le meilleur lampadaire solaire pour les projets, contactez-nous pour un devis maintenant\u00a0!","breadcrumb":{"@id":"https:\/\/sunvis-solar.com\/product\/wholesale-solar-street-light-with-cctv-camera\/#breadcrumb"},"inLanguage":"fr-FR","potentialAction":[{"@type":"ReadAction","target":["https:\/\/sunvis-solar.com\/product\/wholesale-solar-street-light-with-cctv-camera\/"]}]},{"@type":"ImageObject","inLanguage":"fr-FR","@id":"https:\/\/sunvis-solar.com\/product\/wholesale-solar-street-light-with-cctv-camera\/#primaryimage","url":"https:\/\/sunvis-solar.com\/wp-content\/uploads\/2024\/08\/Wholesales-Solar-Street-Light-with-Camera.jpg","contentUrl":"https:\/\/sunvis-solar.com\/wp-content\/uploads\/2024\/08\/Wholesales-Solar-Street-Light-with-Camera.jpg","width":1080,"height":1080,"caption":"Wholesales Solar Street Light with Camera"},{"@type":"BreadcrumbList","@id":"https:\/\/sunvis-solar.com\/product\/wholesale-solar-street-light-with-cctv-camera\/#breadcrumb","itemListElement":[{"@type":"ListItem","position":1,"name":"Home","item":"https:\/\/sunvis-solar.com\/"},{"@type":"ListItem","position":2,"name":"Product","item":"https:\/\/sunvis-solar.com\/product\/"},{"@type":"ListItem","position":3,"name":"Wholesale Solar Street Light with CCTV Camera"}]},{"@type":"WebSite","@id":"https:\/\/sunvis-solar.com\/#website","url":"https:\/\/sunvis-solar.com\/","name":"Fabricant de lampadaires et de syst\u00e8mes solaires en Chine","description":"Fabricant de lampadaires et de syst\u00e8mes solaires en Chine","publisher":{"@id":"https:\/\/sunvis-solar.com\/#organization"},"potentialAction":[{"@type":"SearchAction","target":{"@type":"EntryPoint","urlTemplate":"https:\/\/sunvis-solar.com\/?s={search_term_string}"},"query-input":{"@type":"PropertyValueSpecification","valueRequired":true,"valueName":"search_term_string"}}],"inLanguage":"fr-FR"},{"@type":"Organization","@id":"https:\/\/sunvis-solar.com\/#organization","name":"Fabricant de lampadaires et de syst\u00e8mes solaires en Chine","url":"https:\/\/sunvis-solar.com\/","logo":{"@type":"ImageObject","inLanguage":"fr-FR","@id":"https:\/\/sunvis-solar.com\/#\/schema\/logo\/image\/","url":"https:\/\/sunvis-solar.com\/wp-content\/uploads\/2023\/02\/SUNVIS-logo-2.png","contentUrl":"https:\/\/sunvis-solar.com\/wp-content\/uploads\/2023\/02\/SUNVIS-logo-2.png","width":200,"height":45,"caption":"Solar Street Light and Solar System Manufacturer in China"},"image":{"@id":"https:\/\/sunvis-solar.com\/#\/schema\/logo\/image\/"}}]}},"_links":{"self":[{"href":"https:\/\/sunvis-solar.com\/fr\/wp-json\/wp\/v2\/product\/2264","targetHints":{"allow":["GET"]}}],"collection":[{"href":"https:\/\/sunvis-solar.com\/fr\/wp-json\/wp\/v2\/product"}],"about":[{"href":"https:\/\/sunvis-solar.com\/fr\/wp-json\/wp\/v2\/types\/product"}],"wp:featuredmedia":[{"embeddable":true,"href":"https:\/\/sunvis-solar.com\/fr\/wp-json\/wp\/v2\/media\/2279"}],"wp:attachment":[{"href":"https:\/\/sunvis-solar.com\/fr\/wp-json\/wp\/v2\/media?parent=2264"}],"wp:term":[{"taxonomy":"product_brand","embeddable":true,"href":"https:\/\/sunvis-solar.com\/fr\/wp-json\/wp\/v2\/product_brand?post=2264"},{"taxonomy":"product_cat","embeddable":true,"href":"https:\/\/sunvis-solar.com\/fr\/wp-json\/wp\/v2\/product_cat?post=2264"},{"taxonomy":"product_tag","embeddable":true,"href":"https:\/\/sunvis-solar.com\/fr\/wp-json\/wp\/v2\/product_tag?post=2264"}],"curies":[{"name":"wp","href":"https:\/\/api.w.org\/{rel}","templated":true}]}}