{"id":1899,"date":"2023-08-19T10:20:04","date_gmt":"2023-08-19T10:20:04","guid":{"rendered":"https:\/\/sunvis-solar.com\/?post_type=product&#038;p=1899"},"modified":"2024-08-13T01:19:17","modified_gmt":"2024-08-13T01:19:17","slug":"30w-120w-tout-en-deux-lampadaire-solaire","status":"publish","type":"product","link":"https:\/\/sunvis-solar.com\/fr\/product\/30w-120w-all-in-two-solar-street-light\/","title":{"rendered":"R\u00e9verb\u00e8re solaire tout en deux 30W-120W"},"content":{"rendered":"","protected":false},"excerpt":{"rendered":"<p>La s\u00e9rie AIT-ZC <a href=\"https:\/\/sunvis-solar.com\/fr\/lampadaire-solaire-tout-en-deux\/\">R\u00e9verb\u00e8re solaire tout en deux<\/a> est le nouveau produit de notre soci\u00e9t\u00e9. Il pr\u00e9sente de nombreux avantages, tels qu&#039;un faible co\u00fbt, une efficacit\u00e9 \u00e9lev\u00e9e et une longue dur\u00e9e de vie. Et ce lampadaire solaire tout en deux peut \u00e9conomiser de l&#039;\u00e9nergie et prot\u00e9ger l&#039;environnement.<\/p>\n<ul>\n<li>Panneau solaire mono haute efficacit\u00e9 avec TUV, CE, Rohs, ISO<\/li>\n<li>Le co\u00fbt est moins cher que l&#039;\u00e9clairage routier solaire tout-en-un<\/li>\n<li>Convient pour une installation des deux c\u00f4t\u00e9s ou au milieu de la route<\/li>\n<li>Nouvelle batterie LiFePO4 d&#039;origine avec BMS, plus de 2000 cycles<\/li>\n<li>Des sp\u00e9cifications personnalis\u00e9es sont disponibles pour correspondre \u00e0 votre demande<\/li>\n<li>Capteur PIR en option<\/li>\n<li>Particuli\u00e8rement adapt\u00e9 aux projets gouvernementaux<\/li>\n<\/ul>\n<p>&nbsp;<\/p>","protected":false},"featured_media":2317,"template":"","meta":[],"product_brand":[],"product_cat":[310,317],"product_tag":[],"class_list":{"0":"post-1899","1":"product","2":"type-product","3":"status-publish","4":"has-post-thumbnail","6":"product_cat-all-in-two","7":"product_cat-solar-street-light","9":"first","10":"instock","11":"shipping-taxable","12":"product-type-simple"},"yoast_head":"<!-- This site is optimized with the Yoast SEO plugin v27.3 - https:\/\/yoast.com\/product\/yoast-seo-wordpress\/ -->\n<title>30W-120W All In Two Solar Street Light<\/title>\n<meta name=\"description\" content=\"30W-120W All in two solar led street lights. Customized spec also available. Particularly suitable for Government projects. Get a quote now!\" \/>\n<meta name=\"robots\" content=\"index, follow, max-snippet:-1, max-image-preview:large, max-video-preview:-1\" \/>\n<link rel=\"canonical\" href=\"https:\/\/sunvis-solar.com\/fr\/produit\/30w-120w-tout-en-deux-lampadaire-solaire\/\" \/>\n<meta property=\"og:locale\" content=\"fr_FR\" \/>\n<meta property=\"og:type\" content=\"article\" \/>\n<meta property=\"og:title\" content=\"30W-120W All In Two Solar Street Light\" \/>\n<meta property=\"og:description\" content=\"30W-120W All in two solar led street lights. Customized spec also available. Particularly suitable for Government projects. Get a quote now!\" \/>\n<meta property=\"og:url\" content=\"https:\/\/sunvis-solar.com\/fr\/produit\/30w-120w-tout-en-deux-lampadaire-solaire\/\" \/>\n<meta property=\"og:site_name\" content=\"Solar Street Light and Solar System Manufacturer in China\" \/>\n<meta property=\"article:modified_time\" content=\"2024-08-13T01:19:17+00:00\" \/>\n<meta property=\"og:image\" content=\"https:\/\/sunvis-solar.com\/wp-content\/uploads\/2023\/08\/Solar-Street-Lamp-bird-spike.jpg\" \/>\n\t<meta property=\"og:image:width\" content=\"800\" \/>\n\t<meta property=\"og:image:height\" content=\"800\" \/>\n\t<meta property=\"og:image:type\" content=\"image\/jpeg\" \/>\n<meta name=\"twitter:card\" content=\"summary_large_image\" \/>\n<meta name=\"twitter:label1\" content=\"Dur\u00e9e de lecture estim\u00e9e\" \/>\n\t<meta name=\"twitter:data1\" content=\"1 minute\" \/>\n<script type=\"application\/ld+json\" class=\"yoast-schema-graph\">{\"@context\":\"https:\\\/\\\/schema.org\",\"@graph\":[{\"@type\":\"WebPage\",\"@id\":\"https:\\\/\\\/sunvis-solar.com\\\/product\\\/30w-120w-all-in-two-solar-street-light\\\/\",\"url\":\"https:\\\/\\\/sunvis-solar.com\\\/product\\\/30w-120w-all-in-two-solar-street-light\\\/\",\"name\":\"30W-120W All In Two Solar Street Light\",\"isPartOf\":{\"@id\":\"https:\\\/\\\/sunvis-solar.com\\\/#website\"},\"primaryImageOfPage\":{\"@id\":\"https:\\\/\\\/sunvis-solar.com\\\/product\\\/30w-120w-all-in-two-solar-street-light\\\/#primaryimage\"},\"image\":{\"@id\":\"https:\\\/\\\/sunvis-solar.com\\\/product\\\/30w-120w-all-in-two-solar-street-light\\\/#primaryimage\"},\"thumbnailUrl\":\"https:\\\/\\\/sunvis-solar.com\\\/wp-content\\\/uploads\\\/2024\\\/08\\\/Solar-Street-Lamp-bird-spike.jpg\",\"datePublished\":\"2023-08-19T10:20:04+00:00\",\"dateModified\":\"2024-08-13T01:19:17+00:00\",\"description\":\"30W-120W All in two solar led street lights. Customized spec also available. Particularly suitable for Government projects. Get a quote now!\",\"breadcrumb\":{\"@id\":\"https:\\\/\\\/sunvis-solar.com\\\/product\\\/30w-120w-all-in-two-solar-street-light\\\/#breadcrumb\"},\"inLanguage\":\"fr-FR\",\"potentialAction\":[{\"@type\":\"ReadAction\",\"target\":[\"https:\\\/\\\/sunvis-solar.com\\\/product\\\/30w-120w-all-in-two-solar-street-light\\\/\"]}]},{\"@type\":\"ImageObject\",\"inLanguage\":\"fr-FR\",\"@id\":\"https:\\\/\\\/sunvis-solar.com\\\/product\\\/30w-120w-all-in-two-solar-street-light\\\/#primaryimage\",\"url\":\"https:\\\/\\\/sunvis-solar.com\\\/wp-content\\\/uploads\\\/2024\\\/08\\\/Solar-Street-Lamp-bird-spike.jpg\",\"contentUrl\":\"https:\\\/\\\/sunvis-solar.com\\\/wp-content\\\/uploads\\\/2024\\\/08\\\/Solar-Street-Lamp-bird-spike.jpg\",\"width\":800,\"height\":800,\"caption\":\"Solar Street Lamp bird spike\"},{\"@type\":\"BreadcrumbList\",\"@id\":\"https:\\\/\\\/sunvis-solar.com\\\/product\\\/30w-120w-all-in-two-solar-street-light\\\/#breadcrumb\",\"itemListElement\":[{\"@type\":\"ListItem\",\"position\":1,\"name\":\"Home\",\"item\":\"https:\\\/\\\/sunvis-solar.com\\\/\"},{\"@type\":\"ListItem\",\"position\":2,\"name\":\"Product\",\"item\":\"https:\\\/\\\/sunvis-solar.com\\\/product\\\/\"},{\"@type\":\"ListItem\",\"position\":3,\"name\":\"30W-120W All In Two Solar Street Light\"}]},{\"@type\":\"WebSite\",\"@id\":\"https:\\\/\\\/sunvis-solar.com\\\/#website\",\"url\":\"https:\\\/\\\/sunvis-solar.com\\\/\",\"name\":\"Solar Street Light and Solar System Manufacturer in China\",\"description\":\"Solar Street Light and Solar System Manufacturer in China\",\"publisher\":{\"@id\":\"https:\\\/\\\/sunvis-solar.com\\\/#organization\"},\"potentialAction\":[{\"@type\":\"SearchAction\",\"target\":{\"@type\":\"EntryPoint\",\"urlTemplate\":\"https:\\\/\\\/sunvis-solar.com\\\/?s={search_term_string}\"},\"query-input\":{\"@type\":\"PropertyValueSpecification\",\"valueRequired\":true,\"valueName\":\"search_term_string\"}}],\"inLanguage\":\"fr-FR\"},{\"@type\":\"Organization\",\"@id\":\"https:\\\/\\\/sunvis-solar.com\\\/#organization\",\"name\":\"Solar Street Light and Solar System Manufacturer in China\",\"url\":\"https:\\\/\\\/sunvis-solar.com\\\/\",\"logo\":{\"@type\":\"ImageObject\",\"inLanguage\":\"fr-FR\",\"@id\":\"https:\\\/\\\/sunvis-solar.com\\\/#\\\/schema\\\/logo\\\/image\\\/\",\"url\":\"https:\\\/\\\/sunvis-solar.com\\\/wp-content\\\/uploads\\\/2023\\\/02\\\/SUNVIS-logo-2.png\",\"contentUrl\":\"https:\\\/\\\/sunvis-solar.com\\\/wp-content\\\/uploads\\\/2023\\\/02\\\/SUNVIS-logo-2.png\",\"width\":200,\"height\":45,\"caption\":\"Solar Street Light and Solar System Manufacturer in China\"},\"image\":{\"@id\":\"https:\\\/\\\/sunvis-solar.com\\\/#\\\/schema\\\/logo\\\/image\\\/\"}}]}<\/script>\n<!-- \/ Yoast SEO plugin. -->","yoast_head_json":{"title":"R\u00e9verb\u00e8re solaire tout en deux 30W-120W","description":"30W-120W Tout en deux lampadaires solaires \u00e0 led. Sp\u00e9cification personnalis\u00e9e \u00e9galement disponible. Particuli\u00e8rement adapt\u00e9 aux projets gouvernementaux. Obtenez un devis maintenant\u00a0!","robots":{"index":"index","follow":"follow","max-snippet":"max-snippet:-1","max-image-preview":"max-image-preview:large","max-video-preview":"max-video-preview:-1"},"canonical":"https:\/\/sunvis-solar.com\/fr\/produit\/30w-120w-tout-en-deux-lampadaire-solaire\/","og_locale":"fr_FR","og_type":"article","og_title":"30W-120W All In Two Solar Street Light","og_description":"30W-120W All in two solar led street lights. Customized spec also available. Particularly suitable for Government projects. Get a quote now!","og_url":"https:\/\/sunvis-solar.com\/fr\/produit\/30w-120w-tout-en-deux-lampadaire-solaire\/","og_site_name":"Solar Street Light and Solar System Manufacturer in China","article_modified_time":"2024-08-13T01:19:17+00:00","og_image":[{"width":800,"height":800,"url":"https:\/\/sunvis-solar.com\/wp-content\/uploads\/2023\/08\/Solar-Street-Lamp-bird-spike.jpg","type":"image\/jpeg"}],"twitter_card":"summary_large_image","twitter_misc":{"Dur\u00e9e de lecture estim\u00e9e":"1 minute"},"schema":{"@context":"https:\/\/schema.org","@graph":[{"@type":"WebPage","@id":"https:\/\/sunvis-solar.com\/product\/30w-120w-all-in-two-solar-street-light\/","url":"https:\/\/sunvis-solar.com\/product\/30w-120w-all-in-two-solar-street-light\/","name":"R\u00e9verb\u00e8re solaire tout en deux 30W-120W","isPartOf":{"@id":"https:\/\/sunvis-solar.com\/#website"},"primaryImageOfPage":{"@id":"https:\/\/sunvis-solar.com\/product\/30w-120w-all-in-two-solar-street-light\/#primaryimage"},"image":{"@id":"https:\/\/sunvis-solar.com\/product\/30w-120w-all-in-two-solar-street-light\/#primaryimage"},"thumbnailUrl":"https:\/\/sunvis-solar.com\/wp-content\/uploads\/2024\/08\/Solar-Street-Lamp-bird-spike.jpg","datePublished":"2023-08-19T10:20:04+00:00","dateModified":"2024-08-13T01:19:17+00:00","description":"30W-120W Tout en deux lampadaires solaires \u00e0 led. Sp\u00e9cification personnalis\u00e9e \u00e9galement disponible. Particuli\u00e8rement adapt\u00e9 aux projets gouvernementaux. Obtenez un devis maintenant\u00a0!","breadcrumb":{"@id":"https:\/\/sunvis-solar.com\/product\/30w-120w-all-in-two-solar-street-light\/#breadcrumb"},"inLanguage":"fr-FR","potentialAction":[{"@type":"ReadAction","target":["https:\/\/sunvis-solar.com\/product\/30w-120w-all-in-two-solar-street-light\/"]}]},{"@type":"ImageObject","inLanguage":"fr-FR","@id":"https:\/\/sunvis-solar.com\/product\/30w-120w-all-in-two-solar-street-light\/#primaryimage","url":"https:\/\/sunvis-solar.com\/wp-content\/uploads\/2024\/08\/Solar-Street-Lamp-bird-spike.jpg","contentUrl":"https:\/\/sunvis-solar.com\/wp-content\/uploads\/2024\/08\/Solar-Street-Lamp-bird-spike.jpg","width":800,"height":800,"caption":"Solar Street Lamp bird spike"},{"@type":"BreadcrumbList","@id":"https:\/\/sunvis-solar.com\/product\/30w-120w-all-in-two-solar-street-light\/#breadcrumb","itemListElement":[{"@type":"ListItem","position":1,"name":"Home","item":"https:\/\/sunvis-solar.com\/"},{"@type":"ListItem","position":2,"name":"Product","item":"https:\/\/sunvis-solar.com\/product\/"},{"@type":"ListItem","position":3,"name":"30W-120W All In Two Solar Street Light"}]},{"@type":"WebSite","@id":"https:\/\/sunvis-solar.com\/#website","url":"https:\/\/sunvis-solar.com\/","name":"Fabricant de lampadaires et de syst\u00e8mes solaires en Chine","description":"Fabricant de lampadaires et de syst\u00e8mes solaires en Chine","publisher":{"@id":"https:\/\/sunvis-solar.com\/#organization"},"potentialAction":[{"@type":"SearchAction","target":{"@type":"EntryPoint","urlTemplate":"https:\/\/sunvis-solar.com\/?s={search_term_string}"},"query-input":{"@type":"PropertyValueSpecification","valueRequired":true,"valueName":"search_term_string"}}],"inLanguage":"fr-FR"},{"@type":"Organization","@id":"https:\/\/sunvis-solar.com\/#organization","name":"Fabricant de lampadaires et de syst\u00e8mes solaires en Chine","url":"https:\/\/sunvis-solar.com\/","logo":{"@type":"ImageObject","inLanguage":"fr-FR","@id":"https:\/\/sunvis-solar.com\/#\/schema\/logo\/image\/","url":"https:\/\/sunvis-solar.com\/wp-content\/uploads\/2023\/02\/SUNVIS-logo-2.png","contentUrl":"https:\/\/sunvis-solar.com\/wp-content\/uploads\/2023\/02\/SUNVIS-logo-2.png","width":200,"height":45,"caption":"Solar Street Light and Solar System Manufacturer in China"},"image":{"@id":"https:\/\/sunvis-solar.com\/#\/schema\/logo\/image\/"}}]}},"_links":{"self":[{"href":"https:\/\/sunvis-solar.com\/fr\/wp-json\/wp\/v2\/product\/1899","targetHints":{"allow":["GET"]}}],"collection":[{"href":"https:\/\/sunvis-solar.com\/fr\/wp-json\/wp\/v2\/product"}],"about":[{"href":"https:\/\/sunvis-solar.com\/fr\/wp-json\/wp\/v2\/types\/product"}],"wp:featuredmedia":[{"embeddable":true,"href":"https:\/\/sunvis-solar.com\/fr\/wp-json\/wp\/v2\/media\/2317"}],"wp:attachment":[{"href":"https:\/\/sunvis-solar.com\/fr\/wp-json\/wp\/v2\/media?parent=1899"}],"wp:term":[{"taxonomy":"product_brand","embeddable":true,"href":"https:\/\/sunvis-solar.com\/fr\/wp-json\/wp\/v2\/product_brand?post=1899"},{"taxonomy":"product_cat","embeddable":true,"href":"https:\/\/sunvis-solar.com\/fr\/wp-json\/wp\/v2\/product_cat?post=1899"},{"taxonomy":"product_tag","embeddable":true,"href":"https:\/\/sunvis-solar.com\/fr\/wp-json\/wp\/v2\/product_tag?post=1899"}],"curies":[{"name":"wp","href":"https:\/\/api.w.org\/{rel}","templated":true}]}}