{"id":1833,"date":"2023-08-13T15:28:20","date_gmt":"2023-08-13T15:28:20","guid":{"rendered":"https:\/\/sunvis-solar.com\/?post_type=product&#038;p=1833"},"modified":"2024-08-13T01:33:33","modified_gmt":"2024-08-13T01:33:33","slug":"fx-tout-en-un-reverbere-solaire","status":"publish","type":"product","link":"https:\/\/sunvis-solar.com\/fr\/product\/fx-all-in-one-solar-street-light\/","title":{"rendered":"R\u00e9verb\u00e8re solaire tout-en-un s\u00e9rie FX 40W-120W"},"content":{"rendered":"","protected":false},"excerpt":{"rendered":"<p>Le corps de la lampe est en aluminium moul\u00e9 sous pression pour r\u00e9sister aux temp\u00e9ratures \u00e9lev\u00e9es et \u00e9viter la rouille, et les LED sont modulaires pour un remplacement facile. L&#039;angle de montage du lampadaire est r\u00e9glable pour diff\u00e9rentes installations de poteau. Disponible en diff\u00e9rentes puissances, notamment 40 W, 50 W, 60 W, 80 W, 100 W et 120 W.<br \/>\nCaract\u00e9ristiques:<\/p>\n<ul>\n<li>La conception brevet\u00e9e vous permet d&#039;\u00e9viter la concurrence des prix<\/li>\n<li>En utilisant CREE 220LM\/W, puce LED \u00e0 angle de faisceau de 140\u00b0 pour une zone d&#039;irradiation plus large<\/li>\n<li>Batterie lithium fer phosphate, 2000 cycles @ 80% DOD<\/li>\n<li>Surveillance CCTV en option pour la surveillance \u00e0 distance<\/li>\n<li>\u00c9conomie d&#039;\u00e9nergie et protection de l&#039;environnement, pr\u00e9f\u00e9r\u00e9es par les lampadaires municipaux<\/li>\n<li>Conception tout-en-un, facile \u00e0 installer et \u00e0 r\u00e9duire les co\u00fbts de main-d&#039;\u0153uvre<\/li>\n<\/ul>","protected":false},"featured_media":2318,"template":"","meta":[],"product_brand":[],"product_cat":[309],"product_tag":[],"class_list":{"0":"post-1833","1":"product","2":"type-product","3":"status-publish","4":"has-post-thumbnail","6":"product_cat-all-in-one","8":"first","9":"instock","10":"shipping-taxable","11":"product-type-simple"},"yoast_head":"<!-- This site is optimized with the Yoast SEO plugin v27.3 - https:\/\/yoast.com\/product\/yoast-seo-wordpress\/ -->\n<title>Solar Street Lights 2.0: 40W-120W All-In-One - SUNVIS SOLAR<\/title>\n<meta name=\"description\" content=\"Illuminate The Night With Our All-in-one Solar Solutions. Energy-efficient &amp; Easy To Install. Contact Now For Free Quotation\" \/>\n<meta name=\"robots\" content=\"index, follow, max-snippet:-1, max-image-preview:large, max-video-preview:-1\" \/>\n<link rel=\"canonical\" href=\"https:\/\/sunvis-solar.com\/fr\/produit\/fx-tout-en-un-reverbere-solaire\/\" \/>\n<meta property=\"og:locale\" content=\"fr_FR\" \/>\n<meta property=\"og:type\" content=\"article\" \/>\n<meta property=\"og:title\" content=\"Solar Street Lights 2.0: 40W-120W All-In-One - SUNVIS SOLAR\" \/>\n<meta property=\"og:description\" content=\"Illuminate The Night With Our All-in-one Solar Solutions. Energy-efficient &amp; Easy To Install. Contact Now For Free Quotation\" \/>\n<meta property=\"og:url\" content=\"https:\/\/sunvis-solar.com\/fr\/produit\/fx-tout-en-un-reverbere-solaire\/\" \/>\n<meta property=\"og:site_name\" content=\"Solar Street Light and Solar System Manufacturer in China\" \/>\n<meta property=\"article:modified_time\" content=\"2024-08-13T01:33:33+00:00\" \/>\n<meta property=\"og:image\" content=\"https:\/\/sunvis-solar.com\/wp-content\/uploads\/2023\/08\/120W-ALL-IN-ONE-Solar-Street-Light.png\" \/>\n\t<meta property=\"og:image:width\" content=\"800\" \/>\n\t<meta property=\"og:image:height\" content=\"800\" \/>\n\t<meta property=\"og:image:type\" content=\"image\/png\" \/>\n<meta name=\"twitter:card\" content=\"summary_large_image\" \/>\n<meta name=\"twitter:label1\" content=\"Dur\u00e9e de lecture estim\u00e9e\" \/>\n\t<meta name=\"twitter:data1\" content=\"1 minute\" \/>\n<script type=\"application\/ld+json\" class=\"yoast-schema-graph\">{\"@context\":\"https:\\\/\\\/schema.org\",\"@graph\":[{\"@type\":\"WebPage\",\"@id\":\"https:\\\/\\\/sunvis-solar.com\\\/product\\\/fx-all-in-one-solar-street-light\\\/\",\"url\":\"https:\\\/\\\/sunvis-solar.com\\\/product\\\/fx-all-in-one-solar-street-light\\\/\",\"name\":\"Solar Street Lights 2.0: 40W-120W All-In-One - SUNVIS SOLAR\",\"isPartOf\":{\"@id\":\"https:\\\/\\\/sunvis-solar.com\\\/#website\"},\"primaryImageOfPage\":{\"@id\":\"https:\\\/\\\/sunvis-solar.com\\\/product\\\/fx-all-in-one-solar-street-light\\\/#primaryimage\"},\"image\":{\"@id\":\"https:\\\/\\\/sunvis-solar.com\\\/product\\\/fx-all-in-one-solar-street-light\\\/#primaryimage\"},\"thumbnailUrl\":\"https:\\\/\\\/sunvis-solar.com\\\/wp-content\\\/uploads\\\/2024\\\/08\\\/120W-ALL-IN-ONE-Solar-Street-Light.png\",\"datePublished\":\"2023-08-13T15:28:20+00:00\",\"dateModified\":\"2024-08-13T01:33:33+00:00\",\"description\":\"Illuminate The Night With Our All-in-one Solar Solutions. Energy-efficient & Easy To Install. Contact Now For Free Quotation\",\"breadcrumb\":{\"@id\":\"https:\\\/\\\/sunvis-solar.com\\\/product\\\/fx-all-in-one-solar-street-light\\\/#breadcrumb\"},\"inLanguage\":\"fr-FR\",\"potentialAction\":[{\"@type\":\"ReadAction\",\"target\":[\"https:\\\/\\\/sunvis-solar.com\\\/product\\\/fx-all-in-one-solar-street-light\\\/\"]}]},{\"@type\":\"ImageObject\",\"inLanguage\":\"fr-FR\",\"@id\":\"https:\\\/\\\/sunvis-solar.com\\\/product\\\/fx-all-in-one-solar-street-light\\\/#primaryimage\",\"url\":\"https:\\\/\\\/sunvis-solar.com\\\/wp-content\\\/uploads\\\/2024\\\/08\\\/120W-ALL-IN-ONE-Solar-Street-Light.png\",\"contentUrl\":\"https:\\\/\\\/sunvis-solar.com\\\/wp-content\\\/uploads\\\/2024\\\/08\\\/120W-ALL-IN-ONE-Solar-Street-Light.png\",\"width\":800,\"height\":800,\"caption\":\"120W ALL IN ONE Solar Street Light\"},{\"@type\":\"BreadcrumbList\",\"@id\":\"https:\\\/\\\/sunvis-solar.com\\\/product\\\/fx-all-in-one-solar-street-light\\\/#breadcrumb\",\"itemListElement\":[{\"@type\":\"ListItem\",\"position\":1,\"name\":\"Home\",\"item\":\"https:\\\/\\\/sunvis-solar.com\\\/\"},{\"@type\":\"ListItem\",\"position\":2,\"name\":\"Product\",\"item\":\"https:\\\/\\\/sunvis-solar.com\\\/product\\\/\"},{\"@type\":\"ListItem\",\"position\":3,\"name\":\"FX Series 40W-120W All In One Solar Street Light\"}]},{\"@type\":\"WebSite\",\"@id\":\"https:\\\/\\\/sunvis-solar.com\\\/#website\",\"url\":\"https:\\\/\\\/sunvis-solar.com\\\/\",\"name\":\"Solar Street Light and Solar System Manufacturer in China\",\"description\":\"Solar Street Light and Solar System Manufacturer in China\",\"publisher\":{\"@id\":\"https:\\\/\\\/sunvis-solar.com\\\/#organization\"},\"potentialAction\":[{\"@type\":\"SearchAction\",\"target\":{\"@type\":\"EntryPoint\",\"urlTemplate\":\"https:\\\/\\\/sunvis-solar.com\\\/?s={search_term_string}\"},\"query-input\":{\"@type\":\"PropertyValueSpecification\",\"valueRequired\":true,\"valueName\":\"search_term_string\"}}],\"inLanguage\":\"fr-FR\"},{\"@type\":\"Organization\",\"@id\":\"https:\\\/\\\/sunvis-solar.com\\\/#organization\",\"name\":\"Solar Street Light and Solar System Manufacturer in China\",\"url\":\"https:\\\/\\\/sunvis-solar.com\\\/\",\"logo\":{\"@type\":\"ImageObject\",\"inLanguage\":\"fr-FR\",\"@id\":\"https:\\\/\\\/sunvis-solar.com\\\/#\\\/schema\\\/logo\\\/image\\\/\",\"url\":\"https:\\\/\\\/sunvis-solar.com\\\/wp-content\\\/uploads\\\/2023\\\/02\\\/SUNVIS-logo-2.png\",\"contentUrl\":\"https:\\\/\\\/sunvis-solar.com\\\/wp-content\\\/uploads\\\/2023\\\/02\\\/SUNVIS-logo-2.png\",\"width\":200,\"height\":45,\"caption\":\"Solar Street Light and Solar System Manufacturer in China\"},\"image\":{\"@id\":\"https:\\\/\\\/sunvis-solar.com\\\/#\\\/schema\\\/logo\\\/image\\\/\"}}]}<\/script>\n<!-- \/ Yoast SEO plugin. -->","yoast_head_json":{"title":"Lampadaires solaires 2.0 : 40W-120W tout-en-un - SUNVIS SOLAR","description":"Illuminez la nuit avec nos solutions solaires tout-en-un. \u00c9conome en \u00e9nergie et facile \u00e0 installer. Contactez maintenant pour un devis gratuit","robots":{"index":"index","follow":"follow","max-snippet":"max-snippet:-1","max-image-preview":"max-image-preview:large","max-video-preview":"max-video-preview:-1"},"canonical":"https:\/\/sunvis-solar.com\/fr\/produit\/fx-tout-en-un-reverbere-solaire\/","og_locale":"fr_FR","og_type":"article","og_title":"Solar Street Lights 2.0: 40W-120W All-In-One - SUNVIS SOLAR","og_description":"Illuminate The Night With Our All-in-one Solar Solutions. Energy-efficient & Easy To Install. Contact Now For Free Quotation","og_url":"https:\/\/sunvis-solar.com\/fr\/produit\/fx-tout-en-un-reverbere-solaire\/","og_site_name":"Solar Street Light and Solar System Manufacturer in China","article_modified_time":"2024-08-13T01:33:33+00:00","og_image":[{"width":800,"height":800,"url":"https:\/\/sunvis-solar.com\/wp-content\/uploads\/2023\/08\/120W-ALL-IN-ONE-Solar-Street-Light.png","type":"image\/png"}],"twitter_card":"summary_large_image","twitter_misc":{"Dur\u00e9e de lecture estim\u00e9e":"1 minute"},"schema":{"@context":"https:\/\/schema.org","@graph":[{"@type":"WebPage","@id":"https:\/\/sunvis-solar.com\/product\/fx-all-in-one-solar-street-light\/","url":"https:\/\/sunvis-solar.com\/product\/fx-all-in-one-solar-street-light\/","name":"Lampadaires solaires 2.0 : 40W-120W tout-en-un - SUNVIS SOLAR","isPartOf":{"@id":"https:\/\/sunvis-solar.com\/#website"},"primaryImageOfPage":{"@id":"https:\/\/sunvis-solar.com\/product\/fx-all-in-one-solar-street-light\/#primaryimage"},"image":{"@id":"https:\/\/sunvis-solar.com\/product\/fx-all-in-one-solar-street-light\/#primaryimage"},"thumbnailUrl":"https:\/\/sunvis-solar.com\/wp-content\/uploads\/2024\/08\/120W-ALL-IN-ONE-Solar-Street-Light.png","datePublished":"2023-08-13T15:28:20+00:00","dateModified":"2024-08-13T01:33:33+00:00","description":"Illuminez la nuit avec nos solutions solaires tout-en-un. \u00c9conome en \u00e9nergie et facile \u00e0 installer. Contactez maintenant pour un devis gratuit","breadcrumb":{"@id":"https:\/\/sunvis-solar.com\/product\/fx-all-in-one-solar-street-light\/#breadcrumb"},"inLanguage":"fr-FR","potentialAction":[{"@type":"ReadAction","target":["https:\/\/sunvis-solar.com\/product\/fx-all-in-one-solar-street-light\/"]}]},{"@type":"ImageObject","inLanguage":"fr-FR","@id":"https:\/\/sunvis-solar.com\/product\/fx-all-in-one-solar-street-light\/#primaryimage","url":"https:\/\/sunvis-solar.com\/wp-content\/uploads\/2024\/08\/120W-ALL-IN-ONE-Solar-Street-Light.png","contentUrl":"https:\/\/sunvis-solar.com\/wp-content\/uploads\/2024\/08\/120W-ALL-IN-ONE-Solar-Street-Light.png","width":800,"height":800,"caption":"120W ALL IN ONE Solar Street Light"},{"@type":"BreadcrumbList","@id":"https:\/\/sunvis-solar.com\/product\/fx-all-in-one-solar-street-light\/#breadcrumb","itemListElement":[{"@type":"ListItem","position":1,"name":"Home","item":"https:\/\/sunvis-solar.com\/"},{"@type":"ListItem","position":2,"name":"Product","item":"https:\/\/sunvis-solar.com\/product\/"},{"@type":"ListItem","position":3,"name":"FX Series 40W-120W All In One Solar Street Light"}]},{"@type":"WebSite","@id":"https:\/\/sunvis-solar.com\/#website","url":"https:\/\/sunvis-solar.com\/","name":"Fabricant de lampadaires et de syst\u00e8mes solaires en Chine","description":"Fabricant de lampadaires et de syst\u00e8mes solaires en Chine","publisher":{"@id":"https:\/\/sunvis-solar.com\/#organization"},"potentialAction":[{"@type":"SearchAction","target":{"@type":"EntryPoint","urlTemplate":"https:\/\/sunvis-solar.com\/?s={search_term_string}"},"query-input":{"@type":"PropertyValueSpecification","valueRequired":true,"valueName":"search_term_string"}}],"inLanguage":"fr-FR"},{"@type":"Organization","@id":"https:\/\/sunvis-solar.com\/#organization","name":"Fabricant de lampadaires et de syst\u00e8mes solaires en Chine","url":"https:\/\/sunvis-solar.com\/","logo":{"@type":"ImageObject","inLanguage":"fr-FR","@id":"https:\/\/sunvis-solar.com\/#\/schema\/logo\/image\/","url":"https:\/\/sunvis-solar.com\/wp-content\/uploads\/2023\/02\/SUNVIS-logo-2.png","contentUrl":"https:\/\/sunvis-solar.com\/wp-content\/uploads\/2023\/02\/SUNVIS-logo-2.png","width":200,"height":45,"caption":"Solar Street Light and Solar System Manufacturer in China"},"image":{"@id":"https:\/\/sunvis-solar.com\/#\/schema\/logo\/image\/"}}]}},"_links":{"self":[{"href":"https:\/\/sunvis-solar.com\/fr\/wp-json\/wp\/v2\/product\/1833","targetHints":{"allow":["GET"]}}],"collection":[{"href":"https:\/\/sunvis-solar.com\/fr\/wp-json\/wp\/v2\/product"}],"about":[{"href":"https:\/\/sunvis-solar.com\/fr\/wp-json\/wp\/v2\/types\/product"}],"wp:featuredmedia":[{"embeddable":true,"href":"https:\/\/sunvis-solar.com\/fr\/wp-json\/wp\/v2\/media\/2318"}],"wp:attachment":[{"href":"https:\/\/sunvis-solar.com\/fr\/wp-json\/wp\/v2\/media?parent=1833"}],"wp:term":[{"taxonomy":"product_brand","embeddable":true,"href":"https:\/\/sunvis-solar.com\/fr\/wp-json\/wp\/v2\/product_brand?post=1833"},{"taxonomy":"product_cat","embeddable":true,"href":"https:\/\/sunvis-solar.com\/fr\/wp-json\/wp\/v2\/product_cat?post=1833"},{"taxonomy":"product_tag","embeddable":true,"href":"https:\/\/sunvis-solar.com\/fr\/wp-json\/wp\/v2\/product_tag?post=1833"}],"curies":[{"name":"wp","href":"https:\/\/api.w.org\/{rel}","templated":true}]}}