{"id":1223,"date":"2022-10-08T00:48:03","date_gmt":"2022-10-08T00:48:03","guid":{"rendered":"https:\/\/sunvis-solar.com\/?post_type=product&#038;p=1223"},"modified":"2023-08-14T16:33:59","modified_gmt":"2023-08-14T16:33:59","slug":"generateur-solaire-sg1230w","status":"publish","type":"product","link":"https:\/\/sunvis-solar.com\/fr\/product\/sg1230w-solar-generator\/","title":{"rendered":"SG1230W vente chaude 30W g\u00e9n\u00e9rateur solaire \u00e9clairage solaire petit syst\u00e8me pour un usage domestique"},"content":{"rendered":"","protected":false},"excerpt":{"rendered":"<p style=\"text-align: left;\">A la recherche d&#039;une entreprise fiable et efficace <a href=\"https:\/\/sunvis-solar.com\/fr\/systeme-solaire-portatif-domestique\/\">Fabricant de g\u00e9n\u00e9rateur solaire portable<\/a>? Ne cherchez pas plus loin que le SUNVIS<a href=\"https:\/\/sunvis-solar.com\/fr\/produit\/generateur-solaire-sg1230w\/\"> S\u00e9rie SG<\/a> Syst\u00e8me domestique solaire portable\u00a0! Ce syst\u00e8me polyvalent est parfait pour alimenter la maison ou le bureau en cas de panne de courant, ou pour \u00eatre utilis\u00e9 comme source d&#039;alimentation de secours lors de vos d\u00e9placements.<\/p>\n<p style=\"text-align: left;\">La s\u00e9rie SUNVIS SG est compos\u00e9e d&#039;un <a href=\"https:\/\/sunvis-solar.com\/fr\/panneau-solaire-perc\/\">panneau solaire<\/a>, bo\u00eetier d&#039;alimentation, ampoule, c\u00e2ble de chargement de t\u00e9l\u00e9phone portable et autres accessoires. La radio, le chargeur de t\u00e9l\u00e9phone portable, le contr\u00f4leur solaire et <a href=\"https:\/\/sunvis-solar.com\/fr\/solaire-lifepo4-batterie\/\">batterie solaire<\/a> sont tous int\u00e9gr\u00e9s dans le bo\u00eetier d&#039;alimentation, ce qui le rend facile \u00e0 utiliser et \u00e0 transporter.<\/p>\n<p style=\"text-align: left;\">Avec ce syst\u00e8me solaire, vous pouvez d\u00e9velopper le march\u00e9 l\u00e0 o\u00f9 il y a un manque d&#039;\u00e9lectricit\u00e9, ou l\u00e0 o\u00f9 il n&#039;y a pas d&#039;\u00e9lectricit\u00e9 et vous pouvez \u00e9galement d\u00e9velopper le march\u00e9 du camping.<\/p>\n<p>&nbsp;<\/p>","protected":false},"featured_media":179,"template":"","meta":[],"product_brand":[],"product_cat":[308],"product_tag":[],"class_list":{"0":"post-1223","1":"product","2":"type-product","3":"status-publish","4":"has-post-thumbnail","6":"product_cat-portable-solar-home-system","8":"first","9":"instock","10":"shipping-taxable","11":"product-type-simple"},"yoast_head":"<!-- This site is optimized with the Yoast SEO plugin v27.3 - https:\/\/yoast.com\/product\/yoast-seo-wordpress\/ -->\n<title>SG1230W Solar Generator | Reliable Solar Generator Manufacturer<\/title>\n<meta name=\"description\" content=\"SUNVIS is a professional manufacturer of Portable Solar Generator. Our Solar Generator can be with 2-6 lamps and TV and Fan. Order now and get factory price for your business!\" \/>\n<meta name=\"robots\" content=\"index, follow, max-snippet:-1, max-image-preview:large, max-video-preview:-1\" \/>\n<link rel=\"canonical\" href=\"https:\/\/sunvis-solar.com\/fr\/produit\/generateur-solaire-sg1230w\/\" \/>\n<meta property=\"og:locale\" content=\"fr_FR\" \/>\n<meta property=\"og:type\" content=\"article\" \/>\n<meta property=\"og:title\" content=\"SG1230W Solar Generator | Reliable Solar Generator Manufacturer\" \/>\n<meta property=\"og:description\" content=\"SUNVIS is a professional manufacturer of Portable Solar Generator. Our Solar Generator can be with 2-6 lamps and TV and Fan. Order now and get factory price for your business!\" \/>\n<meta property=\"og:url\" content=\"https:\/\/sunvis-solar.com\/fr\/produit\/generateur-solaire-sg1230w\/\" \/>\n<meta property=\"og:site_name\" content=\"Solar Street Light and Solar System Manufacturer in China\" \/>\n<meta property=\"article:modified_time\" content=\"2023-08-14T16:33:59+00:00\" \/>\n<meta property=\"og:image\" content=\"https:\/\/sunvis-solar.com\/wp-content\/uploads\/2020\/06\/SG1230W-Solar-Home-System.jpg\" \/>\n\t<meta property=\"og:image:width\" content=\"600\" \/>\n\t<meta property=\"og:image:height\" content=\"600\" \/>\n\t<meta property=\"og:image:type\" content=\"image\/jpeg\" \/>\n<meta name=\"twitter:card\" content=\"summary_large_image\" \/>\n<script type=\"application\/ld+json\" class=\"yoast-schema-graph\">{\"@context\":\"https:\\\/\\\/schema.org\",\"@graph\":[{\"@type\":\"WebPage\",\"@id\":\"https:\\\/\\\/sunvis-solar.com\\\/product\\\/sg1230w-solar-generator\\\/\",\"url\":\"https:\\\/\\\/sunvis-solar.com\\\/product\\\/sg1230w-solar-generator\\\/\",\"name\":\"SG1230W Solar Generator | Reliable Solar Generator Manufacturer\",\"isPartOf\":{\"@id\":\"https:\\\/\\\/sunvis-solar.com\\\/#website\"},\"primaryImageOfPage\":{\"@id\":\"https:\\\/\\\/sunvis-solar.com\\\/product\\\/sg1230w-solar-generator\\\/#primaryimage\"},\"image\":{\"@id\":\"https:\\\/\\\/sunvis-solar.com\\\/product\\\/sg1230w-solar-generator\\\/#primaryimage\"},\"thumbnailUrl\":\"https:\\\/\\\/sunvis-solar.com\\\/wp-content\\\/uploads\\\/2020\\\/06\\\/SG1230W-Solar-Home-System.jpg\",\"datePublished\":\"2022-10-08T00:48:03+00:00\",\"dateModified\":\"2023-08-14T16:33:59+00:00\",\"description\":\"SUNVIS is a professional manufacturer of Portable Solar Generator. Our Solar Generator can be with 2-6 lamps and TV and Fan. Order now and get factory price for your business!\",\"breadcrumb\":{\"@id\":\"https:\\\/\\\/sunvis-solar.com\\\/product\\\/sg1230w-solar-generator\\\/#breadcrumb\"},\"inLanguage\":\"fr-FR\",\"potentialAction\":[{\"@type\":\"ReadAction\",\"target\":[\"https:\\\/\\\/sunvis-solar.com\\\/product\\\/sg1230w-solar-generator\\\/\"]}]},{\"@type\":\"ImageObject\",\"inLanguage\":\"fr-FR\",\"@id\":\"https:\\\/\\\/sunvis-solar.com\\\/product\\\/sg1230w-solar-generator\\\/#primaryimage\",\"url\":\"https:\\\/\\\/sunvis-solar.com\\\/wp-content\\\/uploads\\\/2020\\\/06\\\/SG1230W-Solar-Home-System.jpg\",\"contentUrl\":\"https:\\\/\\\/sunvis-solar.com\\\/wp-content\\\/uploads\\\/2020\\\/06\\\/SG1230W-Solar-Home-System.jpg\",\"width\":600,\"height\":600,\"caption\":\"SG1230W Solar Home System\"},{\"@type\":\"BreadcrumbList\",\"@id\":\"https:\\\/\\\/sunvis-solar.com\\\/product\\\/sg1230w-solar-generator\\\/#breadcrumb\",\"itemListElement\":[{\"@type\":\"ListItem\",\"position\":1,\"name\":\"Home\",\"item\":\"https:\\\/\\\/sunvis-solar.com\\\/\"},{\"@type\":\"ListItem\",\"position\":2,\"name\":\"Product\",\"item\":\"https:\\\/\\\/sunvis-solar.com\\\/product\\\/\"},{\"@type\":\"ListItem\",\"position\":3,\"name\":\"SG1230W Hot selling 30W Solar Generator Solar Lighting Small System for Home Use\"}]},{\"@type\":\"WebSite\",\"@id\":\"https:\\\/\\\/sunvis-solar.com\\\/#website\",\"url\":\"https:\\\/\\\/sunvis-solar.com\\\/\",\"name\":\"Solar Street Light and Solar System Manufacturer in China\",\"description\":\"Solar Street Light and Solar System Manufacturer in China\",\"publisher\":{\"@id\":\"https:\\\/\\\/sunvis-solar.com\\\/#organization\"},\"potentialAction\":[{\"@type\":\"SearchAction\",\"target\":{\"@type\":\"EntryPoint\",\"urlTemplate\":\"https:\\\/\\\/sunvis-solar.com\\\/?s={search_term_string}\"},\"query-input\":{\"@type\":\"PropertyValueSpecification\",\"valueRequired\":true,\"valueName\":\"search_term_string\"}}],\"inLanguage\":\"fr-FR\"},{\"@type\":\"Organization\",\"@id\":\"https:\\\/\\\/sunvis-solar.com\\\/#organization\",\"name\":\"Solar Street Light and Solar System Manufacturer in China\",\"url\":\"https:\\\/\\\/sunvis-solar.com\\\/\",\"logo\":{\"@type\":\"ImageObject\",\"inLanguage\":\"fr-FR\",\"@id\":\"https:\\\/\\\/sunvis-solar.com\\\/#\\\/schema\\\/logo\\\/image\\\/\",\"url\":\"https:\\\/\\\/sunvis-solar.com\\\/wp-content\\\/uploads\\\/2023\\\/02\\\/SUNVIS-logo-2.png\",\"contentUrl\":\"https:\\\/\\\/sunvis-solar.com\\\/wp-content\\\/uploads\\\/2023\\\/02\\\/SUNVIS-logo-2.png\",\"width\":200,\"height\":45,\"caption\":\"Solar Street Light and Solar System Manufacturer in China\"},\"image\":{\"@id\":\"https:\\\/\\\/sunvis-solar.com\\\/#\\\/schema\\\/logo\\\/image\\\/\"}}]}<\/script>\n<!-- \/ Yoast SEO plugin. -->","yoast_head_json":{"title":"G\u00e9n\u00e9rateur solaire SG1230W | Fabricant fiable de g\u00e9n\u00e9rateur solaire","description":"SUNVIS est un fabricant professionnel de g\u00e9n\u00e9rateur solaire portable. Notre g\u00e9n\u00e9rateur solaire peut \u00eatre \u00e9quip\u00e9 de 2 \u00e0 6 lampes, d&#039;une t\u00e9l\u00e9vision et d&#039;un ventilateur. Commandez maintenant et obtenez le prix d&#039;usine pour votre entreprise\u00a0!","robots":{"index":"index","follow":"follow","max-snippet":"max-snippet:-1","max-image-preview":"max-image-preview:large","max-video-preview":"max-video-preview:-1"},"canonical":"https:\/\/sunvis-solar.com\/fr\/produit\/generateur-solaire-sg1230w\/","og_locale":"fr_FR","og_type":"article","og_title":"SG1230W Solar Generator | Reliable Solar Generator Manufacturer","og_description":"SUNVIS is a professional manufacturer of Portable Solar Generator. Our Solar Generator can be with 2-6 lamps and TV and Fan. Order now and get factory price for your business!","og_url":"https:\/\/sunvis-solar.com\/fr\/produit\/generateur-solaire-sg1230w\/","og_site_name":"Solar Street Light and Solar System Manufacturer in China","article_modified_time":"2023-08-14T16:33:59+00:00","og_image":[{"width":600,"height":600,"url":"https:\/\/sunvis-solar.com\/wp-content\/uploads\/2020\/06\/SG1230W-Solar-Home-System.jpg","type":"image\/jpeg"}],"twitter_card":"summary_large_image","schema":{"@context":"https:\/\/schema.org","@graph":[{"@type":"WebPage","@id":"https:\/\/sunvis-solar.com\/product\/sg1230w-solar-generator\/","url":"https:\/\/sunvis-solar.com\/product\/sg1230w-solar-generator\/","name":"G\u00e9n\u00e9rateur solaire SG1230W | Fabricant fiable de g\u00e9n\u00e9rateur solaire","isPartOf":{"@id":"https:\/\/sunvis-solar.com\/#website"},"primaryImageOfPage":{"@id":"https:\/\/sunvis-solar.com\/product\/sg1230w-solar-generator\/#primaryimage"},"image":{"@id":"https:\/\/sunvis-solar.com\/product\/sg1230w-solar-generator\/#primaryimage"},"thumbnailUrl":"https:\/\/sunvis-solar.com\/wp-content\/uploads\/2020\/06\/SG1230W-Solar-Home-System.jpg","datePublished":"2022-10-08T00:48:03+00:00","dateModified":"2023-08-14T16:33:59+00:00","description":"SUNVIS est un fabricant professionnel de g\u00e9n\u00e9rateur solaire portable. Notre g\u00e9n\u00e9rateur solaire peut \u00eatre \u00e9quip\u00e9 de 2 \u00e0 6 lampes, d&#039;une t\u00e9l\u00e9vision et d&#039;un ventilateur. Commandez maintenant et obtenez le prix d&#039;usine pour votre entreprise\u00a0!","breadcrumb":{"@id":"https:\/\/sunvis-solar.com\/product\/sg1230w-solar-generator\/#breadcrumb"},"inLanguage":"fr-FR","potentialAction":[{"@type":"ReadAction","target":["https:\/\/sunvis-solar.com\/product\/sg1230w-solar-generator\/"]}]},{"@type":"ImageObject","inLanguage":"fr-FR","@id":"https:\/\/sunvis-solar.com\/product\/sg1230w-solar-generator\/#primaryimage","url":"https:\/\/sunvis-solar.com\/wp-content\/uploads\/2020\/06\/SG1230W-Solar-Home-System.jpg","contentUrl":"https:\/\/sunvis-solar.com\/wp-content\/uploads\/2020\/06\/SG1230W-Solar-Home-System.jpg","width":600,"height":600,"caption":"SG1230W Solar Home System"},{"@type":"BreadcrumbList","@id":"https:\/\/sunvis-solar.com\/product\/sg1230w-solar-generator\/#breadcrumb","itemListElement":[{"@type":"ListItem","position":1,"name":"Home","item":"https:\/\/sunvis-solar.com\/"},{"@type":"ListItem","position":2,"name":"Product","item":"https:\/\/sunvis-solar.com\/product\/"},{"@type":"ListItem","position":3,"name":"SG1230W Hot selling 30W Solar Generator Solar Lighting Small System for Home Use"}]},{"@type":"WebSite","@id":"https:\/\/sunvis-solar.com\/#website","url":"https:\/\/sunvis-solar.com\/","name":"Fabricant de lampadaires et de syst\u00e8mes solaires en Chine","description":"Fabricant de lampadaires et de syst\u00e8mes solaires en Chine","publisher":{"@id":"https:\/\/sunvis-solar.com\/#organization"},"potentialAction":[{"@type":"SearchAction","target":{"@type":"EntryPoint","urlTemplate":"https:\/\/sunvis-solar.com\/?s={search_term_string}"},"query-input":{"@type":"PropertyValueSpecification","valueRequired":true,"valueName":"search_term_string"}}],"inLanguage":"fr-FR"},{"@type":"Organization","@id":"https:\/\/sunvis-solar.com\/#organization","name":"Fabricant de lampadaires et de syst\u00e8mes solaires en Chine","url":"https:\/\/sunvis-solar.com\/","logo":{"@type":"ImageObject","inLanguage":"fr-FR","@id":"https:\/\/sunvis-solar.com\/#\/schema\/logo\/image\/","url":"https:\/\/sunvis-solar.com\/wp-content\/uploads\/2023\/02\/SUNVIS-logo-2.png","contentUrl":"https:\/\/sunvis-solar.com\/wp-content\/uploads\/2023\/02\/SUNVIS-logo-2.png","width":200,"height":45,"caption":"Solar Street Light and Solar System Manufacturer in China"},"image":{"@id":"https:\/\/sunvis-solar.com\/#\/schema\/logo\/image\/"}}]}},"_links":{"self":[{"href":"https:\/\/sunvis-solar.com\/fr\/wp-json\/wp\/v2\/product\/1223","targetHints":{"allow":["GET"]}}],"collection":[{"href":"https:\/\/sunvis-solar.com\/fr\/wp-json\/wp\/v2\/product"}],"about":[{"href":"https:\/\/sunvis-solar.com\/fr\/wp-json\/wp\/v2\/types\/product"}],"wp:featuredmedia":[{"embeddable":true,"href":"https:\/\/sunvis-solar.com\/fr\/wp-json\/wp\/v2\/media\/179"}],"wp:attachment":[{"href":"https:\/\/sunvis-solar.com\/fr\/wp-json\/wp\/v2\/media?parent=1223"}],"wp:term":[{"taxonomy":"product_brand","embeddable":true,"href":"https:\/\/sunvis-solar.com\/fr\/wp-json\/wp\/v2\/product_brand?post=1223"},{"taxonomy":"product_cat","embeddable":true,"href":"https:\/\/sunvis-solar.com\/fr\/wp-json\/wp\/v2\/product_cat?post=1223"},{"taxonomy":"product_tag","embeddable":true,"href":"https:\/\/sunvis-solar.com\/fr\/wp-json\/wp\/v2\/product_tag?post=1223"}],"curies":[{"name":"wp","href":"https:\/\/api.w.org\/{rel}","templated":true}]}}