{"id":1188,"date":"2022-10-06T03:59:29","date_gmt":"2022-10-06T03:59:29","guid":{"rendered":"https:\/\/sunvis-solar.com\/?post_type=product&#038;p=1188"},"modified":"2023-08-14T16:34:46","modified_gmt":"2023-08-14T16:34:46","slug":"lumiere-de-secours-solaire","status":"publish","type":"product","link":"https:\/\/sunvis-solar.com\/fr\/product\/solar-emergency-light\/","title":{"rendered":"Lumi\u00e8re de secours solaire"},"content":{"rendered":"","protected":false},"excerpt":{"rendered":"<p style=\"text-align: left;\">Ces lampes de secours solaires sont des lampes portables aliment\u00e9es par des panneaux solaires et des batteries. Ils sont con\u00e7us pour fournir une source de lumi\u00e8re de secours en cas de panne de courant ou d&#039;autres urgences. Certaines des caract\u00e9ristiques des lampes solaires de secours comprennent\u00a0:<\/p>\n<p>1. Lampe solaire rechargeable, adaptateur secteur \u00e9galement disponible.<\/p>\n<p>2. Venez avec une sangle, con\u00e7ue pour \u00eatre portable et facile \u00e0 transporter.<\/p>\n<p>3. \u00c9quip\u00e9 de nouvelles piles au lithium rechargeables, longue dur\u00e9e de vie de la batterie.<\/p>\n<p>4. \u00c9clairage lumineux et efficace, chaque lampe LED atteint 600 lm.<\/p>\n<p>5. Plusieurs modes d&#039;\u00e9clairage.<\/p>\n<p>6. Plug and Play, placez simplement la lumi\u00e8re dans un endroit ensoleill\u00e9 pour charger la batterie et utilisez-la au besoin.<\/p>","protected":false},"featured_media":1204,"template":"","meta":[],"product_brand":[],"product_cat":[308],"product_tag":[],"class_list":{"0":"post-1188","1":"product","2":"type-product","3":"status-publish","4":"has-post-thumbnail","6":"product_cat-portable-solar-home-system","8":"first","9":"instock","10":"shipping-taxable","11":"product-type-simple"},"yoast_head":"<!-- This site is optimized with the Yoast SEO plugin v27.3 - https:\/\/yoast.com\/product\/yoast-seo-wordpress\/ -->\n<title>Portable Solar Lamp | Solar Lighting Kit Factory | SNESOL<\/title>\n<meta name=\"description\" content=\"SUNVIS is a professional manufacturer of Portable Solar Lamp. Our Solar Lighing System can be with 2 lamps, 3 lamps or 4 lamps. Order now and get factory price for your business!\" \/>\n<meta name=\"robots\" content=\"index, follow, max-snippet:-1, max-image-preview:large, max-video-preview:-1\" \/>\n<link rel=\"canonical\" href=\"https:\/\/sunvis-solar.com\/fr\/produit\/lumiere-de-secours-solaire\/\" \/>\n<meta property=\"og:locale\" content=\"fr_FR\" \/>\n<meta property=\"og:type\" content=\"article\" \/>\n<meta property=\"og:title\" content=\"Portable Solar Lamp | Solar Lighting Kit Factory | SNESOL\" \/>\n<meta property=\"og:description\" content=\"SUNVIS is a professional manufacturer of Portable Solar Lamp. Our Solar Lighing System can be with 2 lamps, 3 lamps or 4 lamps. Order now and get factory price for your business!\" \/>\n<meta property=\"og:url\" content=\"https:\/\/sunvis-solar.com\/fr\/produit\/lumiere-de-secours-solaire\/\" \/>\n<meta property=\"og:site_name\" content=\"Solar Street Light and Solar System Manufacturer in China\" \/>\n<meta property=\"article:modified_time\" content=\"2023-08-14T16:34:46+00:00\" \/>\n<meta property=\"og:image\" content=\"https:\/\/sunvis-solar.com\/wp-content\/uploads\/2022\/10\/solar-lamp4.webp\" \/>\n\t<meta property=\"og:image:width\" content=\"1111\" \/>\n\t<meta property=\"og:image:height\" content=\"1111\" \/>\n\t<meta property=\"og:image:type\" content=\"image\/webp\" \/>\n<meta name=\"twitter:card\" content=\"summary_large_image\" \/>\n<script type=\"application\/ld+json\" class=\"yoast-schema-graph\">{\"@context\":\"https:\\\/\\\/schema.org\",\"@graph\":[{\"@type\":\"WebPage\",\"@id\":\"https:\\\/\\\/sunvis-solar.com\\\/product\\\/solar-emergency-light\\\/\",\"url\":\"https:\\\/\\\/sunvis-solar.com\\\/product\\\/solar-emergency-light\\\/\",\"name\":\"Portable Solar Lamp | Solar Lighting Kit Factory | SNESOL\",\"isPartOf\":{\"@id\":\"https:\\\/\\\/sunvis-solar.com\\\/#website\"},\"primaryImageOfPage\":{\"@id\":\"https:\\\/\\\/sunvis-solar.com\\\/product\\\/solar-emergency-light\\\/#primaryimage\"},\"image\":{\"@id\":\"https:\\\/\\\/sunvis-solar.com\\\/product\\\/solar-emergency-light\\\/#primaryimage\"},\"thumbnailUrl\":\"https:\\\/\\\/sunvis-solar.com\\\/wp-content\\\/uploads\\\/2022\\\/10\\\/solar-lamp4.webp\",\"datePublished\":\"2022-10-06T03:59:29+00:00\",\"dateModified\":\"2023-08-14T16:34:46+00:00\",\"description\":\"SUNVIS is a professional manufacturer of Portable Solar Lamp. Our Solar Lighing System can be with 2 lamps, 3 lamps or 4 lamps. Order now and get factory price for your business!\",\"breadcrumb\":{\"@id\":\"https:\\\/\\\/sunvis-solar.com\\\/product\\\/solar-emergency-light\\\/#breadcrumb\"},\"inLanguage\":\"fr-FR\",\"potentialAction\":[{\"@type\":\"ReadAction\",\"target\":[\"https:\\\/\\\/sunvis-solar.com\\\/product\\\/solar-emergency-light\\\/\"]}]},{\"@type\":\"ImageObject\",\"inLanguage\":\"fr-FR\",\"@id\":\"https:\\\/\\\/sunvis-solar.com\\\/product\\\/solar-emergency-light\\\/#primaryimage\",\"url\":\"https:\\\/\\\/sunvis-solar.com\\\/wp-content\\\/uploads\\\/2022\\\/10\\\/solar-lamp4.webp\",\"contentUrl\":\"https:\\\/\\\/sunvis-solar.com\\\/wp-content\\\/uploads\\\/2022\\\/10\\\/solar-lamp4.webp\",\"width\":1111,\"height\":1111,\"caption\":\"solar lamp\"},{\"@type\":\"BreadcrumbList\",\"@id\":\"https:\\\/\\\/sunvis-solar.com\\\/product\\\/solar-emergency-light\\\/#breadcrumb\",\"itemListElement\":[{\"@type\":\"ListItem\",\"position\":1,\"name\":\"Home\",\"item\":\"https:\\\/\\\/sunvis-solar.com\\\/\"},{\"@type\":\"ListItem\",\"position\":2,\"name\":\"Product\",\"item\":\"https:\\\/\\\/sunvis-solar.com\\\/product\\\/\"},{\"@type\":\"ListItem\",\"position\":3,\"name\":\"Solar Emergency Light\"}]},{\"@type\":\"WebSite\",\"@id\":\"https:\\\/\\\/sunvis-solar.com\\\/#website\",\"url\":\"https:\\\/\\\/sunvis-solar.com\\\/\",\"name\":\"Solar Street Light and Solar System Manufacturer in China\",\"description\":\"Solar Street Light and Solar System Manufacturer in China\",\"publisher\":{\"@id\":\"https:\\\/\\\/sunvis-solar.com\\\/#organization\"},\"potentialAction\":[{\"@type\":\"SearchAction\",\"target\":{\"@type\":\"EntryPoint\",\"urlTemplate\":\"https:\\\/\\\/sunvis-solar.com\\\/?s={search_term_string}\"},\"query-input\":{\"@type\":\"PropertyValueSpecification\",\"valueRequired\":true,\"valueName\":\"search_term_string\"}}],\"inLanguage\":\"fr-FR\"},{\"@type\":\"Organization\",\"@id\":\"https:\\\/\\\/sunvis-solar.com\\\/#organization\",\"name\":\"Solar Street Light and Solar System Manufacturer in China\",\"url\":\"https:\\\/\\\/sunvis-solar.com\\\/\",\"logo\":{\"@type\":\"ImageObject\",\"inLanguage\":\"fr-FR\",\"@id\":\"https:\\\/\\\/sunvis-solar.com\\\/#\\\/schema\\\/logo\\\/image\\\/\",\"url\":\"https:\\\/\\\/sunvis-solar.com\\\/wp-content\\\/uploads\\\/2023\\\/02\\\/SUNVIS-logo-2.png\",\"contentUrl\":\"https:\\\/\\\/sunvis-solar.com\\\/wp-content\\\/uploads\\\/2023\\\/02\\\/SUNVIS-logo-2.png\",\"width\":200,\"height\":45,\"caption\":\"Solar Street Light and Solar System Manufacturer in China\"},\"image\":{\"@id\":\"https:\\\/\\\/sunvis-solar.com\\\/#\\\/schema\\\/logo\\\/image\\\/\"}}]}<\/script>\n<!-- \/ Yoast SEO plugin. -->","yoast_head_json":{"title":"Lampe solaire portable | Usine de kits d&#039;\u00e9clairage solaire | SNESOL","description":"SUNVIS est un fabricant professionnel de lampes solaires portables. Notre syst\u00e8me d&#039;\u00e9clairage solaire peut \u00eatre \u00e0 2 lampes, 3 lampes ou 4 lampes. Commandez maintenant et obtenez le prix d&#039;usine pour votre entreprise\u00a0!","robots":{"index":"index","follow":"follow","max-snippet":"max-snippet:-1","max-image-preview":"max-image-preview:large","max-video-preview":"max-video-preview:-1"},"canonical":"https:\/\/sunvis-solar.com\/fr\/produit\/lumiere-de-secours-solaire\/","og_locale":"fr_FR","og_type":"article","og_title":"Portable Solar Lamp | Solar Lighting Kit Factory | SNESOL","og_description":"SUNVIS is a professional manufacturer of Portable Solar Lamp. Our Solar Lighing System can be with 2 lamps, 3 lamps or 4 lamps. Order now and get factory price for your business!","og_url":"https:\/\/sunvis-solar.com\/fr\/produit\/lumiere-de-secours-solaire\/","og_site_name":"Solar Street Light and Solar System Manufacturer in China","article_modified_time":"2023-08-14T16:34:46+00:00","og_image":[{"width":1111,"height":1111,"url":"https:\/\/sunvis-solar.com\/wp-content\/uploads\/2022\/10\/solar-lamp4.webp","type":"image\/webp"}],"twitter_card":"summary_large_image","schema":{"@context":"https:\/\/schema.org","@graph":[{"@type":"WebPage","@id":"https:\/\/sunvis-solar.com\/product\/solar-emergency-light\/","url":"https:\/\/sunvis-solar.com\/product\/solar-emergency-light\/","name":"Lampe solaire portable | Usine de kits d&#039;\u00e9clairage solaire | SNESOL","isPartOf":{"@id":"https:\/\/sunvis-solar.com\/#website"},"primaryImageOfPage":{"@id":"https:\/\/sunvis-solar.com\/product\/solar-emergency-light\/#primaryimage"},"image":{"@id":"https:\/\/sunvis-solar.com\/product\/solar-emergency-light\/#primaryimage"},"thumbnailUrl":"https:\/\/sunvis-solar.com\/wp-content\/uploads\/2022\/10\/solar-lamp4.webp","datePublished":"2022-10-06T03:59:29+00:00","dateModified":"2023-08-14T16:34:46+00:00","description":"SUNVIS est un fabricant professionnel de lampes solaires portables. Notre syst\u00e8me d&#039;\u00e9clairage solaire peut \u00eatre \u00e0 2 lampes, 3 lampes ou 4 lampes. Commandez maintenant et obtenez le prix d&#039;usine pour votre entreprise\u00a0!","breadcrumb":{"@id":"https:\/\/sunvis-solar.com\/product\/solar-emergency-light\/#breadcrumb"},"inLanguage":"fr-FR","potentialAction":[{"@type":"ReadAction","target":["https:\/\/sunvis-solar.com\/product\/solar-emergency-light\/"]}]},{"@type":"ImageObject","inLanguage":"fr-FR","@id":"https:\/\/sunvis-solar.com\/product\/solar-emergency-light\/#primaryimage","url":"https:\/\/sunvis-solar.com\/wp-content\/uploads\/2022\/10\/solar-lamp4.webp","contentUrl":"https:\/\/sunvis-solar.com\/wp-content\/uploads\/2022\/10\/solar-lamp4.webp","width":1111,"height":1111,"caption":"solar lamp"},{"@type":"BreadcrumbList","@id":"https:\/\/sunvis-solar.com\/product\/solar-emergency-light\/#breadcrumb","itemListElement":[{"@type":"ListItem","position":1,"name":"Home","item":"https:\/\/sunvis-solar.com\/"},{"@type":"ListItem","position":2,"name":"Product","item":"https:\/\/sunvis-solar.com\/product\/"},{"@type":"ListItem","position":3,"name":"Solar Emergency Light"}]},{"@type":"WebSite","@id":"https:\/\/sunvis-solar.com\/#website","url":"https:\/\/sunvis-solar.com\/","name":"Fabricant de lampadaires et de syst\u00e8mes solaires en Chine","description":"Fabricant de lampadaires et de syst\u00e8mes solaires en Chine","publisher":{"@id":"https:\/\/sunvis-solar.com\/#organization"},"potentialAction":[{"@type":"SearchAction","target":{"@type":"EntryPoint","urlTemplate":"https:\/\/sunvis-solar.com\/?s={search_term_string}"},"query-input":{"@type":"PropertyValueSpecification","valueRequired":true,"valueName":"search_term_string"}}],"inLanguage":"fr-FR"},{"@type":"Organization","@id":"https:\/\/sunvis-solar.com\/#organization","name":"Fabricant de lampadaires et de syst\u00e8mes solaires en Chine","url":"https:\/\/sunvis-solar.com\/","logo":{"@type":"ImageObject","inLanguage":"fr-FR","@id":"https:\/\/sunvis-solar.com\/#\/schema\/logo\/image\/","url":"https:\/\/sunvis-solar.com\/wp-content\/uploads\/2023\/02\/SUNVIS-logo-2.png","contentUrl":"https:\/\/sunvis-solar.com\/wp-content\/uploads\/2023\/02\/SUNVIS-logo-2.png","width":200,"height":45,"caption":"Solar Street Light and Solar System Manufacturer in China"},"image":{"@id":"https:\/\/sunvis-solar.com\/#\/schema\/logo\/image\/"}}]}},"_links":{"self":[{"href":"https:\/\/sunvis-solar.com\/fr\/wp-json\/wp\/v2\/product\/1188","targetHints":{"allow":["GET"]}}],"collection":[{"href":"https:\/\/sunvis-solar.com\/fr\/wp-json\/wp\/v2\/product"}],"about":[{"href":"https:\/\/sunvis-solar.com\/fr\/wp-json\/wp\/v2\/types\/product"}],"wp:featuredmedia":[{"embeddable":true,"href":"https:\/\/sunvis-solar.com\/fr\/wp-json\/wp\/v2\/media\/1204"}],"wp:attachment":[{"href":"https:\/\/sunvis-solar.com\/fr\/wp-json\/wp\/v2\/media?parent=1188"}],"wp:term":[{"taxonomy":"product_brand","embeddable":true,"href":"https:\/\/sunvis-solar.com\/fr\/wp-json\/wp\/v2\/product_brand?post=1188"},{"taxonomy":"product_cat","embeddable":true,"href":"https:\/\/sunvis-solar.com\/fr\/wp-json\/wp\/v2\/product_cat?post=1188"},{"taxonomy":"product_tag","embeddable":true,"href":"https:\/\/sunvis-solar.com\/fr\/wp-json\/wp\/v2\/product_tag?post=1188"}],"curies":[{"name":"wp","href":"https:\/\/api.w.org\/{rel}","templated":true}]}}