{"id":1125,"date":"2022-09-20T14:53:28","date_gmt":"2022-09-20T14:53:28","guid":{"rendered":"https:\/\/sunvis-solar.com\/?post_type=product&#038;p=1125"},"modified":"2023-08-15T02:38:33","modified_gmt":"2023-08-15T02:38:33","slug":"onduleur-hybride-solaire-haute-frequence-1-5kw-2kw-3kw-hors-reseau","status":"publish","type":"product","link":"https:\/\/sunvis-solar.com\/fr\/product\/high-frequency-1-5kw-2kw-3kw-off-grid-solar-hybrid-inverter\/","title":{"rendered":"Onduleur hybride solaire haute fr\u00e9quence 1.5KW\/2KW\/3KW hors r\u00e9seau"},"content":{"rendered":"","protected":false},"excerpt":{"rendered":"<p style=\"text-align: left;\">Le SUNVIS\/SOLAR HYBRID INVERTER est une onde sinuso\u00efdale pure <a href=\"https:\/\/sunvis-solar.com\/fr\/onduleur-hybride-solaire\/\">onduleur solaire<\/a> c&#039;est-\u00e0-dire WIFI et GPRS activ\u00e9s pour les appareils IOS et Android. Il dispose \u00e9galement d&#039;un chargeur solaire MPPT 80A int\u00e9gr\u00e9. Ce produit est parfait pour ceux qui s&#039;int\u00e9ressent \u00e0 l&#039;\u00e9nergie solaire car il fournit d&#039;abord l&#039;\u00e9nergie solaire directement \u00e0 la charge. De plus, il dispose d&#039;un kit anti-cr\u00e9puscule int\u00e9gr\u00e9 pour les conditions environnementales difficiles (en option). Il est \u00e9galement compatible avec <a href=\"https:\/\/sunvis-solar.com\/fr\/solaire-lifepo4-batterie\/\">batteries lithium-ion<\/a>. Certaines de ses autres caract\u00e9ristiques int\u00e9ressantes incluent une haute <a href=\"https:\/\/sunvis-solar.com\/fr\/panneau-solaire-perc\/\">PV<\/a> plage de tension d&#039;entr\u00e9e (90-450VDC) et conception de charge de batterie intelligente pour optimiser la dur\u00e9e de vie de la batterie. Ce produit peut r\u00e9pondre aux riches besoins personnalis\u00e9s des clients.<\/p>\n<p style=\"text-align: left;\">Num\u00e9ro d&#039;article\u00a0: SM-1,5\u00a0KW\/2\u00a0KW\/3\u00a0KW<\/p>\n<p style=\"text-align: left;\">Type : Onduleurs \u00e0 onde sinuso\u00efdale pure DC\/AC<\/p>\n<p style=\"text-align: left;\">Max.Puissance : 1.5KW\/2KW\/3KW, 12-24V<\/p>\n<p style=\"text-align: left;\">Tension de sortie : AC220V<\/p>\n<p style=\"text-align: left;\">Plage de tension de fonctionnement PV\u00a0: 120\u00a0V-500\u00a0V<\/p>","protected":false},"featured_media":1128,"template":"","meta":[],"product_brand":[],"product_cat":[306],"product_tag":[],"class_list":{"0":"post-1125","1":"product","2":"type-product","3":"status-publish","4":"has-post-thumbnail","6":"product_cat-solar-inverter","8":"first","9":"instock","10":"shipping-taxable","11":"product-type-simple"},"yoast_head":"<!-- This site is optimized with the Yoast SEO plugin v27.3 - https:\/\/yoast.com\/product\/yoast-seo-wordpress\/ -->\n<title>High Frequency 1.5KW\/2KW\/3KW Off Grid Solar Hybrid Inverter<\/title>\n<meta name=\"description\" content=\"SUNVIS offers a wide range of off grid solar hybrid inverters with power outputs ranging from 1.5kW to 3kW. These solar hybrid inverters are perfect for powering homes and businesses that are not connected to the grid. Contact for price now!\" \/>\n<meta name=\"robots\" content=\"index, follow, max-snippet:-1, max-image-preview:large, max-video-preview:-1\" \/>\n<link rel=\"canonical\" href=\"https:\/\/sunvis-solar.com\/fr\/produit\/onduleur-hybride-solaire-haute-frequence-1-5kw-2kw-3kw-hors-reseau\/\" \/>\n<meta property=\"og:locale\" content=\"fr_FR\" \/>\n<meta property=\"og:type\" content=\"article\" \/>\n<meta property=\"og:title\" content=\"High Frequency 1.5KW\/2KW\/3KW Off Grid Solar Hybrid Inverter\" \/>\n<meta property=\"og:description\" content=\"SUNVIS offers a wide range of off grid solar hybrid inverters with power outputs ranging from 1.5kW to 3kW. These solar hybrid inverters are perfect for powering homes and businesses that are not connected to the grid. Contact for price now!\" \/>\n<meta property=\"og:url\" content=\"https:\/\/sunvis-solar.com\/fr\/produit\/onduleur-hybride-solaire-haute-frequence-1-5kw-2kw-3kw-hors-reseau\/\" \/>\n<meta property=\"og:site_name\" content=\"Solar Street Light and Solar System Manufacturer in China\" \/>\n<meta property=\"article:modified_time\" content=\"2023-08-15T02:38:33+00:00\" \/>\n<meta property=\"og:image\" content=\"https:\/\/sunvis-solar.com\/wp-content\/uploads\/2022\/09\/4.webp\" \/>\n\t<meta property=\"og:image:width\" content=\"800\" \/>\n\t<meta property=\"og:image:height\" content=\"800\" \/>\n\t<meta property=\"og:image:type\" content=\"image\/webp\" \/>\n<meta name=\"twitter:card\" content=\"summary_large_image\" \/>\n<script type=\"application\/ld+json\" class=\"yoast-schema-graph\">{\"@context\":\"https:\\\/\\\/schema.org\",\"@graph\":[{\"@type\":\"WebPage\",\"@id\":\"https:\\\/\\\/sunvis-solar.com\\\/product\\\/high-frequency-1-5kw-2kw-3kw-off-grid-solar-hybrid-inverter\\\/\",\"url\":\"https:\\\/\\\/sunvis-solar.com\\\/product\\\/high-frequency-1-5kw-2kw-3kw-off-grid-solar-hybrid-inverter\\\/\",\"name\":\"High Frequency 1.5KW\\\/2KW\\\/3KW Off Grid Solar Hybrid Inverter\",\"isPartOf\":{\"@id\":\"https:\\\/\\\/sunvis-solar.com\\\/#website\"},\"primaryImageOfPage\":{\"@id\":\"https:\\\/\\\/sunvis-solar.com\\\/product\\\/high-frequency-1-5kw-2kw-3kw-off-grid-solar-hybrid-inverter\\\/#primaryimage\"},\"image\":{\"@id\":\"https:\\\/\\\/sunvis-solar.com\\\/product\\\/high-frequency-1-5kw-2kw-3kw-off-grid-solar-hybrid-inverter\\\/#primaryimage\"},\"thumbnailUrl\":\"https:\\\/\\\/sunvis-solar.com\\\/wp-content\\\/uploads\\\/2022\\\/09\\\/4-2.webp\",\"datePublished\":\"2022-09-20T14:53:28+00:00\",\"dateModified\":\"2023-08-15T02:38:33+00:00\",\"description\":\"SUNVIS offers a wide range of off grid solar hybrid inverters with power outputs ranging from 1.5kW to 3kW. These solar hybrid inverters are perfect for powering homes and businesses that are not connected to the grid. Contact for price now!\",\"breadcrumb\":{\"@id\":\"https:\\\/\\\/sunvis-solar.com\\\/product\\\/high-frequency-1-5kw-2kw-3kw-off-grid-solar-hybrid-inverter\\\/#breadcrumb\"},\"inLanguage\":\"fr-FR\",\"potentialAction\":[{\"@type\":\"ReadAction\",\"target\":[\"https:\\\/\\\/sunvis-solar.com\\\/product\\\/high-frequency-1-5kw-2kw-3kw-off-grid-solar-hybrid-inverter\\\/\"]}]},{\"@type\":\"ImageObject\",\"inLanguage\":\"fr-FR\",\"@id\":\"https:\\\/\\\/sunvis-solar.com\\\/product\\\/high-frequency-1-5kw-2kw-3kw-off-grid-solar-hybrid-inverter\\\/#primaryimage\",\"url\":\"https:\\\/\\\/sunvis-solar.com\\\/wp-content\\\/uploads\\\/2022\\\/09\\\/4-2.webp\",\"contentUrl\":\"https:\\\/\\\/sunvis-solar.com\\\/wp-content\\\/uploads\\\/2022\\\/09\\\/4-2.webp\",\"width\":800,\"height\":800,\"caption\":\"3KW Solar Inverter\"},{\"@type\":\"BreadcrumbList\",\"@id\":\"https:\\\/\\\/sunvis-solar.com\\\/product\\\/high-frequency-1-5kw-2kw-3kw-off-grid-solar-hybrid-inverter\\\/#breadcrumb\",\"itemListElement\":[{\"@type\":\"ListItem\",\"position\":1,\"name\":\"Home\",\"item\":\"https:\\\/\\\/sunvis-solar.com\\\/\"},{\"@type\":\"ListItem\",\"position\":2,\"name\":\"Product\",\"item\":\"https:\\\/\\\/sunvis-solar.com\\\/product\\\/\"},{\"@type\":\"ListItem\",\"position\":3,\"name\":\"High Frequency 1.5KW\\\/2KW\\\/3KW Off Grid Solar Hybrid Inverter\"}]},{\"@type\":\"WebSite\",\"@id\":\"https:\\\/\\\/sunvis-solar.com\\\/#website\",\"url\":\"https:\\\/\\\/sunvis-solar.com\\\/\",\"name\":\"Solar Street Light and Solar System Manufacturer in China\",\"description\":\"Solar Street Light and Solar System Manufacturer in China\",\"publisher\":{\"@id\":\"https:\\\/\\\/sunvis-solar.com\\\/#organization\"},\"potentialAction\":[{\"@type\":\"SearchAction\",\"target\":{\"@type\":\"EntryPoint\",\"urlTemplate\":\"https:\\\/\\\/sunvis-solar.com\\\/?s={search_term_string}\"},\"query-input\":{\"@type\":\"PropertyValueSpecification\",\"valueRequired\":true,\"valueName\":\"search_term_string\"}}],\"inLanguage\":\"fr-FR\"},{\"@type\":\"Organization\",\"@id\":\"https:\\\/\\\/sunvis-solar.com\\\/#organization\",\"name\":\"Solar Street Light and Solar System Manufacturer in China\",\"url\":\"https:\\\/\\\/sunvis-solar.com\\\/\",\"logo\":{\"@type\":\"ImageObject\",\"inLanguage\":\"fr-FR\",\"@id\":\"https:\\\/\\\/sunvis-solar.com\\\/#\\\/schema\\\/logo\\\/image\\\/\",\"url\":\"https:\\\/\\\/sunvis-solar.com\\\/wp-content\\\/uploads\\\/2023\\\/02\\\/SUNVIS-logo-2.png\",\"contentUrl\":\"https:\\\/\\\/sunvis-solar.com\\\/wp-content\\\/uploads\\\/2023\\\/02\\\/SUNVIS-logo-2.png\",\"width\":200,\"height\":45,\"caption\":\"Solar Street Light and Solar System Manufacturer in China\"},\"image\":{\"@id\":\"https:\\\/\\\/sunvis-solar.com\\\/#\\\/schema\\\/logo\\\/image\\\/\"}}]}<\/script>\n<!-- \/ Yoast SEO plugin. -->","yoast_head_json":{"title":"Onduleur hybride solaire haute fr\u00e9quence 1.5KW\/2KW\/3KW hors r\u00e9seau","description":"SUNVIS propose une large gamme d&#039;onduleurs hybrides solaires hors r\u00e9seau avec des puissances allant de 1,5 kW \u00e0 3 kW. Ces onduleurs hybrides solaires sont parfaits pour alimenter les maisons et les entreprises qui ne sont pas connect\u00e9es au r\u00e9seau. Contactez-nous pour le prix maintenant\u00a0!","robots":{"index":"index","follow":"follow","max-snippet":"max-snippet:-1","max-image-preview":"max-image-preview:large","max-video-preview":"max-video-preview:-1"},"canonical":"https:\/\/sunvis-solar.com\/fr\/produit\/onduleur-hybride-solaire-haute-frequence-1-5kw-2kw-3kw-hors-reseau\/","og_locale":"fr_FR","og_type":"article","og_title":"High Frequency 1.5KW\/2KW\/3KW Off Grid Solar Hybrid Inverter","og_description":"SUNVIS offers a wide range of off grid solar hybrid inverters with power outputs ranging from 1.5kW to 3kW. These solar hybrid inverters are perfect for powering homes and businesses that are not connected to the grid. Contact for price now!","og_url":"https:\/\/sunvis-solar.com\/fr\/produit\/onduleur-hybride-solaire-haute-frequence-1-5kw-2kw-3kw-hors-reseau\/","og_site_name":"Solar Street Light and Solar System Manufacturer in China","article_modified_time":"2023-08-15T02:38:33+00:00","og_image":[{"width":800,"height":800,"url":"https:\/\/sunvis-solar.com\/wp-content\/uploads\/2022\/09\/4.webp","type":"image\/webp"}],"twitter_card":"summary_large_image","schema":{"@context":"https:\/\/schema.org","@graph":[{"@type":"WebPage","@id":"https:\/\/sunvis-solar.com\/product\/high-frequency-1-5kw-2kw-3kw-off-grid-solar-hybrid-inverter\/","url":"https:\/\/sunvis-solar.com\/product\/high-frequency-1-5kw-2kw-3kw-off-grid-solar-hybrid-inverter\/","name":"Onduleur hybride solaire haute fr\u00e9quence 1.5KW\/2KW\/3KW hors r\u00e9seau","isPartOf":{"@id":"https:\/\/sunvis-solar.com\/#website"},"primaryImageOfPage":{"@id":"https:\/\/sunvis-solar.com\/product\/high-frequency-1-5kw-2kw-3kw-off-grid-solar-hybrid-inverter\/#primaryimage"},"image":{"@id":"https:\/\/sunvis-solar.com\/product\/high-frequency-1-5kw-2kw-3kw-off-grid-solar-hybrid-inverter\/#primaryimage"},"thumbnailUrl":"https:\/\/sunvis-solar.com\/wp-content\/uploads\/2022\/09\/4-2.webp","datePublished":"2022-09-20T14:53:28+00:00","dateModified":"2023-08-15T02:38:33+00:00","description":"SUNVIS propose une large gamme d&#039;onduleurs hybrides solaires hors r\u00e9seau avec des puissances allant de 1,5 kW \u00e0 3 kW. Ces onduleurs hybrides solaires sont parfaits pour alimenter les maisons et les entreprises qui ne sont pas connect\u00e9es au r\u00e9seau. Contactez-nous pour le prix maintenant\u00a0!","breadcrumb":{"@id":"https:\/\/sunvis-solar.com\/product\/high-frequency-1-5kw-2kw-3kw-off-grid-solar-hybrid-inverter\/#breadcrumb"},"inLanguage":"fr-FR","potentialAction":[{"@type":"ReadAction","target":["https:\/\/sunvis-solar.com\/product\/high-frequency-1-5kw-2kw-3kw-off-grid-solar-hybrid-inverter\/"]}]},{"@type":"ImageObject","inLanguage":"fr-FR","@id":"https:\/\/sunvis-solar.com\/product\/high-frequency-1-5kw-2kw-3kw-off-grid-solar-hybrid-inverter\/#primaryimage","url":"https:\/\/sunvis-solar.com\/wp-content\/uploads\/2022\/09\/4-2.webp","contentUrl":"https:\/\/sunvis-solar.com\/wp-content\/uploads\/2022\/09\/4-2.webp","width":800,"height":800,"caption":"3KW Solar Inverter"},{"@type":"BreadcrumbList","@id":"https:\/\/sunvis-solar.com\/product\/high-frequency-1-5kw-2kw-3kw-off-grid-solar-hybrid-inverter\/#breadcrumb","itemListElement":[{"@type":"ListItem","position":1,"name":"Home","item":"https:\/\/sunvis-solar.com\/"},{"@type":"ListItem","position":2,"name":"Product","item":"https:\/\/sunvis-solar.com\/product\/"},{"@type":"ListItem","position":3,"name":"High Frequency 1.5KW\/2KW\/3KW Off Grid Solar Hybrid Inverter"}]},{"@type":"WebSite","@id":"https:\/\/sunvis-solar.com\/#website","url":"https:\/\/sunvis-solar.com\/","name":"Fabricant de lampadaires et de syst\u00e8mes solaires en Chine","description":"Fabricant de lampadaires et de syst\u00e8mes solaires en Chine","publisher":{"@id":"https:\/\/sunvis-solar.com\/#organization"},"potentialAction":[{"@type":"SearchAction","target":{"@type":"EntryPoint","urlTemplate":"https:\/\/sunvis-solar.com\/?s={search_term_string}"},"query-input":{"@type":"PropertyValueSpecification","valueRequired":true,"valueName":"search_term_string"}}],"inLanguage":"fr-FR"},{"@type":"Organization","@id":"https:\/\/sunvis-solar.com\/#organization","name":"Fabricant de lampadaires et de syst\u00e8mes solaires en Chine","url":"https:\/\/sunvis-solar.com\/","logo":{"@type":"ImageObject","inLanguage":"fr-FR","@id":"https:\/\/sunvis-solar.com\/#\/schema\/logo\/image\/","url":"https:\/\/sunvis-solar.com\/wp-content\/uploads\/2023\/02\/SUNVIS-logo-2.png","contentUrl":"https:\/\/sunvis-solar.com\/wp-content\/uploads\/2023\/02\/SUNVIS-logo-2.png","width":200,"height":45,"caption":"Solar Street Light and Solar System Manufacturer in China"},"image":{"@id":"https:\/\/sunvis-solar.com\/#\/schema\/logo\/image\/"}}]}},"_links":{"self":[{"href":"https:\/\/sunvis-solar.com\/fr\/wp-json\/wp\/v2\/product\/1125","targetHints":{"allow":["GET"]}}],"collection":[{"href":"https:\/\/sunvis-solar.com\/fr\/wp-json\/wp\/v2\/product"}],"about":[{"href":"https:\/\/sunvis-solar.com\/fr\/wp-json\/wp\/v2\/types\/product"}],"wp:featuredmedia":[{"embeddable":true,"href":"https:\/\/sunvis-solar.com\/fr\/wp-json\/wp\/v2\/media\/1128"}],"wp:attachment":[{"href":"https:\/\/sunvis-solar.com\/fr\/wp-json\/wp\/v2\/media?parent=1125"}],"wp:term":[{"taxonomy":"product_brand","embeddable":true,"href":"https:\/\/sunvis-solar.com\/fr\/wp-json\/wp\/v2\/product_brand?post=1125"},{"taxonomy":"product_cat","embeddable":true,"href":"https:\/\/sunvis-solar.com\/fr\/wp-json\/wp\/v2\/product_cat?post=1125"},{"taxonomy":"product_tag","embeddable":true,"href":"https:\/\/sunvis-solar.com\/fr\/wp-json\/wp\/v2\/product_tag?post=1125"}],"curies":[{"name":"wp","href":"https:\/\/api.w.org\/{rel}","templated":true}]}}