{"id":1116,"date":"2022-09-20T13:02:57","date_gmt":"2022-09-20T13:02:57","guid":{"rendered":"https:\/\/sunvis-solar.com\/?post_type=product&#038;p=1116"},"modified":"2024-01-16T04:31:32","modified_gmt":"2024-01-16T04:31:32","slug":"6kw-off-grid-solaire-hybride-onduleur","status":"publish","type":"product","link":"https:\/\/sunvis-solar.com\/fr\/product\/6kw-off-grid-solar-hybrid-inverter\/","title":{"rendered":"SUNVIS 3.6KW\/4.2KW\/6.2KW Onduleur hybride solaire hors r\u00e9seau"},"content":{"rendered":"","protected":false},"excerpt":{"rendered":"<p style=\"text-align: left;\">Le SUNVIS SOLAR HYBRID INVERTER est un onduleur \u00e0 onde sinuso\u00efdale pure de haute qualit\u00e9 <a href=\"https:\/\/sunvis-solar.com\/fr\/onduleur-hybride-solaire\/\">onduleur solaire<\/a> qui est parfait pour \u00e0 la fois sur et <a href=\"https:\/\/sunvis-solar.com\/fr\/off-grid-solar-home-system\/\">hors r\u00e9seau<\/a> applications. Avec un facteur de puissance de sortie de 1,0, c&#039;est l&#039;un des onduleurs les plus efficaces du march\u00e9. De plus, la fonction WIFI et GPRS facilite le contr\u00f4le et la surveillance de l&#039;onduleur depuis votre smartphone ou votre tablette. La batterie au lithium int\u00e9gr\u00e9e s&#039;active automatiquement en cas de besoin, et la restauration en un clic des param\u00e8tres d&#039;usine facilite le bon fonctionnement de l&#039;onduleur. Avec une plage de tension d&#039;entr\u00e9e PV \u00e9lev\u00e9e de 90 ~ 500VDC, le <a href=\"https:\/\/sunvis-solar.com\/fr\/\">SUNVIS<\/a>\/SOLAR HYBRID INVERTER est un excellent choix pour toute installation solaire.<\/p>\n<p style=\"text-align: left;\">Num\u00e9ro d&#039;article : SMPS-V PRO 3,6 KW\/4,2 KW\/6,2 KW<\/p>\n<p style=\"text-align: left;\">Taper : <a href=\"https:\/\/sunvis-solar.com\/fr\/systeme-solaire-portatif-domestique\/\">CC<\/a>\/Onduleurs \u00e0 onde sinuso\u00efdale pure AC<\/p>\n<p style=\"text-align: left;\">Puissance maximale\u00a0: 3,6\u00a0KW\/4,2\u00a0KW\/6,2\u00a0KW, 48\u00a0V<\/p>\n<p style=\"text-align: left;\">Tension de sortie : AC220V<\/p>\n<p style=\"text-align: left;\">Plage de tension de fonctionnement PV\u00a0: 120\u00a0V-500\u00a0V<\/p>","protected":false},"featured_media":1118,"template":"","meta":[],"product_brand":[],"product_cat":[306],"product_tag":[],"class_list":{"0":"post-1116","1":"product","2":"type-product","3":"status-publish","4":"has-post-thumbnail","6":"product_cat-solar-inverter","8":"first","9":"instock","10":"shipping-taxable","11":"product-type-simple"},"yoast_head":"<!-- This site is optimized with the Yoast SEO plugin v27.3 - https:\/\/yoast.com\/product\/yoast-seo-wordpress\/ -->\n<title>3KW\/5KW Solar Hybrid Inverter for Lithium Battery System<\/title>\n<meta name=\"robots\" content=\"index, follow, max-snippet:-1, max-image-preview:large, max-video-preview:-1\" \/>\n<link rel=\"canonical\" href=\"https:\/\/sunvis-solar.com\/fr\/produit\/6kw-off-grid-solaire-hybride-onduleur\/\" \/>\n<meta property=\"og:locale\" content=\"fr_FR\" \/>\n<meta property=\"og:type\" content=\"article\" \/>\n<meta property=\"og:title\" content=\"3KW\/5KW Solar Hybrid Inverter for Lithium Battery System\" \/>\n<meta property=\"og:description\" content=\"The SUNVIS SOLAR HYBRID INVERTER is a high-quality pure sine wave solar inverter that is perfect for both on and off grid applications. With an output power factor of 1.0, it is one of the most efficient inverters on the market. Additionally, the WIFI&amp;GPRS feature makes it easy to control and monitor the inverter from your smartphone or tablet. The built-in lithium battery automatically activates when needed, and the one-click restoration to factory settings makes it easy to keep the inverter running smoothly. With a high PV input voltage range of 90~500VDC, the SUNVIS\/SOLAR HYBRID INVERTER is a great choice for any solar installation. Item NO.: SMPS-V PRO 3.6KW\/4.2KW\/6.2KW Type : DC\/AC Pure Sine Wave Inverters Max.Power : 3.6KW\/4.2KW\/6.2KW, 48V Output Voltage :\u00a0 AC220V PV operation voltage range: 120V-500V\" \/>\n<meta property=\"og:url\" content=\"https:\/\/sunvis-solar.com\/fr\/produit\/6kw-off-grid-solaire-hybride-onduleur\/\" \/>\n<meta property=\"og:site_name\" content=\"Solar Street Light and Solar System Manufacturer in China\" \/>\n<meta property=\"article:modified_time\" content=\"2024-01-16T04:31:32+00:00\" \/>\n<meta property=\"og:image\" content=\"https:\/\/sunvis-solar.com\/wp-content\/uploads\/2022\/09\/6.2KW-Solar-hybrid-Inverter-2.webp\" \/>\n\t<meta property=\"og:image:width\" content=\"600\" \/>\n\t<meta property=\"og:image:height\" content=\"600\" \/>\n\t<meta property=\"og:image:type\" content=\"image\/webp\" \/>\n<meta name=\"twitter:card\" content=\"summary_large_image\" \/>\n<script type=\"application\/ld+json\" class=\"yoast-schema-graph\">{\"@context\":\"https:\\\/\\\/schema.org\",\"@graph\":[{\"@type\":\"WebPage\",\"@id\":\"https:\\\/\\\/sunvis-solar.com\\\/product\\\/6kw-off-grid-solar-hybrid-inverter\\\/\",\"url\":\"https:\\\/\\\/sunvis-solar.com\\\/product\\\/6kw-off-grid-solar-hybrid-inverter\\\/\",\"name\":\"3KW\\\/5KW Solar Hybrid Inverter for Lithium Battery System\",\"isPartOf\":{\"@id\":\"https:\\\/\\\/sunvis-solar.com\\\/#website\"},\"primaryImageOfPage\":{\"@id\":\"https:\\\/\\\/sunvis-solar.com\\\/product\\\/6kw-off-grid-solar-hybrid-inverter\\\/#primaryimage\"},\"image\":{\"@id\":\"https:\\\/\\\/sunvis-solar.com\\\/product\\\/6kw-off-grid-solar-hybrid-inverter\\\/#primaryimage\"},\"thumbnailUrl\":\"https:\\\/\\\/sunvis-solar.com\\\/wp-content\\\/uploads\\\/2022\\\/09\\\/6.2KW-Solar-hybrid-Inverter-2.webp\",\"datePublished\":\"2022-09-20T13:02:57+00:00\",\"dateModified\":\"2024-01-16T04:31:32+00:00\",\"breadcrumb\":{\"@id\":\"https:\\\/\\\/sunvis-solar.com\\\/product\\\/6kw-off-grid-solar-hybrid-inverter\\\/#breadcrumb\"},\"inLanguage\":\"fr-FR\",\"potentialAction\":[{\"@type\":\"ReadAction\",\"target\":[\"https:\\\/\\\/sunvis-solar.com\\\/product\\\/6kw-off-grid-solar-hybrid-inverter\\\/\"]}]},{\"@type\":\"ImageObject\",\"inLanguage\":\"fr-FR\",\"@id\":\"https:\\\/\\\/sunvis-solar.com\\\/product\\\/6kw-off-grid-solar-hybrid-inverter\\\/#primaryimage\",\"url\":\"https:\\\/\\\/sunvis-solar.com\\\/wp-content\\\/uploads\\\/2022\\\/09\\\/6.2KW-Solar-hybrid-Inverter-2.webp\",\"contentUrl\":\"https:\\\/\\\/sunvis-solar.com\\\/wp-content\\\/uploads\\\/2022\\\/09\\\/6.2KW-Solar-hybrid-Inverter-2.webp\",\"width\":600,\"height\":600,\"caption\":\"6.2KW Solar hybrid Inverter\"},{\"@type\":\"BreadcrumbList\",\"@id\":\"https:\\\/\\\/sunvis-solar.com\\\/product\\\/6kw-off-grid-solar-hybrid-inverter\\\/#breadcrumb\",\"itemListElement\":[{\"@type\":\"ListItem\",\"position\":1,\"name\":\"Home\",\"item\":\"https:\\\/\\\/sunvis-solar.com\\\/\"},{\"@type\":\"ListItem\",\"position\":2,\"name\":\"Product\",\"item\":\"https:\\\/\\\/sunvis-solar.com\\\/product\\\/\"},{\"@type\":\"ListItem\",\"position\":3,\"name\":\"SUNVIS 3.6KW\\\/4.2KW\\\/6.2KW Off Grid Solar Hybrid Inverter\"}]},{\"@type\":\"WebSite\",\"@id\":\"https:\\\/\\\/sunvis-solar.com\\\/#website\",\"url\":\"https:\\\/\\\/sunvis-solar.com\\\/\",\"name\":\"Solar Street Light and Solar System Manufacturer in China\",\"description\":\"Solar Street Light and Solar System Manufacturer in China\",\"publisher\":{\"@id\":\"https:\\\/\\\/sunvis-solar.com\\\/#organization\"},\"potentialAction\":[{\"@type\":\"SearchAction\",\"target\":{\"@type\":\"EntryPoint\",\"urlTemplate\":\"https:\\\/\\\/sunvis-solar.com\\\/?s={search_term_string}\"},\"query-input\":{\"@type\":\"PropertyValueSpecification\",\"valueRequired\":true,\"valueName\":\"search_term_string\"}}],\"inLanguage\":\"fr-FR\"},{\"@type\":\"Organization\",\"@id\":\"https:\\\/\\\/sunvis-solar.com\\\/#organization\",\"name\":\"Solar Street Light and Solar System Manufacturer in China\",\"url\":\"https:\\\/\\\/sunvis-solar.com\\\/\",\"logo\":{\"@type\":\"ImageObject\",\"inLanguage\":\"fr-FR\",\"@id\":\"https:\\\/\\\/sunvis-solar.com\\\/#\\\/schema\\\/logo\\\/image\\\/\",\"url\":\"https:\\\/\\\/sunvis-solar.com\\\/wp-content\\\/uploads\\\/2023\\\/02\\\/SUNVIS-logo-2.png\",\"contentUrl\":\"https:\\\/\\\/sunvis-solar.com\\\/wp-content\\\/uploads\\\/2023\\\/02\\\/SUNVIS-logo-2.png\",\"width\":200,\"height\":45,\"caption\":\"Solar Street Light and Solar System Manufacturer in China\"},\"image\":{\"@id\":\"https:\\\/\\\/sunvis-solar.com\\\/#\\\/schema\\\/logo\\\/image\\\/\"}}]}<\/script>\n<!-- \/ Yoast SEO plugin. -->","yoast_head_json":{"title":"Onduleur hybride solaire 3KW\/5KW pour syst\u00e8me de batterie au lithium","robots":{"index":"index","follow":"follow","max-snippet":"max-snippet:-1","max-image-preview":"max-image-preview:large","max-video-preview":"max-video-preview:-1"},"canonical":"https:\/\/sunvis-solar.com\/fr\/produit\/6kw-off-grid-solaire-hybride-onduleur\/","og_locale":"fr_FR","og_type":"article","og_title":"3KW\/5KW Solar Hybrid Inverter for Lithium Battery System","og_description":"The SUNVIS SOLAR HYBRID INVERTER is a high-quality pure sine wave solar inverter that is perfect for both on and off grid applications. With an output power factor of 1.0, it is one of the most efficient inverters on the market. Additionally, the WIFI&amp;GPRS feature makes it easy to control and monitor the inverter from your smartphone or tablet. The built-in lithium battery automatically activates when needed, and the one-click restoration to factory settings makes it easy to keep the inverter running smoothly. With a high PV input voltage range of 90~500VDC, the SUNVIS\/SOLAR HYBRID INVERTER is a great choice for any solar installation. Item NO.: SMPS-V PRO 3.6KW\/4.2KW\/6.2KW Type : DC\/AC Pure Sine Wave Inverters Max.Power : 3.6KW\/4.2KW\/6.2KW, 48V Output Voltage :\u00a0 AC220V PV operation voltage range: 120V-500V","og_url":"https:\/\/sunvis-solar.com\/fr\/produit\/6kw-off-grid-solaire-hybride-onduleur\/","og_site_name":"Solar Street Light and Solar System Manufacturer in China","article_modified_time":"2024-01-16T04:31:32+00:00","og_image":[{"width":600,"height":600,"url":"https:\/\/sunvis-solar.com\/wp-content\/uploads\/2022\/09\/6.2KW-Solar-hybrid-Inverter-2.webp","type":"image\/webp"}],"twitter_card":"summary_large_image","schema":{"@context":"https:\/\/schema.org","@graph":[{"@type":"WebPage","@id":"https:\/\/sunvis-solar.com\/product\/6kw-off-grid-solar-hybrid-inverter\/","url":"https:\/\/sunvis-solar.com\/product\/6kw-off-grid-solar-hybrid-inverter\/","name":"Onduleur hybride solaire 3KW\/5KW pour syst\u00e8me de batterie au lithium","isPartOf":{"@id":"https:\/\/sunvis-solar.com\/#website"},"primaryImageOfPage":{"@id":"https:\/\/sunvis-solar.com\/product\/6kw-off-grid-solar-hybrid-inverter\/#primaryimage"},"image":{"@id":"https:\/\/sunvis-solar.com\/product\/6kw-off-grid-solar-hybrid-inverter\/#primaryimage"},"thumbnailUrl":"https:\/\/sunvis-solar.com\/wp-content\/uploads\/2022\/09\/6.2KW-Solar-hybrid-Inverter-2.webp","datePublished":"2022-09-20T13:02:57+00:00","dateModified":"2024-01-16T04:31:32+00:00","breadcrumb":{"@id":"https:\/\/sunvis-solar.com\/product\/6kw-off-grid-solar-hybrid-inverter\/#breadcrumb"},"inLanguage":"fr-FR","potentialAction":[{"@type":"ReadAction","target":["https:\/\/sunvis-solar.com\/product\/6kw-off-grid-solar-hybrid-inverter\/"]}]},{"@type":"ImageObject","inLanguage":"fr-FR","@id":"https:\/\/sunvis-solar.com\/product\/6kw-off-grid-solar-hybrid-inverter\/#primaryimage","url":"https:\/\/sunvis-solar.com\/wp-content\/uploads\/2022\/09\/6.2KW-Solar-hybrid-Inverter-2.webp","contentUrl":"https:\/\/sunvis-solar.com\/wp-content\/uploads\/2022\/09\/6.2KW-Solar-hybrid-Inverter-2.webp","width":600,"height":600,"caption":"6.2KW Solar hybrid Inverter"},{"@type":"BreadcrumbList","@id":"https:\/\/sunvis-solar.com\/product\/6kw-off-grid-solar-hybrid-inverter\/#breadcrumb","itemListElement":[{"@type":"ListItem","position":1,"name":"Home","item":"https:\/\/sunvis-solar.com\/"},{"@type":"ListItem","position":2,"name":"Product","item":"https:\/\/sunvis-solar.com\/product\/"},{"@type":"ListItem","position":3,"name":"SUNVIS 3.6KW\/4.2KW\/6.2KW Off Grid Solar Hybrid Inverter"}]},{"@type":"WebSite","@id":"https:\/\/sunvis-solar.com\/#website","url":"https:\/\/sunvis-solar.com\/","name":"Fabricant de lampadaires et de syst\u00e8mes solaires en Chine","description":"Fabricant de lampadaires et de syst\u00e8mes solaires en Chine","publisher":{"@id":"https:\/\/sunvis-solar.com\/#organization"},"potentialAction":[{"@type":"SearchAction","target":{"@type":"EntryPoint","urlTemplate":"https:\/\/sunvis-solar.com\/?s={search_term_string}"},"query-input":{"@type":"PropertyValueSpecification","valueRequired":true,"valueName":"search_term_string"}}],"inLanguage":"fr-FR"},{"@type":"Organization","@id":"https:\/\/sunvis-solar.com\/#organization","name":"Fabricant de lampadaires et de syst\u00e8mes solaires en Chine","url":"https:\/\/sunvis-solar.com\/","logo":{"@type":"ImageObject","inLanguage":"fr-FR","@id":"https:\/\/sunvis-solar.com\/#\/schema\/logo\/image\/","url":"https:\/\/sunvis-solar.com\/wp-content\/uploads\/2023\/02\/SUNVIS-logo-2.png","contentUrl":"https:\/\/sunvis-solar.com\/wp-content\/uploads\/2023\/02\/SUNVIS-logo-2.png","width":200,"height":45,"caption":"Solar Street Light and Solar System Manufacturer in China"},"image":{"@id":"https:\/\/sunvis-solar.com\/#\/schema\/logo\/image\/"}}]}},"_links":{"self":[{"href":"https:\/\/sunvis-solar.com\/fr\/wp-json\/wp\/v2\/product\/1116","targetHints":{"allow":["GET"]}}],"collection":[{"href":"https:\/\/sunvis-solar.com\/fr\/wp-json\/wp\/v2\/product"}],"about":[{"href":"https:\/\/sunvis-solar.com\/fr\/wp-json\/wp\/v2\/types\/product"}],"wp:featuredmedia":[{"embeddable":true,"href":"https:\/\/sunvis-solar.com\/fr\/wp-json\/wp\/v2\/media\/1118"}],"wp:attachment":[{"href":"https:\/\/sunvis-solar.com\/fr\/wp-json\/wp\/v2\/media?parent=1116"}],"wp:term":[{"taxonomy":"product_brand","embeddable":true,"href":"https:\/\/sunvis-solar.com\/fr\/wp-json\/wp\/v2\/product_brand?post=1116"},{"taxonomy":"product_cat","embeddable":true,"href":"https:\/\/sunvis-solar.com\/fr\/wp-json\/wp\/v2\/product_cat?post=1116"},{"taxonomy":"product_tag","embeddable":true,"href":"https:\/\/sunvis-solar.com\/fr\/wp-json\/wp\/v2\/product_tag?post=1116"}],"curies":[{"name":"wp","href":"https:\/\/api.w.org\/{rel}","templated":true}]}}