{"id":1097,"date":"2022-09-20T09:46:53","date_gmt":"2022-09-20T09:46:53","guid":{"rendered":"https:\/\/sunvis-solar.com\/?post_type=product&#038;p=1097"},"modified":"2023-08-15T02:34:39","modified_gmt":"2023-08-15T02:34:39","slug":"onduleur-hybride-solaire-3kw-5kw-pour-systeme-de-batterie-au-lithium","status":"publish","type":"product","link":"https:\/\/sunvis-solar.com\/fr\/product\/3kw-5kw-solar-hybrid-inverter-for-lithium-battery-system\/","title":{"rendered":"Onduleur hybride solaire 3KW\/5KW pour syst\u00e8me de batterie au lithium"},"content":{"rendered":"","protected":false},"excerpt":{"rendered":"<ul>\n<li style=\"text-align: left;\"><strong>ONDULEUR SOLAIRE TOUT-EN-UN<\/strong> - Le <a href=\"https:\/\/sunvis-solar.com\/fr\/onduleur-hybride-solaire\/\">Onduleur hybride solaire<\/a> est parfait pour tous ceux qui recherchent un <a href=\"https:\/\/sunvis-solar.com\/fr\/lampadaire-solaire-tout-en-un\/\">solaire tout-en-un<\/a> chargeur onduleur. Il dispose d&#039;un contr\u00f4leur MPPT int\u00e9gr\u00e9 et prend en charge la charge utilitaire\/g\u00e9n\u00e9rateur\/solaire.<\/li>\n<li style=\"text-align: left;\"><strong>FONCTION AVS<\/strong> \u2013 Le Solar Hybrid Inverter dispose \u00e9galement d&#039;une fonction AVS, qui lui permet de se synchroniser avec votre r\u00e9seau \u00e9lectrique ou votre g\u00e9n\u00e9rateur. Cela garantit que vous avez toujours de la puissance quand vous en avez besoin.<\/li>\n<li style=\"text-align: left;\"><strong>CONTR\u00d4LEUR MPPT INT\u00c9GR\u00c9<\/strong> - Le contr\u00f4leur MPPT int\u00e9gr\u00e9 de l&#039;onduleur hybride solaire lui permet de r\u00e9colter plus d&#039;\u00e9nergie du soleil, ce qui en fait le choix parfait pour ceux qui cherchent \u00e0 passer au solaire.<\/li>\n<\/ul>\n<p style=\"text-align: left;\">Num\u00e9ro d&#039;article : SHF4830S60<\/p>\n<p style=\"text-align: left;\">Type : Onduleurs DC\/AC<\/p>\n<p style=\"text-align: left;\">Puissance max : 3KW\/5KW, 48V<\/p>\n<p style=\"text-align: left;\">Tension de sortie : AC220V<\/p>\n<p style=\"text-align: left;\">Plage de tension de fonctionnement PV\u00a0: 120\u00a0V-500\u00a0V<\/p>\n<p style=\"text-align: left;\">Capacit\u00e9 du moteur charg\u00e9 : 2HP-4HP<\/p>","protected":false},"featured_media":1107,"template":"","meta":[],"product_brand":[],"product_cat":[306],"product_tag":[],"class_list":{"0":"post-1097","1":"product","2":"type-product","3":"status-publish","4":"has-post-thumbnail","6":"product_cat-solar-inverter","8":"first","9":"instock","10":"shipping-taxable","11":"product-type-simple"},"yoast_head":"<!-- This site is optimized with the Yoast SEO plugin v27.3 - https:\/\/yoast.com\/product\/yoast-seo-wordpress\/ -->\n<title>3KW\/5KW Solar Hybrid Inverter for Lithium Battery System<\/title>\n<meta name=\"robots\" content=\"index, follow, max-snippet:-1, max-image-preview:large, max-video-preview:-1\" \/>\n<link rel=\"canonical\" href=\"https:\/\/sunvis-solar.com\/fr\/produit\/onduleur-hybride-solaire-3kw-5kw-pour-systeme-de-batterie-au-lithium\/\" \/>\n<meta property=\"og:locale\" content=\"fr_FR\" \/>\n<meta property=\"og:type\" content=\"article\" \/>\n<meta property=\"og:title\" content=\"3KW\/5KW Solar Hybrid Inverter for Lithium Battery System\" \/>\n<meta property=\"og:description\" content=\"ALL-IN-ONE SOLAR INVERTER - The Solar Hybrid Inverter is perfect for anyone looking for an all-in-one solar inverter charger. It features a built in MPPT controller and supports Utility\/Generator\/Solar charge.  AVS FUNCTION - The Solar Hybrid Inverter also has an AVS function, which allows it to sync with your utility grid or generator. This ensures that you always have power when you need it.  BUILT IN MPPT CONTROLLER - The Solar Hybrid Inverter&#039;s built in MPPT controller allows it to harvest more energy from the sun, making it the perfect choice for those looking to go solar.  Item NO.: SHF4830S60 Type : DC\/AC Inverters Max.Power : 3KW\/5KW, 48V Output Voltage :\u00a0 AC220V PV operation voltage range: 120V-500V Loaded motor capacity: 2HP-4HP\" \/>\n<meta property=\"og:url\" content=\"https:\/\/sunvis-solar.com\/fr\/produit\/onduleur-hybride-solaire-3kw-5kw-pour-systeme-de-batterie-au-lithium\/\" \/>\n<meta property=\"og:site_name\" content=\"Solar Street Light and Solar System Manufacturer in China\" \/>\n<meta property=\"article:modified_time\" content=\"2023-08-15T02:34:39+00:00\" \/>\n<meta property=\"og:image\" content=\"https:\/\/sunvis-solar.com\/wp-content\/uploads\/2022\/09\/5KW-SOLAR-INVERTER.webp\" \/>\n\t<meta property=\"og:image:width\" content=\"600\" \/>\n\t<meta property=\"og:image:height\" content=\"600\" \/>\n\t<meta property=\"og:image:type\" content=\"image\/webp\" \/>\n<meta name=\"twitter:card\" content=\"summary_large_image\" \/>\n<script type=\"application\/ld+json\" class=\"yoast-schema-graph\">{\"@context\":\"https:\\\/\\\/schema.org\",\"@graph\":[{\"@type\":\"WebPage\",\"@id\":\"https:\\\/\\\/sunvis-solar.com\\\/product\\\/3kw-5kw-solar-hybrid-inverter-for-lithium-battery-system\\\/\",\"url\":\"https:\\\/\\\/sunvis-solar.com\\\/product\\\/3kw-5kw-solar-hybrid-inverter-for-lithium-battery-system\\\/\",\"name\":\"3KW\\\/5KW Solar Hybrid Inverter for Lithium Battery System\",\"isPartOf\":{\"@id\":\"https:\\\/\\\/sunvis-solar.com\\\/#website\"},\"primaryImageOfPage\":{\"@id\":\"https:\\\/\\\/sunvis-solar.com\\\/product\\\/3kw-5kw-solar-hybrid-inverter-for-lithium-battery-system\\\/#primaryimage\"},\"image\":{\"@id\":\"https:\\\/\\\/sunvis-solar.com\\\/product\\\/3kw-5kw-solar-hybrid-inverter-for-lithium-battery-system\\\/#primaryimage\"},\"thumbnailUrl\":\"https:\\\/\\\/sunvis-solar.com\\\/wp-content\\\/uploads\\\/2022\\\/09\\\/5KW-SOLAR-INVERTER.webp\",\"datePublished\":\"2022-09-20T09:46:53+00:00\",\"dateModified\":\"2023-08-15T02:34:39+00:00\",\"breadcrumb\":{\"@id\":\"https:\\\/\\\/sunvis-solar.com\\\/product\\\/3kw-5kw-solar-hybrid-inverter-for-lithium-battery-system\\\/#breadcrumb\"},\"inLanguage\":\"fr-FR\",\"potentialAction\":[{\"@type\":\"ReadAction\",\"target\":[\"https:\\\/\\\/sunvis-solar.com\\\/product\\\/3kw-5kw-solar-hybrid-inverter-for-lithium-battery-system\\\/\"]}]},{\"@type\":\"ImageObject\",\"inLanguage\":\"fr-FR\",\"@id\":\"https:\\\/\\\/sunvis-solar.com\\\/product\\\/3kw-5kw-solar-hybrid-inverter-for-lithium-battery-system\\\/#primaryimage\",\"url\":\"https:\\\/\\\/sunvis-solar.com\\\/wp-content\\\/uploads\\\/2022\\\/09\\\/5KW-SOLAR-INVERTER.webp\",\"contentUrl\":\"https:\\\/\\\/sunvis-solar.com\\\/wp-content\\\/uploads\\\/2022\\\/09\\\/5KW-SOLAR-INVERTER.webp\",\"width\":600,\"height\":600,\"caption\":\"5KW SOLAR INVERTER\"},{\"@type\":\"BreadcrumbList\",\"@id\":\"https:\\\/\\\/sunvis-solar.com\\\/product\\\/3kw-5kw-solar-hybrid-inverter-for-lithium-battery-system\\\/#breadcrumb\",\"itemListElement\":[{\"@type\":\"ListItem\",\"position\":1,\"name\":\"Home\",\"item\":\"https:\\\/\\\/sunvis-solar.com\\\/\"},{\"@type\":\"ListItem\",\"position\":2,\"name\":\"Product\",\"item\":\"https:\\\/\\\/sunvis-solar.com\\\/product\\\/\"},{\"@type\":\"ListItem\",\"position\":3,\"name\":\"3KW\\\/5KW Solar Hybrid Inverter for Lithium Battery System\"}]},{\"@type\":\"WebSite\",\"@id\":\"https:\\\/\\\/sunvis-solar.com\\\/#website\",\"url\":\"https:\\\/\\\/sunvis-solar.com\\\/\",\"name\":\"Solar Street Light and Solar System Manufacturer in China\",\"description\":\"Solar Street Light and Solar System Manufacturer in China\",\"publisher\":{\"@id\":\"https:\\\/\\\/sunvis-solar.com\\\/#organization\"},\"potentialAction\":[{\"@type\":\"SearchAction\",\"target\":{\"@type\":\"EntryPoint\",\"urlTemplate\":\"https:\\\/\\\/sunvis-solar.com\\\/?s={search_term_string}\"},\"query-input\":{\"@type\":\"PropertyValueSpecification\",\"valueRequired\":true,\"valueName\":\"search_term_string\"}}],\"inLanguage\":\"fr-FR\"},{\"@type\":\"Organization\",\"@id\":\"https:\\\/\\\/sunvis-solar.com\\\/#organization\",\"name\":\"Solar Street Light and Solar System Manufacturer in China\",\"url\":\"https:\\\/\\\/sunvis-solar.com\\\/\",\"logo\":{\"@type\":\"ImageObject\",\"inLanguage\":\"fr-FR\",\"@id\":\"https:\\\/\\\/sunvis-solar.com\\\/#\\\/schema\\\/logo\\\/image\\\/\",\"url\":\"https:\\\/\\\/sunvis-solar.com\\\/wp-content\\\/uploads\\\/2023\\\/02\\\/SUNVIS-logo-2.png\",\"contentUrl\":\"https:\\\/\\\/sunvis-solar.com\\\/wp-content\\\/uploads\\\/2023\\\/02\\\/SUNVIS-logo-2.png\",\"width\":200,\"height\":45,\"caption\":\"Solar Street Light and Solar System Manufacturer in China\"},\"image\":{\"@id\":\"https:\\\/\\\/sunvis-solar.com\\\/#\\\/schema\\\/logo\\\/image\\\/\"}}]}<\/script>\n<!-- \/ Yoast SEO plugin. -->","yoast_head_json":{"title":"Onduleur hybride solaire 3KW\/5KW pour syst\u00e8me de batterie au lithium","robots":{"index":"index","follow":"follow","max-snippet":"max-snippet:-1","max-image-preview":"max-image-preview:large","max-video-preview":"max-video-preview:-1"},"canonical":"https:\/\/sunvis-solar.com\/fr\/produit\/onduleur-hybride-solaire-3kw-5kw-pour-systeme-de-batterie-au-lithium\/","og_locale":"fr_FR","og_type":"article","og_title":"3KW\/5KW Solar Hybrid Inverter for Lithium Battery System","og_description":"ALL-IN-ONE SOLAR INVERTER - The Solar Hybrid Inverter is perfect for anyone looking for an all-in-one solar inverter charger. It features a built in MPPT controller and supports Utility\/Generator\/Solar charge.  AVS FUNCTION - The Solar Hybrid Inverter also has an AVS function, which allows it to sync with your utility grid or generator. This ensures that you always have power when you need it.  BUILT IN MPPT CONTROLLER - The Solar Hybrid Inverter's built in MPPT controller allows it to harvest more energy from the sun, making it the perfect choice for those looking to go solar.  Item NO.: SHF4830S60 Type : DC\/AC Inverters Max.Power : 3KW\/5KW, 48V Output Voltage :\u00a0 AC220V PV operation voltage range: 120V-500V Loaded motor capacity: 2HP-4HP","og_url":"https:\/\/sunvis-solar.com\/fr\/produit\/onduleur-hybride-solaire-3kw-5kw-pour-systeme-de-batterie-au-lithium\/","og_site_name":"Solar Street Light and Solar System Manufacturer in China","article_modified_time":"2023-08-15T02:34:39+00:00","og_image":[{"width":600,"height":600,"url":"https:\/\/sunvis-solar.com\/wp-content\/uploads\/2022\/09\/5KW-SOLAR-INVERTER.webp","type":"image\/webp"}],"twitter_card":"summary_large_image","schema":{"@context":"https:\/\/schema.org","@graph":[{"@type":"WebPage","@id":"https:\/\/sunvis-solar.com\/product\/3kw-5kw-solar-hybrid-inverter-for-lithium-battery-system\/","url":"https:\/\/sunvis-solar.com\/product\/3kw-5kw-solar-hybrid-inverter-for-lithium-battery-system\/","name":"Onduleur hybride solaire 3KW\/5KW pour syst\u00e8me de batterie au lithium","isPartOf":{"@id":"https:\/\/sunvis-solar.com\/#website"},"primaryImageOfPage":{"@id":"https:\/\/sunvis-solar.com\/product\/3kw-5kw-solar-hybrid-inverter-for-lithium-battery-system\/#primaryimage"},"image":{"@id":"https:\/\/sunvis-solar.com\/product\/3kw-5kw-solar-hybrid-inverter-for-lithium-battery-system\/#primaryimage"},"thumbnailUrl":"https:\/\/sunvis-solar.com\/wp-content\/uploads\/2022\/09\/5KW-SOLAR-INVERTER.webp","datePublished":"2022-09-20T09:46:53+00:00","dateModified":"2023-08-15T02:34:39+00:00","breadcrumb":{"@id":"https:\/\/sunvis-solar.com\/product\/3kw-5kw-solar-hybrid-inverter-for-lithium-battery-system\/#breadcrumb"},"inLanguage":"fr-FR","potentialAction":[{"@type":"ReadAction","target":["https:\/\/sunvis-solar.com\/product\/3kw-5kw-solar-hybrid-inverter-for-lithium-battery-system\/"]}]},{"@type":"ImageObject","inLanguage":"fr-FR","@id":"https:\/\/sunvis-solar.com\/product\/3kw-5kw-solar-hybrid-inverter-for-lithium-battery-system\/#primaryimage","url":"https:\/\/sunvis-solar.com\/wp-content\/uploads\/2022\/09\/5KW-SOLAR-INVERTER.webp","contentUrl":"https:\/\/sunvis-solar.com\/wp-content\/uploads\/2022\/09\/5KW-SOLAR-INVERTER.webp","width":600,"height":600,"caption":"5KW SOLAR INVERTER"},{"@type":"BreadcrumbList","@id":"https:\/\/sunvis-solar.com\/product\/3kw-5kw-solar-hybrid-inverter-for-lithium-battery-system\/#breadcrumb","itemListElement":[{"@type":"ListItem","position":1,"name":"Home","item":"https:\/\/sunvis-solar.com\/"},{"@type":"ListItem","position":2,"name":"Product","item":"https:\/\/sunvis-solar.com\/product\/"},{"@type":"ListItem","position":3,"name":"3KW\/5KW Solar Hybrid Inverter for Lithium Battery System"}]},{"@type":"WebSite","@id":"https:\/\/sunvis-solar.com\/#website","url":"https:\/\/sunvis-solar.com\/","name":"Fabricant de lampadaires et de syst\u00e8mes solaires en Chine","description":"Fabricant de lampadaires et de syst\u00e8mes solaires en Chine","publisher":{"@id":"https:\/\/sunvis-solar.com\/#organization"},"potentialAction":[{"@type":"SearchAction","target":{"@type":"EntryPoint","urlTemplate":"https:\/\/sunvis-solar.com\/?s={search_term_string}"},"query-input":{"@type":"PropertyValueSpecification","valueRequired":true,"valueName":"search_term_string"}}],"inLanguage":"fr-FR"},{"@type":"Organization","@id":"https:\/\/sunvis-solar.com\/#organization","name":"Fabricant de lampadaires et de syst\u00e8mes solaires en Chine","url":"https:\/\/sunvis-solar.com\/","logo":{"@type":"ImageObject","inLanguage":"fr-FR","@id":"https:\/\/sunvis-solar.com\/#\/schema\/logo\/image\/","url":"https:\/\/sunvis-solar.com\/wp-content\/uploads\/2023\/02\/SUNVIS-logo-2.png","contentUrl":"https:\/\/sunvis-solar.com\/wp-content\/uploads\/2023\/02\/SUNVIS-logo-2.png","width":200,"height":45,"caption":"Solar Street Light and Solar System Manufacturer in China"},"image":{"@id":"https:\/\/sunvis-solar.com\/#\/schema\/logo\/image\/"}}]}},"_links":{"self":[{"href":"https:\/\/sunvis-solar.com\/fr\/wp-json\/wp\/v2\/product\/1097","targetHints":{"allow":["GET"]}}],"collection":[{"href":"https:\/\/sunvis-solar.com\/fr\/wp-json\/wp\/v2\/product"}],"about":[{"href":"https:\/\/sunvis-solar.com\/fr\/wp-json\/wp\/v2\/types\/product"}],"wp:featuredmedia":[{"embeddable":true,"href":"https:\/\/sunvis-solar.com\/fr\/wp-json\/wp\/v2\/media\/1107"}],"wp:attachment":[{"href":"https:\/\/sunvis-solar.com\/fr\/wp-json\/wp\/v2\/media?parent=1097"}],"wp:term":[{"taxonomy":"product_brand","embeddable":true,"href":"https:\/\/sunvis-solar.com\/fr\/wp-json\/wp\/v2\/product_brand?post=1097"},{"taxonomy":"product_cat","embeddable":true,"href":"https:\/\/sunvis-solar.com\/fr\/wp-json\/wp\/v2\/product_cat?post=1097"},{"taxonomy":"product_tag","embeddable":true,"href":"https:\/\/sunvis-solar.com\/fr\/wp-json\/wp\/v2\/product_tag?post=1097"}],"curies":[{"name":"wp","href":"https:\/\/api.w.org\/{rel}","templated":true}]}}