{"id":1074,"date":"2022-09-19T07:29:25","date_gmt":"2022-09-19T07:29:25","guid":{"rendered":"https:\/\/sunvis-solar.com\/?post_type=product&#038;p=1074"},"modified":"2023-08-15T02:31:56","modified_gmt":"2023-08-15T02:31:56","slug":"450w-panneau-solaire","status":"publish","type":"product","link":"https:\/\/sunvis-solar.com\/fr\/product\/450w-solar-panel\/","title":{"rendered":"Panneau solaire 450W - Fabricant de modules PV \u00e0 demi-cellule"},"content":{"rendered":"","protected":false},"excerpt":{"rendered":"<p style=\"text-align: left;\">Le module MONO demi-verre simple \/ double verre est un appareil haute puissance qui non seulement absorbe l&#039;\u00e9nergie de l&#039;avant, mais refl\u00e8te \u00e9galement ce qu&#039;il y a derri\u00e8re. Cela permet d&#039;augmenter les taux de g\u00e9n\u00e9ration et de r\u00e9duire l&#039;ombrage sur vos panneaux gr\u00e2ce \u00e0 ces fonctionnalit\u00e9s !<\/p>\n<p style=\"text-align: left;\">N\u00b0 de mod\u00e8le : MSD450P-120M<\/p>\n<p style=\"text-align: left;\">Type de cellule solaire : mono-faciale 182 mm<\/p>\n<p style=\"text-align: left;\">Nombre de cellules solaires : 120 cellules<\/p>\n<p style=\"text-align: left;\">Gamme de puissance : 440W-455W<\/p>\n<p style=\"text-align: left;\">Taille du panneau solaire : 1909 \u00d7 1134 \u00d7 35 mm<\/p>\n<p style=\"text-align: left;\">Norme de certificat : TUV, CE<\/p>\n<p style=\"text-align: left;\">D\u00e9lai de production : 10 jours<\/p>\n<p style=\"text-align: left;\">Conditions de paiement : T\/T, L\/C, Western Union<\/p>","protected":false},"featured_media":1090,"template":"","meta":[],"product_brand":[],"product_cat":[275],"product_tag":[],"class_list":{"0":"post-1074","1":"product","2":"type-product","3":"status-publish","4":"has-post-thumbnail","6":"product_cat-solar-panel","8":"first","9":"instock","10":"shipping-taxable","11":"product-type-simple"},"yoast_head":"<!-- This site is optimized with the Yoast SEO plugin v27.3 - https:\/\/yoast.com\/product\/yoast-seo-wordpress\/ -->\n<title>SUNVIS 450W Solar Panel - Half Cell PV Module Manufacturer<\/title>\n<meta name=\"description\" content=\"SUNVIS is a professional manufacturer of high-efficiency solar panels. Our 450W solar panel is made with PERC half cells and offers superior performance. Order now and get factory price for your next project!\" \/>\n<meta name=\"robots\" content=\"index, follow, max-snippet:-1, max-image-preview:large, max-video-preview:-1\" \/>\n<link rel=\"canonical\" href=\"https:\/\/sunvis-solar.com\/fr\/produit\/450w-panneau-solaire\/\" \/>\n<meta property=\"og:locale\" content=\"fr_FR\" \/>\n<meta property=\"og:type\" content=\"article\" \/>\n<meta property=\"og:title\" content=\"SUNVIS 450W Solar Panel - Half Cell PV Module Manufacturer\" \/>\n<meta property=\"og:description\" content=\"SUNVIS is a professional manufacturer of high-efficiency solar panels. Our 450W solar panel is made with PERC half cells and offers superior performance. Order now and get factory price for your next project!\" \/>\n<meta property=\"og:url\" content=\"https:\/\/sunvis-solar.com\/fr\/produit\/450w-panneau-solaire\/\" \/>\n<meta property=\"og:site_name\" content=\"Solar Street Light and Solar System Manufacturer in China\" \/>\n<meta property=\"article:modified_time\" content=\"2023-08-15T02:31:56+00:00\" \/>\n<meta property=\"og:image\" content=\"https:\/\/sunvis-solar.com\/wp-content\/uploads\/2022\/09\/450W-Solar-Panel-2.webp\" \/>\n\t<meta property=\"og:image:width\" content=\"500\" \/>\n\t<meta property=\"og:image:height\" content=\"500\" \/>\n\t<meta property=\"og:image:type\" content=\"image\/webp\" \/>\n<meta name=\"twitter:card\" content=\"summary_large_image\" \/>\n<script type=\"application\/ld+json\" class=\"yoast-schema-graph\">{\"@context\":\"https:\\\/\\\/schema.org\",\"@graph\":[{\"@type\":\"WebPage\",\"@id\":\"https:\\\/\\\/sunvis-solar.com\\\/product\\\/450w-solar-panel\\\/\",\"url\":\"https:\\\/\\\/sunvis-solar.com\\\/product\\\/450w-solar-panel\\\/\",\"name\":\"SUNVIS 450W Solar Panel - Half Cell PV Module Manufacturer\",\"isPartOf\":{\"@id\":\"https:\\\/\\\/sunvis-solar.com\\\/#website\"},\"primaryImageOfPage\":{\"@id\":\"https:\\\/\\\/sunvis-solar.com\\\/product\\\/450w-solar-panel\\\/#primaryimage\"},\"image\":{\"@id\":\"https:\\\/\\\/sunvis-solar.com\\\/product\\\/450w-solar-panel\\\/#primaryimage\"},\"thumbnailUrl\":\"https:\\\/\\\/sunvis-solar.com\\\/wp-content\\\/uploads\\\/2022\\\/09\\\/450W-Solar-Panel-2.webp\",\"datePublished\":\"2022-09-19T07:29:25+00:00\",\"dateModified\":\"2023-08-15T02:31:56+00:00\",\"description\":\"SUNVIS is a professional manufacturer of high-efficiency solar panels. Our 450W solar panel is made with PERC half cells and offers superior performance. Order now and get factory price for your next project!\",\"breadcrumb\":{\"@id\":\"https:\\\/\\\/sunvis-solar.com\\\/product\\\/450w-solar-panel\\\/#breadcrumb\"},\"inLanguage\":\"fr-FR\",\"potentialAction\":[{\"@type\":\"ReadAction\",\"target\":[\"https:\\\/\\\/sunvis-solar.com\\\/product\\\/450w-solar-panel\\\/\"]}]},{\"@type\":\"ImageObject\",\"inLanguage\":\"fr-FR\",\"@id\":\"https:\\\/\\\/sunvis-solar.com\\\/product\\\/450w-solar-panel\\\/#primaryimage\",\"url\":\"https:\\\/\\\/sunvis-solar.com\\\/wp-content\\\/uploads\\\/2022\\\/09\\\/450W-Solar-Panel-2.webp\",\"contentUrl\":\"https:\\\/\\\/sunvis-solar.com\\\/wp-content\\\/uploads\\\/2022\\\/09\\\/450W-Solar-Panel-2.webp\",\"width\":500,\"height\":500,\"caption\":\"450W Solar Panel 2\"},{\"@type\":\"BreadcrumbList\",\"@id\":\"https:\\\/\\\/sunvis-solar.com\\\/product\\\/450w-solar-panel\\\/#breadcrumb\",\"itemListElement\":[{\"@type\":\"ListItem\",\"position\":1,\"name\":\"Home\",\"item\":\"https:\\\/\\\/sunvis-solar.com\\\/\"},{\"@type\":\"ListItem\",\"position\":2,\"name\":\"Product\",\"item\":\"https:\\\/\\\/sunvis-solar.com\\\/product\\\/\"},{\"@type\":\"ListItem\",\"position\":3,\"name\":\"450W Solar Panel &#8211; Half Cell PV Module Manufacturer\"}]},{\"@type\":\"WebSite\",\"@id\":\"https:\\\/\\\/sunvis-solar.com\\\/#website\",\"url\":\"https:\\\/\\\/sunvis-solar.com\\\/\",\"name\":\"Solar Street Light and Solar System Manufacturer in China\",\"description\":\"Solar Street Light and Solar System Manufacturer in China\",\"publisher\":{\"@id\":\"https:\\\/\\\/sunvis-solar.com\\\/#organization\"},\"potentialAction\":[{\"@type\":\"SearchAction\",\"target\":{\"@type\":\"EntryPoint\",\"urlTemplate\":\"https:\\\/\\\/sunvis-solar.com\\\/?s={search_term_string}\"},\"query-input\":{\"@type\":\"PropertyValueSpecification\",\"valueRequired\":true,\"valueName\":\"search_term_string\"}}],\"inLanguage\":\"fr-FR\"},{\"@type\":\"Organization\",\"@id\":\"https:\\\/\\\/sunvis-solar.com\\\/#organization\",\"name\":\"Solar Street Light and Solar System Manufacturer in China\",\"url\":\"https:\\\/\\\/sunvis-solar.com\\\/\",\"logo\":{\"@type\":\"ImageObject\",\"inLanguage\":\"fr-FR\",\"@id\":\"https:\\\/\\\/sunvis-solar.com\\\/#\\\/schema\\\/logo\\\/image\\\/\",\"url\":\"https:\\\/\\\/sunvis-solar.com\\\/wp-content\\\/uploads\\\/2023\\\/02\\\/SUNVIS-logo-2.png\",\"contentUrl\":\"https:\\\/\\\/sunvis-solar.com\\\/wp-content\\\/uploads\\\/2023\\\/02\\\/SUNVIS-logo-2.png\",\"width\":200,\"height\":45,\"caption\":\"Solar Street Light and Solar System Manufacturer in China\"},\"image\":{\"@id\":\"https:\\\/\\\/sunvis-solar.com\\\/#\\\/schema\\\/logo\\\/image\\\/\"}}]}<\/script>\n<!-- \/ Yoast SEO plugin. -->","yoast_head_json":{"title":"Panneau solaire SUNVIS 450W - Fabricant de modules PV \u00e0 demi-cellule","description":"SUNVIS est un fabricant professionnel de panneaux solaires \u00e0 haut rendement. Notre panneau solaire de 450 W est compos\u00e9 de demi-cellules PERC et offre des performances sup\u00e9rieures. Commandez maintenant et obtenez le prix d&#039;usine pour votre prochain projet\u00a0!","robots":{"index":"index","follow":"follow","max-snippet":"max-snippet:-1","max-image-preview":"max-image-preview:large","max-video-preview":"max-video-preview:-1"},"canonical":"https:\/\/sunvis-solar.com\/fr\/produit\/450w-panneau-solaire\/","og_locale":"fr_FR","og_type":"article","og_title":"SUNVIS 450W Solar Panel - Half Cell PV Module Manufacturer","og_description":"SUNVIS is a professional manufacturer of high-efficiency solar panels. Our 450W solar panel is made with PERC half cells and offers superior performance. Order now and get factory price for your next project!","og_url":"https:\/\/sunvis-solar.com\/fr\/produit\/450w-panneau-solaire\/","og_site_name":"Solar Street Light and Solar System Manufacturer in China","article_modified_time":"2023-08-15T02:31:56+00:00","og_image":[{"width":500,"height":500,"url":"https:\/\/sunvis-solar.com\/wp-content\/uploads\/2022\/09\/450W-Solar-Panel-2.webp","type":"image\/webp"}],"twitter_card":"summary_large_image","schema":{"@context":"https:\/\/schema.org","@graph":[{"@type":"WebPage","@id":"https:\/\/sunvis-solar.com\/product\/450w-solar-panel\/","url":"https:\/\/sunvis-solar.com\/product\/450w-solar-panel\/","name":"Panneau solaire SUNVIS 450W - Fabricant de modules PV \u00e0 demi-cellule","isPartOf":{"@id":"https:\/\/sunvis-solar.com\/#website"},"primaryImageOfPage":{"@id":"https:\/\/sunvis-solar.com\/product\/450w-solar-panel\/#primaryimage"},"image":{"@id":"https:\/\/sunvis-solar.com\/product\/450w-solar-panel\/#primaryimage"},"thumbnailUrl":"https:\/\/sunvis-solar.com\/wp-content\/uploads\/2022\/09\/450W-Solar-Panel-2.webp","datePublished":"2022-09-19T07:29:25+00:00","dateModified":"2023-08-15T02:31:56+00:00","description":"SUNVIS est un fabricant professionnel de panneaux solaires \u00e0 haut rendement. Notre panneau solaire de 450 W est compos\u00e9 de demi-cellules PERC et offre des performances sup\u00e9rieures. Commandez maintenant et obtenez le prix d&#039;usine pour votre prochain projet\u00a0!","breadcrumb":{"@id":"https:\/\/sunvis-solar.com\/product\/450w-solar-panel\/#breadcrumb"},"inLanguage":"fr-FR","potentialAction":[{"@type":"ReadAction","target":["https:\/\/sunvis-solar.com\/product\/450w-solar-panel\/"]}]},{"@type":"ImageObject","inLanguage":"fr-FR","@id":"https:\/\/sunvis-solar.com\/product\/450w-solar-panel\/#primaryimage","url":"https:\/\/sunvis-solar.com\/wp-content\/uploads\/2022\/09\/450W-Solar-Panel-2.webp","contentUrl":"https:\/\/sunvis-solar.com\/wp-content\/uploads\/2022\/09\/450W-Solar-Panel-2.webp","width":500,"height":500,"caption":"450W Solar Panel 2"},{"@type":"BreadcrumbList","@id":"https:\/\/sunvis-solar.com\/product\/450w-solar-panel\/#breadcrumb","itemListElement":[{"@type":"ListItem","position":1,"name":"Home","item":"https:\/\/sunvis-solar.com\/"},{"@type":"ListItem","position":2,"name":"Product","item":"https:\/\/sunvis-solar.com\/product\/"},{"@type":"ListItem","position":3,"name":"450W Solar Panel &#8211; Half Cell PV Module Manufacturer"}]},{"@type":"WebSite","@id":"https:\/\/sunvis-solar.com\/#website","url":"https:\/\/sunvis-solar.com\/","name":"Fabricant de lampadaires et de syst\u00e8mes solaires en Chine","description":"Fabricant de lampadaires et de syst\u00e8mes solaires en Chine","publisher":{"@id":"https:\/\/sunvis-solar.com\/#organization"},"potentialAction":[{"@type":"SearchAction","target":{"@type":"EntryPoint","urlTemplate":"https:\/\/sunvis-solar.com\/?s={search_term_string}"},"query-input":{"@type":"PropertyValueSpecification","valueRequired":true,"valueName":"search_term_string"}}],"inLanguage":"fr-FR"},{"@type":"Organization","@id":"https:\/\/sunvis-solar.com\/#organization","name":"Fabricant de lampadaires et de syst\u00e8mes solaires en Chine","url":"https:\/\/sunvis-solar.com\/","logo":{"@type":"ImageObject","inLanguage":"fr-FR","@id":"https:\/\/sunvis-solar.com\/#\/schema\/logo\/image\/","url":"https:\/\/sunvis-solar.com\/wp-content\/uploads\/2023\/02\/SUNVIS-logo-2.png","contentUrl":"https:\/\/sunvis-solar.com\/wp-content\/uploads\/2023\/02\/SUNVIS-logo-2.png","width":200,"height":45,"caption":"Solar Street Light and Solar System Manufacturer in China"},"image":{"@id":"https:\/\/sunvis-solar.com\/#\/schema\/logo\/image\/"}}]}},"_links":{"self":[{"href":"https:\/\/sunvis-solar.com\/fr\/wp-json\/wp\/v2\/product\/1074","targetHints":{"allow":["GET"]}}],"collection":[{"href":"https:\/\/sunvis-solar.com\/fr\/wp-json\/wp\/v2\/product"}],"about":[{"href":"https:\/\/sunvis-solar.com\/fr\/wp-json\/wp\/v2\/types\/product"}],"wp:featuredmedia":[{"embeddable":true,"href":"https:\/\/sunvis-solar.com\/fr\/wp-json\/wp\/v2\/media\/1090"}],"wp:attachment":[{"href":"https:\/\/sunvis-solar.com\/fr\/wp-json\/wp\/v2\/media?parent=1074"}],"wp:term":[{"taxonomy":"product_brand","embeddable":true,"href":"https:\/\/sunvis-solar.com\/fr\/wp-json\/wp\/v2\/product_brand?post=1074"},{"taxonomy":"product_cat","embeddable":true,"href":"https:\/\/sunvis-solar.com\/fr\/wp-json\/wp\/v2\/product_cat?post=1074"},{"taxonomy":"product_tag","embeddable":true,"href":"https:\/\/sunvis-solar.com\/fr\/wp-json\/wp\/v2\/product_tag?post=1074"}],"curies":[{"name":"wp","href":"https:\/\/api.w.org\/{rel}","templated":true}]}}