{"id":1072,"date":"2022-09-18T07:29:23","date_gmt":"2022-09-18T07:29:23","guid":{"rendered":"https:\/\/sunvis-solar.com\/?post_type=product&#038;p=1072"},"modified":"2023-08-15T02:31:00","modified_gmt":"2023-08-15T02:31:00","slug":"48v-lithium-ion-batterie-100ah","status":"publish","type":"product","link":"https:\/\/sunvis-solar.com\/fr\/product\/48v-lithium-ion-battery-100ah\/","title":{"rendered":"Batterie lithium-ion 48V 100AH"},"content":{"rendered":"","protected":false},"excerpt":{"rendered":"<h5 style=\"text-align: left;\">Vous recherchez une solution de stockage d&#039;\u00e9nergie solaire fiable et efficace ? D\u00e9couvrez la batterie SUNVIS Powerwall 48V 4.8KWH Lithium Ion (LiFePO4)\u00a0! Cette unit\u00e9 murale est parfaite pour ceux qui veulent se recharger avec de l&#039;\u00e9nergie solaire et de l&#039;\u00e9lectricit\u00e9, et stocker l&#039;\u00e9nergie solaire comme r\u00e9serve pendant les pannes de courant. Le SUNVIS Powerwall est fabriqu\u00e9 avec des batteries LiFePO4 de haute qualit\u00e9 con\u00e7ues pour durer des ann\u00e9es, vous offrant une source d&#039;\u00e9nergie propre et verte sur laquelle vous pouvez compter. Avec cette batterie, vous n&#039;aurez plus jamais \u00e0 vous soucier d&#039;\u00eatre sans \u00e9lectricit\u00e9\u00a0!<\/h5>\n<p style=\"text-align: left;\">Le Powerwall 48 volts 100 Ah comprend un BMS dynamique avec\u00a0:<\/p>\n<ul>\n<li class=\"fusion-li-item-content\" style=\"text-align: left;\">Tension\u00a0: 48\u00a0V (syst\u00e8me 48\u00a0V)<\/li>\n<\/ul>\n<ul>\n<li class=\"fusion-li-item-content\" style=\"text-align: left;\">Type de cellule de batterie\u00a0: batterie LiFepo4<\/li>\n<\/ul>\n<ul>\n<li class=\"fusion-li-item-content\" style=\"text-align: left;\">\u00c9nergie : 4,8 kWh<\/li>\n<\/ul>\n<ul>\n<li class=\"fusion-li-item-content\" style=\"text-align: left;\">Parall\u00e8le flexible<\/li>\n<\/ul>\n<ul>\n<li class=\"fusion-li-item-content\" style=\"text-align: left;\">Communication<\/li>\n<\/ul>\n<div class=\"do-content\">\n<div class=\"do-overview\">\n<div class=\"do-entry do-entry-separate\" data-e2e-name=\"quickDetail\" data-spm-anchor-id=\"a2700.details.0.i7.4f1b22d6NXuIdM\">\n<div class=\"do-entry-list\" style=\"text-align: left;\"><\/div>\n<\/div>\n<\/div>\n<\/div>","protected":false},"featured_media":1191,"template":"","meta":[],"product_brand":[],"product_cat":[305],"product_tag":[],"class_list":{"0":"post-1072","1":"product","2":"type-product","3":"status-publish","4":"has-post-thumbnail","6":"product_cat-battery","8":"first","9":"instock","10":"shipping-taxable","11":"product-type-simple"},"yoast_head":"<!-- This site is optimized with the Yoast SEO plugin v27.3 - https:\/\/yoast.com\/product\/yoast-seo-wordpress\/ -->\n<title>48V 100AH LiFePO4 Lithium Battery Pack with 5 Years Warranty<\/title>\n<meta name=\"description\" content=\"Looking for a reliable and powerful solar energy storage solution? SUNVIS Powerwall 48V Lithium Battery Pack is wall mounted, and can be charged with both solar power and utility power. Contact us for Price Now!\" \/>\n<meta name=\"robots\" content=\"index, follow, max-snippet:-1, max-image-preview:large, max-video-preview:-1\" \/>\n<link rel=\"canonical\" href=\"https:\/\/sunvis-solar.com\/fr\/produit\/48v-lithium-ion-batterie-100ah\/\" \/>\n<meta property=\"og:locale\" content=\"fr_FR\" \/>\n<meta property=\"og:type\" content=\"article\" \/>\n<meta property=\"og:title\" content=\"48V 100AH LiFePO4 Lithium Battery Pack with 5 Years Warranty\" \/>\n<meta property=\"og:description\" content=\"Looking for a reliable and powerful solar energy storage solution? SUNVIS Powerwall 48V Lithium Battery Pack is wall mounted, and can be charged with both solar power and utility power. Contact us for Price Now!\" \/>\n<meta property=\"og:url\" content=\"https:\/\/sunvis-solar.com\/fr\/produit\/48v-lithium-ion-batterie-100ah\/\" \/>\n<meta property=\"og:site_name\" content=\"Solar Street Light and Solar System Manufacturer in China\" \/>\n<meta property=\"article:modified_time\" content=\"2023-08-15T02:31:00+00:00\" \/>\n<meta property=\"og:image\" content=\"https:\/\/sunvis-solar.com\/wp-content\/uploads\/2022\/09\/48V-100AH-Lithium-Battery-11-1.png\" \/>\n\t<meta property=\"og:image:width\" content=\"600\" \/>\n\t<meta property=\"og:image:height\" content=\"601\" \/>\n\t<meta property=\"og:image:type\" content=\"image\/png\" \/>\n<meta name=\"twitter:card\" content=\"summary_large_image\" \/>\n<script type=\"application\/ld+json\" class=\"yoast-schema-graph\">{\"@context\":\"https:\\\/\\\/schema.org\",\"@graph\":[{\"@type\":\"WebPage\",\"@id\":\"https:\\\/\\\/sunvis-solar.com\\\/product\\\/48v-lithium-ion-battery-100ah\\\/\",\"url\":\"https:\\\/\\\/sunvis-solar.com\\\/product\\\/48v-lithium-ion-battery-100ah\\\/\",\"name\":\"48V 100AH LiFePO4 Lithium Battery Pack with 5 Years Warranty\",\"isPartOf\":{\"@id\":\"https:\\\/\\\/sunvis-solar.com\\\/#website\"},\"primaryImageOfPage\":{\"@id\":\"https:\\\/\\\/sunvis-solar.com\\\/product\\\/48v-lithium-ion-battery-100ah\\\/#primaryimage\"},\"image\":{\"@id\":\"https:\\\/\\\/sunvis-solar.com\\\/product\\\/48v-lithium-ion-battery-100ah\\\/#primaryimage\"},\"thumbnailUrl\":\"https:\\\/\\\/sunvis-solar.com\\\/wp-content\\\/uploads\\\/2022\\\/10\\\/48V-100AH-Lithium-Battery-11-1.png\",\"datePublished\":\"2022-09-18T07:29:23+00:00\",\"dateModified\":\"2023-08-15T02:31:00+00:00\",\"description\":\"Looking for a reliable and powerful solar energy storage solution? SUNVIS Powerwall 48V Lithium Battery Pack is wall mounted, and can be charged with both solar power and utility power. Contact us for Price Now!\",\"breadcrumb\":{\"@id\":\"https:\\\/\\\/sunvis-solar.com\\\/product\\\/48v-lithium-ion-battery-100ah\\\/#breadcrumb\"},\"inLanguage\":\"fr-FR\",\"potentialAction\":[{\"@type\":\"ReadAction\",\"target\":[\"https:\\\/\\\/sunvis-solar.com\\\/product\\\/48v-lithium-ion-battery-100ah\\\/\"]}]},{\"@type\":\"ImageObject\",\"inLanguage\":\"fr-FR\",\"@id\":\"https:\\\/\\\/sunvis-solar.com\\\/product\\\/48v-lithium-ion-battery-100ah\\\/#primaryimage\",\"url\":\"https:\\\/\\\/sunvis-solar.com\\\/wp-content\\\/uploads\\\/2022\\\/10\\\/48V-100AH-Lithium-Battery-11-1.png\",\"contentUrl\":\"https:\\\/\\\/sunvis-solar.com\\\/wp-content\\\/uploads\\\/2022\\\/10\\\/48V-100AH-Lithium-Battery-11-1.png\",\"width\":600,\"height\":601,\"caption\":\"48V 100AH Lithium Battery 11\"},{\"@type\":\"BreadcrumbList\",\"@id\":\"https:\\\/\\\/sunvis-solar.com\\\/product\\\/48v-lithium-ion-battery-100ah\\\/#breadcrumb\",\"itemListElement\":[{\"@type\":\"ListItem\",\"position\":1,\"name\":\"Home\",\"item\":\"https:\\\/\\\/sunvis-solar.com\\\/\"},{\"@type\":\"ListItem\",\"position\":2,\"name\":\"Product\",\"item\":\"https:\\\/\\\/sunvis-solar.com\\\/product\\\/\"},{\"@type\":\"ListItem\",\"position\":3,\"name\":\"48V Lithium Ion Battery 100AH\"}]},{\"@type\":\"WebSite\",\"@id\":\"https:\\\/\\\/sunvis-solar.com\\\/#website\",\"url\":\"https:\\\/\\\/sunvis-solar.com\\\/\",\"name\":\"Solar Street Light and Solar System Manufacturer in China\",\"description\":\"Solar Street Light and Solar System Manufacturer in China\",\"publisher\":{\"@id\":\"https:\\\/\\\/sunvis-solar.com\\\/#organization\"},\"potentialAction\":[{\"@type\":\"SearchAction\",\"target\":{\"@type\":\"EntryPoint\",\"urlTemplate\":\"https:\\\/\\\/sunvis-solar.com\\\/?s={search_term_string}\"},\"query-input\":{\"@type\":\"PropertyValueSpecification\",\"valueRequired\":true,\"valueName\":\"search_term_string\"}}],\"inLanguage\":\"fr-FR\"},{\"@type\":\"Organization\",\"@id\":\"https:\\\/\\\/sunvis-solar.com\\\/#organization\",\"name\":\"Solar Street Light and Solar System Manufacturer in China\",\"url\":\"https:\\\/\\\/sunvis-solar.com\\\/\",\"logo\":{\"@type\":\"ImageObject\",\"inLanguage\":\"fr-FR\",\"@id\":\"https:\\\/\\\/sunvis-solar.com\\\/#\\\/schema\\\/logo\\\/image\\\/\",\"url\":\"https:\\\/\\\/sunvis-solar.com\\\/wp-content\\\/uploads\\\/2023\\\/02\\\/SUNVIS-logo-2.png\",\"contentUrl\":\"https:\\\/\\\/sunvis-solar.com\\\/wp-content\\\/uploads\\\/2023\\\/02\\\/SUNVIS-logo-2.png\",\"width\":200,\"height\":45,\"caption\":\"Solar Street Light and Solar System Manufacturer in China\"},\"image\":{\"@id\":\"https:\\\/\\\/sunvis-solar.com\\\/#\\\/schema\\\/logo\\\/image\\\/\"}}]}<\/script>\n<!-- \/ Yoast SEO plugin. -->","yoast_head_json":{"title":"Batterie au lithium 48V 100AH LiFePO4 avec 5 ans de garantie","description":"Vous recherchez une solution de stockage d&#039;\u00e9nergie solaire fiable et performante ? La batterie au lithium SUNVIS Powerwall 48V est fix\u00e9e au mur et peut \u00eatre charg\u00e9e \u00e0 la fois avec de l&#039;\u00e9nergie solaire et de l&#039;\u00e9lectricit\u00e9. Contactez-nous pour le prix maintenant\u00a0!","robots":{"index":"index","follow":"follow","max-snippet":"max-snippet:-1","max-image-preview":"max-image-preview:large","max-video-preview":"max-video-preview:-1"},"canonical":"https:\/\/sunvis-solar.com\/fr\/produit\/48v-lithium-ion-batterie-100ah\/","og_locale":"fr_FR","og_type":"article","og_title":"48V 100AH LiFePO4 Lithium Battery Pack with 5 Years Warranty","og_description":"Looking for a reliable and powerful solar energy storage solution? SUNVIS Powerwall 48V Lithium Battery Pack is wall mounted, and can be charged with both solar power and utility power. Contact us for Price Now!","og_url":"https:\/\/sunvis-solar.com\/fr\/produit\/48v-lithium-ion-batterie-100ah\/","og_site_name":"Solar Street Light and Solar System Manufacturer in China","article_modified_time":"2023-08-15T02:31:00+00:00","og_image":[{"width":600,"height":601,"url":"https:\/\/sunvis-solar.com\/wp-content\/uploads\/2022\/09\/48V-100AH-Lithium-Battery-11-1.png","type":"image\/png"}],"twitter_card":"summary_large_image","schema":{"@context":"https:\/\/schema.org","@graph":[{"@type":"WebPage","@id":"https:\/\/sunvis-solar.com\/product\/48v-lithium-ion-battery-100ah\/","url":"https:\/\/sunvis-solar.com\/product\/48v-lithium-ion-battery-100ah\/","name":"Batterie au lithium 48V 100AH LiFePO4 avec 5 ans de garantie","isPartOf":{"@id":"https:\/\/sunvis-solar.com\/#website"},"primaryImageOfPage":{"@id":"https:\/\/sunvis-solar.com\/product\/48v-lithium-ion-battery-100ah\/#primaryimage"},"image":{"@id":"https:\/\/sunvis-solar.com\/product\/48v-lithium-ion-battery-100ah\/#primaryimage"},"thumbnailUrl":"https:\/\/sunvis-solar.com\/wp-content\/uploads\/2022\/10\/48V-100AH-Lithium-Battery-11-1.png","datePublished":"2022-09-18T07:29:23+00:00","dateModified":"2023-08-15T02:31:00+00:00","description":"Vous recherchez une solution de stockage d&#039;\u00e9nergie solaire fiable et performante ? La batterie au lithium SUNVIS Powerwall 48V est fix\u00e9e au mur et peut \u00eatre charg\u00e9e \u00e0 la fois avec de l&#039;\u00e9nergie solaire et de l&#039;\u00e9lectricit\u00e9. Contactez-nous pour le prix maintenant\u00a0!","breadcrumb":{"@id":"https:\/\/sunvis-solar.com\/product\/48v-lithium-ion-battery-100ah\/#breadcrumb"},"inLanguage":"fr-FR","potentialAction":[{"@type":"ReadAction","target":["https:\/\/sunvis-solar.com\/product\/48v-lithium-ion-battery-100ah\/"]}]},{"@type":"ImageObject","inLanguage":"fr-FR","@id":"https:\/\/sunvis-solar.com\/product\/48v-lithium-ion-battery-100ah\/#primaryimage","url":"https:\/\/sunvis-solar.com\/wp-content\/uploads\/2022\/10\/48V-100AH-Lithium-Battery-11-1.png","contentUrl":"https:\/\/sunvis-solar.com\/wp-content\/uploads\/2022\/10\/48V-100AH-Lithium-Battery-11-1.png","width":600,"height":601,"caption":"48V 100AH Lithium Battery 11"},{"@type":"BreadcrumbList","@id":"https:\/\/sunvis-solar.com\/product\/48v-lithium-ion-battery-100ah\/#breadcrumb","itemListElement":[{"@type":"ListItem","position":1,"name":"Home","item":"https:\/\/sunvis-solar.com\/"},{"@type":"ListItem","position":2,"name":"Product","item":"https:\/\/sunvis-solar.com\/product\/"},{"@type":"ListItem","position":3,"name":"48V Lithium Ion Battery 100AH"}]},{"@type":"WebSite","@id":"https:\/\/sunvis-solar.com\/#website","url":"https:\/\/sunvis-solar.com\/","name":"Fabricant de lampadaires et de syst\u00e8mes solaires en Chine","description":"Fabricant de lampadaires et de syst\u00e8mes solaires en Chine","publisher":{"@id":"https:\/\/sunvis-solar.com\/#organization"},"potentialAction":[{"@type":"SearchAction","target":{"@type":"EntryPoint","urlTemplate":"https:\/\/sunvis-solar.com\/?s={search_term_string}"},"query-input":{"@type":"PropertyValueSpecification","valueRequired":true,"valueName":"search_term_string"}}],"inLanguage":"fr-FR"},{"@type":"Organization","@id":"https:\/\/sunvis-solar.com\/#organization","name":"Fabricant de lampadaires et de syst\u00e8mes solaires en Chine","url":"https:\/\/sunvis-solar.com\/","logo":{"@type":"ImageObject","inLanguage":"fr-FR","@id":"https:\/\/sunvis-solar.com\/#\/schema\/logo\/image\/","url":"https:\/\/sunvis-solar.com\/wp-content\/uploads\/2023\/02\/SUNVIS-logo-2.png","contentUrl":"https:\/\/sunvis-solar.com\/wp-content\/uploads\/2023\/02\/SUNVIS-logo-2.png","width":200,"height":45,"caption":"Solar Street Light and Solar System Manufacturer in China"},"image":{"@id":"https:\/\/sunvis-solar.com\/#\/schema\/logo\/image\/"}}]}},"_links":{"self":[{"href":"https:\/\/sunvis-solar.com\/fr\/wp-json\/wp\/v2\/product\/1072","targetHints":{"allow":["GET"]}}],"collection":[{"href":"https:\/\/sunvis-solar.com\/fr\/wp-json\/wp\/v2\/product"}],"about":[{"href":"https:\/\/sunvis-solar.com\/fr\/wp-json\/wp\/v2\/types\/product"}],"wp:featuredmedia":[{"embeddable":true,"href":"https:\/\/sunvis-solar.com\/fr\/wp-json\/wp\/v2\/media\/1191"}],"wp:attachment":[{"href":"https:\/\/sunvis-solar.com\/fr\/wp-json\/wp\/v2\/media?parent=1072"}],"wp:term":[{"taxonomy":"product_brand","embeddable":true,"href":"https:\/\/sunvis-solar.com\/fr\/wp-json\/wp\/v2\/product_brand?post=1072"},{"taxonomy":"product_cat","embeddable":true,"href":"https:\/\/sunvis-solar.com\/fr\/wp-json\/wp\/v2\/product_cat?post=1072"},{"taxonomy":"product_tag","embeddable":true,"href":"https:\/\/sunvis-solar.com\/fr\/wp-json\/wp\/v2\/product_tag?post=1072"}],"curies":[{"name":"wp","href":"https:\/\/api.w.org\/{rel}","templated":true}]}}