{"id":1033,"date":"2022-09-18T07:26:28","date_gmt":"2022-09-18T07:26:28","guid":{"rendered":"https:\/\/sunvis-solar.com\/?post_type=product&#038;p=1033"},"modified":"2023-08-14T16:41:22","modified_gmt":"2023-08-14T16:41:22","slug":"48v-batterie-lithium-200ah","status":"publish","type":"product","link":"https:\/\/sunvis-solar.com\/fr\/product\/48v-lithium-battery-200ah\/","title":{"rendered":"Batterie au lithium 48V 200AH"},"content":{"rendered":"","protected":false},"excerpt":{"rendered":"<h5 style=\"text-align: left;\">La batterie au lithium-ion SUNVIS Powerwall 48V 9.6KWH (LiFePO4) est un syst\u00e8me de batterie de stockage d&#039;\u00e9nergie solaire int\u00e9gr\u00e9, c&#039;est une conception murale. Vous pouvez charger avec de l&#039;\u00e9nergie solaire et de l&#039;\u00e9lectricit\u00e9. Il stocke votre \u00e9nergie solaire comme source d&#039;alimentation de secours, de sorte que vos appareils restent op\u00e9rationnels lorsque le r\u00e9seau est coup\u00e9.<\/h5>\n<p style=\"text-align: left;\">Le Powerwall 48 volts 200Ah comprend un BMS dynamique avec\u00a0:<\/p>\n<ul>\n<li class=\"fusion-li-item-content\" style=\"text-align: left;\">Tension\u00a0: 48\u00a0V (syst\u00e8me 48\u00a0V)<\/li>\n<\/ul>\n<ul>\n<li class=\"fusion-li-item-content\" style=\"text-align: left;\">Type de cellule de batterie\u00a0: batterie LiFepo4<\/li>\n<\/ul>\n<ul>\n<li class=\"fusion-li-item-content\" style=\"text-align: left;\">\u00c9nergie : 9,6 kWh<\/li>\n<\/ul>\n<ul>\n<li class=\"fusion-li-item-content\" style=\"text-align: left;\">Parall\u00e8le flexible<\/li>\n<\/ul>\n<ul>\n<li class=\"fusion-li-item-content\" style=\"text-align: left;\">Communication<\/li>\n<\/ul>\n<div class=\"do-content\">\n<div class=\"do-overview\">\n<div class=\"do-entry do-entry-separate\" data-e2e-name=\"quickDetail\" data-spm-anchor-id=\"a2700.details.0.i7.4f1b22d6NXuIdM\">\n<div class=\"do-entry-list\" style=\"text-align: left;\"><\/div>\n<\/div>\n<\/div>\n<\/div>","protected":false},"featured_media":1066,"template":"","meta":[],"product_brand":[],"product_cat":[305],"product_tag":[],"class_list":{"0":"post-1033","1":"product","2":"type-product","3":"status-publish","4":"has-post-thumbnail","6":"product_cat-battery","8":"first","9":"instock","10":"shipping-taxable","11":"product-type-simple"},"yoast_head":"<!-- This site is optimized with the Yoast SEO plugin v27.3 - https:\/\/yoast.com\/product\/yoast-seo-wordpress\/ -->\n<title>China 48v 200ah lithium ion battery Supplier and Manufacturer<\/title>\n<meta name=\"robots\" content=\"index, follow, max-snippet:-1, max-image-preview:large, max-video-preview:-1\" \/>\n<link rel=\"canonical\" href=\"https:\/\/sunvis-solar.com\/fr\/produit\/48v-batterie-lithium-200ah\/\" \/>\n<meta property=\"og:locale\" content=\"fr_FR\" \/>\n<meta property=\"og:type\" content=\"article\" \/>\n<meta property=\"og:title\" content=\"China 48v 200ah lithium ion battery Supplier and Manufacturer\" \/>\n<meta property=\"og:description\" content=\"SUNVIS Powerwall 48V 9.6KWH Lithium Ion(LiFePO4) Battery Pack is an integrated solar energy storage battery system, it is wall mounted design. You can charge with solar energy and utility power. It stores your solar energy as a backup power source, so your appliances stay up and running when the grid goes out. 48 volt 200Ah Powerwall includes a dynamic BMS with:    Voltage: 48V(48V system)    Battery cell Type: LiFepo4 battery    Energy: 9.6 kwh    Flexible parallel    Communication\" \/>\n<meta property=\"og:url\" content=\"https:\/\/sunvis-solar.com\/fr\/produit\/48v-batterie-lithium-200ah\/\" \/>\n<meta property=\"og:site_name\" content=\"Solar Street Light and Solar System Manufacturer in China\" \/>\n<meta property=\"article:modified_time\" content=\"2023-08-14T16:41:22+00:00\" \/>\n<meta property=\"og:image\" content=\"https:\/\/sunvis-solar.com\/wp-content\/uploads\/2022\/09\/48V-200AH-Lithium-Battery-5.webp\" \/>\n\t<meta property=\"og:image:width\" content=\"600\" \/>\n\t<meta property=\"og:image:height\" content=\"600\" \/>\n\t<meta property=\"og:image:type\" content=\"image\/webp\" \/>\n<meta name=\"twitter:card\" content=\"summary_large_image\" \/>\n<script type=\"application\/ld+json\" class=\"yoast-schema-graph\">{\"@context\":\"https:\\\/\\\/schema.org\",\"@graph\":[{\"@type\":\"WebPage\",\"@id\":\"https:\\\/\\\/sunvis-solar.com\\\/product\\\/48v-lithium-battery-200ah\\\/\",\"url\":\"https:\\\/\\\/sunvis-solar.com\\\/product\\\/48v-lithium-battery-200ah\\\/\",\"name\":\"China 48v 200ah lithium ion battery Supplier and Manufacturer\",\"isPartOf\":{\"@id\":\"https:\\\/\\\/sunvis-solar.com\\\/#website\"},\"primaryImageOfPage\":{\"@id\":\"https:\\\/\\\/sunvis-solar.com\\\/product\\\/48v-lithium-battery-200ah\\\/#primaryimage\"},\"image\":{\"@id\":\"https:\\\/\\\/sunvis-solar.com\\\/product\\\/48v-lithium-battery-200ah\\\/#primaryimage\"},\"thumbnailUrl\":\"https:\\\/\\\/sunvis-solar.com\\\/wp-content\\\/uploads\\\/2022\\\/09\\\/48V-200AH-Lithium-Battery-5.webp\",\"datePublished\":\"2022-09-18T07:26:28+00:00\",\"dateModified\":\"2023-08-14T16:41:22+00:00\",\"breadcrumb\":{\"@id\":\"https:\\\/\\\/sunvis-solar.com\\\/product\\\/48v-lithium-battery-200ah\\\/#breadcrumb\"},\"inLanguage\":\"fr-FR\",\"potentialAction\":[{\"@type\":\"ReadAction\",\"target\":[\"https:\\\/\\\/sunvis-solar.com\\\/product\\\/48v-lithium-battery-200ah\\\/\"]}]},{\"@type\":\"ImageObject\",\"inLanguage\":\"fr-FR\",\"@id\":\"https:\\\/\\\/sunvis-solar.com\\\/product\\\/48v-lithium-battery-200ah\\\/#primaryimage\",\"url\":\"https:\\\/\\\/sunvis-solar.com\\\/wp-content\\\/uploads\\\/2022\\\/09\\\/48V-200AH-Lithium-Battery-5.webp\",\"contentUrl\":\"https:\\\/\\\/sunvis-solar.com\\\/wp-content\\\/uploads\\\/2022\\\/09\\\/48V-200AH-Lithium-Battery-5.webp\",\"width\":600,\"height\":600,\"caption\":\"48V 200AH Lithium Battery 5\"},{\"@type\":\"BreadcrumbList\",\"@id\":\"https:\\\/\\\/sunvis-solar.com\\\/product\\\/48v-lithium-battery-200ah\\\/#breadcrumb\",\"itemListElement\":[{\"@type\":\"ListItem\",\"position\":1,\"name\":\"Home\",\"item\":\"https:\\\/\\\/sunvis-solar.com\\\/\"},{\"@type\":\"ListItem\",\"position\":2,\"name\":\"Product\",\"item\":\"https:\\\/\\\/sunvis-solar.com\\\/product\\\/\"},{\"@type\":\"ListItem\",\"position\":3,\"name\":\"48V Lithium Battery 200AH\"}]},{\"@type\":\"WebSite\",\"@id\":\"https:\\\/\\\/sunvis-solar.com\\\/#website\",\"url\":\"https:\\\/\\\/sunvis-solar.com\\\/\",\"name\":\"Solar Street Light and Solar System Manufacturer in China\",\"description\":\"Solar Street Light and Solar System Manufacturer in China\",\"publisher\":{\"@id\":\"https:\\\/\\\/sunvis-solar.com\\\/#organization\"},\"potentialAction\":[{\"@type\":\"SearchAction\",\"target\":{\"@type\":\"EntryPoint\",\"urlTemplate\":\"https:\\\/\\\/sunvis-solar.com\\\/?s={search_term_string}\"},\"query-input\":{\"@type\":\"PropertyValueSpecification\",\"valueRequired\":true,\"valueName\":\"search_term_string\"}}],\"inLanguage\":\"fr-FR\"},{\"@type\":\"Organization\",\"@id\":\"https:\\\/\\\/sunvis-solar.com\\\/#organization\",\"name\":\"Solar Street Light and Solar System Manufacturer in China\",\"url\":\"https:\\\/\\\/sunvis-solar.com\\\/\",\"logo\":{\"@type\":\"ImageObject\",\"inLanguage\":\"fr-FR\",\"@id\":\"https:\\\/\\\/sunvis-solar.com\\\/#\\\/schema\\\/logo\\\/image\\\/\",\"url\":\"https:\\\/\\\/sunvis-solar.com\\\/wp-content\\\/uploads\\\/2023\\\/02\\\/SUNVIS-logo-2.png\",\"contentUrl\":\"https:\\\/\\\/sunvis-solar.com\\\/wp-content\\\/uploads\\\/2023\\\/02\\\/SUNVIS-logo-2.png\",\"width\":200,\"height\":45,\"caption\":\"Solar Street Light and Solar System Manufacturer in China\"},\"image\":{\"@id\":\"https:\\\/\\\/sunvis-solar.com\\\/#\\\/schema\\\/logo\\\/image\\\/\"}}]}<\/script>\n<!-- \/ Yoast SEO plugin. -->","yoast_head_json":{"title":"Fournisseur et fabricant de batterie lithium-ion Chine 48v 200ah","robots":{"index":"index","follow":"follow","max-snippet":"max-snippet:-1","max-image-preview":"max-image-preview:large","max-video-preview":"max-video-preview:-1"},"canonical":"https:\/\/sunvis-solar.com\/fr\/produit\/48v-batterie-lithium-200ah\/","og_locale":"fr_FR","og_type":"article","og_title":"China 48v 200ah lithium ion battery Supplier and Manufacturer","og_description":"SUNVIS Powerwall 48V 9.6KWH Lithium Ion(LiFePO4) Battery Pack is an integrated solar energy storage battery system, it is wall mounted design. You can charge with solar energy and utility power. It stores your solar energy as a backup power source, so your appliances stay up and running when the grid goes out. 48 volt 200Ah Powerwall includes a dynamic BMS with:    Voltage: 48V(48V system)    Battery cell Type: LiFepo4 battery    Energy: 9.6 kwh    Flexible parallel    Communication","og_url":"https:\/\/sunvis-solar.com\/fr\/produit\/48v-batterie-lithium-200ah\/","og_site_name":"Solar Street Light and Solar System Manufacturer in China","article_modified_time":"2023-08-14T16:41:22+00:00","og_image":[{"width":600,"height":600,"url":"https:\/\/sunvis-solar.com\/wp-content\/uploads\/2022\/09\/48V-200AH-Lithium-Battery-5.webp","type":"image\/webp"}],"twitter_card":"summary_large_image","schema":{"@context":"https:\/\/schema.org","@graph":[{"@type":"WebPage","@id":"https:\/\/sunvis-solar.com\/product\/48v-lithium-battery-200ah\/","url":"https:\/\/sunvis-solar.com\/product\/48v-lithium-battery-200ah\/","name":"Fournisseur et fabricant de batterie lithium-ion Chine 48v 200ah","isPartOf":{"@id":"https:\/\/sunvis-solar.com\/#website"},"primaryImageOfPage":{"@id":"https:\/\/sunvis-solar.com\/product\/48v-lithium-battery-200ah\/#primaryimage"},"image":{"@id":"https:\/\/sunvis-solar.com\/product\/48v-lithium-battery-200ah\/#primaryimage"},"thumbnailUrl":"https:\/\/sunvis-solar.com\/wp-content\/uploads\/2022\/09\/48V-200AH-Lithium-Battery-5.webp","datePublished":"2022-09-18T07:26:28+00:00","dateModified":"2023-08-14T16:41:22+00:00","breadcrumb":{"@id":"https:\/\/sunvis-solar.com\/product\/48v-lithium-battery-200ah\/#breadcrumb"},"inLanguage":"fr-FR","potentialAction":[{"@type":"ReadAction","target":["https:\/\/sunvis-solar.com\/product\/48v-lithium-battery-200ah\/"]}]},{"@type":"ImageObject","inLanguage":"fr-FR","@id":"https:\/\/sunvis-solar.com\/product\/48v-lithium-battery-200ah\/#primaryimage","url":"https:\/\/sunvis-solar.com\/wp-content\/uploads\/2022\/09\/48V-200AH-Lithium-Battery-5.webp","contentUrl":"https:\/\/sunvis-solar.com\/wp-content\/uploads\/2022\/09\/48V-200AH-Lithium-Battery-5.webp","width":600,"height":600,"caption":"48V 200AH Lithium Battery 5"},{"@type":"BreadcrumbList","@id":"https:\/\/sunvis-solar.com\/product\/48v-lithium-battery-200ah\/#breadcrumb","itemListElement":[{"@type":"ListItem","position":1,"name":"Home","item":"https:\/\/sunvis-solar.com\/"},{"@type":"ListItem","position":2,"name":"Product","item":"https:\/\/sunvis-solar.com\/product\/"},{"@type":"ListItem","position":3,"name":"48V Lithium Battery 200AH"}]},{"@type":"WebSite","@id":"https:\/\/sunvis-solar.com\/#website","url":"https:\/\/sunvis-solar.com\/","name":"Fabricant de lampadaires et de syst\u00e8mes solaires en Chine","description":"Fabricant de lampadaires et de syst\u00e8mes solaires en Chine","publisher":{"@id":"https:\/\/sunvis-solar.com\/#organization"},"potentialAction":[{"@type":"SearchAction","target":{"@type":"EntryPoint","urlTemplate":"https:\/\/sunvis-solar.com\/?s={search_term_string}"},"query-input":{"@type":"PropertyValueSpecification","valueRequired":true,"valueName":"search_term_string"}}],"inLanguage":"fr-FR"},{"@type":"Organization","@id":"https:\/\/sunvis-solar.com\/#organization","name":"Fabricant de lampadaires et de syst\u00e8mes solaires en Chine","url":"https:\/\/sunvis-solar.com\/","logo":{"@type":"ImageObject","inLanguage":"fr-FR","@id":"https:\/\/sunvis-solar.com\/#\/schema\/logo\/image\/","url":"https:\/\/sunvis-solar.com\/wp-content\/uploads\/2023\/02\/SUNVIS-logo-2.png","contentUrl":"https:\/\/sunvis-solar.com\/wp-content\/uploads\/2023\/02\/SUNVIS-logo-2.png","width":200,"height":45,"caption":"Solar Street Light and Solar System Manufacturer in China"},"image":{"@id":"https:\/\/sunvis-solar.com\/#\/schema\/logo\/image\/"}}]}},"_links":{"self":[{"href":"https:\/\/sunvis-solar.com\/fr\/wp-json\/wp\/v2\/product\/1033","targetHints":{"allow":["GET"]}}],"collection":[{"href":"https:\/\/sunvis-solar.com\/fr\/wp-json\/wp\/v2\/product"}],"about":[{"href":"https:\/\/sunvis-solar.com\/fr\/wp-json\/wp\/v2\/types\/product"}],"wp:featuredmedia":[{"embeddable":true,"href":"https:\/\/sunvis-solar.com\/fr\/wp-json\/wp\/v2\/media\/1066"}],"wp:attachment":[{"href":"https:\/\/sunvis-solar.com\/fr\/wp-json\/wp\/v2\/media?parent=1033"}],"wp:term":[{"taxonomy":"product_brand","embeddable":true,"href":"https:\/\/sunvis-solar.com\/fr\/wp-json\/wp\/v2\/product_brand?post=1033"},{"taxonomy":"product_cat","embeddable":true,"href":"https:\/\/sunvis-solar.com\/fr\/wp-json\/wp\/v2\/product_cat?post=1033"},{"taxonomy":"product_tag","embeddable":true,"href":"https:\/\/sunvis-solar.com\/fr\/wp-json\/wp\/v2\/product_tag?post=1033"}],"curies":[{"name":"wp","href":"https:\/\/api.w.org\/{rel}","templated":true}]}}