{"id":7598,"date":"2026-04-04T10:41:18","date_gmt":"2026-04-04T10:41:18","guid":{"rendered":"https:\/\/sunvis-solar.com\/?page_id=7598"},"modified":"2026-04-04T10:41:18","modified_gmt":"2026-04-04T10:41:18","slug":"liste-de-controle-des-exigences-pour-un-projet-declairage-public-solaire","status":"publish","type":"page","link":"https:\/\/sunvis-solar.com\/fr\/solar-street-light-project-requirement-checklist\/","title":{"rendered":"Liste de v\u00e9rification des exigences du projet d&#039;\u00e9clairage public solaire"},"content":{"rendered":"","protected":false},"excerpt":{"rendered":"","protected":false},"author":1,"featured_media":0,"parent":0,"menu_order":0,"comment_status":"closed","ping_status":"closed","template":"","meta":{"footnotes":""},"class_list":["post-7598","page","type-page","status-publish","hentry"],"yoast_head":"<!-- This site is optimized with the Yoast SEO plugin v27.3 - https:\/\/yoast.com\/product\/yoast-seo-wordpress\/ -->\n<title>Solar Street Light Project Requirement Checklist - Solar Street Light and Solar System Manufacturer in China<\/title>\n<meta name=\"robots\" content=\"index, follow, max-snippet:-1, max-image-preview:large, max-video-preview:-1\" \/>\n<link rel=\"canonical\" href=\"https:\/\/sunvis-solar.com\/fr\/liste-de-controle-des-exigences-pour-un-projet-declairage-public-solaire\/\" \/>\n<meta property=\"og:locale\" content=\"fr_FR\" \/>\n<meta property=\"og:type\" content=\"article\" \/>\n<meta property=\"og:title\" content=\"Solar Street Light Project Requirement Checklist - Solar Street Light and Solar System Manufacturer in China\" \/>\n<meta property=\"og:url\" content=\"https:\/\/sunvis-solar.com\/fr\/liste-de-controle-des-exigences-pour-un-projet-declairage-public-solaire\/\" \/>\n<meta property=\"og:site_name\" content=\"Solar Street Light and Solar System Manufacturer in China\" \/>\n<meta name=\"twitter:card\" content=\"summary_large_image\" \/>\n<script type=\"application\/ld+json\" class=\"yoast-schema-graph\">{\"@context\":\"https:\\\/\\\/schema.org\",\"@graph\":[{\"@type\":\"WebPage\",\"@id\":\"https:\\\/\\\/sunvis-solar.com\\\/solar-street-light-project-requirement-checklist\\\/\",\"url\":\"https:\\\/\\\/sunvis-solar.com\\\/solar-street-light-project-requirement-checklist\\\/\",\"name\":\"Solar Street Light Project Requirement Checklist - Solar Street Light and Solar System Manufacturer in China\",\"isPartOf\":{\"@id\":\"https:\\\/\\\/sunvis-solar.com\\\/#website\"},\"datePublished\":\"2026-04-04T10:41:18+00:00\",\"breadcrumb\":{\"@id\":\"https:\\\/\\\/sunvis-solar.com\\\/solar-street-light-project-requirement-checklist\\\/#breadcrumb\"},\"inLanguage\":\"fr-FR\",\"potentialAction\":[{\"@type\":\"ReadAction\",\"target\":[\"https:\\\/\\\/sunvis-solar.com\\\/solar-street-light-project-requirement-checklist\\\/\"]}]},{\"@type\":\"BreadcrumbList\",\"@id\":\"https:\\\/\\\/sunvis-solar.com\\\/solar-street-light-project-requirement-checklist\\\/#breadcrumb\",\"itemListElement\":[{\"@type\":\"ListItem\",\"position\":1,\"name\":\"Home\",\"item\":\"https:\\\/\\\/sunvis-solar.com\\\/\"},{\"@type\":\"ListItem\",\"position\":2,\"name\":\"Solar Street Light Project Requirement Checklist\"}]},{\"@type\":\"WebSite\",\"@id\":\"https:\\\/\\\/sunvis-solar.com\\\/#website\",\"url\":\"https:\\\/\\\/sunvis-solar.com\\\/\",\"name\":\"Solar Street Light and Solar System Manufacturer in China\",\"description\":\"Solar Street Light and Solar System Manufacturer in China\",\"publisher\":{\"@id\":\"https:\\\/\\\/sunvis-solar.com\\\/#organization\"},\"potentialAction\":[{\"@type\":\"SearchAction\",\"target\":{\"@type\":\"EntryPoint\",\"urlTemplate\":\"https:\\\/\\\/sunvis-solar.com\\\/?s={search_term_string}\"},\"query-input\":{\"@type\":\"PropertyValueSpecification\",\"valueRequired\":true,\"valueName\":\"search_term_string\"}}],\"inLanguage\":\"fr-FR\"},{\"@type\":\"Organization\",\"@id\":\"https:\\\/\\\/sunvis-solar.com\\\/#organization\",\"name\":\"Solar Street Light and Solar System Manufacturer in China\",\"url\":\"https:\\\/\\\/sunvis-solar.com\\\/\",\"logo\":{\"@type\":\"ImageObject\",\"inLanguage\":\"fr-FR\",\"@id\":\"https:\\\/\\\/sunvis-solar.com\\\/#\\\/schema\\\/logo\\\/image\\\/\",\"url\":\"https:\\\/\\\/sunvis-solar.com\\\/wp-content\\\/uploads\\\/2023\\\/02\\\/SUNVIS-logo-2.png\",\"contentUrl\":\"https:\\\/\\\/sunvis-solar.com\\\/wp-content\\\/uploads\\\/2023\\\/02\\\/SUNVIS-logo-2.png\",\"width\":200,\"height\":45,\"caption\":\"Solar Street Light and Solar System Manufacturer in China\"},\"image\":{\"@id\":\"https:\\\/\\\/sunvis-solar.com\\\/#\\\/schema\\\/logo\\\/image\\\/\"}}]}<\/script>\n<!-- \/ Yoast SEO plugin. -->","yoast_head_json":{"title":"Liste de contr\u00f4le des exigences pour un projet d&#039;\u00e9clairage public solaire - Fabricant de syst\u00e8mes d&#039;\u00e9clairage public solaire en Chine","robots":{"index":"index","follow":"follow","max-snippet":"max-snippet:-1","max-image-preview":"max-image-preview:large","max-video-preview":"max-video-preview:-1"},"canonical":"https:\/\/sunvis-solar.com\/fr\/liste-de-controle-des-exigences-pour-un-projet-declairage-public-solaire\/","og_locale":"fr_FR","og_type":"article","og_title":"Solar Street Light Project Requirement Checklist - Solar Street Light and Solar System Manufacturer in China","og_url":"https:\/\/sunvis-solar.com\/fr\/liste-de-controle-des-exigences-pour-un-projet-declairage-public-solaire\/","og_site_name":"Solar Street Light and Solar System Manufacturer in China","twitter_card":"summary_large_image","schema":{"@context":"https:\/\/schema.org","@graph":[{"@type":"WebPage","@id":"https:\/\/sunvis-solar.com\/solar-street-light-project-requirement-checklist\/","url":"https:\/\/sunvis-solar.com\/solar-street-light-project-requirement-checklist\/","name":"Liste de contr\u00f4le des exigences pour un projet d&#039;\u00e9clairage public solaire - Fabricant de syst\u00e8mes d&#039;\u00e9clairage public solaire en Chine","isPartOf":{"@id":"https:\/\/sunvis-solar.com\/#website"},"datePublished":"2026-04-04T10:41:18+00:00","breadcrumb":{"@id":"https:\/\/sunvis-solar.com\/solar-street-light-project-requirement-checklist\/#breadcrumb"},"inLanguage":"fr-FR","potentialAction":[{"@type":"ReadAction","target":["https:\/\/sunvis-solar.com\/solar-street-light-project-requirement-checklist\/"]}]},{"@type":"BreadcrumbList","@id":"https:\/\/sunvis-solar.com\/solar-street-light-project-requirement-checklist\/#breadcrumb","itemListElement":[{"@type":"ListItem","position":1,"name":"Home","item":"https:\/\/sunvis-solar.com\/"},{"@type":"ListItem","position":2,"name":"Solar Street Light Project Requirement Checklist"}]},{"@type":"WebSite","@id":"https:\/\/sunvis-solar.com\/#website","url":"https:\/\/sunvis-solar.com\/","name":"Fabricant de lampadaires et de syst\u00e8mes solaires en Chine","description":"Fabricant de lampadaires et de syst\u00e8mes solaires en Chine","publisher":{"@id":"https:\/\/sunvis-solar.com\/#organization"},"potentialAction":[{"@type":"SearchAction","target":{"@type":"EntryPoint","urlTemplate":"https:\/\/sunvis-solar.com\/?s={search_term_string}"},"query-input":{"@type":"PropertyValueSpecification","valueRequired":true,"valueName":"search_term_string"}}],"inLanguage":"fr-FR"},{"@type":"Organization","@id":"https:\/\/sunvis-solar.com\/#organization","name":"Fabricant de lampadaires et de syst\u00e8mes solaires en Chine","url":"https:\/\/sunvis-solar.com\/","logo":{"@type":"ImageObject","inLanguage":"fr-FR","@id":"https:\/\/sunvis-solar.com\/#\/schema\/logo\/image\/","url":"https:\/\/sunvis-solar.com\/wp-content\/uploads\/2023\/02\/SUNVIS-logo-2.png","contentUrl":"https:\/\/sunvis-solar.com\/wp-content\/uploads\/2023\/02\/SUNVIS-logo-2.png","width":200,"height":45,"caption":"Solar Street Light and Solar System Manufacturer in China"},"image":{"@id":"https:\/\/sunvis-solar.com\/#\/schema\/logo\/image\/"}}]}},"_links":{"self":[{"href":"https:\/\/sunvis-solar.com\/fr\/wp-json\/wp\/v2\/pages\/7598","targetHints":{"allow":["GET"]}}],"collection":[{"href":"https:\/\/sunvis-solar.com\/fr\/wp-json\/wp\/v2\/pages"}],"about":[{"href":"https:\/\/sunvis-solar.com\/fr\/wp-json\/wp\/v2\/types\/page"}],"author":[{"embeddable":true,"href":"https:\/\/sunvis-solar.com\/fr\/wp-json\/wp\/v2\/users\/1"}],"replies":[{"embeddable":true,"href":"https:\/\/sunvis-solar.com\/fr\/wp-json\/wp\/v2\/comments?post=7598"}],"version-history":[{"count":1,"href":"https:\/\/sunvis-solar.com\/fr\/wp-json\/wp\/v2\/pages\/7598\/revisions"}],"predecessor-version":[{"id":7599,"href":"https:\/\/sunvis-solar.com\/fr\/wp-json\/wp\/v2\/pages\/7598\/revisions\/7599"}],"wp:attachment":[{"href":"https:\/\/sunvis-solar.com\/fr\/wp-json\/wp\/v2\/media?parent=7598"}],"curies":[{"name":"wp","href":"https:\/\/api.w.org\/{rel}","templated":true}]}}