{"id":2211,"date":"2024-02-18T04:50:38","date_gmt":"2024-02-18T04:50:38","guid":{"rendered":"https:\/\/sunvis-solar.com\/?page_id=2211"},"modified":"2024-02-18T07:58:44","modified_gmt":"2024-02-18T07:58:44","slug":"pompe-de-puits-solaire","status":"publish","type":"page","link":"https:\/\/sunvis-solar.com\/fr\/solar-well-pump\/","title":{"rendered":"Pompe de puits solaire"},"content":{"rendered":"","protected":false},"excerpt":{"rendered":"","protected":false},"author":1,"featured_media":693,"parent":0,"menu_order":0,"comment_status":"closed","ping_status":"closed","template":"","meta":{"footnotes":""},"class_list":["post-2211","page","type-page","status-publish","has-post-thumbnail","hentry"],"yoast_head":"<!-- This site is optimized with the Yoast SEO plugin v27.3 - https:\/\/yoast.com\/product\/yoast-seo-wordpress\/ -->\n<title>SUNVIS Solar Well Pumps-Top Water Pump Manufacturer in China<\/title>\n<meta name=\"description\" content=\"China #1 Solar Well Pumps \u2014 Most Popular Solar Powered Well Kit. Easy to install. Widely used in agricultural irrigation, rural water supply, animal husbandry, industrial water use and other fields.\" \/>\n<meta name=\"robots\" content=\"index, follow, max-snippet:-1, max-image-preview:large, max-video-preview:-1\" \/>\n<link rel=\"canonical\" href=\"https:\/\/sunvis-solar.com\/fr\/pompe-de-puits-solaire\/\" \/>\n<meta property=\"og:locale\" content=\"fr_FR\" \/>\n<meta property=\"og:type\" content=\"article\" \/>\n<meta property=\"og:title\" content=\"SUNVIS Solar Well Pumps-Top Water Pump Manufacturer in China\" \/>\n<meta property=\"og:description\" content=\"China #1 Solar Well Pumps \u2014 Most Popular Solar Powered Well Kit. Easy to install. Widely used in agricultural irrigation, rural water supply, animal husbandry, industrial water use and other fields.\" \/>\n<meta property=\"og:url\" content=\"https:\/\/sunvis-solar.com\/fr\/pompe-de-puits-solaire\/\" \/>\n<meta property=\"og:site_name\" content=\"Solar Street Light and Solar System Manufacturer in China\" \/>\n<meta property=\"article:modified_time\" content=\"2024-02-18T07:58:44+00:00\" \/>\n<meta property=\"og:image\" content=\"https:\/\/sunvis-solar.com\/wp-content\/uploads\/2021\/11\/solar-water-pumping-system.jpg\" \/>\n\t<meta property=\"og:image:width\" content=\"1080\" \/>\n\t<meta property=\"og:image:height\" content=\"810\" \/>\n\t<meta property=\"og:image:type\" content=\"image\/jpeg\" \/>\n<meta name=\"twitter:card\" content=\"summary_large_image\" \/>\n<meta name=\"twitter:label1\" content=\"Dur\u00e9e de lecture estim\u00e9e\" \/>\n\t<meta name=\"twitter:data1\" content=\"1 minute\" \/>\n<script type=\"application\/ld+json\" class=\"yoast-schema-graph\">{\"@context\":\"https:\\\/\\\/schema.org\",\"@graph\":[{\"@type\":\"WebPage\",\"@id\":\"https:\\\/\\\/sunvis-solar.com\\\/solar-well-pump\\\/\",\"url\":\"https:\\\/\\\/sunvis-solar.com\\\/solar-well-pump\\\/\",\"name\":\"SUNVIS Solar Well Pumps-Top Water Pump Manufacturer in China\",\"isPartOf\":{\"@id\":\"https:\\\/\\\/sunvis-solar.com\\\/#website\"},\"primaryImageOfPage\":{\"@id\":\"https:\\\/\\\/sunvis-solar.com\\\/solar-well-pump\\\/#primaryimage\"},\"image\":{\"@id\":\"https:\\\/\\\/sunvis-solar.com\\\/solar-well-pump\\\/#primaryimage\"},\"thumbnailUrl\":\"https:\\\/\\\/sunvis-solar.com\\\/wp-content\\\/uploads\\\/2021\\\/11\\\/solar-water-pumping-system-1.jpg\",\"datePublished\":\"2024-02-18T04:50:38+00:00\",\"dateModified\":\"2024-02-18T07:58:44+00:00\",\"description\":\"China #1 Solar Well Pumps \u2014 Most Popular Solar Powered Well Kit. Easy to install. Widely used in agricultural irrigation, rural water supply, animal husbandry, industrial water use and other fields.\",\"breadcrumb\":{\"@id\":\"https:\\\/\\\/sunvis-solar.com\\\/solar-well-pump\\\/#breadcrumb\"},\"inLanguage\":\"fr-FR\",\"potentialAction\":[{\"@type\":\"ReadAction\",\"target\":[\"https:\\\/\\\/sunvis-solar.com\\\/solar-well-pump\\\/\"]}]},{\"@type\":\"ImageObject\",\"inLanguage\":\"fr-FR\",\"@id\":\"https:\\\/\\\/sunvis-solar.com\\\/solar-well-pump\\\/#primaryimage\",\"url\":\"https:\\\/\\\/sunvis-solar.com\\\/wp-content\\\/uploads\\\/2021\\\/11\\\/solar-water-pumping-system-1.jpg\",\"contentUrl\":\"https:\\\/\\\/sunvis-solar.com\\\/wp-content\\\/uploads\\\/2021\\\/11\\\/solar-water-pumping-system-1.jpg\",\"width\":1080,\"height\":810,\"caption\":\"solar water pumping system\"},{\"@type\":\"BreadcrumbList\",\"@id\":\"https:\\\/\\\/sunvis-solar.com\\\/solar-well-pump\\\/#breadcrumb\",\"itemListElement\":[{\"@type\":\"ListItem\",\"position\":1,\"name\":\"Home\",\"item\":\"https:\\\/\\\/sunvis-solar.com\\\/\"},{\"@type\":\"ListItem\",\"position\":2,\"name\":\"Solar Well Pump\"}]},{\"@type\":\"WebSite\",\"@id\":\"https:\\\/\\\/sunvis-solar.com\\\/#website\",\"url\":\"https:\\\/\\\/sunvis-solar.com\\\/\",\"name\":\"Solar Street Light and Solar System Manufacturer in China\",\"description\":\"Solar Street Light and Solar System Manufacturer in China\",\"publisher\":{\"@id\":\"https:\\\/\\\/sunvis-solar.com\\\/#organization\"},\"potentialAction\":[{\"@type\":\"SearchAction\",\"target\":{\"@type\":\"EntryPoint\",\"urlTemplate\":\"https:\\\/\\\/sunvis-solar.com\\\/?s={search_term_string}\"},\"query-input\":{\"@type\":\"PropertyValueSpecification\",\"valueRequired\":true,\"valueName\":\"search_term_string\"}}],\"inLanguage\":\"fr-FR\"},{\"@type\":\"Organization\",\"@id\":\"https:\\\/\\\/sunvis-solar.com\\\/#organization\",\"name\":\"Solar Street Light and Solar System Manufacturer in China\",\"url\":\"https:\\\/\\\/sunvis-solar.com\\\/\",\"logo\":{\"@type\":\"ImageObject\",\"inLanguage\":\"fr-FR\",\"@id\":\"https:\\\/\\\/sunvis-solar.com\\\/#\\\/schema\\\/logo\\\/image\\\/\",\"url\":\"https:\\\/\\\/sunvis-solar.com\\\/wp-content\\\/uploads\\\/2023\\\/02\\\/SUNVIS-logo-2.png\",\"contentUrl\":\"https:\\\/\\\/sunvis-solar.com\\\/wp-content\\\/uploads\\\/2023\\\/02\\\/SUNVIS-logo-2.png\",\"width\":200,\"height\":45,\"caption\":\"Solar Street Light and Solar System Manufacturer in China\"},\"image\":{\"@id\":\"https:\\\/\\\/sunvis-solar.com\\\/#\\\/schema\\\/logo\\\/image\\\/\"}}]}<\/script>\n<!-- \/ Yoast SEO plugin. -->","yoast_head_json":{"title":"Pompes de puits solaires SUNVIS - Fabricant de pompes \u00e0 eau en Chine","description":"Pompes de puits solaires Chine #1 \u2014 Kit de puits \u00e0 \u00e9nergie solaire le plus populaire. Facile \u00e0 installer. Largement utilis\u00e9 dans l&#039;irrigation agricole, l&#039;approvisionnement en eau rurale, l&#039;\u00e9levage, l&#039;utilisation industrielle de l&#039;eau et d&#039;autres domaines.","robots":{"index":"index","follow":"follow","max-snippet":"max-snippet:-1","max-image-preview":"max-image-preview:large","max-video-preview":"max-video-preview:-1"},"canonical":"https:\/\/sunvis-solar.com\/fr\/pompe-de-puits-solaire\/","og_locale":"fr_FR","og_type":"article","og_title":"SUNVIS Solar Well Pumps-Top Water Pump Manufacturer in China","og_description":"China #1 Solar Well Pumps \u2014 Most Popular Solar Powered Well Kit. Easy to install. Widely used in agricultural irrigation, rural water supply, animal husbandry, industrial water use and other fields.","og_url":"https:\/\/sunvis-solar.com\/fr\/pompe-de-puits-solaire\/","og_site_name":"Solar Street Light and Solar System Manufacturer in China","article_modified_time":"2024-02-18T07:58:44+00:00","og_image":[{"width":1080,"height":810,"url":"https:\/\/sunvis-solar.com\/wp-content\/uploads\/2021\/11\/solar-water-pumping-system.jpg","type":"image\/jpeg"}],"twitter_card":"summary_large_image","twitter_misc":{"Dur\u00e9e de lecture estim\u00e9e":"1 minute"},"schema":{"@context":"https:\/\/schema.org","@graph":[{"@type":"WebPage","@id":"https:\/\/sunvis-solar.com\/solar-well-pump\/","url":"https:\/\/sunvis-solar.com\/solar-well-pump\/","name":"Pompes de puits solaires SUNVIS - Fabricant de pompes \u00e0 eau en Chine","isPartOf":{"@id":"https:\/\/sunvis-solar.com\/#website"},"primaryImageOfPage":{"@id":"https:\/\/sunvis-solar.com\/solar-well-pump\/#primaryimage"},"image":{"@id":"https:\/\/sunvis-solar.com\/solar-well-pump\/#primaryimage"},"thumbnailUrl":"https:\/\/sunvis-solar.com\/wp-content\/uploads\/2021\/11\/solar-water-pumping-system-1.jpg","datePublished":"2024-02-18T04:50:38+00:00","dateModified":"2024-02-18T07:58:44+00:00","description":"Pompes de puits solaires Chine #1 \u2014 Kit de puits \u00e0 \u00e9nergie solaire le plus populaire. Facile \u00e0 installer. Largement utilis\u00e9 dans l&#039;irrigation agricole, l&#039;approvisionnement en eau rurale, l&#039;\u00e9levage, l&#039;utilisation industrielle de l&#039;eau et d&#039;autres domaines.","breadcrumb":{"@id":"https:\/\/sunvis-solar.com\/solar-well-pump\/#breadcrumb"},"inLanguage":"fr-FR","potentialAction":[{"@type":"ReadAction","target":["https:\/\/sunvis-solar.com\/solar-well-pump\/"]}]},{"@type":"ImageObject","inLanguage":"fr-FR","@id":"https:\/\/sunvis-solar.com\/solar-well-pump\/#primaryimage","url":"https:\/\/sunvis-solar.com\/wp-content\/uploads\/2021\/11\/solar-water-pumping-system-1.jpg","contentUrl":"https:\/\/sunvis-solar.com\/wp-content\/uploads\/2021\/11\/solar-water-pumping-system-1.jpg","width":1080,"height":810,"caption":"solar water pumping system"},{"@type":"BreadcrumbList","@id":"https:\/\/sunvis-solar.com\/solar-well-pump\/#breadcrumb","itemListElement":[{"@type":"ListItem","position":1,"name":"Home","item":"https:\/\/sunvis-solar.com\/"},{"@type":"ListItem","position":2,"name":"Solar Well Pump"}]},{"@type":"WebSite","@id":"https:\/\/sunvis-solar.com\/#website","url":"https:\/\/sunvis-solar.com\/","name":"Fabricant de lampadaires et de syst\u00e8mes solaires en Chine","description":"Fabricant de lampadaires et de syst\u00e8mes solaires en Chine","publisher":{"@id":"https:\/\/sunvis-solar.com\/#organization"},"potentialAction":[{"@type":"SearchAction","target":{"@type":"EntryPoint","urlTemplate":"https:\/\/sunvis-solar.com\/?s={search_term_string}"},"query-input":{"@type":"PropertyValueSpecification","valueRequired":true,"valueName":"search_term_string"}}],"inLanguage":"fr-FR"},{"@type":"Organization","@id":"https:\/\/sunvis-solar.com\/#organization","name":"Fabricant de lampadaires et de syst\u00e8mes solaires en Chine","url":"https:\/\/sunvis-solar.com\/","logo":{"@type":"ImageObject","inLanguage":"fr-FR","@id":"https:\/\/sunvis-solar.com\/#\/schema\/logo\/image\/","url":"https:\/\/sunvis-solar.com\/wp-content\/uploads\/2023\/02\/SUNVIS-logo-2.png","contentUrl":"https:\/\/sunvis-solar.com\/wp-content\/uploads\/2023\/02\/SUNVIS-logo-2.png","width":200,"height":45,"caption":"Solar Street Light and Solar System Manufacturer in China"},"image":{"@id":"https:\/\/sunvis-solar.com\/#\/schema\/logo\/image\/"}}]}},"_links":{"self":[{"href":"https:\/\/sunvis-solar.com\/fr\/wp-json\/wp\/v2\/pages\/2211","targetHints":{"allow":["GET"]}}],"collection":[{"href":"https:\/\/sunvis-solar.com\/fr\/wp-json\/wp\/v2\/pages"}],"about":[{"href":"https:\/\/sunvis-solar.com\/fr\/wp-json\/wp\/v2\/types\/page"}],"author":[{"embeddable":true,"href":"https:\/\/sunvis-solar.com\/fr\/wp-json\/wp\/v2\/users\/1"}],"replies":[{"embeddable":true,"href":"https:\/\/sunvis-solar.com\/fr\/wp-json\/wp\/v2\/comments?post=2211"}],"version-history":[{"count":2,"href":"https:\/\/sunvis-solar.com\/fr\/wp-json\/wp\/v2\/pages\/2211\/revisions"}],"predecessor-version":[{"id":2249,"href":"https:\/\/sunvis-solar.com\/fr\/wp-json\/wp\/v2\/pages\/2211\/revisions\/2249"}],"wp:featuredmedia":[{"embeddable":true,"href":"https:\/\/sunvis-solar.com\/fr\/wp-json\/wp\/v2\/media\/693"}],"wp:attachment":[{"href":"https:\/\/sunvis-solar.com\/fr\/wp-json\/wp\/v2\/media?parent=2211"}],"curies":[{"name":"wp","href":"https:\/\/api.w.org\/{rel}","templated":true}]}}