{"id":22,"date":"2020-05-14T02:11:01","date_gmt":"2020-05-14T02:11:01","guid":{"rendered":"http:\/\/sunvis-solar.com\/?page_id=22"},"modified":"2025-11-29T04:11:39","modified_gmt":"2025-11-29T04:11:39","slug":"contacter-le-fabricant-de-l-installation-solaire","status":"publish","type":"page","link":"https:\/\/sunvis-solar.com\/fr\/contact-solar-system-manufacturer\/","title":{"rendered":"Contact"},"content":{"rendered":"","protected":false},"excerpt":{"rendered":"","protected":false},"author":1,"featured_media":0,"parent":0,"menu_order":0,"comment_status":"closed","ping_status":"closed","template":"","meta":{"footnotes":""},"class_list":["post-22","page","type-page","status-publish","hentry"],"yoast_head":"<!-- This site is optimized with the Yoast SEO plugin v27.3 - https:\/\/yoast.com\/product\/yoast-seo-wordpress\/ -->\n<title>Contact Solar System Manufacturer For Best Prices | SNESOL<\/title>\n<meta name=\"description\" content=\"Get quotes from the Best Solar Electrical System Manufacturer in China. Email: info@sunvis-solar.com. WhatsApp: 0086-18930406049.\" \/>\n<meta name=\"robots\" content=\"index, follow, max-snippet:-1, max-image-preview:large, max-video-preview:-1\" \/>\n<link rel=\"canonical\" href=\"https:\/\/sunvis-solar.com\/fr\/contacter-le-fabricant-de-l-installation-solaire\/\" \/>\n<meta property=\"og:locale\" content=\"fr_FR\" \/>\n<meta property=\"og:type\" content=\"article\" \/>\n<meta property=\"og:title\" content=\"Contact Solar System Manufacturer For Best Prices | SNESOL\" \/>\n<meta property=\"og:description\" content=\"Get quotes from the Best Solar Electrical System Manufacturer in China. Email: info@sunvis-solar.com. WhatsApp: 0086-18930406049.\" \/>\n<meta property=\"og:url\" content=\"https:\/\/sunvis-solar.com\/fr\/contacter-le-fabricant-de-l-installation-solaire\/\" \/>\n<meta property=\"og:site_name\" content=\"Solar Street Light and Solar System Manufacturer in China\" \/>\n<meta property=\"article:modified_time\" content=\"2025-11-29T04:11:39+00:00\" \/>\n<meta name=\"twitter:card\" content=\"summary_large_image\" \/>\n<script type=\"application\/ld+json\" class=\"yoast-schema-graph\">{\"@context\":\"https:\\\/\\\/schema.org\",\"@graph\":[{\"@type\":\"WebPage\",\"@id\":\"https:\\\/\\\/sunvis-solar.com\\\/contact-solar-system-manufacturer\\\/\",\"url\":\"https:\\\/\\\/sunvis-solar.com\\\/contact-solar-system-manufacturer\\\/\",\"name\":\"Contact Solar System Manufacturer For Best Prices | SNESOL\",\"isPartOf\":{\"@id\":\"https:\\\/\\\/sunvis-solar.com\\\/#website\"},\"datePublished\":\"2020-05-14T02:11:01+00:00\",\"dateModified\":\"2025-11-29T04:11:39+00:00\",\"description\":\"Get quotes from the Best Solar Electrical System Manufacturer in China. Email: info@sunvis-solar.com. WhatsApp: 0086-18930406049.\",\"breadcrumb\":{\"@id\":\"https:\\\/\\\/sunvis-solar.com\\\/contact-solar-system-manufacturer\\\/#breadcrumb\"},\"inLanguage\":\"fr-FR\",\"potentialAction\":[{\"@type\":\"ReadAction\",\"target\":[\"https:\\\/\\\/sunvis-solar.com\\\/contact-solar-system-manufacturer\\\/\"]}]},{\"@type\":\"BreadcrumbList\",\"@id\":\"https:\\\/\\\/sunvis-solar.com\\\/contact-solar-system-manufacturer\\\/#breadcrumb\",\"itemListElement\":[{\"@type\":\"ListItem\",\"position\":1,\"name\":\"Home\",\"item\":\"https:\\\/\\\/sunvis-solar.com\\\/\"},{\"@type\":\"ListItem\",\"position\":2,\"name\":\"Contact\"}]},{\"@type\":\"WebSite\",\"@id\":\"https:\\\/\\\/sunvis-solar.com\\\/#website\",\"url\":\"https:\\\/\\\/sunvis-solar.com\\\/\",\"name\":\"Solar Street Light and Solar System Manufacturer in China\",\"description\":\"Solar Street Light and Solar System Manufacturer in China\",\"publisher\":{\"@id\":\"https:\\\/\\\/sunvis-solar.com\\\/#organization\"},\"potentialAction\":[{\"@type\":\"SearchAction\",\"target\":{\"@type\":\"EntryPoint\",\"urlTemplate\":\"https:\\\/\\\/sunvis-solar.com\\\/?s={search_term_string}\"},\"query-input\":{\"@type\":\"PropertyValueSpecification\",\"valueRequired\":true,\"valueName\":\"search_term_string\"}}],\"inLanguage\":\"fr-FR\"},{\"@type\":\"Organization\",\"@id\":\"https:\\\/\\\/sunvis-solar.com\\\/#organization\",\"name\":\"Solar Street Light and Solar System Manufacturer in China\",\"url\":\"https:\\\/\\\/sunvis-solar.com\\\/\",\"logo\":{\"@type\":\"ImageObject\",\"inLanguage\":\"fr-FR\",\"@id\":\"https:\\\/\\\/sunvis-solar.com\\\/#\\\/schema\\\/logo\\\/image\\\/\",\"url\":\"https:\\\/\\\/sunvis-solar.com\\\/wp-content\\\/uploads\\\/2023\\\/02\\\/SUNVIS-logo-2.png\",\"contentUrl\":\"https:\\\/\\\/sunvis-solar.com\\\/wp-content\\\/uploads\\\/2023\\\/02\\\/SUNVIS-logo-2.png\",\"width\":200,\"height\":45,\"caption\":\"Solar Street Light and Solar System Manufacturer in China\"},\"image\":{\"@id\":\"https:\\\/\\\/sunvis-solar.com\\\/#\\\/schema\\\/logo\\\/image\\\/\"}}]}<\/script>\n<!-- \/ Yoast SEO plugin. -->","yoast_head_json":{"title":"Contactez le fabricant du syst\u00e8me solaire pour obtenir les meilleurs prix | SNESOL","description":"Obtenez des devis du meilleur fabricant de syst\u00e8mes \u00e9lectriques solaires en Chine. Courriel : info@sunvis-solar.com. Whatsapp : 0086-18930406049.","robots":{"index":"index","follow":"follow","max-snippet":"max-snippet:-1","max-image-preview":"max-image-preview:large","max-video-preview":"max-video-preview:-1"},"canonical":"https:\/\/sunvis-solar.com\/fr\/contacter-le-fabricant-de-l-installation-solaire\/","og_locale":"fr_FR","og_type":"article","og_title":"Contact Solar System Manufacturer For Best Prices | SNESOL","og_description":"Get quotes from the Best Solar Electrical System Manufacturer in China. Email: info@sunvis-solar.com. WhatsApp: 0086-18930406049.","og_url":"https:\/\/sunvis-solar.com\/fr\/contacter-le-fabricant-de-l-installation-solaire\/","og_site_name":"Solar Street Light and Solar System Manufacturer in China","article_modified_time":"2025-11-29T04:11:39+00:00","twitter_card":"summary_large_image","schema":{"@context":"https:\/\/schema.org","@graph":[{"@type":"WebPage","@id":"https:\/\/sunvis-solar.com\/contact-solar-system-manufacturer\/","url":"https:\/\/sunvis-solar.com\/contact-solar-system-manufacturer\/","name":"Contactez le fabricant du syst\u00e8me solaire pour obtenir les meilleurs prix | SNESOL","isPartOf":{"@id":"https:\/\/sunvis-solar.com\/#website"},"datePublished":"2020-05-14T02:11:01+00:00","dateModified":"2025-11-29T04:11:39+00:00","description":"Obtenez des devis du meilleur fabricant de syst\u00e8mes \u00e9lectriques solaires en Chine. Courriel : info@sunvis-solar.com. Whatsapp : 0086-18930406049.","breadcrumb":{"@id":"https:\/\/sunvis-solar.com\/contact-solar-system-manufacturer\/#breadcrumb"},"inLanguage":"fr-FR","potentialAction":[{"@type":"ReadAction","target":["https:\/\/sunvis-solar.com\/contact-solar-system-manufacturer\/"]}]},{"@type":"BreadcrumbList","@id":"https:\/\/sunvis-solar.com\/contact-solar-system-manufacturer\/#breadcrumb","itemListElement":[{"@type":"ListItem","position":1,"name":"Home","item":"https:\/\/sunvis-solar.com\/"},{"@type":"ListItem","position":2,"name":"Contact"}]},{"@type":"WebSite","@id":"https:\/\/sunvis-solar.com\/#website","url":"https:\/\/sunvis-solar.com\/","name":"Fabricant de lampadaires et de syst\u00e8mes solaires en Chine","description":"Fabricant de lampadaires et de syst\u00e8mes solaires en Chine","publisher":{"@id":"https:\/\/sunvis-solar.com\/#organization"},"potentialAction":[{"@type":"SearchAction","target":{"@type":"EntryPoint","urlTemplate":"https:\/\/sunvis-solar.com\/?s={search_term_string}"},"query-input":{"@type":"PropertyValueSpecification","valueRequired":true,"valueName":"search_term_string"}}],"inLanguage":"fr-FR"},{"@type":"Organization","@id":"https:\/\/sunvis-solar.com\/#organization","name":"Fabricant de lampadaires et de syst\u00e8mes solaires en Chine","url":"https:\/\/sunvis-solar.com\/","logo":{"@type":"ImageObject","inLanguage":"fr-FR","@id":"https:\/\/sunvis-solar.com\/#\/schema\/logo\/image\/","url":"https:\/\/sunvis-solar.com\/wp-content\/uploads\/2023\/02\/SUNVIS-logo-2.png","contentUrl":"https:\/\/sunvis-solar.com\/wp-content\/uploads\/2023\/02\/SUNVIS-logo-2.png","width":200,"height":45,"caption":"Solar Street Light and Solar System Manufacturer in China"},"image":{"@id":"https:\/\/sunvis-solar.com\/#\/schema\/logo\/image\/"}}]}},"_links":{"self":[{"href":"https:\/\/sunvis-solar.com\/fr\/wp-json\/wp\/v2\/pages\/22","targetHints":{"allow":["GET"]}}],"collection":[{"href":"https:\/\/sunvis-solar.com\/fr\/wp-json\/wp\/v2\/pages"}],"about":[{"href":"https:\/\/sunvis-solar.com\/fr\/wp-json\/wp\/v2\/types\/page"}],"author":[{"embeddable":true,"href":"https:\/\/sunvis-solar.com\/fr\/wp-json\/wp\/v2\/users\/1"}],"replies":[{"embeddable":true,"href":"https:\/\/sunvis-solar.com\/fr\/wp-json\/wp\/v2\/comments?post=22"}],"version-history":[{"count":1,"href":"https:\/\/sunvis-solar.com\/fr\/wp-json\/wp\/v2\/pages\/22\/revisions"}],"predecessor-version":[{"id":1298,"href":"https:\/\/sunvis-solar.com\/fr\/wp-json\/wp\/v2\/pages\/22\/revisions\/1298"}],"wp:attachment":[{"href":"https:\/\/sunvis-solar.com\/fr\/wp-json\/wp\/v2\/media?parent=22"}],"curies":[{"name":"wp","href":"https:\/\/api.w.org\/{rel}","templated":true}]}}