{"id":202,"date":"2020-07-03T07:20:53","date_gmt":"2020-07-03T07:20:53","guid":{"rendered":"http:\/\/sunvis-solar.com\/?page_id=202"},"modified":"2025-11-29T04:22:15","modified_gmt":"2025-11-29T04:22:15","slug":"lampadaire-solaire-tout-en-un","status":"publish","type":"page","link":"https:\/\/sunvis-solar.com\/fr\/all-in-one-street-solar-light\/","title":{"rendered":"R\u00e9verb\u00e8re solaire tout en un"},"content":{"rendered":"<p><\/p>\n\n\n\n<p><\/p>","protected":false},"excerpt":{"rendered":"","protected":false},"author":1,"featured_media":1244,"parent":0,"menu_order":0,"comment_status":"closed","ping_status":"closed","template":"","meta":{"footnotes":""},"class_list":["post-202","page","type-page","status-publish","has-post-thumbnail","hentry"],"yoast_head":"<!-- This site is optimized with the Yoast SEO plugin v27.3 - https:\/\/yoast.com\/product\/yoast-seo-wordpress\/ -->\n<title>All In One Solar Street Light Manufacturer in China | SNESOL<\/title>\n<meta name=\"description\" content=\"Experience reliable and efficient solar lighting solutions with our all-in-one solar street lights. As a leading manufacturer in China, we offer top-quality products and unmatched customer service. Contact us today to learn more.\" \/>\n<meta name=\"robots\" content=\"index, follow, max-snippet:-1, max-image-preview:large, max-video-preview:-1\" \/>\n<link rel=\"canonical\" href=\"https:\/\/sunvis-solar.com\/fr\/lampadaire-solaire-tout-en-un\/\" \/>\n<meta property=\"og:locale\" content=\"fr_FR\" \/>\n<meta property=\"og:type\" content=\"article\" \/>\n<meta property=\"og:title\" content=\"All In One Solar Street Light Manufacturer in China | SNESOL\" \/>\n<meta property=\"og:description\" content=\"Experience reliable and efficient solar lighting solutions with our all-in-one solar street lights. As a leading manufacturer in China, we offer top-quality products and unmatched customer service. Contact us today to learn more.\" \/>\n<meta property=\"og:url\" content=\"https:\/\/sunvis-solar.com\/fr\/lampadaire-solaire-tout-en-un\/\" \/>\n<meta property=\"og:site_name\" content=\"Solar Street Light and Solar System Manufacturer in China\" \/>\n<meta property=\"article:modified_time\" content=\"2025-11-29T04:22:15+00:00\" \/>\n<meta property=\"og:image\" content=\"https:\/\/sunvis-solar.com\/wp-content\/uploads\/2022\/10\/solar-street-light-1.png\" \/>\n\t<meta property=\"og:image:width\" content=\"780\" \/>\n\t<meta property=\"og:image:height\" content=\"550\" \/>\n\t<meta property=\"og:image:type\" content=\"image\/png\" \/>\n<meta name=\"twitter:card\" content=\"summary_large_image\" \/>\n<meta name=\"twitter:label1\" content=\"Dur\u00e9e de lecture estim\u00e9e\" \/>\n\t<meta name=\"twitter:data1\" content=\"1 minute\" \/>\n<script type=\"application\/ld+json\" class=\"yoast-schema-graph\">{\"@context\":\"https:\\\/\\\/schema.org\",\"@graph\":[{\"@type\":\"WebPage\",\"@id\":\"https:\\\/\\\/sunvis-solar.com\\\/all-in-one-street-solar-light\\\/\",\"url\":\"https:\\\/\\\/sunvis-solar.com\\\/all-in-one-street-solar-light\\\/\",\"name\":\"All In One Solar Street Light Manufacturer in China | SNESOL\",\"isPartOf\":{\"@id\":\"https:\\\/\\\/sunvis-solar.com\\\/#website\"},\"primaryImageOfPage\":{\"@id\":\"https:\\\/\\\/sunvis-solar.com\\\/all-in-one-street-solar-light\\\/#primaryimage\"},\"image\":{\"@id\":\"https:\\\/\\\/sunvis-solar.com\\\/all-in-one-street-solar-light\\\/#primaryimage\"},\"thumbnailUrl\":\"https:\\\/\\\/sunvis-solar.com\\\/wp-content\\\/uploads\\\/2022\\\/10\\\/solar-street-light-1.png\",\"datePublished\":\"2020-07-03T07:20:53+00:00\",\"dateModified\":\"2025-11-29T04:22:15+00:00\",\"description\":\"Experience reliable and efficient solar lighting solutions with our all-in-one solar street lights. As a leading manufacturer in China, we offer top-quality products and unmatched customer service. Contact us today to learn more.\",\"breadcrumb\":{\"@id\":\"https:\\\/\\\/sunvis-solar.com\\\/all-in-one-street-solar-light\\\/#breadcrumb\"},\"inLanguage\":\"fr-FR\",\"potentialAction\":[{\"@type\":\"ReadAction\",\"target\":[\"https:\\\/\\\/sunvis-solar.com\\\/all-in-one-street-solar-light\\\/\"]}]},{\"@type\":\"ImageObject\",\"inLanguage\":\"fr-FR\",\"@id\":\"https:\\\/\\\/sunvis-solar.com\\\/all-in-one-street-solar-light\\\/#primaryimage\",\"url\":\"https:\\\/\\\/sunvis-solar.com\\\/wp-content\\\/uploads\\\/2022\\\/10\\\/solar-street-light-1.png\",\"contentUrl\":\"https:\\\/\\\/sunvis-solar.com\\\/wp-content\\\/uploads\\\/2022\\\/10\\\/solar-street-light-1.png\",\"width\":780,\"height\":550,\"caption\":\"sunvis all in one solar street light\"},{\"@type\":\"BreadcrumbList\",\"@id\":\"https:\\\/\\\/sunvis-solar.com\\\/all-in-one-street-solar-light\\\/#breadcrumb\",\"itemListElement\":[{\"@type\":\"ListItem\",\"position\":1,\"name\":\"Home\",\"item\":\"https:\\\/\\\/sunvis-solar.com\\\/\"},{\"@type\":\"ListItem\",\"position\":2,\"name\":\"All In One Solar Street Light\"}]},{\"@type\":\"WebSite\",\"@id\":\"https:\\\/\\\/sunvis-solar.com\\\/#website\",\"url\":\"https:\\\/\\\/sunvis-solar.com\\\/\",\"name\":\"Solar Street Light and Solar System Manufacturer in China\",\"description\":\"Solar Street Light and Solar System Manufacturer in China\",\"publisher\":{\"@id\":\"https:\\\/\\\/sunvis-solar.com\\\/#organization\"},\"potentialAction\":[{\"@type\":\"SearchAction\",\"target\":{\"@type\":\"EntryPoint\",\"urlTemplate\":\"https:\\\/\\\/sunvis-solar.com\\\/?s={search_term_string}\"},\"query-input\":{\"@type\":\"PropertyValueSpecification\",\"valueRequired\":true,\"valueName\":\"search_term_string\"}}],\"inLanguage\":\"fr-FR\"},{\"@type\":\"Organization\",\"@id\":\"https:\\\/\\\/sunvis-solar.com\\\/#organization\",\"name\":\"Solar Street Light and Solar System Manufacturer in China\",\"url\":\"https:\\\/\\\/sunvis-solar.com\\\/\",\"logo\":{\"@type\":\"ImageObject\",\"inLanguage\":\"fr-FR\",\"@id\":\"https:\\\/\\\/sunvis-solar.com\\\/#\\\/schema\\\/logo\\\/image\\\/\",\"url\":\"https:\\\/\\\/sunvis-solar.com\\\/wp-content\\\/uploads\\\/2023\\\/02\\\/SUNVIS-logo-2.png\",\"contentUrl\":\"https:\\\/\\\/sunvis-solar.com\\\/wp-content\\\/uploads\\\/2023\\\/02\\\/SUNVIS-logo-2.png\",\"width\":200,\"height\":45,\"caption\":\"Solar Street Light and Solar System Manufacturer in China\"},\"image\":{\"@id\":\"https:\\\/\\\/sunvis-solar.com\\\/#\\\/schema\\\/logo\\\/image\\\/\"}}]}<\/script>\n<!-- \/ Yoast SEO plugin. -->","yoast_head_json":{"title":"Fabricant de lampadaires solaires tout-en-un en Chine | SNESOL","description":"D\u00e9couvrez des solutions d&#039;\u00e9clairage solaire fiables et efficaces avec nos lampadaires solaires tout-en-un. En tant que fabricant leader en Chine, nous proposons des produits de qualit\u00e9 sup\u00e9rieure et un service client in\u00e9gal\u00e9. Contactez-nous aujourd&#039;hui pour en savoir plus.","robots":{"index":"index","follow":"follow","max-snippet":"max-snippet:-1","max-image-preview":"max-image-preview:large","max-video-preview":"max-video-preview:-1"},"canonical":"https:\/\/sunvis-solar.com\/fr\/lampadaire-solaire-tout-en-un\/","og_locale":"fr_FR","og_type":"article","og_title":"All In One Solar Street Light Manufacturer in China | SNESOL","og_description":"Experience reliable and efficient solar lighting solutions with our all-in-one solar street lights. As a leading manufacturer in China, we offer top-quality products and unmatched customer service. Contact us today to learn more.","og_url":"https:\/\/sunvis-solar.com\/fr\/lampadaire-solaire-tout-en-un\/","og_site_name":"Solar Street Light and Solar System Manufacturer in China","article_modified_time":"2025-11-29T04:22:15+00:00","og_image":[{"width":780,"height":550,"url":"https:\/\/sunvis-solar.com\/wp-content\/uploads\/2022\/10\/solar-street-light-1.png","type":"image\/png"}],"twitter_card":"summary_large_image","twitter_misc":{"Dur\u00e9e de lecture estim\u00e9e":"1 minute"},"schema":{"@context":"https:\/\/schema.org","@graph":[{"@type":"WebPage","@id":"https:\/\/sunvis-solar.com\/all-in-one-street-solar-light\/","url":"https:\/\/sunvis-solar.com\/all-in-one-street-solar-light\/","name":"Fabricant de lampadaires solaires tout-en-un en Chine | SNESOL","isPartOf":{"@id":"https:\/\/sunvis-solar.com\/#website"},"primaryImageOfPage":{"@id":"https:\/\/sunvis-solar.com\/all-in-one-street-solar-light\/#primaryimage"},"image":{"@id":"https:\/\/sunvis-solar.com\/all-in-one-street-solar-light\/#primaryimage"},"thumbnailUrl":"https:\/\/sunvis-solar.com\/wp-content\/uploads\/2022\/10\/solar-street-light-1.png","datePublished":"2020-07-03T07:20:53+00:00","dateModified":"2025-11-29T04:22:15+00:00","description":"D\u00e9couvrez des solutions d&#039;\u00e9clairage solaire fiables et efficaces avec nos lampadaires solaires tout-en-un. En tant que fabricant leader en Chine, nous proposons des produits de qualit\u00e9 sup\u00e9rieure et un service client in\u00e9gal\u00e9. Contactez-nous aujourd&#039;hui pour en savoir plus.","breadcrumb":{"@id":"https:\/\/sunvis-solar.com\/all-in-one-street-solar-light\/#breadcrumb"},"inLanguage":"fr-FR","potentialAction":[{"@type":"ReadAction","target":["https:\/\/sunvis-solar.com\/all-in-one-street-solar-light\/"]}]},{"@type":"ImageObject","inLanguage":"fr-FR","@id":"https:\/\/sunvis-solar.com\/all-in-one-street-solar-light\/#primaryimage","url":"https:\/\/sunvis-solar.com\/wp-content\/uploads\/2022\/10\/solar-street-light-1.png","contentUrl":"https:\/\/sunvis-solar.com\/wp-content\/uploads\/2022\/10\/solar-street-light-1.png","width":780,"height":550,"caption":"sunvis all in one solar street light"},{"@type":"BreadcrumbList","@id":"https:\/\/sunvis-solar.com\/all-in-one-street-solar-light\/#breadcrumb","itemListElement":[{"@type":"ListItem","position":1,"name":"Home","item":"https:\/\/sunvis-solar.com\/"},{"@type":"ListItem","position":2,"name":"All In One Solar Street Light"}]},{"@type":"WebSite","@id":"https:\/\/sunvis-solar.com\/#website","url":"https:\/\/sunvis-solar.com\/","name":"Fabricant de lampadaires et de syst\u00e8mes solaires en Chine","description":"Fabricant de lampadaires et de syst\u00e8mes solaires en Chine","publisher":{"@id":"https:\/\/sunvis-solar.com\/#organization"},"potentialAction":[{"@type":"SearchAction","target":{"@type":"EntryPoint","urlTemplate":"https:\/\/sunvis-solar.com\/?s={search_term_string}"},"query-input":{"@type":"PropertyValueSpecification","valueRequired":true,"valueName":"search_term_string"}}],"inLanguage":"fr-FR"},{"@type":"Organization","@id":"https:\/\/sunvis-solar.com\/#organization","name":"Fabricant de lampadaires et de syst\u00e8mes solaires en Chine","url":"https:\/\/sunvis-solar.com\/","logo":{"@type":"ImageObject","inLanguage":"fr-FR","@id":"https:\/\/sunvis-solar.com\/#\/schema\/logo\/image\/","url":"https:\/\/sunvis-solar.com\/wp-content\/uploads\/2023\/02\/SUNVIS-logo-2.png","contentUrl":"https:\/\/sunvis-solar.com\/wp-content\/uploads\/2023\/02\/SUNVIS-logo-2.png","width":200,"height":45,"caption":"Solar Street Light and Solar System Manufacturer in China"},"image":{"@id":"https:\/\/sunvis-solar.com\/#\/schema\/logo\/image\/"}}]}},"_links":{"self":[{"href":"https:\/\/sunvis-solar.com\/fr\/wp-json\/wp\/v2\/pages\/202","targetHints":{"allow":["GET"]}}],"collection":[{"href":"https:\/\/sunvis-solar.com\/fr\/wp-json\/wp\/v2\/pages"}],"about":[{"href":"https:\/\/sunvis-solar.com\/fr\/wp-json\/wp\/v2\/types\/page"}],"author":[{"embeddable":true,"href":"https:\/\/sunvis-solar.com\/fr\/wp-json\/wp\/v2\/users\/1"}],"replies":[{"embeddable":true,"href":"https:\/\/sunvis-solar.com\/fr\/wp-json\/wp\/v2\/comments?post=202"}],"version-history":[{"count":4,"href":"https:\/\/sunvis-solar.com\/fr\/wp-json\/wp\/v2\/pages\/202\/revisions"}],"predecessor-version":[{"id":1360,"href":"https:\/\/sunvis-solar.com\/fr\/wp-json\/wp\/v2\/pages\/202\/revisions\/1360"}],"wp:featuredmedia":[{"embeddable":true,"href":"https:\/\/sunvis-solar.com\/fr\/wp-json\/wp\/v2\/media\/1244"}],"wp:attachment":[{"href":"https:\/\/sunvis-solar.com\/fr\/wp-json\/wp\/v2\/media?parent=202"}],"curies":[{"name":"wp","href":"https:\/\/api.w.org\/{rel}","templated":true}]}}