{"id":1493,"date":"2023-02-25T15:55:32","date_gmt":"2023-02-25T15:55:32","guid":{"rendered":"https:\/\/sunvis-solar.com\/?page_id=1493"},"modified":"2023-03-19T13:13:02","modified_gmt":"2023-03-19T13:13:02","slug":"systemes-denergie-solaire","status":"publish","type":"page","link":"https:\/\/sunvis-solar.com\/fr\/solar-power-systems\/","title":{"rendered":"Syst\u00e8mes d&#039;alimentation solaire"},"content":{"rendered":"<p><\/p>\n\n\n\n<p><\/p>","protected":false},"excerpt":{"rendered":"","protected":false},"author":1,"featured_media":1498,"parent":0,"menu_order":0,"comment_status":"closed","ping_status":"closed","template":"","meta":{"footnotes":""},"class_list":["post-1493","page","type-page","status-publish","has-post-thumbnail","hentry"],"yoast_head":"<!-- This site is optimized with the Yoast SEO plugin v27.3 - https:\/\/yoast.com\/product\/yoast-seo-wordpress\/ -->\n<title>Manufacturer of Solar Power Systems in China | SUNVIS<\/title>\n<meta name=\"description\" content=\"SUNVIS SOLAR is a reputable manufacturer of solar power systems. Our range is from 3.5KW to 30KW for both residential and commercial applications. Contact us today to find out more about our products.\" \/>\n<meta name=\"robots\" content=\"index, follow, max-snippet:-1, max-image-preview:large, max-video-preview:-1\" \/>\n<link rel=\"canonical\" href=\"https:\/\/sunvis-solar.com\/fr\/systemes-denergie-solaire\/\" \/>\n<meta property=\"og:locale\" content=\"fr_FR\" \/>\n<meta property=\"og:type\" content=\"article\" \/>\n<meta property=\"og:title\" content=\"Manufacturer of Solar Power Systems in China | SUNVIS\" \/>\n<meta property=\"og:description\" content=\"SUNVIS SOLAR is a reputable manufacturer of solar power systems. Our range is from 3.5KW to 30KW for both residential and commercial applications. Contact us today to find out more about our products.\" \/>\n<meta property=\"og:url\" content=\"https:\/\/sunvis-solar.com\/fr\/systemes-denergie-solaire\/\" \/>\n<meta property=\"og:site_name\" content=\"Solar Street Light and Solar System Manufacturer in China\" \/>\n<meta property=\"article:modified_time\" content=\"2023-03-19T13:13:02+00:00\" \/>\n<meta property=\"og:image\" content=\"https:\/\/sunvis-solar.com\/wp-content\/uploads\/2023\/02\/6KW-Solar-System.png\" \/>\n\t<meta property=\"og:image:width\" content=\"748\" \/>\n\t<meta property=\"og:image:height\" content=\"746\" \/>\n\t<meta property=\"og:image:type\" content=\"image\/png\" \/>\n<meta name=\"twitter:card\" content=\"summary_large_image\" \/>\n<script type=\"application\/ld+json\" class=\"yoast-schema-graph\">{\"@context\":\"https:\\\/\\\/schema.org\",\"@graph\":[{\"@type\":\"WebPage\",\"@id\":\"https:\\\/\\\/sunvis-solar.com\\\/solar-power-systems\\\/\",\"url\":\"https:\\\/\\\/sunvis-solar.com\\\/solar-power-systems\\\/\",\"name\":\"Manufacturer of Solar Power Systems in China | SUNVIS\",\"isPartOf\":{\"@id\":\"https:\\\/\\\/sunvis-solar.com\\\/#website\"},\"primaryImageOfPage\":{\"@id\":\"https:\\\/\\\/sunvis-solar.com\\\/solar-power-systems\\\/#primaryimage\"},\"image\":{\"@id\":\"https:\\\/\\\/sunvis-solar.com\\\/solar-power-systems\\\/#primaryimage\"},\"thumbnailUrl\":\"https:\\\/\\\/sunvis-solar.com\\\/wp-content\\\/uploads\\\/2023\\\/02\\\/6KW-Solar-System.png\",\"datePublished\":\"2023-02-25T15:55:32+00:00\",\"dateModified\":\"2023-03-19T13:13:02+00:00\",\"description\":\"SUNVIS SOLAR is a reputable manufacturer of solar power systems. Our range is from 3.5KW to 30KW for both residential and commercial applications. Contact us today to find out more about our products.\",\"breadcrumb\":{\"@id\":\"https:\\\/\\\/sunvis-solar.com\\\/solar-power-systems\\\/#breadcrumb\"},\"inLanguage\":\"fr-FR\",\"potentialAction\":[{\"@type\":\"ReadAction\",\"target\":[\"https:\\\/\\\/sunvis-solar.com\\\/solar-power-systems\\\/\"]}]},{\"@type\":\"ImageObject\",\"inLanguage\":\"fr-FR\",\"@id\":\"https:\\\/\\\/sunvis-solar.com\\\/solar-power-systems\\\/#primaryimage\",\"url\":\"https:\\\/\\\/sunvis-solar.com\\\/wp-content\\\/uploads\\\/2023\\\/02\\\/6KW-Solar-System.png\",\"contentUrl\":\"https:\\\/\\\/sunvis-solar.com\\\/wp-content\\\/uploads\\\/2023\\\/02\\\/6KW-Solar-System.png\",\"width\":748,\"height\":746,\"caption\":\"6KW Solar System\"},{\"@type\":\"BreadcrumbList\",\"@id\":\"https:\\\/\\\/sunvis-solar.com\\\/solar-power-systems\\\/#breadcrumb\",\"itemListElement\":[{\"@type\":\"ListItem\",\"position\":1,\"name\":\"Home\",\"item\":\"https:\\\/\\\/sunvis-solar.com\\\/\"},{\"@type\":\"ListItem\",\"position\":2,\"name\":\"Solar Power Systems\"}]},{\"@type\":\"WebSite\",\"@id\":\"https:\\\/\\\/sunvis-solar.com\\\/#website\",\"url\":\"https:\\\/\\\/sunvis-solar.com\\\/\",\"name\":\"Solar Street Light and Solar System Manufacturer in China\",\"description\":\"Solar Street Light and Solar System Manufacturer in China\",\"publisher\":{\"@id\":\"https:\\\/\\\/sunvis-solar.com\\\/#organization\"},\"potentialAction\":[{\"@type\":\"SearchAction\",\"target\":{\"@type\":\"EntryPoint\",\"urlTemplate\":\"https:\\\/\\\/sunvis-solar.com\\\/?s={search_term_string}\"},\"query-input\":{\"@type\":\"PropertyValueSpecification\",\"valueRequired\":true,\"valueName\":\"search_term_string\"}}],\"inLanguage\":\"fr-FR\"},{\"@type\":\"Organization\",\"@id\":\"https:\\\/\\\/sunvis-solar.com\\\/#organization\",\"name\":\"Solar Street Light and Solar System Manufacturer in China\",\"url\":\"https:\\\/\\\/sunvis-solar.com\\\/\",\"logo\":{\"@type\":\"ImageObject\",\"inLanguage\":\"fr-FR\",\"@id\":\"https:\\\/\\\/sunvis-solar.com\\\/#\\\/schema\\\/logo\\\/image\\\/\",\"url\":\"https:\\\/\\\/sunvis-solar.com\\\/wp-content\\\/uploads\\\/2023\\\/02\\\/SUNVIS-logo-2.png\",\"contentUrl\":\"https:\\\/\\\/sunvis-solar.com\\\/wp-content\\\/uploads\\\/2023\\\/02\\\/SUNVIS-logo-2.png\",\"width\":200,\"height\":45,\"caption\":\"Solar Street Light and Solar System Manufacturer in China\"},\"image\":{\"@id\":\"https:\\\/\\\/sunvis-solar.com\\\/#\\\/schema\\\/logo\\\/image\\\/\"}}]}<\/script>\n<!-- \/ Yoast SEO plugin. -->","yoast_head_json":{"title":"Fabricant de syst\u00e8mes d&#039;\u00e9nergie solaire en Chine | SUNVIS","description":"SUNVIS SOLAR est un fabricant r\u00e9put\u00e9 de syst\u00e8mes d&#039;\u00e9nergie solaire. Notre gamme va de 3,5 KW \u00e0 30 KW pour les applications r\u00e9sidentielles et commerciales. Contactez-nous d\u00e8s aujourd&#039;hui pour en savoir plus sur nos produits.","robots":{"index":"index","follow":"follow","max-snippet":"max-snippet:-1","max-image-preview":"max-image-preview:large","max-video-preview":"max-video-preview:-1"},"canonical":"https:\/\/sunvis-solar.com\/fr\/systemes-denergie-solaire\/","og_locale":"fr_FR","og_type":"article","og_title":"Manufacturer of Solar Power Systems in China | SUNVIS","og_description":"SUNVIS SOLAR is a reputable manufacturer of solar power systems. Our range is from 3.5KW to 30KW for both residential and commercial applications. Contact us today to find out more about our products.","og_url":"https:\/\/sunvis-solar.com\/fr\/systemes-denergie-solaire\/","og_site_name":"Solar Street Light and Solar System Manufacturer in China","article_modified_time":"2023-03-19T13:13:02+00:00","og_image":[{"width":748,"height":746,"url":"https:\/\/sunvis-solar.com\/wp-content\/uploads\/2023\/02\/6KW-Solar-System.png","type":"image\/png"}],"twitter_card":"summary_large_image","schema":{"@context":"https:\/\/schema.org","@graph":[{"@type":"WebPage","@id":"https:\/\/sunvis-solar.com\/solar-power-systems\/","url":"https:\/\/sunvis-solar.com\/solar-power-systems\/","name":"Fabricant de syst\u00e8mes d&#039;\u00e9nergie solaire en Chine | SUNVIS","isPartOf":{"@id":"https:\/\/sunvis-solar.com\/#website"},"primaryImageOfPage":{"@id":"https:\/\/sunvis-solar.com\/solar-power-systems\/#primaryimage"},"image":{"@id":"https:\/\/sunvis-solar.com\/solar-power-systems\/#primaryimage"},"thumbnailUrl":"https:\/\/sunvis-solar.com\/wp-content\/uploads\/2023\/02\/6KW-Solar-System.png","datePublished":"2023-02-25T15:55:32+00:00","dateModified":"2023-03-19T13:13:02+00:00","description":"SUNVIS SOLAR est un fabricant r\u00e9put\u00e9 de syst\u00e8mes d&#039;\u00e9nergie solaire. Notre gamme va de 3,5 KW \u00e0 30 KW pour les applications r\u00e9sidentielles et commerciales. Contactez-nous d\u00e8s aujourd&#039;hui pour en savoir plus sur nos produits.","breadcrumb":{"@id":"https:\/\/sunvis-solar.com\/solar-power-systems\/#breadcrumb"},"inLanguage":"fr-FR","potentialAction":[{"@type":"ReadAction","target":["https:\/\/sunvis-solar.com\/solar-power-systems\/"]}]},{"@type":"ImageObject","inLanguage":"fr-FR","@id":"https:\/\/sunvis-solar.com\/solar-power-systems\/#primaryimage","url":"https:\/\/sunvis-solar.com\/wp-content\/uploads\/2023\/02\/6KW-Solar-System.png","contentUrl":"https:\/\/sunvis-solar.com\/wp-content\/uploads\/2023\/02\/6KW-Solar-System.png","width":748,"height":746,"caption":"6KW Solar System"},{"@type":"BreadcrumbList","@id":"https:\/\/sunvis-solar.com\/solar-power-systems\/#breadcrumb","itemListElement":[{"@type":"ListItem","position":1,"name":"Home","item":"https:\/\/sunvis-solar.com\/"},{"@type":"ListItem","position":2,"name":"Solar Power Systems"}]},{"@type":"WebSite","@id":"https:\/\/sunvis-solar.com\/#website","url":"https:\/\/sunvis-solar.com\/","name":"Fabricant de lampadaires et de syst\u00e8mes solaires en Chine","description":"Fabricant de lampadaires et de syst\u00e8mes solaires en Chine","publisher":{"@id":"https:\/\/sunvis-solar.com\/#organization"},"potentialAction":[{"@type":"SearchAction","target":{"@type":"EntryPoint","urlTemplate":"https:\/\/sunvis-solar.com\/?s={search_term_string}"},"query-input":{"@type":"PropertyValueSpecification","valueRequired":true,"valueName":"search_term_string"}}],"inLanguage":"fr-FR"},{"@type":"Organization","@id":"https:\/\/sunvis-solar.com\/#organization","name":"Fabricant de lampadaires et de syst\u00e8mes solaires en Chine","url":"https:\/\/sunvis-solar.com\/","logo":{"@type":"ImageObject","inLanguage":"fr-FR","@id":"https:\/\/sunvis-solar.com\/#\/schema\/logo\/image\/","url":"https:\/\/sunvis-solar.com\/wp-content\/uploads\/2023\/02\/SUNVIS-logo-2.png","contentUrl":"https:\/\/sunvis-solar.com\/wp-content\/uploads\/2023\/02\/SUNVIS-logo-2.png","width":200,"height":45,"caption":"Solar Street Light and Solar System Manufacturer in China"},"image":{"@id":"https:\/\/sunvis-solar.com\/#\/schema\/logo\/image\/"}}]}},"_links":{"self":[{"href":"https:\/\/sunvis-solar.com\/fr\/wp-json\/wp\/v2\/pages\/1493","targetHints":{"allow":["GET"]}}],"collection":[{"href":"https:\/\/sunvis-solar.com\/fr\/wp-json\/wp\/v2\/pages"}],"about":[{"href":"https:\/\/sunvis-solar.com\/fr\/wp-json\/wp\/v2\/types\/page"}],"author":[{"embeddable":true,"href":"https:\/\/sunvis-solar.com\/fr\/wp-json\/wp\/v2\/users\/1"}],"replies":[{"embeddable":true,"href":"https:\/\/sunvis-solar.com\/fr\/wp-json\/wp\/v2\/comments?post=1493"}],"version-history":[{"count":1,"href":"https:\/\/sunvis-solar.com\/fr\/wp-json\/wp\/v2\/pages\/1493\/revisions"}],"predecessor-version":[{"id":1494,"href":"https:\/\/sunvis-solar.com\/fr\/wp-json\/wp\/v2\/pages\/1493\/revisions\/1494"}],"wp:featuredmedia":[{"embeddable":true,"href":"https:\/\/sunvis-solar.com\/fr\/wp-json\/wp\/v2\/media\/1498"}],"wp:attachment":[{"href":"https:\/\/sunvis-solar.com\/fr\/wp-json\/wp\/v2\/media?parent=1493"}],"curies":[{"name":"wp","href":"https:\/\/api.w.org\/{rel}","templated":true}]}}