{"id":2326,"date":"2024-08-13T08:09:28","date_gmt":"2024-08-13T08:09:28","guid":{"rendered":"https:\/\/sunvis-solar.com\/?post_type=product&#038;p=2326"},"modified":"2024-08-13T12:14:20","modified_gmt":"2024-08-13T12:14:20","slug":"40w-400w-alta-brillantez-todo-en-uno-luz-de-calle-solar","status":"publish","type":"product","link":"https:\/\/sunvis-solar.com\/es\/product\/40w-400w-high-brightness-all-in-one-solar-street-light\/","title":{"rendered":"Farola solar de alto brillo de 40 W a 400 W para proyectos globales | Dise\u00f1o todo en uno | M\u00e1x. 32 400 lm"},"content":{"rendered":"","protected":false},"excerpt":{"rendered":"<p>&nbsp;<\/p>\n<ul>\n<li>Dise\u00f1o integrado, f\u00e1cil de instalar.<\/li>\n<li>Panel solar de alta eficiencia, eficiencia de conversi\u00f3n 23%, tiempo de carga m\u00e1s corto<\/li>\n<li>Bater\u00eda de litio de 1920 WH como m\u00e1ximo, mayor almacenamiento de energ\u00eda, mayor tiempo de iluminaci\u00f3n.<\/li>\n<li>Salida de alto brillo, m\u00e1ximo 32400LM<\/li>\n<li>Alto nivel de protecci\u00f3n IP66<\/li>\n<li>10 a\u00f1os de vida \u00fatil<\/li>\n<li>5 a\u00f1os de garant\u00eda, posventa sin preocupaciones.<\/li>\n<li>Carcasa de aluminio, sin miedo al mar ni a la arena, duradera.<\/li>\n<li>Certificado CE, IEC60598, IP66, IK09<\/li>\n<li>Sin mantenimiento, ahorra costes de posventa<\/li>\n<li>Accesorio opcional: Control de aplicaci\u00f3n inteligente, <a href=\"https:\/\/sunvis-solar.com\/es\/sistema-de-monitoreo-remoto\/\" target=\"_blank\" rel=\"noopener\">Internet de las cosas<\/a> Sistema de gesti\u00f3n, <a href=\"https:\/\/sunvis-solar.com\/es\/farola-solar-con-camara-cctv-wifi-4g\/\" target=\"_blank\" rel=\"noopener\">C\u00e1mara CCTV<\/a>, P\u00faas para p\u00e1jaros.<\/li>\n<\/ul>","protected":false},"featured_media":2278,"template":"","meta":[],"product_brand":[],"product_cat":[309,323,317],"product_tag":[],"class_list":{"0":"post-2326","1":"product","2":"type-product","3":"status-publish","4":"has-post-thumbnail","6":"product_cat-all-in-one","7":"product_cat-solar-floodlight","8":"product_cat-solar-street-light","10":"first","11":"instock","12":"shipping-taxable","13":"product-type-simple"},"yoast_head":"<!-- This site is optimized with the Yoast SEO plugin v27.3 - https:\/\/yoast.com\/product\/yoast-seo-wordpress\/ -->\n<title>40W-400W High Brightness All In One Solar Street Light for Projects<\/title>\n<meta name=\"description\" content=\"Customize All In One Solar Street Light from 40W to 400W to match your Global Projects. Easy to Install, Contact for Quotation Now!\" \/>\n<meta name=\"robots\" content=\"index, follow, max-snippet:-1, max-image-preview:large, max-video-preview:-1\" \/>\n<link rel=\"canonical\" href=\"https:\/\/sunvis-solar.com\/es\/producto\/40w-400w-alta-brillantez-todo-en-uno-luz-de-calle-solar\/\" \/>\n<meta property=\"og:locale\" content=\"es_ES\" \/>\n<meta property=\"og:type\" content=\"article\" \/>\n<meta property=\"og:title\" content=\"40W-400W High Brightness All In One Solar Street Light for Projects\" \/>\n<meta property=\"og:description\" content=\"Customize All In One Solar Street Light from 40W to 400W to match your Global Projects. Easy to Install, Contact for Quotation Now!\" \/>\n<meta property=\"og:url\" content=\"https:\/\/sunvis-solar.com\/es\/producto\/40w-400w-alta-brillantez-todo-en-uno-luz-de-calle-solar\/\" \/>\n<meta property=\"og:site_name\" content=\"Solar Street Light and Solar System Manufacturer in China\" \/>\n<meta property=\"article:modified_time\" content=\"2024-08-13T12:14:20+00:00\" \/>\n<meta property=\"og:image\" content=\"https:\/\/sunvis-solar.com\/wp-content\/uploads\/2024\/08\/ALL-IN-ONE-SOLAR-STREET-LIGHT-100W-1.jpg\" \/>\n\t<meta property=\"og:image:width\" content=\"800\" \/>\n\t<meta property=\"og:image:height\" content=\"800\" \/>\n\t<meta property=\"og:image:type\" content=\"image\/jpeg\" \/>\n<meta name=\"twitter:card\" content=\"summary_large_image\" \/>\n<meta name=\"twitter:label1\" content=\"Tiempo de lectura\" \/>\n\t<meta name=\"twitter:data1\" content=\"1 minuto\" \/>\n<script type=\"application\/ld+json\" class=\"yoast-schema-graph\">{\"@context\":\"https:\\\/\\\/schema.org\",\"@graph\":[{\"@type\":\"WebPage\",\"@id\":\"https:\\\/\\\/sunvis-solar.com\\\/product\\\/40w-400w-high-brightness-all-in-one-solar-street-light\\\/\",\"url\":\"https:\\\/\\\/sunvis-solar.com\\\/product\\\/40w-400w-high-brightness-all-in-one-solar-street-light\\\/\",\"name\":\"40W-400W High Brightness All In One Solar Street Light for Projects\",\"isPartOf\":{\"@id\":\"https:\\\/\\\/sunvis-solar.com\\\/#website\"},\"primaryImageOfPage\":{\"@id\":\"https:\\\/\\\/sunvis-solar.com\\\/product\\\/40w-400w-high-brightness-all-in-one-solar-street-light\\\/#primaryimage\"},\"image\":{\"@id\":\"https:\\\/\\\/sunvis-solar.com\\\/product\\\/40w-400w-high-brightness-all-in-one-solar-street-light\\\/#primaryimage\"},\"thumbnailUrl\":\"https:\\\/\\\/sunvis-solar.com\\\/wp-content\\\/uploads\\\/2024\\\/08\\\/ALL-IN-ONE-SOLAR-STREET-LIGHT-100W-1.jpg\",\"datePublished\":\"2024-08-13T08:09:28+00:00\",\"dateModified\":\"2024-08-13T12:14:20+00:00\",\"description\":\"Customize All In One Solar Street Light from 40W to 400W to match your Global Projects. Easy to Install, Contact for Quotation Now!\",\"breadcrumb\":{\"@id\":\"https:\\\/\\\/sunvis-solar.com\\\/product\\\/40w-400w-high-brightness-all-in-one-solar-street-light\\\/#breadcrumb\"},\"inLanguage\":\"es\",\"potentialAction\":[{\"@type\":\"ReadAction\",\"target\":[\"https:\\\/\\\/sunvis-solar.com\\\/product\\\/40w-400w-high-brightness-all-in-one-solar-street-light\\\/\"]}]},{\"@type\":\"ImageObject\",\"inLanguage\":\"es\",\"@id\":\"https:\\\/\\\/sunvis-solar.com\\\/product\\\/40w-400w-high-brightness-all-in-one-solar-street-light\\\/#primaryimage\",\"url\":\"https:\\\/\\\/sunvis-solar.com\\\/wp-content\\\/uploads\\\/2024\\\/08\\\/ALL-IN-ONE-SOLAR-STREET-LIGHT-100W-1.jpg\",\"contentUrl\":\"https:\\\/\\\/sunvis-solar.com\\\/wp-content\\\/uploads\\\/2024\\\/08\\\/ALL-IN-ONE-SOLAR-STREET-LIGHT-100W-1.jpg\",\"width\":800,\"height\":800,\"caption\":\"ALL IN ONE SOLAR STREET LIGHT 100W\"},{\"@type\":\"BreadcrumbList\",\"@id\":\"https:\\\/\\\/sunvis-solar.com\\\/product\\\/40w-400w-high-brightness-all-in-one-solar-street-light\\\/#breadcrumb\",\"itemListElement\":[{\"@type\":\"ListItem\",\"position\":1,\"name\":\"Home\",\"item\":\"https:\\\/\\\/sunvis-solar.com\\\/\"},{\"@type\":\"ListItem\",\"position\":2,\"name\":\"Product\",\"item\":\"https:\\\/\\\/sunvis-solar.com\\\/product\\\/\"},{\"@type\":\"ListItem\",\"position\":3,\"name\":\"40W-400W High Brightness Solar Street Light for Global Projects | All-in-One Design | Max 32400LM\"}]},{\"@type\":\"WebSite\",\"@id\":\"https:\\\/\\\/sunvis-solar.com\\\/#website\",\"url\":\"https:\\\/\\\/sunvis-solar.com\\\/\",\"name\":\"Solar Street Light and Solar System Manufacturer in China\",\"description\":\"Solar Street Light and Solar System Manufacturer in China\",\"publisher\":{\"@id\":\"https:\\\/\\\/sunvis-solar.com\\\/#organization\"},\"potentialAction\":[{\"@type\":\"SearchAction\",\"target\":{\"@type\":\"EntryPoint\",\"urlTemplate\":\"https:\\\/\\\/sunvis-solar.com\\\/?s={search_term_string}\"},\"query-input\":{\"@type\":\"PropertyValueSpecification\",\"valueRequired\":true,\"valueName\":\"search_term_string\"}}],\"inLanguage\":\"es\"},{\"@type\":\"Organization\",\"@id\":\"https:\\\/\\\/sunvis-solar.com\\\/#organization\",\"name\":\"Solar Street Light and Solar System Manufacturer in China\",\"url\":\"https:\\\/\\\/sunvis-solar.com\\\/\",\"logo\":{\"@type\":\"ImageObject\",\"inLanguage\":\"es\",\"@id\":\"https:\\\/\\\/sunvis-solar.com\\\/#\\\/schema\\\/logo\\\/image\\\/\",\"url\":\"https:\\\/\\\/sunvis-solar.com\\\/wp-content\\\/uploads\\\/2023\\\/02\\\/SUNVIS-logo-2.png\",\"contentUrl\":\"https:\\\/\\\/sunvis-solar.com\\\/wp-content\\\/uploads\\\/2023\\\/02\\\/SUNVIS-logo-2.png\",\"width\":200,\"height\":45,\"caption\":\"Solar Street Light and Solar System Manufacturer in China\"},\"image\":{\"@id\":\"https:\\\/\\\/sunvis-solar.com\\\/#\\\/schema\\\/logo\\\/image\\\/\"}}]}<\/script>\n<!-- \/ Yoast SEO plugin. -->","yoast_head_json":{"title":"Farola solar multifunci\u00f3n de alto brillo de 40 W a 400 W para proyectos","description":"Personalice la farola solar todo en uno de 40 W a 400 W para que se adapte a sus proyectos globales. F\u00e1cil de instalar. \u00a1Cont\u00e1ctenos para solicitar un presupuesto ahora!","robots":{"index":"index","follow":"follow","max-snippet":"max-snippet:-1","max-image-preview":"max-image-preview:large","max-video-preview":"max-video-preview:-1"},"canonical":"https:\/\/sunvis-solar.com\/es\/producto\/40w-400w-alta-brillantez-todo-en-uno-luz-de-calle-solar\/","og_locale":"es_ES","og_type":"article","og_title":"40W-400W High Brightness All In One Solar Street Light for Projects","og_description":"Customize All In One Solar Street Light from 40W to 400W to match your Global Projects. Easy to Install, Contact for Quotation Now!","og_url":"https:\/\/sunvis-solar.com\/es\/producto\/40w-400w-alta-brillantez-todo-en-uno-luz-de-calle-solar\/","og_site_name":"Solar Street Light and Solar System Manufacturer in China","article_modified_time":"2024-08-13T12:14:20+00:00","og_image":[{"width":800,"height":800,"url":"https:\/\/sunvis-solar.com\/wp-content\/uploads\/2024\/08\/ALL-IN-ONE-SOLAR-STREET-LIGHT-100W-1.jpg","type":"image\/jpeg"}],"twitter_card":"summary_large_image","twitter_misc":{"Tiempo de lectura":"1 minuto"},"schema":{"@context":"https:\/\/schema.org","@graph":[{"@type":"WebPage","@id":"https:\/\/sunvis-solar.com\/product\/40w-400w-high-brightness-all-in-one-solar-street-light\/","url":"https:\/\/sunvis-solar.com\/product\/40w-400w-high-brightness-all-in-one-solar-street-light\/","name":"Farola solar multifunci\u00f3n de alto brillo de 40 W a 400 W para proyectos","isPartOf":{"@id":"https:\/\/sunvis-solar.com\/#website"},"primaryImageOfPage":{"@id":"https:\/\/sunvis-solar.com\/product\/40w-400w-high-brightness-all-in-one-solar-street-light\/#primaryimage"},"image":{"@id":"https:\/\/sunvis-solar.com\/product\/40w-400w-high-brightness-all-in-one-solar-street-light\/#primaryimage"},"thumbnailUrl":"https:\/\/sunvis-solar.com\/wp-content\/uploads\/2024\/08\/ALL-IN-ONE-SOLAR-STREET-LIGHT-100W-1.jpg","datePublished":"2024-08-13T08:09:28+00:00","dateModified":"2024-08-13T12:14:20+00:00","description":"Personalice la farola solar todo en uno de 40 W a 400 W para que se adapte a sus proyectos globales. F\u00e1cil de instalar. \u00a1Cont\u00e1ctenos para solicitar un presupuesto ahora!","breadcrumb":{"@id":"https:\/\/sunvis-solar.com\/product\/40w-400w-high-brightness-all-in-one-solar-street-light\/#breadcrumb"},"inLanguage":"es","potentialAction":[{"@type":"ReadAction","target":["https:\/\/sunvis-solar.com\/product\/40w-400w-high-brightness-all-in-one-solar-street-light\/"]}]},{"@type":"ImageObject","inLanguage":"es","@id":"https:\/\/sunvis-solar.com\/product\/40w-400w-high-brightness-all-in-one-solar-street-light\/#primaryimage","url":"https:\/\/sunvis-solar.com\/wp-content\/uploads\/2024\/08\/ALL-IN-ONE-SOLAR-STREET-LIGHT-100W-1.jpg","contentUrl":"https:\/\/sunvis-solar.com\/wp-content\/uploads\/2024\/08\/ALL-IN-ONE-SOLAR-STREET-LIGHT-100W-1.jpg","width":800,"height":800,"caption":"ALL IN ONE SOLAR STREET LIGHT 100W"},{"@type":"BreadcrumbList","@id":"https:\/\/sunvis-solar.com\/product\/40w-400w-high-brightness-all-in-one-solar-street-light\/#breadcrumb","itemListElement":[{"@type":"ListItem","position":1,"name":"Home","item":"https:\/\/sunvis-solar.com\/"},{"@type":"ListItem","position":2,"name":"Product","item":"https:\/\/sunvis-solar.com\/product\/"},{"@type":"ListItem","position":3,"name":"40W-400W High Brightness Solar Street Light for Global Projects | All-in-One Design | Max 32400LM"}]},{"@type":"WebSite","@id":"https:\/\/sunvis-solar.com\/#website","url":"https:\/\/sunvis-solar.com\/","name":"Fabricante de farolas solares y sistemas solares en China","description":"Fabricante de farolas solares y sistemas solares en China","publisher":{"@id":"https:\/\/sunvis-solar.com\/#organization"},"potentialAction":[{"@type":"SearchAction","target":{"@type":"EntryPoint","urlTemplate":"https:\/\/sunvis-solar.com\/?s={search_term_string}"},"query-input":{"@type":"PropertyValueSpecification","valueRequired":true,"valueName":"search_term_string"}}],"inLanguage":"es"},{"@type":"Organization","@id":"https:\/\/sunvis-solar.com\/#organization","name":"Fabricante de farolas solares y sistemas solares en China","url":"https:\/\/sunvis-solar.com\/","logo":{"@type":"ImageObject","inLanguage":"es","@id":"https:\/\/sunvis-solar.com\/#\/schema\/logo\/image\/","url":"https:\/\/sunvis-solar.com\/wp-content\/uploads\/2023\/02\/SUNVIS-logo-2.png","contentUrl":"https:\/\/sunvis-solar.com\/wp-content\/uploads\/2023\/02\/SUNVIS-logo-2.png","width":200,"height":45,"caption":"Solar Street Light and Solar System Manufacturer in China"},"image":{"@id":"https:\/\/sunvis-solar.com\/#\/schema\/logo\/image\/"}}]}},"_links":{"self":[{"href":"https:\/\/sunvis-solar.com\/es\/wp-json\/wp\/v2\/product\/2326","targetHints":{"allow":["GET"]}}],"collection":[{"href":"https:\/\/sunvis-solar.com\/es\/wp-json\/wp\/v2\/product"}],"about":[{"href":"https:\/\/sunvis-solar.com\/es\/wp-json\/wp\/v2\/types\/product"}],"wp:featuredmedia":[{"embeddable":true,"href":"https:\/\/sunvis-solar.com\/es\/wp-json\/wp\/v2\/media\/2278"}],"wp:attachment":[{"href":"https:\/\/sunvis-solar.com\/es\/wp-json\/wp\/v2\/media?parent=2326"}],"wp:term":[{"taxonomy":"product_brand","embeddable":true,"href":"https:\/\/sunvis-solar.com\/es\/wp-json\/wp\/v2\/product_brand?post=2326"},{"taxonomy":"product_cat","embeddable":true,"href":"https:\/\/sunvis-solar.com\/es\/wp-json\/wp\/v2\/product_cat?post=2326"},{"taxonomy":"product_tag","embeddable":true,"href":"https:\/\/sunvis-solar.com\/es\/wp-json\/wp\/v2\/product_tag?post=2326"}],"curies":[{"name":"Gracias","href":"https:\/\/api.w.org\/{rel}","templated":true}]}}