{"id":2293,"date":"2024-08-12T15:01:11","date_gmt":"2024-08-12T15:01:11","guid":{"rendered":"https:\/\/sunvis-solar.com\/?post_type=product&#038;p=2293"},"modified":"2024-08-12T15:30:59","modified_gmt":"2024-08-12T15:30:59","slug":"reflector-solar-inteligente-con-temperatura-de-color-dual","status":"publish","type":"product","link":"https:\/\/sunvis-solar.com\/es\/product\/dual-color-temperature-smart-solar-floodlight\/","title":{"rendered":"Foco solar inteligente con temperatura de color dual"},"content":{"rendered":"","protected":false},"excerpt":{"rendered":"<p>Este reflector solar est\u00e1 dise\u00f1ado con <strong>temperatura de color dual<\/strong>, puedes cambiar libremente entre <strong>luz c\u00e1lida (3500K-4000K)<\/strong> y <strong>luz fr\u00eda (6000K-6500K)<\/strong> Seg\u00fan sus preferencias. Chip inteligente incorporado, con control remoto, f\u00e1cil de operar. Perlas de luz LED de alto brillo, amplio rango de irradiaci\u00f3n, larga duraci\u00f3n. Dise\u00f1o resistente al agua y al polvo, resistente y duradero, adecuado para una variedad de escenas al aire libre.<\/p>\n<p><span style=\"color: #ff0000;\"><strong>Ventajas al por mayor y al por menor:<\/strong><\/span><br \/>\n* <strong>Optimizaci\u00f3n de inventario<\/strong>:Un producto, 2 opciones de temperatura de color, reduce la presi\u00f3n del inventario.<\/p>\n<p>* <strong>Satisfacer la demanda<\/strong>:Satisfacer la demanda individual de diferentes clientes en cuanto a temperatura de color.<\/p>\n<p>* <strong>Mejorar la competitividad<\/strong>:Enriquecer la l\u00ednea de productos, mejorar la competitividad del mercado.<\/p>","protected":false},"featured_media":2294,"template":"","meta":[],"product_brand":[],"product_cat":[323,317],"product_tag":[],"class_list":{"0":"post-2293","1":"product","2":"type-product","3":"status-publish","4":"has-post-thumbnail","6":"product_cat-solar-floodlight","7":"product_cat-solar-street-light","9":"first","10":"instock","11":"shipping-taxable","12":"product-type-simple"},"yoast_head":"<!-- This site is optimized with the Yoast SEO plugin v27.3 - https:\/\/yoast.com\/product\/yoast-seo-wordpress\/ -->\n<title>Dual Color Temperature Solar Floodlight for Wholesaler Stock - Solar Street Light and Solar System Manufacturer in China<\/title>\n<meta name=\"description\" content=\"Dual color temperature Solar Floodlight, freely switch between 3500K and 6000K. Especially suitable for dealers to make inventory. Ask For Price Now!\" \/>\n<meta name=\"robots\" content=\"index, follow, max-snippet:-1, max-image-preview:large, max-video-preview:-1\" \/>\n<link rel=\"canonical\" href=\"https:\/\/sunvis-solar.com\/es\/producto\/reflector-solar-inteligente-con-temperatura-de-color-dual\/\" \/>\n<meta property=\"og:locale\" content=\"es_ES\" \/>\n<meta property=\"og:type\" content=\"article\" \/>\n<meta property=\"og:title\" content=\"Dual Color Temperature Solar Floodlight for Wholesaler Stock - Solar Street Light and Solar System Manufacturer in China\" \/>\n<meta property=\"og:description\" content=\"Dual color temperature Solar Floodlight, freely switch between 3500K and 6000K. Especially suitable for dealers to make inventory. Ask For Price Now!\" \/>\n<meta property=\"og:url\" content=\"https:\/\/sunvis-solar.com\/es\/producto\/reflector-solar-inteligente-con-temperatura-de-color-dual\/\" \/>\n<meta property=\"og:site_name\" content=\"Solar Street Light and Solar System Manufacturer in China\" \/>\n<meta property=\"article:modified_time\" content=\"2024-08-12T15:30:59+00:00\" \/>\n<meta property=\"og:image\" content=\"https:\/\/sunvis-solar.com\/wp-content\/uploads\/2024\/08\/Solar-floodlight-1.jpg\" \/>\n\t<meta property=\"og:image:width\" content=\"1087\" \/>\n\t<meta property=\"og:image:height\" content=\"1060\" \/>\n\t<meta property=\"og:image:type\" content=\"image\/jpeg\" \/>\n<meta name=\"twitter:card\" content=\"summary_large_image\" \/>\n<meta name=\"twitter:label1\" content=\"Tiempo de lectura\" \/>\n\t<meta name=\"twitter:data1\" content=\"1 minuto\" \/>\n<script type=\"application\/ld+json\" class=\"yoast-schema-graph\">{\"@context\":\"https:\\\/\\\/schema.org\",\"@graph\":[{\"@type\":\"WebPage\",\"@id\":\"https:\\\/\\\/sunvis-solar.com\\\/product\\\/dual-color-temperature-smart-solar-floodlight\\\/\",\"url\":\"https:\\\/\\\/sunvis-solar.com\\\/product\\\/dual-color-temperature-smart-solar-floodlight\\\/\",\"name\":\"Dual Color Temperature Solar Floodlight for Wholesaler Stock - Solar Street Light and Solar System Manufacturer in China\",\"isPartOf\":{\"@id\":\"https:\\\/\\\/sunvis-solar.com\\\/#website\"},\"primaryImageOfPage\":{\"@id\":\"https:\\\/\\\/sunvis-solar.com\\\/product\\\/dual-color-temperature-smart-solar-floodlight\\\/#primaryimage\"},\"image\":{\"@id\":\"https:\\\/\\\/sunvis-solar.com\\\/product\\\/dual-color-temperature-smart-solar-floodlight\\\/#primaryimage\"},\"thumbnailUrl\":\"https:\\\/\\\/sunvis-solar.com\\\/wp-content\\\/uploads\\\/2024\\\/08\\\/Solar-floodlight-1.jpg\",\"datePublished\":\"2024-08-12T15:01:11+00:00\",\"dateModified\":\"2024-08-12T15:30:59+00:00\",\"description\":\"Dual color temperature Solar Floodlight, freely switch between 3500K and 6000K. Especially suitable for dealers to make inventory. Ask For Price Now!\",\"breadcrumb\":{\"@id\":\"https:\\\/\\\/sunvis-solar.com\\\/product\\\/dual-color-temperature-smart-solar-floodlight\\\/#breadcrumb\"},\"inLanguage\":\"es\",\"potentialAction\":[{\"@type\":\"ReadAction\",\"target\":[\"https:\\\/\\\/sunvis-solar.com\\\/product\\\/dual-color-temperature-smart-solar-floodlight\\\/\"]}]},{\"@type\":\"ImageObject\",\"inLanguage\":\"es\",\"@id\":\"https:\\\/\\\/sunvis-solar.com\\\/product\\\/dual-color-temperature-smart-solar-floodlight\\\/#primaryimage\",\"url\":\"https:\\\/\\\/sunvis-solar.com\\\/wp-content\\\/uploads\\\/2024\\\/08\\\/Solar-floodlight-1.jpg\",\"contentUrl\":\"https:\\\/\\\/sunvis-solar.com\\\/wp-content\\\/uploads\\\/2024\\\/08\\\/Solar-floodlight-1.jpg\",\"width\":1087,\"height\":1060,\"caption\":\"200W Solar floodlight\"},{\"@type\":\"BreadcrumbList\",\"@id\":\"https:\\\/\\\/sunvis-solar.com\\\/product\\\/dual-color-temperature-smart-solar-floodlight\\\/#breadcrumb\",\"itemListElement\":[{\"@type\":\"ListItem\",\"position\":1,\"name\":\"Home\",\"item\":\"https:\\\/\\\/sunvis-solar.com\\\/\"},{\"@type\":\"ListItem\",\"position\":2,\"name\":\"Product\",\"item\":\"https:\\\/\\\/sunvis-solar.com\\\/product\\\/\"},{\"@type\":\"ListItem\",\"position\":3,\"name\":\"Dual Color Temperature Smart Solar Floodlight\"}]},{\"@type\":\"WebSite\",\"@id\":\"https:\\\/\\\/sunvis-solar.com\\\/#website\",\"url\":\"https:\\\/\\\/sunvis-solar.com\\\/\",\"name\":\"Solar Street Light and Solar System Manufacturer in China\",\"description\":\"Solar Street Light and Solar System Manufacturer in China\",\"publisher\":{\"@id\":\"https:\\\/\\\/sunvis-solar.com\\\/#organization\"},\"potentialAction\":[{\"@type\":\"SearchAction\",\"target\":{\"@type\":\"EntryPoint\",\"urlTemplate\":\"https:\\\/\\\/sunvis-solar.com\\\/?s={search_term_string}\"},\"query-input\":{\"@type\":\"PropertyValueSpecification\",\"valueRequired\":true,\"valueName\":\"search_term_string\"}}],\"inLanguage\":\"es\"},{\"@type\":\"Organization\",\"@id\":\"https:\\\/\\\/sunvis-solar.com\\\/#organization\",\"name\":\"Solar Street Light and Solar System Manufacturer in China\",\"url\":\"https:\\\/\\\/sunvis-solar.com\\\/\",\"logo\":{\"@type\":\"ImageObject\",\"inLanguage\":\"es\",\"@id\":\"https:\\\/\\\/sunvis-solar.com\\\/#\\\/schema\\\/logo\\\/image\\\/\",\"url\":\"https:\\\/\\\/sunvis-solar.com\\\/wp-content\\\/uploads\\\/2023\\\/02\\\/SUNVIS-logo-2.png\",\"contentUrl\":\"https:\\\/\\\/sunvis-solar.com\\\/wp-content\\\/uploads\\\/2023\\\/02\\\/SUNVIS-logo-2.png\",\"width\":200,\"height\":45,\"caption\":\"Solar Street Light and Solar System Manufacturer in China\"},\"image\":{\"@id\":\"https:\\\/\\\/sunvis-solar.com\\\/#\\\/schema\\\/logo\\\/image\\\/\"}}]}<\/script>\n<!-- \/ Yoast SEO plugin. -->","yoast_head_json":{"title":"Proyector solar de temperatura de color dual para stock de mayoristas - Fabricante de farolas solares y sistemas solares en China","description":"Foco solar con temperatura de color dual, que cambia libremente entre 3500K y 6000K. Especialmente adecuado para que los distribuidores hagan inventario. \u00a1Solicite precio ahora!","robots":{"index":"index","follow":"follow","max-snippet":"max-snippet:-1","max-image-preview":"max-image-preview:large","max-video-preview":"max-video-preview:-1"},"canonical":"https:\/\/sunvis-solar.com\/es\/producto\/reflector-solar-inteligente-con-temperatura-de-color-dual\/","og_locale":"es_ES","og_type":"article","og_title":"Dual Color Temperature Solar Floodlight for Wholesaler Stock - Solar Street Light and Solar System Manufacturer in China","og_description":"Dual color temperature Solar Floodlight, freely switch between 3500K and 6000K. Especially suitable for dealers to make inventory. Ask For Price Now!","og_url":"https:\/\/sunvis-solar.com\/es\/producto\/reflector-solar-inteligente-con-temperatura-de-color-dual\/","og_site_name":"Solar Street Light and Solar System Manufacturer in China","article_modified_time":"2024-08-12T15:30:59+00:00","og_image":[{"width":1087,"height":1060,"url":"https:\/\/sunvis-solar.com\/wp-content\/uploads\/2024\/08\/Solar-floodlight-1.jpg","type":"image\/jpeg"}],"twitter_card":"summary_large_image","twitter_misc":{"Tiempo de lectura":"1 minuto"},"schema":{"@context":"https:\/\/schema.org","@graph":[{"@type":"WebPage","@id":"https:\/\/sunvis-solar.com\/product\/dual-color-temperature-smart-solar-floodlight\/","url":"https:\/\/sunvis-solar.com\/product\/dual-color-temperature-smart-solar-floodlight\/","name":"Proyector solar de temperatura de color dual para stock de mayoristas - Fabricante de farolas solares y sistemas solares en China","isPartOf":{"@id":"https:\/\/sunvis-solar.com\/#website"},"primaryImageOfPage":{"@id":"https:\/\/sunvis-solar.com\/product\/dual-color-temperature-smart-solar-floodlight\/#primaryimage"},"image":{"@id":"https:\/\/sunvis-solar.com\/product\/dual-color-temperature-smart-solar-floodlight\/#primaryimage"},"thumbnailUrl":"https:\/\/sunvis-solar.com\/wp-content\/uploads\/2024\/08\/Solar-floodlight-1.jpg","datePublished":"2024-08-12T15:01:11+00:00","dateModified":"2024-08-12T15:30:59+00:00","description":"Foco solar con temperatura de color dual, que cambia libremente entre 3500K y 6000K. Especialmente adecuado para que los distribuidores hagan inventario. \u00a1Solicite precio ahora!","breadcrumb":{"@id":"https:\/\/sunvis-solar.com\/product\/dual-color-temperature-smart-solar-floodlight\/#breadcrumb"},"inLanguage":"es","potentialAction":[{"@type":"ReadAction","target":["https:\/\/sunvis-solar.com\/product\/dual-color-temperature-smart-solar-floodlight\/"]}]},{"@type":"ImageObject","inLanguage":"es","@id":"https:\/\/sunvis-solar.com\/product\/dual-color-temperature-smart-solar-floodlight\/#primaryimage","url":"https:\/\/sunvis-solar.com\/wp-content\/uploads\/2024\/08\/Solar-floodlight-1.jpg","contentUrl":"https:\/\/sunvis-solar.com\/wp-content\/uploads\/2024\/08\/Solar-floodlight-1.jpg","width":1087,"height":1060,"caption":"200W Solar floodlight"},{"@type":"BreadcrumbList","@id":"https:\/\/sunvis-solar.com\/product\/dual-color-temperature-smart-solar-floodlight\/#breadcrumb","itemListElement":[{"@type":"ListItem","position":1,"name":"Home","item":"https:\/\/sunvis-solar.com\/"},{"@type":"ListItem","position":2,"name":"Product","item":"https:\/\/sunvis-solar.com\/product\/"},{"@type":"ListItem","position":3,"name":"Dual Color Temperature Smart Solar Floodlight"}]},{"@type":"WebSite","@id":"https:\/\/sunvis-solar.com\/#website","url":"https:\/\/sunvis-solar.com\/","name":"Fabricante de farolas solares y sistemas solares en China","description":"Fabricante de farolas solares y sistemas solares en China","publisher":{"@id":"https:\/\/sunvis-solar.com\/#organization"},"potentialAction":[{"@type":"SearchAction","target":{"@type":"EntryPoint","urlTemplate":"https:\/\/sunvis-solar.com\/?s={search_term_string}"},"query-input":{"@type":"PropertyValueSpecification","valueRequired":true,"valueName":"search_term_string"}}],"inLanguage":"es"},{"@type":"Organization","@id":"https:\/\/sunvis-solar.com\/#organization","name":"Fabricante de farolas solares y sistemas solares en China","url":"https:\/\/sunvis-solar.com\/","logo":{"@type":"ImageObject","inLanguage":"es","@id":"https:\/\/sunvis-solar.com\/#\/schema\/logo\/image\/","url":"https:\/\/sunvis-solar.com\/wp-content\/uploads\/2023\/02\/SUNVIS-logo-2.png","contentUrl":"https:\/\/sunvis-solar.com\/wp-content\/uploads\/2023\/02\/SUNVIS-logo-2.png","width":200,"height":45,"caption":"Solar Street Light and Solar System Manufacturer in China"},"image":{"@id":"https:\/\/sunvis-solar.com\/#\/schema\/logo\/image\/"}}]}},"_links":{"self":[{"href":"https:\/\/sunvis-solar.com\/es\/wp-json\/wp\/v2\/product\/2293","targetHints":{"allow":["GET"]}}],"collection":[{"href":"https:\/\/sunvis-solar.com\/es\/wp-json\/wp\/v2\/product"}],"about":[{"href":"https:\/\/sunvis-solar.com\/es\/wp-json\/wp\/v2\/types\/product"}],"wp:featuredmedia":[{"embeddable":true,"href":"https:\/\/sunvis-solar.com\/es\/wp-json\/wp\/v2\/media\/2294"}],"wp:attachment":[{"href":"https:\/\/sunvis-solar.com\/es\/wp-json\/wp\/v2\/media?parent=2293"}],"wp:term":[{"taxonomy":"product_brand","embeddable":true,"href":"https:\/\/sunvis-solar.com\/es\/wp-json\/wp\/v2\/product_brand?post=2293"},{"taxonomy":"product_cat","embeddable":true,"href":"https:\/\/sunvis-solar.com\/es\/wp-json\/wp\/v2\/product_cat?post=2293"},{"taxonomy":"product_tag","embeddable":true,"href":"https:\/\/sunvis-solar.com\/es\/wp-json\/wp\/v2\/product_tag?post=2293"}],"curies":[{"name":"Gracias","href":"https:\/\/api.w.org\/{rel}","templated":true}]}}