{"id":1901,"date":"2023-08-19T14:52:28","date_gmt":"2023-08-19T14:52:28","guid":{"rendered":"https:\/\/sunvis-solar.com\/?post_type=product&#038;p=1901"},"modified":"2024-08-13T01:13:01","modified_gmt":"2024-08-13T01:13:01","slug":"farola-solar-cctv","status":"publish","type":"product","link":"https:\/\/sunvis-solar.com\/es\/product\/cctv-solar-street-light\/","title":{"rendered":"Farola solar con c\u00e1mara CCTV"},"content":{"rendered":"","protected":false},"excerpt":{"rendered":"<p>SUNVIS desarroll\u00f3 la versi\u00f3n 4G de monitoreo de farola solar integrada, una farola solar eficiente, respetuosa con el medio ambiente y f\u00e1cil de instalar. Tiene una funci\u00f3n de monitoreo incorporada con caracter\u00edsticas:<\/p>\n<ul>\n<li>Equipado con una lente de c\u00e1mara de 4 millones de p\u00edxeles.<\/li>\n<li>Consumo de energ\u00eda ultrabajo, que proporciona 365 d\u00edas de funcionamiento ininterrumpido.<\/li>\n<li>La lente presenta una rotaci\u00f3n de 360 grados, lo que garantiza una cobertura de monitoreo integral.<\/li>\n<li>Admite visualizaci\u00f3n en m\u00faltiples pantallas a trav\u00e9s de una aplicaci\u00f3n m\u00f3vil y una PC.<\/li>\n<li>Seguimiento de movimiento inteligente impulsado por IA.<\/li>\n<li>Funci\u00f3n de alarma con un clic.<\/li>\n<li>Ofrece una opci\u00f3n para 200 LM\/W y l\u00famenes totales que van desde 5000 a 12000 lm.<\/li>\n<\/ul>\n<p>La farola CCTV Solar es adecuada para parques, plazas, comunidades, estacionamientos y otros lugares para contratistas y mayoristas de importaci\u00f3n.<\/p>","protected":false},"featured_media":2316,"template":"","meta":[],"product_brand":[],"product_cat":[309,317],"product_tag":[],"class_list":{"0":"post-1901","1":"product","2":"type-product","3":"status-publish","4":"has-post-thumbnail","6":"product_cat-all-in-one","7":"product_cat-solar-street-light","9":"first","10":"instock","11":"shipping-taxable","12":"product-type-simple"},"yoast_head":"<!-- This site is optimized with the Yoast SEO plugin v27.3 - https:\/\/yoast.com\/product\/yoast-seo-wordpress\/ -->\n<title>Solar Street Light with 4G CCTV Camera | 24-hour Surveillance - SUNVIS<\/title>\n<meta name=\"description\" content=\"Solar Street Light with 4G CCTV Camera, 24-hour Surveillance. The best solar street light for Projects, Contact for a free quote now!\" \/>\n<meta name=\"robots\" content=\"index, follow, max-snippet:-1, max-image-preview:large, max-video-preview:-1\" \/>\n<link rel=\"canonical\" href=\"https:\/\/sunvis-solar.com\/es\/producto\/farola-solar-cctv\/\" \/>\n<meta property=\"og:locale\" content=\"es_ES\" \/>\n<meta property=\"og:type\" content=\"article\" \/>\n<meta property=\"og:title\" content=\"Solar Street Light with 4G CCTV Camera | 24-hour Surveillance - SUNVIS\" \/>\n<meta property=\"og:description\" content=\"Solar Street Light with 4G CCTV Camera, 24-hour Surveillance. The best solar street light for Projects, Contact for a free quote now!\" \/>\n<meta property=\"og:url\" content=\"https:\/\/sunvis-solar.com\/es\/producto\/farola-solar-cctv\/\" \/>\n<meta property=\"og:site_name\" content=\"Solar Street Light and Solar System Manufacturer in China\" \/>\n<meta property=\"article:modified_time\" content=\"2024-08-13T01:13:01+00:00\" \/>\n<meta property=\"og:image\" content=\"https:\/\/sunvis-solar.com\/wp-content\/uploads\/2023\/08\/SUNVIS-300W-Solar-Street-Light-with-CCTV-Camera.jpg\" \/>\n\t<meta property=\"og:image:width\" content=\"800\" \/>\n\t<meta property=\"og:image:height\" content=\"800\" \/>\n\t<meta property=\"og:image:type\" content=\"image\/jpeg\" \/>\n<meta name=\"twitter:card\" content=\"summary_large_image\" \/>\n<meta name=\"twitter:label1\" content=\"Tiempo de lectura\" \/>\n\t<meta name=\"twitter:data1\" content=\"1 minuto\" \/>\n<script type=\"application\/ld+json\" class=\"yoast-schema-graph\">{\"@context\":\"https:\\\/\\\/schema.org\",\"@graph\":[{\"@type\":\"WebPage\",\"@id\":\"https:\\\/\\\/sunvis-solar.com\\\/product\\\/cctv-solar-street-light\\\/\",\"url\":\"https:\\\/\\\/sunvis-solar.com\\\/product\\\/cctv-solar-street-light\\\/\",\"name\":\"Solar Street Light with 4G CCTV Camera | 24-hour Surveillance - SUNVIS\",\"isPartOf\":{\"@id\":\"https:\\\/\\\/sunvis-solar.com\\\/#website\"},\"primaryImageOfPage\":{\"@id\":\"https:\\\/\\\/sunvis-solar.com\\\/product\\\/cctv-solar-street-light\\\/#primaryimage\"},\"image\":{\"@id\":\"https:\\\/\\\/sunvis-solar.com\\\/product\\\/cctv-solar-street-light\\\/#primaryimage\"},\"thumbnailUrl\":\"https:\\\/\\\/sunvis-solar.com\\\/wp-content\\\/uploads\\\/2024\\\/08\\\/SUNVIS-300W-Solar-Street-Light-with-CCTV-Camera.jpg\",\"datePublished\":\"2023-08-19T14:52:28+00:00\",\"dateModified\":\"2024-08-13T01:13:01+00:00\",\"description\":\"Solar Street Light with 4G CCTV Camera, 24-hour Surveillance. The best solar street light for Projects, Contact for a free quote now!\",\"breadcrumb\":{\"@id\":\"https:\\\/\\\/sunvis-solar.com\\\/product\\\/cctv-solar-street-light\\\/#breadcrumb\"},\"inLanguage\":\"es\",\"potentialAction\":[{\"@type\":\"ReadAction\",\"target\":[\"https:\\\/\\\/sunvis-solar.com\\\/product\\\/cctv-solar-street-light\\\/\"]}]},{\"@type\":\"ImageObject\",\"inLanguage\":\"es\",\"@id\":\"https:\\\/\\\/sunvis-solar.com\\\/product\\\/cctv-solar-street-light\\\/#primaryimage\",\"url\":\"https:\\\/\\\/sunvis-solar.com\\\/wp-content\\\/uploads\\\/2024\\\/08\\\/SUNVIS-300W-Solar-Street-Light-with-CCTV-Camera.jpg\",\"contentUrl\":\"https:\\\/\\\/sunvis-solar.com\\\/wp-content\\\/uploads\\\/2024\\\/08\\\/SUNVIS-300W-Solar-Street-Light-with-CCTV-Camera.jpg\",\"width\":800,\"height\":800,\"caption\":\"SUNVIS 300W Solar Street Light with CCTV Camera\"},{\"@type\":\"BreadcrumbList\",\"@id\":\"https:\\\/\\\/sunvis-solar.com\\\/product\\\/cctv-solar-street-light\\\/#breadcrumb\",\"itemListElement\":[{\"@type\":\"ListItem\",\"position\":1,\"name\":\"Home\",\"item\":\"https:\\\/\\\/sunvis-solar.com\\\/\"},{\"@type\":\"ListItem\",\"position\":2,\"name\":\"Product\",\"item\":\"https:\\\/\\\/sunvis-solar.com\\\/product\\\/\"},{\"@type\":\"ListItem\",\"position\":3,\"name\":\"Solar Street Light with CCTV Camera\"}]},{\"@type\":\"WebSite\",\"@id\":\"https:\\\/\\\/sunvis-solar.com\\\/#website\",\"url\":\"https:\\\/\\\/sunvis-solar.com\\\/\",\"name\":\"Solar Street Light and Solar System Manufacturer in China\",\"description\":\"Solar Street Light and Solar System Manufacturer in China\",\"publisher\":{\"@id\":\"https:\\\/\\\/sunvis-solar.com\\\/#organization\"},\"potentialAction\":[{\"@type\":\"SearchAction\",\"target\":{\"@type\":\"EntryPoint\",\"urlTemplate\":\"https:\\\/\\\/sunvis-solar.com\\\/?s={search_term_string}\"},\"query-input\":{\"@type\":\"PropertyValueSpecification\",\"valueRequired\":true,\"valueName\":\"search_term_string\"}}],\"inLanguage\":\"es\"},{\"@type\":\"Organization\",\"@id\":\"https:\\\/\\\/sunvis-solar.com\\\/#organization\",\"name\":\"Solar Street Light and Solar System Manufacturer in China\",\"url\":\"https:\\\/\\\/sunvis-solar.com\\\/\",\"logo\":{\"@type\":\"ImageObject\",\"inLanguage\":\"es\",\"@id\":\"https:\\\/\\\/sunvis-solar.com\\\/#\\\/schema\\\/logo\\\/image\\\/\",\"url\":\"https:\\\/\\\/sunvis-solar.com\\\/wp-content\\\/uploads\\\/2023\\\/02\\\/SUNVIS-logo-2.png\",\"contentUrl\":\"https:\\\/\\\/sunvis-solar.com\\\/wp-content\\\/uploads\\\/2023\\\/02\\\/SUNVIS-logo-2.png\",\"width\":200,\"height\":45,\"caption\":\"Solar Street Light and Solar System Manufacturer in China\"},\"image\":{\"@id\":\"https:\\\/\\\/sunvis-solar.com\\\/#\\\/schema\\\/logo\\\/image\\\/\"}}]}<\/script>\n<!-- \/ Yoast SEO plugin. -->","yoast_head_json":{"title":"Farola solar con c\u00e1mara CCTV 4G | Vigilancia 24 horas - SUNVIS","description":"Farola Solar con C\u00e1mara CCTV 4G, Vigilancia 24 horas. La mejor farola solar para Proyectos, \u00a1Contacta para una cotizaci\u00f3n gratis ahora!","robots":{"index":"index","follow":"follow","max-snippet":"max-snippet:-1","max-image-preview":"max-image-preview:large","max-video-preview":"max-video-preview:-1"},"canonical":"https:\/\/sunvis-solar.com\/es\/producto\/farola-solar-cctv\/","og_locale":"es_ES","og_type":"article","og_title":"Solar Street Light with 4G CCTV Camera | 24-hour Surveillance - SUNVIS","og_description":"Solar Street Light with 4G CCTV Camera, 24-hour Surveillance. The best solar street light for Projects, Contact for a free quote now!","og_url":"https:\/\/sunvis-solar.com\/es\/producto\/farola-solar-cctv\/","og_site_name":"Solar Street Light and Solar System Manufacturer in China","article_modified_time":"2024-08-13T01:13:01+00:00","og_image":[{"width":800,"height":800,"url":"https:\/\/sunvis-solar.com\/wp-content\/uploads\/2023\/08\/SUNVIS-300W-Solar-Street-Light-with-CCTV-Camera.jpg","type":"image\/jpeg"}],"twitter_card":"summary_large_image","twitter_misc":{"Tiempo de lectura":"1 minuto"},"schema":{"@context":"https:\/\/schema.org","@graph":[{"@type":"WebPage","@id":"https:\/\/sunvis-solar.com\/product\/cctv-solar-street-light\/","url":"https:\/\/sunvis-solar.com\/product\/cctv-solar-street-light\/","name":"Farola solar con c\u00e1mara CCTV 4G | Vigilancia 24 horas - SUNVIS","isPartOf":{"@id":"https:\/\/sunvis-solar.com\/#website"},"primaryImageOfPage":{"@id":"https:\/\/sunvis-solar.com\/product\/cctv-solar-street-light\/#primaryimage"},"image":{"@id":"https:\/\/sunvis-solar.com\/product\/cctv-solar-street-light\/#primaryimage"},"thumbnailUrl":"https:\/\/sunvis-solar.com\/wp-content\/uploads\/2024\/08\/SUNVIS-300W-Solar-Street-Light-with-CCTV-Camera.jpg","datePublished":"2023-08-19T14:52:28+00:00","dateModified":"2024-08-13T01:13:01+00:00","description":"Farola Solar con C\u00e1mara CCTV 4G, Vigilancia 24 horas. La mejor farola solar para Proyectos, \u00a1Contacta para una cotizaci\u00f3n gratis ahora!","breadcrumb":{"@id":"https:\/\/sunvis-solar.com\/product\/cctv-solar-street-light\/#breadcrumb"},"inLanguage":"es","potentialAction":[{"@type":"ReadAction","target":["https:\/\/sunvis-solar.com\/product\/cctv-solar-street-light\/"]}]},{"@type":"ImageObject","inLanguage":"es","@id":"https:\/\/sunvis-solar.com\/product\/cctv-solar-street-light\/#primaryimage","url":"https:\/\/sunvis-solar.com\/wp-content\/uploads\/2024\/08\/SUNVIS-300W-Solar-Street-Light-with-CCTV-Camera.jpg","contentUrl":"https:\/\/sunvis-solar.com\/wp-content\/uploads\/2024\/08\/SUNVIS-300W-Solar-Street-Light-with-CCTV-Camera.jpg","width":800,"height":800,"caption":"SUNVIS 300W Solar Street Light with CCTV Camera"},{"@type":"BreadcrumbList","@id":"https:\/\/sunvis-solar.com\/product\/cctv-solar-street-light\/#breadcrumb","itemListElement":[{"@type":"ListItem","position":1,"name":"Home","item":"https:\/\/sunvis-solar.com\/"},{"@type":"ListItem","position":2,"name":"Product","item":"https:\/\/sunvis-solar.com\/product\/"},{"@type":"ListItem","position":3,"name":"Solar Street Light with CCTV Camera"}]},{"@type":"WebSite","@id":"https:\/\/sunvis-solar.com\/#website","url":"https:\/\/sunvis-solar.com\/","name":"Fabricante de farolas solares y sistemas solares en China","description":"Fabricante de farolas solares y sistemas solares en China","publisher":{"@id":"https:\/\/sunvis-solar.com\/#organization"},"potentialAction":[{"@type":"SearchAction","target":{"@type":"EntryPoint","urlTemplate":"https:\/\/sunvis-solar.com\/?s={search_term_string}"},"query-input":{"@type":"PropertyValueSpecification","valueRequired":true,"valueName":"search_term_string"}}],"inLanguage":"es"},{"@type":"Organization","@id":"https:\/\/sunvis-solar.com\/#organization","name":"Fabricante de farolas solares y sistemas solares en China","url":"https:\/\/sunvis-solar.com\/","logo":{"@type":"ImageObject","inLanguage":"es","@id":"https:\/\/sunvis-solar.com\/#\/schema\/logo\/image\/","url":"https:\/\/sunvis-solar.com\/wp-content\/uploads\/2023\/02\/SUNVIS-logo-2.png","contentUrl":"https:\/\/sunvis-solar.com\/wp-content\/uploads\/2023\/02\/SUNVIS-logo-2.png","width":200,"height":45,"caption":"Solar Street Light and Solar System Manufacturer in China"},"image":{"@id":"https:\/\/sunvis-solar.com\/#\/schema\/logo\/image\/"}}]}},"_links":{"self":[{"href":"https:\/\/sunvis-solar.com\/es\/wp-json\/wp\/v2\/product\/1901","targetHints":{"allow":["GET"]}}],"collection":[{"href":"https:\/\/sunvis-solar.com\/es\/wp-json\/wp\/v2\/product"}],"about":[{"href":"https:\/\/sunvis-solar.com\/es\/wp-json\/wp\/v2\/types\/product"}],"wp:featuredmedia":[{"embeddable":true,"href":"https:\/\/sunvis-solar.com\/es\/wp-json\/wp\/v2\/media\/2316"}],"wp:attachment":[{"href":"https:\/\/sunvis-solar.com\/es\/wp-json\/wp\/v2\/media?parent=1901"}],"wp:term":[{"taxonomy":"product_brand","embeddable":true,"href":"https:\/\/sunvis-solar.com\/es\/wp-json\/wp\/v2\/product_brand?post=1901"},{"taxonomy":"product_cat","embeddable":true,"href":"https:\/\/sunvis-solar.com\/es\/wp-json\/wp\/v2\/product_cat?post=1901"},{"taxonomy":"product_tag","embeddable":true,"href":"https:\/\/sunvis-solar.com\/es\/wp-json\/wp\/v2\/product_tag?post=1901"}],"curies":[{"name":"Gracias","href":"https:\/\/api.w.org\/{rel}","templated":true}]}}