{"id":1833,"date":"2023-08-13T15:28:20","date_gmt":"2023-08-13T15:28:20","guid":{"rendered":"https:\/\/sunvis-solar.com\/?post_type=product&#038;p=1833"},"modified":"2024-08-13T01:33:33","modified_gmt":"2024-08-13T01:33:33","slug":"fx-all-in-one-solar-street-light","status":"publish","type":"product","link":"https:\/\/sunvis-solar.com\/es\/product\/fx-all-in-one-solar-street-light\/","title":{"rendered":"Serie FX 40W-120W Farola solar todo en uno"},"content":{"rendered":"","protected":false},"excerpt":{"rendered":"<p>El cuerpo de la l\u00e1mpara est\u00e1 hecho de aluminio fundido a presi\u00f3n para soportar altas temperaturas y evitar la oxidaci\u00f3n, y los LED son modulares para un f\u00e1cil reemplazo. El \u00e1ngulo de montaje de la farola es ajustable para diferentes instalaciones de postes. Disponible en varios vatajes, incluidos 40 W, 50 W, 60 W, 80 W, 100 W y 120 W.<br \/>\nCaracter\u00edsticas:<\/p>\n<ul>\n<li>El dise\u00f1o patentado le permite evitar la competencia de precios<\/li>\n<li>Usando CREE 220LM\/W, chip LED con \u00e1ngulo de haz de 140\u00b0 para un \u00e1rea de irradiaci\u00f3n m\u00e1s amplia<\/li>\n<li>Bater\u00eda de fosfato de hierro y litio, 2000 ciclos @ 80% DOD<\/li>\n<li>Monitoreo CCTV opcional para monitoreo remoto<\/li>\n<li>Ahorro de energ\u00eda y protecci\u00f3n del medio ambiente, preferido por las farolas municipales<\/li>\n<li>Dise\u00f1o todo en uno, f\u00e1cil de instalar y ahorrar costos de mano de obra<\/li>\n<\/ul>","protected":false},"featured_media":2318,"template":"","meta":[],"product_brand":[],"product_cat":[309],"product_tag":[],"class_list":{"0":"post-1833","1":"product","2":"type-product","3":"status-publish","4":"has-post-thumbnail","6":"product_cat-all-in-one","8":"first","9":"instock","10":"shipping-taxable","11":"product-type-simple"},"yoast_head":"<!-- This site is optimized with the Yoast SEO plugin v27.3 - https:\/\/yoast.com\/product\/yoast-seo-wordpress\/ -->\n<title>Solar Street Lights 2.0: 40W-120W All-In-One - SUNVIS SOLAR<\/title>\n<meta name=\"description\" content=\"Illuminate The Night With Our All-in-one Solar Solutions. Energy-efficient &amp; Easy To Install. Contact Now For Free Quotation\" \/>\n<meta name=\"robots\" content=\"index, follow, max-snippet:-1, max-image-preview:large, max-video-preview:-1\" \/>\n<link rel=\"canonical\" href=\"https:\/\/sunvis-solar.com\/es\/producto\/fx-all-in-one-solar-street-light\/\" \/>\n<meta property=\"og:locale\" content=\"es_ES\" \/>\n<meta property=\"og:type\" content=\"article\" \/>\n<meta property=\"og:title\" content=\"Solar Street Lights 2.0: 40W-120W All-In-One - SUNVIS SOLAR\" \/>\n<meta property=\"og:description\" content=\"Illuminate The Night With Our All-in-one Solar Solutions. Energy-efficient &amp; Easy To Install. Contact Now For Free Quotation\" \/>\n<meta property=\"og:url\" content=\"https:\/\/sunvis-solar.com\/es\/producto\/fx-all-in-one-solar-street-light\/\" \/>\n<meta property=\"og:site_name\" content=\"Solar Street Light and Solar System Manufacturer in China\" \/>\n<meta property=\"article:modified_time\" content=\"2024-08-13T01:33:33+00:00\" \/>\n<meta property=\"og:image\" content=\"https:\/\/sunvis-solar.com\/wp-content\/uploads\/2023\/08\/120W-ALL-IN-ONE-Solar-Street-Light.png\" \/>\n\t<meta property=\"og:image:width\" content=\"800\" \/>\n\t<meta property=\"og:image:height\" content=\"800\" \/>\n\t<meta property=\"og:image:type\" content=\"image\/png\" \/>\n<meta name=\"twitter:card\" content=\"summary_large_image\" \/>\n<meta name=\"twitter:label1\" content=\"Tiempo de lectura\" \/>\n\t<meta name=\"twitter:data1\" content=\"1 minuto\" \/>\n<script type=\"application\/ld+json\" class=\"yoast-schema-graph\">{\"@context\":\"https:\\\/\\\/schema.org\",\"@graph\":[{\"@type\":\"WebPage\",\"@id\":\"https:\\\/\\\/sunvis-solar.com\\\/product\\\/fx-all-in-one-solar-street-light\\\/\",\"url\":\"https:\\\/\\\/sunvis-solar.com\\\/product\\\/fx-all-in-one-solar-street-light\\\/\",\"name\":\"Solar Street Lights 2.0: 40W-120W All-In-One - SUNVIS SOLAR\",\"isPartOf\":{\"@id\":\"https:\\\/\\\/sunvis-solar.com\\\/#website\"},\"primaryImageOfPage\":{\"@id\":\"https:\\\/\\\/sunvis-solar.com\\\/product\\\/fx-all-in-one-solar-street-light\\\/#primaryimage\"},\"image\":{\"@id\":\"https:\\\/\\\/sunvis-solar.com\\\/product\\\/fx-all-in-one-solar-street-light\\\/#primaryimage\"},\"thumbnailUrl\":\"https:\\\/\\\/sunvis-solar.com\\\/wp-content\\\/uploads\\\/2024\\\/08\\\/120W-ALL-IN-ONE-Solar-Street-Light.png\",\"datePublished\":\"2023-08-13T15:28:20+00:00\",\"dateModified\":\"2024-08-13T01:33:33+00:00\",\"description\":\"Illuminate The Night With Our All-in-one Solar Solutions. Energy-efficient & Easy To Install. Contact Now For Free Quotation\",\"breadcrumb\":{\"@id\":\"https:\\\/\\\/sunvis-solar.com\\\/product\\\/fx-all-in-one-solar-street-light\\\/#breadcrumb\"},\"inLanguage\":\"es\",\"potentialAction\":[{\"@type\":\"ReadAction\",\"target\":[\"https:\\\/\\\/sunvis-solar.com\\\/product\\\/fx-all-in-one-solar-street-light\\\/\"]}]},{\"@type\":\"ImageObject\",\"inLanguage\":\"es\",\"@id\":\"https:\\\/\\\/sunvis-solar.com\\\/product\\\/fx-all-in-one-solar-street-light\\\/#primaryimage\",\"url\":\"https:\\\/\\\/sunvis-solar.com\\\/wp-content\\\/uploads\\\/2024\\\/08\\\/120W-ALL-IN-ONE-Solar-Street-Light.png\",\"contentUrl\":\"https:\\\/\\\/sunvis-solar.com\\\/wp-content\\\/uploads\\\/2024\\\/08\\\/120W-ALL-IN-ONE-Solar-Street-Light.png\",\"width\":800,\"height\":800,\"caption\":\"120W ALL IN ONE Solar Street Light\"},{\"@type\":\"BreadcrumbList\",\"@id\":\"https:\\\/\\\/sunvis-solar.com\\\/product\\\/fx-all-in-one-solar-street-light\\\/#breadcrumb\",\"itemListElement\":[{\"@type\":\"ListItem\",\"position\":1,\"name\":\"Home\",\"item\":\"https:\\\/\\\/sunvis-solar.com\\\/\"},{\"@type\":\"ListItem\",\"position\":2,\"name\":\"Product\",\"item\":\"https:\\\/\\\/sunvis-solar.com\\\/product\\\/\"},{\"@type\":\"ListItem\",\"position\":3,\"name\":\"FX Series 40W-120W All In One Solar Street Light\"}]},{\"@type\":\"WebSite\",\"@id\":\"https:\\\/\\\/sunvis-solar.com\\\/#website\",\"url\":\"https:\\\/\\\/sunvis-solar.com\\\/\",\"name\":\"Solar Street Light and Solar System Manufacturer in China\",\"description\":\"Solar Street Light and Solar System Manufacturer in China\",\"publisher\":{\"@id\":\"https:\\\/\\\/sunvis-solar.com\\\/#organization\"},\"potentialAction\":[{\"@type\":\"SearchAction\",\"target\":{\"@type\":\"EntryPoint\",\"urlTemplate\":\"https:\\\/\\\/sunvis-solar.com\\\/?s={search_term_string}\"},\"query-input\":{\"@type\":\"PropertyValueSpecification\",\"valueRequired\":true,\"valueName\":\"search_term_string\"}}],\"inLanguage\":\"es\"},{\"@type\":\"Organization\",\"@id\":\"https:\\\/\\\/sunvis-solar.com\\\/#organization\",\"name\":\"Solar Street Light and Solar System Manufacturer in China\",\"url\":\"https:\\\/\\\/sunvis-solar.com\\\/\",\"logo\":{\"@type\":\"ImageObject\",\"inLanguage\":\"es\",\"@id\":\"https:\\\/\\\/sunvis-solar.com\\\/#\\\/schema\\\/logo\\\/image\\\/\",\"url\":\"https:\\\/\\\/sunvis-solar.com\\\/wp-content\\\/uploads\\\/2023\\\/02\\\/SUNVIS-logo-2.png\",\"contentUrl\":\"https:\\\/\\\/sunvis-solar.com\\\/wp-content\\\/uploads\\\/2023\\\/02\\\/SUNVIS-logo-2.png\",\"width\":200,\"height\":45,\"caption\":\"Solar Street Light and Solar System Manufacturer in China\"},\"image\":{\"@id\":\"https:\\\/\\\/sunvis-solar.com\\\/#\\\/schema\\\/logo\\\/image\\\/\"}}]}<\/script>\n<!-- \/ Yoast SEO plugin. -->","yoast_head_json":{"title":"Farolas Solares 2.0: 40W-120W Todo en Uno - SUNVIS SOLAR","description":"Ilumine la noche con nuestras soluciones solares todo en uno. Eficiencia energ\u00e9tica y f\u00e1cil de instalar. P\u00f3ngase en contacto ahora para una cotizaci\u00f3n gratis","robots":{"index":"index","follow":"follow","max-snippet":"max-snippet:-1","max-image-preview":"max-image-preview:large","max-video-preview":"max-video-preview:-1"},"canonical":"https:\/\/sunvis-solar.com\/es\/producto\/fx-all-in-one-solar-street-light\/","og_locale":"es_ES","og_type":"article","og_title":"Solar Street Lights 2.0: 40W-120W All-In-One - SUNVIS SOLAR","og_description":"Illuminate The Night With Our All-in-one Solar Solutions. Energy-efficient & Easy To Install. Contact Now For Free Quotation","og_url":"https:\/\/sunvis-solar.com\/es\/producto\/fx-all-in-one-solar-street-light\/","og_site_name":"Solar Street Light and Solar System Manufacturer in China","article_modified_time":"2024-08-13T01:33:33+00:00","og_image":[{"width":800,"height":800,"url":"https:\/\/sunvis-solar.com\/wp-content\/uploads\/2023\/08\/120W-ALL-IN-ONE-Solar-Street-Light.png","type":"image\/png"}],"twitter_card":"summary_large_image","twitter_misc":{"Tiempo de lectura":"1 minuto"},"schema":{"@context":"https:\/\/schema.org","@graph":[{"@type":"WebPage","@id":"https:\/\/sunvis-solar.com\/product\/fx-all-in-one-solar-street-light\/","url":"https:\/\/sunvis-solar.com\/product\/fx-all-in-one-solar-street-light\/","name":"Farolas Solares 2.0: 40W-120W Todo en Uno - SUNVIS SOLAR","isPartOf":{"@id":"https:\/\/sunvis-solar.com\/#website"},"primaryImageOfPage":{"@id":"https:\/\/sunvis-solar.com\/product\/fx-all-in-one-solar-street-light\/#primaryimage"},"image":{"@id":"https:\/\/sunvis-solar.com\/product\/fx-all-in-one-solar-street-light\/#primaryimage"},"thumbnailUrl":"https:\/\/sunvis-solar.com\/wp-content\/uploads\/2024\/08\/120W-ALL-IN-ONE-Solar-Street-Light.png","datePublished":"2023-08-13T15:28:20+00:00","dateModified":"2024-08-13T01:33:33+00:00","description":"Ilumine la noche con nuestras soluciones solares todo en uno. Eficiencia energ\u00e9tica y f\u00e1cil de instalar. P\u00f3ngase en contacto ahora para una cotizaci\u00f3n gratis","breadcrumb":{"@id":"https:\/\/sunvis-solar.com\/product\/fx-all-in-one-solar-street-light\/#breadcrumb"},"inLanguage":"es","potentialAction":[{"@type":"ReadAction","target":["https:\/\/sunvis-solar.com\/product\/fx-all-in-one-solar-street-light\/"]}]},{"@type":"ImageObject","inLanguage":"es","@id":"https:\/\/sunvis-solar.com\/product\/fx-all-in-one-solar-street-light\/#primaryimage","url":"https:\/\/sunvis-solar.com\/wp-content\/uploads\/2024\/08\/120W-ALL-IN-ONE-Solar-Street-Light.png","contentUrl":"https:\/\/sunvis-solar.com\/wp-content\/uploads\/2024\/08\/120W-ALL-IN-ONE-Solar-Street-Light.png","width":800,"height":800,"caption":"120W ALL IN ONE Solar Street Light"},{"@type":"BreadcrumbList","@id":"https:\/\/sunvis-solar.com\/product\/fx-all-in-one-solar-street-light\/#breadcrumb","itemListElement":[{"@type":"ListItem","position":1,"name":"Home","item":"https:\/\/sunvis-solar.com\/"},{"@type":"ListItem","position":2,"name":"Product","item":"https:\/\/sunvis-solar.com\/product\/"},{"@type":"ListItem","position":3,"name":"FX Series 40W-120W All In One Solar Street Light"}]},{"@type":"WebSite","@id":"https:\/\/sunvis-solar.com\/#website","url":"https:\/\/sunvis-solar.com\/","name":"Fabricante de farolas solares y sistemas solares en China","description":"Fabricante de farolas solares y sistemas solares en China","publisher":{"@id":"https:\/\/sunvis-solar.com\/#organization"},"potentialAction":[{"@type":"SearchAction","target":{"@type":"EntryPoint","urlTemplate":"https:\/\/sunvis-solar.com\/?s={search_term_string}"},"query-input":{"@type":"PropertyValueSpecification","valueRequired":true,"valueName":"search_term_string"}}],"inLanguage":"es"},{"@type":"Organization","@id":"https:\/\/sunvis-solar.com\/#organization","name":"Fabricante de farolas solares y sistemas solares en China","url":"https:\/\/sunvis-solar.com\/","logo":{"@type":"ImageObject","inLanguage":"es","@id":"https:\/\/sunvis-solar.com\/#\/schema\/logo\/image\/","url":"https:\/\/sunvis-solar.com\/wp-content\/uploads\/2023\/02\/SUNVIS-logo-2.png","contentUrl":"https:\/\/sunvis-solar.com\/wp-content\/uploads\/2023\/02\/SUNVIS-logo-2.png","width":200,"height":45,"caption":"Solar Street Light and Solar System Manufacturer in China"},"image":{"@id":"https:\/\/sunvis-solar.com\/#\/schema\/logo\/image\/"}}]}},"_links":{"self":[{"href":"https:\/\/sunvis-solar.com\/es\/wp-json\/wp\/v2\/product\/1833","targetHints":{"allow":["GET"]}}],"collection":[{"href":"https:\/\/sunvis-solar.com\/es\/wp-json\/wp\/v2\/product"}],"about":[{"href":"https:\/\/sunvis-solar.com\/es\/wp-json\/wp\/v2\/types\/product"}],"wp:featuredmedia":[{"embeddable":true,"href":"https:\/\/sunvis-solar.com\/es\/wp-json\/wp\/v2\/media\/2318"}],"wp:attachment":[{"href":"https:\/\/sunvis-solar.com\/es\/wp-json\/wp\/v2\/media?parent=1833"}],"wp:term":[{"taxonomy":"product_brand","embeddable":true,"href":"https:\/\/sunvis-solar.com\/es\/wp-json\/wp\/v2\/product_brand?post=1833"},{"taxonomy":"product_cat","embeddable":true,"href":"https:\/\/sunvis-solar.com\/es\/wp-json\/wp\/v2\/product_cat?post=1833"},{"taxonomy":"product_tag","embeddable":true,"href":"https:\/\/sunvis-solar.com\/es\/wp-json\/wp\/v2\/product_tag?post=1833"}],"curies":[{"name":"Gracias","href":"https:\/\/api.w.org\/{rel}","templated":true}]}}