{"id":1223,"date":"2022-10-08T00:48:03","date_gmt":"2022-10-08T00:48:03","guid":{"rendered":"https:\/\/sunvis-solar.com\/?post_type=product&#038;p=1223"},"modified":"2023-08-14T16:33:59","modified_gmt":"2023-08-14T16:33:59","slug":"sg1230w-generador-solar","status":"publish","type":"product","link":"https:\/\/sunvis-solar.com\/es\/product\/sg1230w-solar-generator\/","title":{"rendered":"SG1230W Venta caliente 30W Generador solar Sistema de iluminaci\u00f3n solar peque\u00f1o para uso dom\u00e9stico"},"content":{"rendered":"","protected":false},"excerpt":{"rendered":"<p style=\"text-align: left;\">Buscando un confiable y eficiente <a href=\"https:\/\/sunvis-solar.com\/es\/sistema-solar-domestico-portatil\/\">Fabricante de generadores solares port\u00e1tiles<\/a>? No busque m\u00e1s que el SUNVIS<a href=\"https:\/\/sunvis-solar.com\/es\/producto\/sg1230w-generador-solar\/\"> Serie SG<\/a> \u00a1Sistema solar port\u00e1til para el hogar! Este sistema vers\u00e1til es perfecto para alimentar el hogar o la oficina en caso de un corte de energ\u00eda, o para usar como fuente de energ\u00eda de respaldo cuando viaja.<\/p>\n<p style=\"text-align: left;\">La serie SUNVIS SG se compone de un <a href=\"https:\/\/sunvis-solar.com\/es\/perc-panel-solar\/\">panel solar<\/a>, caja de alimentaci\u00f3n, bombilla, cable de carga del tel\u00e9fono celular y otros accesorios. La radio, el cargador del tel\u00e9fono m\u00f3vil, el controlador solar y <a href=\"https:\/\/sunvis-solar.com\/es\/bateria-lifepo4-solar\/\">bateria solar<\/a> est\u00e1n todos integrados en la caja de alimentaci\u00f3n, lo que facilita su uso y transporte.<\/p>\n<p style=\"text-align: left;\">Con este sistema solar se puede desarrollar el mercado donde falta electricidad, o donde no hay electricidad y tambi\u00e9n se puede desarrollar el mercado de camping.<\/p>\n<p>&nbsp;<\/p>","protected":false},"featured_media":179,"template":"","meta":[],"product_brand":[],"product_cat":[308],"product_tag":[],"class_list":{"0":"post-1223","1":"product","2":"type-product","3":"status-publish","4":"has-post-thumbnail","6":"product_cat-portable-solar-home-system","8":"first","9":"instock","10":"shipping-taxable","11":"product-type-simple"},"yoast_head":"<!-- This site is optimized with the Yoast SEO plugin v27.3 - https:\/\/yoast.com\/product\/yoast-seo-wordpress\/ -->\n<title>SG1230W Solar Generator | Reliable Solar Generator Manufacturer<\/title>\n<meta name=\"description\" content=\"SUNVIS is a professional manufacturer of Portable Solar Generator. Our Solar Generator can be with 2-6 lamps and TV and Fan. Order now and get factory price for your business!\" \/>\n<meta name=\"robots\" content=\"index, follow, max-snippet:-1, max-image-preview:large, max-video-preview:-1\" \/>\n<link rel=\"canonical\" href=\"https:\/\/sunvis-solar.com\/es\/producto\/sg1230w-generador-solar\/\" \/>\n<meta property=\"og:locale\" content=\"es_ES\" \/>\n<meta property=\"og:type\" content=\"article\" \/>\n<meta property=\"og:title\" content=\"SG1230W Solar Generator | Reliable Solar Generator Manufacturer\" \/>\n<meta property=\"og:description\" content=\"SUNVIS is a professional manufacturer of Portable Solar Generator. Our Solar Generator can be with 2-6 lamps and TV and Fan. Order now and get factory price for your business!\" \/>\n<meta property=\"og:url\" content=\"https:\/\/sunvis-solar.com\/es\/producto\/sg1230w-generador-solar\/\" \/>\n<meta property=\"og:site_name\" content=\"Solar Street Light and Solar System Manufacturer in China\" \/>\n<meta property=\"article:modified_time\" content=\"2023-08-14T16:33:59+00:00\" \/>\n<meta property=\"og:image\" content=\"https:\/\/sunvis-solar.com\/wp-content\/uploads\/2020\/06\/SG1230W-Solar-Home-System.jpg\" \/>\n\t<meta property=\"og:image:width\" content=\"600\" \/>\n\t<meta property=\"og:image:height\" content=\"600\" \/>\n\t<meta property=\"og:image:type\" content=\"image\/jpeg\" \/>\n<meta name=\"twitter:card\" content=\"summary_large_image\" \/>\n<script type=\"application\/ld+json\" class=\"yoast-schema-graph\">{\"@context\":\"https:\\\/\\\/schema.org\",\"@graph\":[{\"@type\":\"WebPage\",\"@id\":\"https:\\\/\\\/sunvis-solar.com\\\/product\\\/sg1230w-solar-generator\\\/\",\"url\":\"https:\\\/\\\/sunvis-solar.com\\\/product\\\/sg1230w-solar-generator\\\/\",\"name\":\"SG1230W Solar Generator | Reliable Solar Generator Manufacturer\",\"isPartOf\":{\"@id\":\"https:\\\/\\\/sunvis-solar.com\\\/#website\"},\"primaryImageOfPage\":{\"@id\":\"https:\\\/\\\/sunvis-solar.com\\\/product\\\/sg1230w-solar-generator\\\/#primaryimage\"},\"image\":{\"@id\":\"https:\\\/\\\/sunvis-solar.com\\\/product\\\/sg1230w-solar-generator\\\/#primaryimage\"},\"thumbnailUrl\":\"https:\\\/\\\/sunvis-solar.com\\\/wp-content\\\/uploads\\\/2020\\\/06\\\/SG1230W-Solar-Home-System.jpg\",\"datePublished\":\"2022-10-08T00:48:03+00:00\",\"dateModified\":\"2023-08-14T16:33:59+00:00\",\"description\":\"SUNVIS is a professional manufacturer of Portable Solar Generator. Our Solar Generator can be with 2-6 lamps and TV and Fan. Order now and get factory price for your business!\",\"breadcrumb\":{\"@id\":\"https:\\\/\\\/sunvis-solar.com\\\/product\\\/sg1230w-solar-generator\\\/#breadcrumb\"},\"inLanguage\":\"es\",\"potentialAction\":[{\"@type\":\"ReadAction\",\"target\":[\"https:\\\/\\\/sunvis-solar.com\\\/product\\\/sg1230w-solar-generator\\\/\"]}]},{\"@type\":\"ImageObject\",\"inLanguage\":\"es\",\"@id\":\"https:\\\/\\\/sunvis-solar.com\\\/product\\\/sg1230w-solar-generator\\\/#primaryimage\",\"url\":\"https:\\\/\\\/sunvis-solar.com\\\/wp-content\\\/uploads\\\/2020\\\/06\\\/SG1230W-Solar-Home-System.jpg\",\"contentUrl\":\"https:\\\/\\\/sunvis-solar.com\\\/wp-content\\\/uploads\\\/2020\\\/06\\\/SG1230W-Solar-Home-System.jpg\",\"width\":600,\"height\":600,\"caption\":\"SG1230W Solar Home System\"},{\"@type\":\"BreadcrumbList\",\"@id\":\"https:\\\/\\\/sunvis-solar.com\\\/product\\\/sg1230w-solar-generator\\\/#breadcrumb\",\"itemListElement\":[{\"@type\":\"ListItem\",\"position\":1,\"name\":\"Home\",\"item\":\"https:\\\/\\\/sunvis-solar.com\\\/\"},{\"@type\":\"ListItem\",\"position\":2,\"name\":\"Product\",\"item\":\"https:\\\/\\\/sunvis-solar.com\\\/product\\\/\"},{\"@type\":\"ListItem\",\"position\":3,\"name\":\"SG1230W Hot selling 30W Solar Generator Solar Lighting Small System for Home Use\"}]},{\"@type\":\"WebSite\",\"@id\":\"https:\\\/\\\/sunvis-solar.com\\\/#website\",\"url\":\"https:\\\/\\\/sunvis-solar.com\\\/\",\"name\":\"Solar Street Light and Solar System Manufacturer in China\",\"description\":\"Solar Street Light and Solar System Manufacturer in China\",\"publisher\":{\"@id\":\"https:\\\/\\\/sunvis-solar.com\\\/#organization\"},\"potentialAction\":[{\"@type\":\"SearchAction\",\"target\":{\"@type\":\"EntryPoint\",\"urlTemplate\":\"https:\\\/\\\/sunvis-solar.com\\\/?s={search_term_string}\"},\"query-input\":{\"@type\":\"PropertyValueSpecification\",\"valueRequired\":true,\"valueName\":\"search_term_string\"}}],\"inLanguage\":\"es\"},{\"@type\":\"Organization\",\"@id\":\"https:\\\/\\\/sunvis-solar.com\\\/#organization\",\"name\":\"Solar Street Light and Solar System Manufacturer in China\",\"url\":\"https:\\\/\\\/sunvis-solar.com\\\/\",\"logo\":{\"@type\":\"ImageObject\",\"inLanguage\":\"es\",\"@id\":\"https:\\\/\\\/sunvis-solar.com\\\/#\\\/schema\\\/logo\\\/image\\\/\",\"url\":\"https:\\\/\\\/sunvis-solar.com\\\/wp-content\\\/uploads\\\/2023\\\/02\\\/SUNVIS-logo-2.png\",\"contentUrl\":\"https:\\\/\\\/sunvis-solar.com\\\/wp-content\\\/uploads\\\/2023\\\/02\\\/SUNVIS-logo-2.png\",\"width\":200,\"height\":45,\"caption\":\"Solar Street Light and Solar System Manufacturer in China\"},\"image\":{\"@id\":\"https:\\\/\\\/sunvis-solar.com\\\/#\\\/schema\\\/logo\\\/image\\\/\"}}]}<\/script>\n<!-- \/ Yoast SEO plugin. -->","yoast_head_json":{"title":"Generador solar SG1230W | Fabricante confiable de generadores solares","description":"SUNVIS es un fabricante profesional de generadores solares port\u00e1tiles. Nuestro generador solar puede tener de 2 a 6 l\u00e1mparas, TV y ventilador. \u00a1Ordene ahora y obtenga el precio de f\u00e1brica para su negocio!","robots":{"index":"index","follow":"follow","max-snippet":"max-snippet:-1","max-image-preview":"max-image-preview:large","max-video-preview":"max-video-preview:-1"},"canonical":"https:\/\/sunvis-solar.com\/es\/producto\/sg1230w-generador-solar\/","og_locale":"es_ES","og_type":"article","og_title":"SG1230W Solar Generator | Reliable Solar Generator Manufacturer","og_description":"SUNVIS is a professional manufacturer of Portable Solar Generator. Our Solar Generator can be with 2-6 lamps and TV and Fan. Order now and get factory price for your business!","og_url":"https:\/\/sunvis-solar.com\/es\/producto\/sg1230w-generador-solar\/","og_site_name":"Solar Street Light and Solar System Manufacturer in China","article_modified_time":"2023-08-14T16:33:59+00:00","og_image":[{"width":600,"height":600,"url":"https:\/\/sunvis-solar.com\/wp-content\/uploads\/2020\/06\/SG1230W-Solar-Home-System.jpg","type":"image\/jpeg"}],"twitter_card":"summary_large_image","schema":{"@context":"https:\/\/schema.org","@graph":[{"@type":"WebPage","@id":"https:\/\/sunvis-solar.com\/product\/sg1230w-solar-generator\/","url":"https:\/\/sunvis-solar.com\/product\/sg1230w-solar-generator\/","name":"Generador solar SG1230W | Fabricante confiable de generadores solares","isPartOf":{"@id":"https:\/\/sunvis-solar.com\/#website"},"primaryImageOfPage":{"@id":"https:\/\/sunvis-solar.com\/product\/sg1230w-solar-generator\/#primaryimage"},"image":{"@id":"https:\/\/sunvis-solar.com\/product\/sg1230w-solar-generator\/#primaryimage"},"thumbnailUrl":"https:\/\/sunvis-solar.com\/wp-content\/uploads\/2020\/06\/SG1230W-Solar-Home-System.jpg","datePublished":"2022-10-08T00:48:03+00:00","dateModified":"2023-08-14T16:33:59+00:00","description":"SUNVIS es un fabricante profesional de generadores solares port\u00e1tiles. Nuestro generador solar puede tener de 2 a 6 l\u00e1mparas, TV y ventilador. \u00a1Ordene ahora y obtenga el precio de f\u00e1brica para su negocio!","breadcrumb":{"@id":"https:\/\/sunvis-solar.com\/product\/sg1230w-solar-generator\/#breadcrumb"},"inLanguage":"es","potentialAction":[{"@type":"ReadAction","target":["https:\/\/sunvis-solar.com\/product\/sg1230w-solar-generator\/"]}]},{"@type":"ImageObject","inLanguage":"es","@id":"https:\/\/sunvis-solar.com\/product\/sg1230w-solar-generator\/#primaryimage","url":"https:\/\/sunvis-solar.com\/wp-content\/uploads\/2020\/06\/SG1230W-Solar-Home-System.jpg","contentUrl":"https:\/\/sunvis-solar.com\/wp-content\/uploads\/2020\/06\/SG1230W-Solar-Home-System.jpg","width":600,"height":600,"caption":"SG1230W Solar Home System"},{"@type":"BreadcrumbList","@id":"https:\/\/sunvis-solar.com\/product\/sg1230w-solar-generator\/#breadcrumb","itemListElement":[{"@type":"ListItem","position":1,"name":"Home","item":"https:\/\/sunvis-solar.com\/"},{"@type":"ListItem","position":2,"name":"Product","item":"https:\/\/sunvis-solar.com\/product\/"},{"@type":"ListItem","position":3,"name":"SG1230W Hot selling 30W Solar Generator Solar Lighting Small System for Home Use"}]},{"@type":"WebSite","@id":"https:\/\/sunvis-solar.com\/#website","url":"https:\/\/sunvis-solar.com\/","name":"Fabricante de farolas solares y sistemas solares en China","description":"Fabricante de farolas solares y sistemas solares en China","publisher":{"@id":"https:\/\/sunvis-solar.com\/#organization"},"potentialAction":[{"@type":"SearchAction","target":{"@type":"EntryPoint","urlTemplate":"https:\/\/sunvis-solar.com\/?s={search_term_string}"},"query-input":{"@type":"PropertyValueSpecification","valueRequired":true,"valueName":"search_term_string"}}],"inLanguage":"es"},{"@type":"Organization","@id":"https:\/\/sunvis-solar.com\/#organization","name":"Fabricante de farolas solares y sistemas solares en China","url":"https:\/\/sunvis-solar.com\/","logo":{"@type":"ImageObject","inLanguage":"es","@id":"https:\/\/sunvis-solar.com\/#\/schema\/logo\/image\/","url":"https:\/\/sunvis-solar.com\/wp-content\/uploads\/2023\/02\/SUNVIS-logo-2.png","contentUrl":"https:\/\/sunvis-solar.com\/wp-content\/uploads\/2023\/02\/SUNVIS-logo-2.png","width":200,"height":45,"caption":"Solar Street Light and Solar System Manufacturer in China"},"image":{"@id":"https:\/\/sunvis-solar.com\/#\/schema\/logo\/image\/"}}]}},"_links":{"self":[{"href":"https:\/\/sunvis-solar.com\/es\/wp-json\/wp\/v2\/product\/1223","targetHints":{"allow":["GET"]}}],"collection":[{"href":"https:\/\/sunvis-solar.com\/es\/wp-json\/wp\/v2\/product"}],"about":[{"href":"https:\/\/sunvis-solar.com\/es\/wp-json\/wp\/v2\/types\/product"}],"wp:featuredmedia":[{"embeddable":true,"href":"https:\/\/sunvis-solar.com\/es\/wp-json\/wp\/v2\/media\/179"}],"wp:attachment":[{"href":"https:\/\/sunvis-solar.com\/es\/wp-json\/wp\/v2\/media?parent=1223"}],"wp:term":[{"taxonomy":"product_brand","embeddable":true,"href":"https:\/\/sunvis-solar.com\/es\/wp-json\/wp\/v2\/product_brand?post=1223"},{"taxonomy":"product_cat","embeddable":true,"href":"https:\/\/sunvis-solar.com\/es\/wp-json\/wp\/v2\/product_cat?post=1223"},{"taxonomy":"product_tag","embeddable":true,"href":"https:\/\/sunvis-solar.com\/es\/wp-json\/wp\/v2\/product_tag?post=1223"}],"curies":[{"name":"Gracias","href":"https:\/\/api.w.org\/{rel}","templated":true}]}}