{"id":1188,"date":"2022-10-06T03:59:29","date_gmt":"2022-10-06T03:59:29","guid":{"rendered":"https:\/\/sunvis-solar.com\/?post_type=product&#038;p=1188"},"modified":"2023-08-14T16:34:46","modified_gmt":"2023-08-14T16:34:46","slug":"luz-solar-de-emergencia","status":"publish","type":"product","link":"https:\/\/sunvis-solar.com\/es\/product\/solar-emergency-light\/","title":{"rendered":"Luz solar de emergencia"},"content":{"rendered":"","protected":false},"excerpt":{"rendered":"<p style=\"text-align: left;\">Estas luces de emergencia solares son luces port\u00e1tiles que funcionan con paneles solares y bater\u00edas. Est\u00e1n dise\u00f1ados para proporcionar una fuente de luz de respaldo en caso de cortes de energ\u00eda u otras emergencias. Algunas de las caracter\u00edsticas de las luces solares de emergencia incluyen:<\/p>\n<p>1. Luz solar recargable, adaptador de CA tambi\u00e9n disponible.<\/p>\n<p>2. Ven con una correa, dise\u00f1ada para ser port\u00e1til y f\u00e1cil de transportar.<\/p>\n<p>3. Equipado con nuevas bater\u00edas de litio recargables, bater\u00eda de larga duraci\u00f3n.<\/p>\n<p>4. Iluminaci\u00f3n brillante y eficiente, cada l\u00e1mpara LED alcanza los 600 lm.<\/p>\n<p>5. M\u00faltiples modos de iluminaci\u00f3n.<\/p>\n<p>6. Plug and Play, simplemente coloque la luz en un lugar soleado para cargar la bater\u00eda y util\u00edcela seg\u00fan sea necesario.<\/p>","protected":false},"featured_media":1204,"template":"","meta":[],"product_brand":[],"product_cat":[308],"product_tag":[],"class_list":{"0":"post-1188","1":"product","2":"type-product","3":"status-publish","4":"has-post-thumbnail","6":"product_cat-portable-solar-home-system","8":"first","9":"instock","10":"shipping-taxable","11":"product-type-simple"},"yoast_head":"<!-- This site is optimized with the Yoast SEO plugin v27.3 - https:\/\/yoast.com\/product\/yoast-seo-wordpress\/ -->\n<title>Portable Solar Lamp | Solar Lighting Kit Factory | SNESOL<\/title>\n<meta name=\"description\" content=\"SUNVIS is a professional manufacturer of Portable Solar Lamp. Our Solar Lighing System can be with 2 lamps, 3 lamps or 4 lamps. Order now and get factory price for your business!\" \/>\n<meta name=\"robots\" content=\"index, follow, max-snippet:-1, max-image-preview:large, max-video-preview:-1\" \/>\n<link rel=\"canonical\" href=\"https:\/\/sunvis-solar.com\/es\/producto\/luz-solar-de-emergencia\/\" \/>\n<meta property=\"og:locale\" content=\"es_ES\" \/>\n<meta property=\"og:type\" content=\"article\" \/>\n<meta property=\"og:title\" content=\"Portable Solar Lamp | Solar Lighting Kit Factory | SNESOL\" \/>\n<meta property=\"og:description\" content=\"SUNVIS is a professional manufacturer of Portable Solar Lamp. Our Solar Lighing System can be with 2 lamps, 3 lamps or 4 lamps. Order now and get factory price for your business!\" \/>\n<meta property=\"og:url\" content=\"https:\/\/sunvis-solar.com\/es\/producto\/luz-solar-de-emergencia\/\" \/>\n<meta property=\"og:site_name\" content=\"Solar Street Light and Solar System Manufacturer in China\" \/>\n<meta property=\"article:modified_time\" content=\"2023-08-14T16:34:46+00:00\" \/>\n<meta property=\"og:image\" content=\"https:\/\/sunvis-solar.com\/wp-content\/uploads\/2022\/10\/solar-lamp4.webp\" \/>\n\t<meta property=\"og:image:width\" content=\"1111\" \/>\n\t<meta property=\"og:image:height\" content=\"1111\" \/>\n\t<meta property=\"og:image:type\" content=\"image\/webp\" \/>\n<meta name=\"twitter:card\" content=\"summary_large_image\" \/>\n<script type=\"application\/ld+json\" class=\"yoast-schema-graph\">{\"@context\":\"https:\\\/\\\/schema.org\",\"@graph\":[{\"@type\":\"WebPage\",\"@id\":\"https:\\\/\\\/sunvis-solar.com\\\/product\\\/solar-emergency-light\\\/\",\"url\":\"https:\\\/\\\/sunvis-solar.com\\\/product\\\/solar-emergency-light\\\/\",\"name\":\"Portable Solar Lamp | Solar Lighting Kit Factory | SNESOL\",\"isPartOf\":{\"@id\":\"https:\\\/\\\/sunvis-solar.com\\\/#website\"},\"primaryImageOfPage\":{\"@id\":\"https:\\\/\\\/sunvis-solar.com\\\/product\\\/solar-emergency-light\\\/#primaryimage\"},\"image\":{\"@id\":\"https:\\\/\\\/sunvis-solar.com\\\/product\\\/solar-emergency-light\\\/#primaryimage\"},\"thumbnailUrl\":\"https:\\\/\\\/sunvis-solar.com\\\/wp-content\\\/uploads\\\/2022\\\/10\\\/solar-lamp4.webp\",\"datePublished\":\"2022-10-06T03:59:29+00:00\",\"dateModified\":\"2023-08-14T16:34:46+00:00\",\"description\":\"SUNVIS is a professional manufacturer of Portable Solar Lamp. Our Solar Lighing System can be with 2 lamps, 3 lamps or 4 lamps. Order now and get factory price for your business!\",\"breadcrumb\":{\"@id\":\"https:\\\/\\\/sunvis-solar.com\\\/product\\\/solar-emergency-light\\\/#breadcrumb\"},\"inLanguage\":\"es\",\"potentialAction\":[{\"@type\":\"ReadAction\",\"target\":[\"https:\\\/\\\/sunvis-solar.com\\\/product\\\/solar-emergency-light\\\/\"]}]},{\"@type\":\"ImageObject\",\"inLanguage\":\"es\",\"@id\":\"https:\\\/\\\/sunvis-solar.com\\\/product\\\/solar-emergency-light\\\/#primaryimage\",\"url\":\"https:\\\/\\\/sunvis-solar.com\\\/wp-content\\\/uploads\\\/2022\\\/10\\\/solar-lamp4.webp\",\"contentUrl\":\"https:\\\/\\\/sunvis-solar.com\\\/wp-content\\\/uploads\\\/2022\\\/10\\\/solar-lamp4.webp\",\"width\":1111,\"height\":1111,\"caption\":\"solar lamp\"},{\"@type\":\"BreadcrumbList\",\"@id\":\"https:\\\/\\\/sunvis-solar.com\\\/product\\\/solar-emergency-light\\\/#breadcrumb\",\"itemListElement\":[{\"@type\":\"ListItem\",\"position\":1,\"name\":\"Home\",\"item\":\"https:\\\/\\\/sunvis-solar.com\\\/\"},{\"@type\":\"ListItem\",\"position\":2,\"name\":\"Product\",\"item\":\"https:\\\/\\\/sunvis-solar.com\\\/product\\\/\"},{\"@type\":\"ListItem\",\"position\":3,\"name\":\"Solar Emergency Light\"}]},{\"@type\":\"WebSite\",\"@id\":\"https:\\\/\\\/sunvis-solar.com\\\/#website\",\"url\":\"https:\\\/\\\/sunvis-solar.com\\\/\",\"name\":\"Solar Street Light and Solar System Manufacturer in China\",\"description\":\"Solar Street Light and Solar System Manufacturer in China\",\"publisher\":{\"@id\":\"https:\\\/\\\/sunvis-solar.com\\\/#organization\"},\"potentialAction\":[{\"@type\":\"SearchAction\",\"target\":{\"@type\":\"EntryPoint\",\"urlTemplate\":\"https:\\\/\\\/sunvis-solar.com\\\/?s={search_term_string}\"},\"query-input\":{\"@type\":\"PropertyValueSpecification\",\"valueRequired\":true,\"valueName\":\"search_term_string\"}}],\"inLanguage\":\"es\"},{\"@type\":\"Organization\",\"@id\":\"https:\\\/\\\/sunvis-solar.com\\\/#organization\",\"name\":\"Solar Street Light and Solar System Manufacturer in China\",\"url\":\"https:\\\/\\\/sunvis-solar.com\\\/\",\"logo\":{\"@type\":\"ImageObject\",\"inLanguage\":\"es\",\"@id\":\"https:\\\/\\\/sunvis-solar.com\\\/#\\\/schema\\\/logo\\\/image\\\/\",\"url\":\"https:\\\/\\\/sunvis-solar.com\\\/wp-content\\\/uploads\\\/2023\\\/02\\\/SUNVIS-logo-2.png\",\"contentUrl\":\"https:\\\/\\\/sunvis-solar.com\\\/wp-content\\\/uploads\\\/2023\\\/02\\\/SUNVIS-logo-2.png\",\"width\":200,\"height\":45,\"caption\":\"Solar Street Light and Solar System Manufacturer in China\"},\"image\":{\"@id\":\"https:\\\/\\\/sunvis-solar.com\\\/#\\\/schema\\\/logo\\\/image\\\/\"}}]}<\/script>\n<!-- \/ Yoast SEO plugin. -->","yoast_head_json":{"title":"L\u00e1mpara solar port\u00e1til | F\u00e1brica de kits de iluminaci\u00f3n solar | SNESOL","description":"SUNVIS es un fabricante profesional de l\u00e1mparas solares port\u00e1tiles. Nuestro Sistema de Iluminaci\u00f3n Solar puede ser con 2 l\u00e1mparas, 3 l\u00e1mparas o 4 l\u00e1mparas. \u00a1Ordene ahora y obtenga el precio de f\u00e1brica para su negocio!","robots":{"index":"index","follow":"follow","max-snippet":"max-snippet:-1","max-image-preview":"max-image-preview:large","max-video-preview":"max-video-preview:-1"},"canonical":"https:\/\/sunvis-solar.com\/es\/producto\/luz-solar-de-emergencia\/","og_locale":"es_ES","og_type":"article","og_title":"Portable Solar Lamp | Solar Lighting Kit Factory | SNESOL","og_description":"SUNVIS is a professional manufacturer of Portable Solar Lamp. Our Solar Lighing System can be with 2 lamps, 3 lamps or 4 lamps. Order now and get factory price for your business!","og_url":"https:\/\/sunvis-solar.com\/es\/producto\/luz-solar-de-emergencia\/","og_site_name":"Solar Street Light and Solar System Manufacturer in China","article_modified_time":"2023-08-14T16:34:46+00:00","og_image":[{"width":1111,"height":1111,"url":"https:\/\/sunvis-solar.com\/wp-content\/uploads\/2022\/10\/solar-lamp4.webp","type":"image\/webp"}],"twitter_card":"summary_large_image","schema":{"@context":"https:\/\/schema.org","@graph":[{"@type":"WebPage","@id":"https:\/\/sunvis-solar.com\/product\/solar-emergency-light\/","url":"https:\/\/sunvis-solar.com\/product\/solar-emergency-light\/","name":"L\u00e1mpara solar port\u00e1til | F\u00e1brica de kits de iluminaci\u00f3n solar | SNESOL","isPartOf":{"@id":"https:\/\/sunvis-solar.com\/#website"},"primaryImageOfPage":{"@id":"https:\/\/sunvis-solar.com\/product\/solar-emergency-light\/#primaryimage"},"image":{"@id":"https:\/\/sunvis-solar.com\/product\/solar-emergency-light\/#primaryimage"},"thumbnailUrl":"https:\/\/sunvis-solar.com\/wp-content\/uploads\/2022\/10\/solar-lamp4.webp","datePublished":"2022-10-06T03:59:29+00:00","dateModified":"2023-08-14T16:34:46+00:00","description":"SUNVIS es un fabricante profesional de l\u00e1mparas solares port\u00e1tiles. Nuestro Sistema de Iluminaci\u00f3n Solar puede ser con 2 l\u00e1mparas, 3 l\u00e1mparas o 4 l\u00e1mparas. \u00a1Ordene ahora y obtenga el precio de f\u00e1brica para su negocio!","breadcrumb":{"@id":"https:\/\/sunvis-solar.com\/product\/solar-emergency-light\/#breadcrumb"},"inLanguage":"es","potentialAction":[{"@type":"ReadAction","target":["https:\/\/sunvis-solar.com\/product\/solar-emergency-light\/"]}]},{"@type":"ImageObject","inLanguage":"es","@id":"https:\/\/sunvis-solar.com\/product\/solar-emergency-light\/#primaryimage","url":"https:\/\/sunvis-solar.com\/wp-content\/uploads\/2022\/10\/solar-lamp4.webp","contentUrl":"https:\/\/sunvis-solar.com\/wp-content\/uploads\/2022\/10\/solar-lamp4.webp","width":1111,"height":1111,"caption":"solar lamp"},{"@type":"BreadcrumbList","@id":"https:\/\/sunvis-solar.com\/product\/solar-emergency-light\/#breadcrumb","itemListElement":[{"@type":"ListItem","position":1,"name":"Home","item":"https:\/\/sunvis-solar.com\/"},{"@type":"ListItem","position":2,"name":"Product","item":"https:\/\/sunvis-solar.com\/product\/"},{"@type":"ListItem","position":3,"name":"Solar Emergency Light"}]},{"@type":"WebSite","@id":"https:\/\/sunvis-solar.com\/#website","url":"https:\/\/sunvis-solar.com\/","name":"Fabricante de farolas solares y sistemas solares en China","description":"Fabricante de farolas solares y sistemas solares en China","publisher":{"@id":"https:\/\/sunvis-solar.com\/#organization"},"potentialAction":[{"@type":"SearchAction","target":{"@type":"EntryPoint","urlTemplate":"https:\/\/sunvis-solar.com\/?s={search_term_string}"},"query-input":{"@type":"PropertyValueSpecification","valueRequired":true,"valueName":"search_term_string"}}],"inLanguage":"es"},{"@type":"Organization","@id":"https:\/\/sunvis-solar.com\/#organization","name":"Fabricante de farolas solares y sistemas solares en China","url":"https:\/\/sunvis-solar.com\/","logo":{"@type":"ImageObject","inLanguage":"es","@id":"https:\/\/sunvis-solar.com\/#\/schema\/logo\/image\/","url":"https:\/\/sunvis-solar.com\/wp-content\/uploads\/2023\/02\/SUNVIS-logo-2.png","contentUrl":"https:\/\/sunvis-solar.com\/wp-content\/uploads\/2023\/02\/SUNVIS-logo-2.png","width":200,"height":45,"caption":"Solar Street Light and Solar System Manufacturer in China"},"image":{"@id":"https:\/\/sunvis-solar.com\/#\/schema\/logo\/image\/"}}]}},"_links":{"self":[{"href":"https:\/\/sunvis-solar.com\/es\/wp-json\/wp\/v2\/product\/1188","targetHints":{"allow":["GET"]}}],"collection":[{"href":"https:\/\/sunvis-solar.com\/es\/wp-json\/wp\/v2\/product"}],"about":[{"href":"https:\/\/sunvis-solar.com\/es\/wp-json\/wp\/v2\/types\/product"}],"wp:featuredmedia":[{"embeddable":true,"href":"https:\/\/sunvis-solar.com\/es\/wp-json\/wp\/v2\/media\/1204"}],"wp:attachment":[{"href":"https:\/\/sunvis-solar.com\/es\/wp-json\/wp\/v2\/media?parent=1188"}],"wp:term":[{"taxonomy":"product_brand","embeddable":true,"href":"https:\/\/sunvis-solar.com\/es\/wp-json\/wp\/v2\/product_brand?post=1188"},{"taxonomy":"product_cat","embeddable":true,"href":"https:\/\/sunvis-solar.com\/es\/wp-json\/wp\/v2\/product_cat?post=1188"},{"taxonomy":"product_tag","embeddable":true,"href":"https:\/\/sunvis-solar.com\/es\/wp-json\/wp\/v2\/product_tag?post=1188"}],"curies":[{"name":"Gracias","href":"https:\/\/api.w.org\/{rel}","templated":true}]}}