{"id":1125,"date":"2022-09-20T14:53:28","date_gmt":"2022-09-20T14:53:28","guid":{"rendered":"https:\/\/sunvis-solar.com\/?post_type=product&#038;p=1125"},"modified":"2023-08-15T02:38:33","modified_gmt":"2023-08-15T02:38:33","slug":"alta-frecuencia-1-5kw-2kw-3kw-off-grid-solar-hybrid-inverter","status":"publish","type":"product","link":"https:\/\/sunvis-solar.com\/es\/product\/high-frequency-1-5kw-2kw-3kw-off-grid-solar-hybrid-inverter\/","title":{"rendered":"Inversor h\u00edbrido solar fuera de la red de alta frecuencia 1.5KW\/2KW\/3KW"},"content":{"rendered":"","protected":false},"excerpt":{"rendered":"<p style=\"text-align: left;\">El INVERSOR H\u00cdBRIDO SUNVIS\/SOLAR es una onda sinusoidal pura <a href=\"https:\/\/sunvis-solar.com\/es\/solar-hibrido-inversor\/\">inversor solar<\/a> eso es WIFI y GPRS habilitado para dispositivos IOS y Android. Tambi\u00e9n tiene un cargador solar MPPT de 80A incorporado. Este producto es perfecto para quienes est\u00e1n interesados en la energ\u00eda solar porque proporciona energ\u00eda solar directamente a la carga primero. Adem\u00e1s, tiene un kit anti-anochecer incorporado para condiciones ambientales adversas (opcional). Tambi\u00e9n es compatible con <a href=\"https:\/\/sunvis-solar.com\/es\/bateria-lifepo4-solar\/\">bater\u00edas de iones de litio<\/a>. Algunas de sus otras grandes caracter\u00edsticas incluyen un alto <a href=\"https:\/\/sunvis-solar.com\/es\/perc-panel-solar\/\">fotovoltaica<\/a> rango de voltaje de entrada (90-450 V CC) y dise\u00f1o de carga de bater\u00eda inteligente para optimizar la vida \u00fatil de la bater\u00eda. Este producto puede satisfacer las ricas necesidades personalizadas de los clientes.<\/p>\n<p style=\"text-align: left;\">N.\u00ba de art\u00edculo: SM-1,5 KW\/2 KW\/3 KW<\/p>\n<p style=\"text-align: left;\">Tipo: Inversores de onda sinusoidal pura CC\/CA<\/p>\n<p style=\"text-align: left;\">Potencia m\u00e1xima: 1,5 KW\/2 KW\/3 KW, 12-24 V.<\/p>\n<p style=\"text-align: left;\">Voltaje de salida: AC220V<\/p>\n<p style=\"text-align: left;\">Rango de voltaje de operaci\u00f3n fotovoltaica: 120V-500V<\/p>","protected":false},"featured_media":1128,"template":"","meta":[],"product_brand":[],"product_cat":[306],"product_tag":[],"class_list":{"0":"post-1125","1":"product","2":"type-product","3":"status-publish","4":"has-post-thumbnail","6":"product_cat-solar-inverter","8":"first","9":"instock","10":"shipping-taxable","11":"product-type-simple"},"yoast_head":"<!-- This site is optimized with the Yoast SEO plugin v27.3 - https:\/\/yoast.com\/product\/yoast-seo-wordpress\/ -->\n<title>High Frequency 1.5KW\/2KW\/3KW Off Grid Solar Hybrid Inverter<\/title>\n<meta name=\"description\" content=\"SUNVIS offers a wide range of off grid solar hybrid inverters with power outputs ranging from 1.5kW to 3kW. These solar hybrid inverters are perfect for powering homes and businesses that are not connected to the grid. Contact for price now!\" \/>\n<meta name=\"robots\" content=\"index, follow, max-snippet:-1, max-image-preview:large, max-video-preview:-1\" \/>\n<link rel=\"canonical\" href=\"https:\/\/sunvis-solar.com\/es\/producto\/alta-frecuencia-1-5kw-2kw-3kw-off-grid-solar-hybrid-inverter\/\" \/>\n<meta property=\"og:locale\" content=\"es_ES\" \/>\n<meta property=\"og:type\" content=\"article\" \/>\n<meta property=\"og:title\" content=\"High Frequency 1.5KW\/2KW\/3KW Off Grid Solar Hybrid Inverter\" \/>\n<meta property=\"og:description\" content=\"SUNVIS offers a wide range of off grid solar hybrid inverters with power outputs ranging from 1.5kW to 3kW. These solar hybrid inverters are perfect for powering homes and businesses that are not connected to the grid. Contact for price now!\" \/>\n<meta property=\"og:url\" content=\"https:\/\/sunvis-solar.com\/es\/producto\/alta-frecuencia-1-5kw-2kw-3kw-off-grid-solar-hybrid-inverter\/\" \/>\n<meta property=\"og:site_name\" content=\"Solar Street Light and Solar System Manufacturer in China\" \/>\n<meta property=\"article:modified_time\" content=\"2023-08-15T02:38:33+00:00\" \/>\n<meta property=\"og:image\" content=\"https:\/\/sunvis-solar.com\/wp-content\/uploads\/2022\/09\/4.webp\" \/>\n\t<meta property=\"og:image:width\" content=\"800\" \/>\n\t<meta property=\"og:image:height\" content=\"800\" \/>\n\t<meta property=\"og:image:type\" content=\"image\/webp\" \/>\n<meta name=\"twitter:card\" content=\"summary_large_image\" \/>\n<script type=\"application\/ld+json\" class=\"yoast-schema-graph\">{\"@context\":\"https:\\\/\\\/schema.org\",\"@graph\":[{\"@type\":\"WebPage\",\"@id\":\"https:\\\/\\\/sunvis-solar.com\\\/product\\\/high-frequency-1-5kw-2kw-3kw-off-grid-solar-hybrid-inverter\\\/\",\"url\":\"https:\\\/\\\/sunvis-solar.com\\\/product\\\/high-frequency-1-5kw-2kw-3kw-off-grid-solar-hybrid-inverter\\\/\",\"name\":\"High Frequency 1.5KW\\\/2KW\\\/3KW Off Grid Solar Hybrid Inverter\",\"isPartOf\":{\"@id\":\"https:\\\/\\\/sunvis-solar.com\\\/#website\"},\"primaryImageOfPage\":{\"@id\":\"https:\\\/\\\/sunvis-solar.com\\\/product\\\/high-frequency-1-5kw-2kw-3kw-off-grid-solar-hybrid-inverter\\\/#primaryimage\"},\"image\":{\"@id\":\"https:\\\/\\\/sunvis-solar.com\\\/product\\\/high-frequency-1-5kw-2kw-3kw-off-grid-solar-hybrid-inverter\\\/#primaryimage\"},\"thumbnailUrl\":\"https:\\\/\\\/sunvis-solar.com\\\/wp-content\\\/uploads\\\/2022\\\/09\\\/4-2.webp\",\"datePublished\":\"2022-09-20T14:53:28+00:00\",\"dateModified\":\"2023-08-15T02:38:33+00:00\",\"description\":\"SUNVIS offers a wide range of off grid solar hybrid inverters with power outputs ranging from 1.5kW to 3kW. These solar hybrid inverters are perfect for powering homes and businesses that are not connected to the grid. Contact for price now!\",\"breadcrumb\":{\"@id\":\"https:\\\/\\\/sunvis-solar.com\\\/product\\\/high-frequency-1-5kw-2kw-3kw-off-grid-solar-hybrid-inverter\\\/#breadcrumb\"},\"inLanguage\":\"es\",\"potentialAction\":[{\"@type\":\"ReadAction\",\"target\":[\"https:\\\/\\\/sunvis-solar.com\\\/product\\\/high-frequency-1-5kw-2kw-3kw-off-grid-solar-hybrid-inverter\\\/\"]}]},{\"@type\":\"ImageObject\",\"inLanguage\":\"es\",\"@id\":\"https:\\\/\\\/sunvis-solar.com\\\/product\\\/high-frequency-1-5kw-2kw-3kw-off-grid-solar-hybrid-inverter\\\/#primaryimage\",\"url\":\"https:\\\/\\\/sunvis-solar.com\\\/wp-content\\\/uploads\\\/2022\\\/09\\\/4-2.webp\",\"contentUrl\":\"https:\\\/\\\/sunvis-solar.com\\\/wp-content\\\/uploads\\\/2022\\\/09\\\/4-2.webp\",\"width\":800,\"height\":800,\"caption\":\"3KW Solar Inverter\"},{\"@type\":\"BreadcrumbList\",\"@id\":\"https:\\\/\\\/sunvis-solar.com\\\/product\\\/high-frequency-1-5kw-2kw-3kw-off-grid-solar-hybrid-inverter\\\/#breadcrumb\",\"itemListElement\":[{\"@type\":\"ListItem\",\"position\":1,\"name\":\"Home\",\"item\":\"https:\\\/\\\/sunvis-solar.com\\\/\"},{\"@type\":\"ListItem\",\"position\":2,\"name\":\"Product\",\"item\":\"https:\\\/\\\/sunvis-solar.com\\\/product\\\/\"},{\"@type\":\"ListItem\",\"position\":3,\"name\":\"High Frequency 1.5KW\\\/2KW\\\/3KW Off Grid Solar Hybrid Inverter\"}]},{\"@type\":\"WebSite\",\"@id\":\"https:\\\/\\\/sunvis-solar.com\\\/#website\",\"url\":\"https:\\\/\\\/sunvis-solar.com\\\/\",\"name\":\"Solar Street Light and Solar System Manufacturer in China\",\"description\":\"Solar Street Light and Solar System Manufacturer in China\",\"publisher\":{\"@id\":\"https:\\\/\\\/sunvis-solar.com\\\/#organization\"},\"potentialAction\":[{\"@type\":\"SearchAction\",\"target\":{\"@type\":\"EntryPoint\",\"urlTemplate\":\"https:\\\/\\\/sunvis-solar.com\\\/?s={search_term_string}\"},\"query-input\":{\"@type\":\"PropertyValueSpecification\",\"valueRequired\":true,\"valueName\":\"search_term_string\"}}],\"inLanguage\":\"es\"},{\"@type\":\"Organization\",\"@id\":\"https:\\\/\\\/sunvis-solar.com\\\/#organization\",\"name\":\"Solar Street Light and Solar System Manufacturer in China\",\"url\":\"https:\\\/\\\/sunvis-solar.com\\\/\",\"logo\":{\"@type\":\"ImageObject\",\"inLanguage\":\"es\",\"@id\":\"https:\\\/\\\/sunvis-solar.com\\\/#\\\/schema\\\/logo\\\/image\\\/\",\"url\":\"https:\\\/\\\/sunvis-solar.com\\\/wp-content\\\/uploads\\\/2023\\\/02\\\/SUNVIS-logo-2.png\",\"contentUrl\":\"https:\\\/\\\/sunvis-solar.com\\\/wp-content\\\/uploads\\\/2023\\\/02\\\/SUNVIS-logo-2.png\",\"width\":200,\"height\":45,\"caption\":\"Solar Street Light and Solar System Manufacturer in China\"},\"image\":{\"@id\":\"https:\\\/\\\/sunvis-solar.com\\\/#\\\/schema\\\/logo\\\/image\\\/\"}}]}<\/script>\n<!-- \/ Yoast SEO plugin. -->","yoast_head_json":{"title":"Inversor h\u00edbrido solar fuera de la red de alta frecuencia 1.5KW\/2KW\/3KW","description":"SUNVIS ofrece una amplia gama de inversores h\u00edbridos solares fuera de la red con potencias que van desde 1,5 kW a 3 kW. Estos inversores h\u00edbridos solares son perfectos para alimentar hogares y negocios que no est\u00e1n conectados a la red. P\u00f3ngase en contacto con el precio ahora!","robots":{"index":"index","follow":"follow","max-snippet":"max-snippet:-1","max-image-preview":"max-image-preview:large","max-video-preview":"max-video-preview:-1"},"canonical":"https:\/\/sunvis-solar.com\/es\/producto\/alta-frecuencia-1-5kw-2kw-3kw-off-grid-solar-hybrid-inverter\/","og_locale":"es_ES","og_type":"article","og_title":"High Frequency 1.5KW\/2KW\/3KW Off Grid Solar Hybrid Inverter","og_description":"SUNVIS offers a wide range of off grid solar hybrid inverters with power outputs ranging from 1.5kW to 3kW. These solar hybrid inverters are perfect for powering homes and businesses that are not connected to the grid. Contact for price now!","og_url":"https:\/\/sunvis-solar.com\/es\/producto\/alta-frecuencia-1-5kw-2kw-3kw-off-grid-solar-hybrid-inverter\/","og_site_name":"Solar Street Light and Solar System Manufacturer in China","article_modified_time":"2023-08-15T02:38:33+00:00","og_image":[{"width":800,"height":800,"url":"https:\/\/sunvis-solar.com\/wp-content\/uploads\/2022\/09\/4.webp","type":"image\/webp"}],"twitter_card":"summary_large_image","schema":{"@context":"https:\/\/schema.org","@graph":[{"@type":"WebPage","@id":"https:\/\/sunvis-solar.com\/product\/high-frequency-1-5kw-2kw-3kw-off-grid-solar-hybrid-inverter\/","url":"https:\/\/sunvis-solar.com\/product\/high-frequency-1-5kw-2kw-3kw-off-grid-solar-hybrid-inverter\/","name":"Inversor h\u00edbrido solar fuera de la red de alta frecuencia 1.5KW\/2KW\/3KW","isPartOf":{"@id":"https:\/\/sunvis-solar.com\/#website"},"primaryImageOfPage":{"@id":"https:\/\/sunvis-solar.com\/product\/high-frequency-1-5kw-2kw-3kw-off-grid-solar-hybrid-inverter\/#primaryimage"},"image":{"@id":"https:\/\/sunvis-solar.com\/product\/high-frequency-1-5kw-2kw-3kw-off-grid-solar-hybrid-inverter\/#primaryimage"},"thumbnailUrl":"https:\/\/sunvis-solar.com\/wp-content\/uploads\/2022\/09\/4-2.webp","datePublished":"2022-09-20T14:53:28+00:00","dateModified":"2023-08-15T02:38:33+00:00","description":"SUNVIS ofrece una amplia gama de inversores h\u00edbridos solares fuera de la red con potencias que van desde 1,5 kW a 3 kW. Estos inversores h\u00edbridos solares son perfectos para alimentar hogares y negocios que no est\u00e1n conectados a la red. P\u00f3ngase en contacto con el precio ahora!","breadcrumb":{"@id":"https:\/\/sunvis-solar.com\/product\/high-frequency-1-5kw-2kw-3kw-off-grid-solar-hybrid-inverter\/#breadcrumb"},"inLanguage":"es","potentialAction":[{"@type":"ReadAction","target":["https:\/\/sunvis-solar.com\/product\/high-frequency-1-5kw-2kw-3kw-off-grid-solar-hybrid-inverter\/"]}]},{"@type":"ImageObject","inLanguage":"es","@id":"https:\/\/sunvis-solar.com\/product\/high-frequency-1-5kw-2kw-3kw-off-grid-solar-hybrid-inverter\/#primaryimage","url":"https:\/\/sunvis-solar.com\/wp-content\/uploads\/2022\/09\/4-2.webp","contentUrl":"https:\/\/sunvis-solar.com\/wp-content\/uploads\/2022\/09\/4-2.webp","width":800,"height":800,"caption":"3KW Solar Inverter"},{"@type":"BreadcrumbList","@id":"https:\/\/sunvis-solar.com\/product\/high-frequency-1-5kw-2kw-3kw-off-grid-solar-hybrid-inverter\/#breadcrumb","itemListElement":[{"@type":"ListItem","position":1,"name":"Home","item":"https:\/\/sunvis-solar.com\/"},{"@type":"ListItem","position":2,"name":"Product","item":"https:\/\/sunvis-solar.com\/product\/"},{"@type":"ListItem","position":3,"name":"High Frequency 1.5KW\/2KW\/3KW Off Grid Solar Hybrid Inverter"}]},{"@type":"WebSite","@id":"https:\/\/sunvis-solar.com\/#website","url":"https:\/\/sunvis-solar.com\/","name":"Fabricante de farolas solares y sistemas solares en China","description":"Fabricante de farolas solares y sistemas solares en China","publisher":{"@id":"https:\/\/sunvis-solar.com\/#organization"},"potentialAction":[{"@type":"SearchAction","target":{"@type":"EntryPoint","urlTemplate":"https:\/\/sunvis-solar.com\/?s={search_term_string}"},"query-input":{"@type":"PropertyValueSpecification","valueRequired":true,"valueName":"search_term_string"}}],"inLanguage":"es"},{"@type":"Organization","@id":"https:\/\/sunvis-solar.com\/#organization","name":"Fabricante de farolas solares y sistemas solares en China","url":"https:\/\/sunvis-solar.com\/","logo":{"@type":"ImageObject","inLanguage":"es","@id":"https:\/\/sunvis-solar.com\/#\/schema\/logo\/image\/","url":"https:\/\/sunvis-solar.com\/wp-content\/uploads\/2023\/02\/SUNVIS-logo-2.png","contentUrl":"https:\/\/sunvis-solar.com\/wp-content\/uploads\/2023\/02\/SUNVIS-logo-2.png","width":200,"height":45,"caption":"Solar Street Light and Solar System Manufacturer in China"},"image":{"@id":"https:\/\/sunvis-solar.com\/#\/schema\/logo\/image\/"}}]}},"_links":{"self":[{"href":"https:\/\/sunvis-solar.com\/es\/wp-json\/wp\/v2\/product\/1125","targetHints":{"allow":["GET"]}}],"collection":[{"href":"https:\/\/sunvis-solar.com\/es\/wp-json\/wp\/v2\/product"}],"about":[{"href":"https:\/\/sunvis-solar.com\/es\/wp-json\/wp\/v2\/types\/product"}],"wp:featuredmedia":[{"embeddable":true,"href":"https:\/\/sunvis-solar.com\/es\/wp-json\/wp\/v2\/media\/1128"}],"wp:attachment":[{"href":"https:\/\/sunvis-solar.com\/es\/wp-json\/wp\/v2\/media?parent=1125"}],"wp:term":[{"taxonomy":"product_brand","embeddable":true,"href":"https:\/\/sunvis-solar.com\/es\/wp-json\/wp\/v2\/product_brand?post=1125"},{"taxonomy":"product_cat","embeddable":true,"href":"https:\/\/sunvis-solar.com\/es\/wp-json\/wp\/v2\/product_cat?post=1125"},{"taxonomy":"product_tag","embeddable":true,"href":"https:\/\/sunvis-solar.com\/es\/wp-json\/wp\/v2\/product_tag?post=1125"}],"curies":[{"name":"Gracias","href":"https:\/\/api.w.org\/{rel}","templated":true}]}}