{"id":1116,"date":"2022-09-20T13:02:57","date_gmt":"2022-09-20T13:02:57","guid":{"rendered":"https:\/\/sunvis-solar.com\/?post_type=product&#038;p=1116"},"modified":"2024-01-16T04:31:32","modified_gmt":"2024-01-16T04:31:32","slug":"6kw-fuera-de-la-red-solar-hibrido-inversor","status":"publish","type":"product","link":"https:\/\/sunvis-solar.com\/es\/product\/6kw-off-grid-solar-hybrid-inverter\/","title":{"rendered":"Inversor h\u00edbrido solar fuera de la red SUNVIS 3.6KW\/4.2KW\/6.2KW"},"content":{"rendered":"","protected":false},"excerpt":{"rendered":"<p style=\"text-align: left;\">El INVERSOR H\u00cdBRIDO SOLAR SUNVIS es un inversor de onda sinusoidal pura de alta calidad. <a href=\"https:\/\/sunvis-solar.com\/es\/solar-hibrido-inversor\/\">inversor solar<\/a> eso es perfecto tanto para encendido como para <a href=\"https:\/\/sunvis-solar.com\/es\/off-grid-solar-home-system\/\">fuera de la red<\/a> aplicaciones Con un factor de potencia de salida de 1,0, es uno de los inversores m\u00e1s eficientes del mercado. Adem\u00e1s, la funci\u00f3n WIFI y GPRS facilita el control y la supervisi\u00f3n del inversor desde su tel\u00e9fono inteligente o tableta. La bater\u00eda de litio incorporada se activa autom\u00e1ticamente cuando es necesario, y la restauraci\u00f3n con un solo clic a la configuraci\u00f3n de f\u00e1brica facilita que el inversor funcione sin problemas. Con un alto rango de voltaje de entrada de PV de 90 ~ 500 V CC, el <a href=\"https:\/\/sunvis-solar.com\/es\/\">VISERA SOLAR<\/a>\/EL INVERSOR H\u00cdBRIDO SOLAR es una excelente opci\u00f3n para cualquier instalaci\u00f3n solar.<\/p>\n<p style=\"text-align: left;\">N.\u00ba de art\u00edculo: SMPS-V PRO 3,6 KW\/4,2 KW\/6,2 KW<\/p>\n<p style=\"text-align: left;\">Tipo : <a href=\"https:\/\/sunvis-solar.com\/es\/sistema-solar-domestico-portatil\/\">corriente continua<\/a>\/Inversores de CA de onda sinusoidal pura<\/p>\n<p style=\"text-align: left;\">Potencia m\u00e1xima: 3,6 KW\/4,2 KW\/6,2 KW, 48 V.<\/p>\n<p style=\"text-align: left;\">Voltaje de salida: AC220V<\/p>\n<p style=\"text-align: left;\">Rango de voltaje de operaci\u00f3n fotovoltaica: 120V-500V<\/p>","protected":false},"featured_media":1118,"template":"","meta":[],"product_brand":[],"product_cat":[306],"product_tag":[],"class_list":{"0":"post-1116","1":"product","2":"type-product","3":"status-publish","4":"has-post-thumbnail","6":"product_cat-solar-inverter","8":"first","9":"instock","10":"shipping-taxable","11":"product-type-simple"},"yoast_head":"<!-- This site is optimized with the Yoast SEO plugin v27.3 - https:\/\/yoast.com\/product\/yoast-seo-wordpress\/ -->\n<title>3KW\/5KW Solar Hybrid Inverter for Lithium Battery System<\/title>\n<meta name=\"robots\" content=\"index, follow, max-snippet:-1, max-image-preview:large, max-video-preview:-1\" \/>\n<link rel=\"canonical\" href=\"https:\/\/sunvis-solar.com\/es\/producto\/6kw-fuera-de-la-red-solar-hibrido-inversor\/\" \/>\n<meta property=\"og:locale\" content=\"es_ES\" \/>\n<meta property=\"og:type\" content=\"article\" \/>\n<meta property=\"og:title\" content=\"3KW\/5KW Solar Hybrid Inverter for Lithium Battery System\" \/>\n<meta property=\"og:description\" content=\"The SUNVIS SOLAR HYBRID INVERTER is a high-quality pure sine wave solar inverter that is perfect for both on and off grid applications. With an output power factor of 1.0, it is one of the most efficient inverters on the market. Additionally, the WIFI&amp;GPRS feature makes it easy to control and monitor the inverter from your smartphone or tablet. The built-in lithium battery automatically activates when needed, and the one-click restoration to factory settings makes it easy to keep the inverter running smoothly. With a high PV input voltage range of 90~500VDC, the SUNVIS\/SOLAR HYBRID INVERTER is a great choice for any solar installation. Item NO.: SMPS-V PRO 3.6KW\/4.2KW\/6.2KW Type : DC\/AC Pure Sine Wave Inverters Max.Power : 3.6KW\/4.2KW\/6.2KW, 48V Output Voltage :\u00a0 AC220V PV operation voltage range: 120V-500V\" \/>\n<meta property=\"og:url\" content=\"https:\/\/sunvis-solar.com\/es\/producto\/6kw-fuera-de-la-red-solar-hibrido-inversor\/\" \/>\n<meta property=\"og:site_name\" content=\"Solar Street Light and Solar System Manufacturer in China\" \/>\n<meta property=\"article:modified_time\" content=\"2024-01-16T04:31:32+00:00\" \/>\n<meta property=\"og:image\" content=\"https:\/\/sunvis-solar.com\/wp-content\/uploads\/2022\/09\/6.2KW-Solar-hybrid-Inverter-2.webp\" \/>\n\t<meta property=\"og:image:width\" content=\"600\" \/>\n\t<meta property=\"og:image:height\" content=\"600\" \/>\n\t<meta property=\"og:image:type\" content=\"image\/webp\" \/>\n<meta name=\"twitter:card\" content=\"summary_large_image\" \/>\n<script type=\"application\/ld+json\" class=\"yoast-schema-graph\">{\"@context\":\"https:\\\/\\\/schema.org\",\"@graph\":[{\"@type\":\"WebPage\",\"@id\":\"https:\\\/\\\/sunvis-solar.com\\\/product\\\/6kw-off-grid-solar-hybrid-inverter\\\/\",\"url\":\"https:\\\/\\\/sunvis-solar.com\\\/product\\\/6kw-off-grid-solar-hybrid-inverter\\\/\",\"name\":\"3KW\\\/5KW Solar Hybrid Inverter for Lithium Battery System\",\"isPartOf\":{\"@id\":\"https:\\\/\\\/sunvis-solar.com\\\/#website\"},\"primaryImageOfPage\":{\"@id\":\"https:\\\/\\\/sunvis-solar.com\\\/product\\\/6kw-off-grid-solar-hybrid-inverter\\\/#primaryimage\"},\"image\":{\"@id\":\"https:\\\/\\\/sunvis-solar.com\\\/product\\\/6kw-off-grid-solar-hybrid-inverter\\\/#primaryimage\"},\"thumbnailUrl\":\"https:\\\/\\\/sunvis-solar.com\\\/wp-content\\\/uploads\\\/2022\\\/09\\\/6.2KW-Solar-hybrid-Inverter-2.webp\",\"datePublished\":\"2022-09-20T13:02:57+00:00\",\"dateModified\":\"2024-01-16T04:31:32+00:00\",\"breadcrumb\":{\"@id\":\"https:\\\/\\\/sunvis-solar.com\\\/product\\\/6kw-off-grid-solar-hybrid-inverter\\\/#breadcrumb\"},\"inLanguage\":\"es\",\"potentialAction\":[{\"@type\":\"ReadAction\",\"target\":[\"https:\\\/\\\/sunvis-solar.com\\\/product\\\/6kw-off-grid-solar-hybrid-inverter\\\/\"]}]},{\"@type\":\"ImageObject\",\"inLanguage\":\"es\",\"@id\":\"https:\\\/\\\/sunvis-solar.com\\\/product\\\/6kw-off-grid-solar-hybrid-inverter\\\/#primaryimage\",\"url\":\"https:\\\/\\\/sunvis-solar.com\\\/wp-content\\\/uploads\\\/2022\\\/09\\\/6.2KW-Solar-hybrid-Inverter-2.webp\",\"contentUrl\":\"https:\\\/\\\/sunvis-solar.com\\\/wp-content\\\/uploads\\\/2022\\\/09\\\/6.2KW-Solar-hybrid-Inverter-2.webp\",\"width\":600,\"height\":600,\"caption\":\"6.2KW Solar hybrid Inverter\"},{\"@type\":\"BreadcrumbList\",\"@id\":\"https:\\\/\\\/sunvis-solar.com\\\/product\\\/6kw-off-grid-solar-hybrid-inverter\\\/#breadcrumb\",\"itemListElement\":[{\"@type\":\"ListItem\",\"position\":1,\"name\":\"Home\",\"item\":\"https:\\\/\\\/sunvis-solar.com\\\/\"},{\"@type\":\"ListItem\",\"position\":2,\"name\":\"Product\",\"item\":\"https:\\\/\\\/sunvis-solar.com\\\/product\\\/\"},{\"@type\":\"ListItem\",\"position\":3,\"name\":\"SUNVIS 3.6KW\\\/4.2KW\\\/6.2KW Off Grid Solar Hybrid Inverter\"}]},{\"@type\":\"WebSite\",\"@id\":\"https:\\\/\\\/sunvis-solar.com\\\/#website\",\"url\":\"https:\\\/\\\/sunvis-solar.com\\\/\",\"name\":\"Solar Street Light and Solar System Manufacturer in China\",\"description\":\"Solar Street Light and Solar System Manufacturer in China\",\"publisher\":{\"@id\":\"https:\\\/\\\/sunvis-solar.com\\\/#organization\"},\"potentialAction\":[{\"@type\":\"SearchAction\",\"target\":{\"@type\":\"EntryPoint\",\"urlTemplate\":\"https:\\\/\\\/sunvis-solar.com\\\/?s={search_term_string}\"},\"query-input\":{\"@type\":\"PropertyValueSpecification\",\"valueRequired\":true,\"valueName\":\"search_term_string\"}}],\"inLanguage\":\"es\"},{\"@type\":\"Organization\",\"@id\":\"https:\\\/\\\/sunvis-solar.com\\\/#organization\",\"name\":\"Solar Street Light and Solar System Manufacturer in China\",\"url\":\"https:\\\/\\\/sunvis-solar.com\\\/\",\"logo\":{\"@type\":\"ImageObject\",\"inLanguage\":\"es\",\"@id\":\"https:\\\/\\\/sunvis-solar.com\\\/#\\\/schema\\\/logo\\\/image\\\/\",\"url\":\"https:\\\/\\\/sunvis-solar.com\\\/wp-content\\\/uploads\\\/2023\\\/02\\\/SUNVIS-logo-2.png\",\"contentUrl\":\"https:\\\/\\\/sunvis-solar.com\\\/wp-content\\\/uploads\\\/2023\\\/02\\\/SUNVIS-logo-2.png\",\"width\":200,\"height\":45,\"caption\":\"Solar Street Light and Solar System Manufacturer in China\"},\"image\":{\"@id\":\"https:\\\/\\\/sunvis-solar.com\\\/#\\\/schema\\\/logo\\\/image\\\/\"}}]}<\/script>\n<!-- \/ Yoast SEO plugin. -->","yoast_head_json":{"title":"Inversor h\u00edbrido solar de 3KW\/5KW para sistema de bater\u00eda de litio","robots":{"index":"index","follow":"follow","max-snippet":"max-snippet:-1","max-image-preview":"max-image-preview:large","max-video-preview":"max-video-preview:-1"},"canonical":"https:\/\/sunvis-solar.com\/es\/producto\/6kw-fuera-de-la-red-solar-hibrido-inversor\/","og_locale":"es_ES","og_type":"article","og_title":"3KW\/5KW Solar Hybrid Inverter for Lithium Battery System","og_description":"The SUNVIS SOLAR HYBRID INVERTER is a high-quality pure sine wave solar inverter that is perfect for both on and off grid applications. With an output power factor of 1.0, it is one of the most efficient inverters on the market. Additionally, the WIFI&amp;GPRS feature makes it easy to control and monitor the inverter from your smartphone or tablet. The built-in lithium battery automatically activates when needed, and the one-click restoration to factory settings makes it easy to keep the inverter running smoothly. With a high PV input voltage range of 90~500VDC, the SUNVIS\/SOLAR HYBRID INVERTER is a great choice for any solar installation. Item NO.: SMPS-V PRO 3.6KW\/4.2KW\/6.2KW Type : DC\/AC Pure Sine Wave Inverters Max.Power : 3.6KW\/4.2KW\/6.2KW, 48V Output Voltage :\u00a0 AC220V PV operation voltage range: 120V-500V","og_url":"https:\/\/sunvis-solar.com\/es\/producto\/6kw-fuera-de-la-red-solar-hibrido-inversor\/","og_site_name":"Solar Street Light and Solar System Manufacturer in China","article_modified_time":"2024-01-16T04:31:32+00:00","og_image":[{"width":600,"height":600,"url":"https:\/\/sunvis-solar.com\/wp-content\/uploads\/2022\/09\/6.2KW-Solar-hybrid-Inverter-2.webp","type":"image\/webp"}],"twitter_card":"summary_large_image","schema":{"@context":"https:\/\/schema.org","@graph":[{"@type":"WebPage","@id":"https:\/\/sunvis-solar.com\/product\/6kw-off-grid-solar-hybrid-inverter\/","url":"https:\/\/sunvis-solar.com\/product\/6kw-off-grid-solar-hybrid-inverter\/","name":"Inversor h\u00edbrido solar de 3KW\/5KW para sistema de bater\u00eda de litio","isPartOf":{"@id":"https:\/\/sunvis-solar.com\/#website"},"primaryImageOfPage":{"@id":"https:\/\/sunvis-solar.com\/product\/6kw-off-grid-solar-hybrid-inverter\/#primaryimage"},"image":{"@id":"https:\/\/sunvis-solar.com\/product\/6kw-off-grid-solar-hybrid-inverter\/#primaryimage"},"thumbnailUrl":"https:\/\/sunvis-solar.com\/wp-content\/uploads\/2022\/09\/6.2KW-Solar-hybrid-Inverter-2.webp","datePublished":"2022-09-20T13:02:57+00:00","dateModified":"2024-01-16T04:31:32+00:00","breadcrumb":{"@id":"https:\/\/sunvis-solar.com\/product\/6kw-off-grid-solar-hybrid-inverter\/#breadcrumb"},"inLanguage":"es","potentialAction":[{"@type":"ReadAction","target":["https:\/\/sunvis-solar.com\/product\/6kw-off-grid-solar-hybrid-inverter\/"]}]},{"@type":"ImageObject","inLanguage":"es","@id":"https:\/\/sunvis-solar.com\/product\/6kw-off-grid-solar-hybrid-inverter\/#primaryimage","url":"https:\/\/sunvis-solar.com\/wp-content\/uploads\/2022\/09\/6.2KW-Solar-hybrid-Inverter-2.webp","contentUrl":"https:\/\/sunvis-solar.com\/wp-content\/uploads\/2022\/09\/6.2KW-Solar-hybrid-Inverter-2.webp","width":600,"height":600,"caption":"6.2KW Solar hybrid Inverter"},{"@type":"BreadcrumbList","@id":"https:\/\/sunvis-solar.com\/product\/6kw-off-grid-solar-hybrid-inverter\/#breadcrumb","itemListElement":[{"@type":"ListItem","position":1,"name":"Home","item":"https:\/\/sunvis-solar.com\/"},{"@type":"ListItem","position":2,"name":"Product","item":"https:\/\/sunvis-solar.com\/product\/"},{"@type":"ListItem","position":3,"name":"SUNVIS 3.6KW\/4.2KW\/6.2KW Off Grid Solar Hybrid Inverter"}]},{"@type":"WebSite","@id":"https:\/\/sunvis-solar.com\/#website","url":"https:\/\/sunvis-solar.com\/","name":"Fabricante de farolas solares y sistemas solares en China","description":"Fabricante de farolas solares y sistemas solares en China","publisher":{"@id":"https:\/\/sunvis-solar.com\/#organization"},"potentialAction":[{"@type":"SearchAction","target":{"@type":"EntryPoint","urlTemplate":"https:\/\/sunvis-solar.com\/?s={search_term_string}"},"query-input":{"@type":"PropertyValueSpecification","valueRequired":true,"valueName":"search_term_string"}}],"inLanguage":"es"},{"@type":"Organization","@id":"https:\/\/sunvis-solar.com\/#organization","name":"Fabricante de farolas solares y sistemas solares en China","url":"https:\/\/sunvis-solar.com\/","logo":{"@type":"ImageObject","inLanguage":"es","@id":"https:\/\/sunvis-solar.com\/#\/schema\/logo\/image\/","url":"https:\/\/sunvis-solar.com\/wp-content\/uploads\/2023\/02\/SUNVIS-logo-2.png","contentUrl":"https:\/\/sunvis-solar.com\/wp-content\/uploads\/2023\/02\/SUNVIS-logo-2.png","width":200,"height":45,"caption":"Solar Street Light and Solar System Manufacturer in China"},"image":{"@id":"https:\/\/sunvis-solar.com\/#\/schema\/logo\/image\/"}}]}},"_links":{"self":[{"href":"https:\/\/sunvis-solar.com\/es\/wp-json\/wp\/v2\/product\/1116","targetHints":{"allow":["GET"]}}],"collection":[{"href":"https:\/\/sunvis-solar.com\/es\/wp-json\/wp\/v2\/product"}],"about":[{"href":"https:\/\/sunvis-solar.com\/es\/wp-json\/wp\/v2\/types\/product"}],"wp:featuredmedia":[{"embeddable":true,"href":"https:\/\/sunvis-solar.com\/es\/wp-json\/wp\/v2\/media\/1118"}],"wp:attachment":[{"href":"https:\/\/sunvis-solar.com\/es\/wp-json\/wp\/v2\/media?parent=1116"}],"wp:term":[{"taxonomy":"product_brand","embeddable":true,"href":"https:\/\/sunvis-solar.com\/es\/wp-json\/wp\/v2\/product_brand?post=1116"},{"taxonomy":"product_cat","embeddable":true,"href":"https:\/\/sunvis-solar.com\/es\/wp-json\/wp\/v2\/product_cat?post=1116"},{"taxonomy":"product_tag","embeddable":true,"href":"https:\/\/sunvis-solar.com\/es\/wp-json\/wp\/v2\/product_tag?post=1116"}],"curies":[{"name":"Gracias","href":"https:\/\/api.w.org\/{rel}","templated":true}]}}