{"id":1097,"date":"2022-09-20T09:46:53","date_gmt":"2022-09-20T09:46:53","guid":{"rendered":"https:\/\/sunvis-solar.com\/?post_type=product&#038;p=1097"},"modified":"2023-08-15T02:34:39","modified_gmt":"2023-08-15T02:34:39","slug":"3kw-5kw-solar-hybrid-inverter-para-sistema-de-bateria-de-litio","status":"publish","type":"product","link":"https:\/\/sunvis-solar.com\/es\/product\/3kw-5kw-solar-hybrid-inverter-for-lithium-battery-system\/","title":{"rendered":"Inversor h\u00edbrido solar de 3KW\/5KW para sistema de bater\u00eda de litio"},"content":{"rendered":"","protected":false},"excerpt":{"rendered":"<ul>\n<li style=\"text-align: left;\"><strong>INVERSOR SOLAR TODO EN UNO<\/strong> - El <a href=\"https:\/\/sunvis-solar.com\/es\/solar-hibrido-inversor\/\">Inversor h\u00edbrido solar<\/a> es perfecto para cualquiera que busque un <a href=\"https:\/\/sunvis-solar.com\/es\/todo-en-uno-calle-luz-solar\/\">solares todo en uno<\/a> cargador inversor. Cuenta con un controlador MPPT integrado y admite carga de utilidad\/generador\/solar.<\/li>\n<li style=\"text-align: left;\"><strong>FUNCI\u00d3N AVS<\/strong> \u2013 El Solar Hybrid Inverter tambi\u00e9n tiene una funci\u00f3n AVS, que le permite sincronizarse con su red p\u00fablica o generador. Esto asegura que siempre tenga energ\u00eda cuando la necesite.<\/li>\n<li style=\"text-align: left;\"><strong>CONTROLADOR MPPT INTEGRADO<\/strong> \u2013 El controlador MPPT incorporado del Solar Hybrid Inverter le permite recolectar m\u00e1s energ\u00eda del sol, lo que lo convierte en la opci\u00f3n perfecta para aquellos que buscan energ\u00eda solar.<\/li>\n<\/ul>\n<p style=\"text-align: left;\">N.\u00ba de art\u00edculo: SHF4830S60<\/p>\n<p style=\"text-align: left;\">Tipo : Inversores DC\/AC<\/p>\n<p style=\"text-align: left;\">Potencia m\u00e1xima: 3KW\/5KW, 48V<\/p>\n<p style=\"text-align: left;\">Voltaje de salida: AC220V<\/p>\n<p style=\"text-align: left;\">Rango de voltaje de operaci\u00f3n fotovoltaica: 120V-500V<\/p>\n<p style=\"text-align: left;\">Capacidad del motor cargado: 2HP-4HP<\/p>","protected":false},"featured_media":1107,"template":"","meta":[],"product_brand":[],"product_cat":[306],"product_tag":[],"class_list":{"0":"post-1097","1":"product","2":"type-product","3":"status-publish","4":"has-post-thumbnail","6":"product_cat-solar-inverter","8":"first","9":"instock","10":"shipping-taxable","11":"product-type-simple"},"yoast_head":"<!-- This site is optimized with the Yoast SEO plugin v27.3 - https:\/\/yoast.com\/product\/yoast-seo-wordpress\/ -->\n<title>3KW\/5KW Solar Hybrid Inverter for Lithium Battery System<\/title>\n<meta name=\"robots\" content=\"index, follow, max-snippet:-1, max-image-preview:large, max-video-preview:-1\" \/>\n<link rel=\"canonical\" href=\"https:\/\/sunvis-solar.com\/es\/producto\/3kw-5kw-solar-hybrid-inverter-para-sistema-de-bateria-de-litio\/\" \/>\n<meta property=\"og:locale\" content=\"es_ES\" \/>\n<meta property=\"og:type\" content=\"article\" \/>\n<meta property=\"og:title\" content=\"3KW\/5KW Solar Hybrid Inverter for Lithium Battery System\" \/>\n<meta property=\"og:description\" content=\"ALL-IN-ONE SOLAR INVERTER - The Solar Hybrid Inverter is perfect for anyone looking for an all-in-one solar inverter charger. It features a built in MPPT controller and supports Utility\/Generator\/Solar charge.  AVS FUNCTION - The Solar Hybrid Inverter also has an AVS function, which allows it to sync with your utility grid or generator. This ensures that you always have power when you need it.  BUILT IN MPPT CONTROLLER - The Solar Hybrid Inverter&#039;s built in MPPT controller allows it to harvest more energy from the sun, making it the perfect choice for those looking to go solar.  Item NO.: SHF4830S60 Type : DC\/AC Inverters Max.Power : 3KW\/5KW, 48V Output Voltage :\u00a0 AC220V PV operation voltage range: 120V-500V Loaded motor capacity: 2HP-4HP\" \/>\n<meta property=\"og:url\" content=\"https:\/\/sunvis-solar.com\/es\/producto\/3kw-5kw-solar-hybrid-inverter-para-sistema-de-bateria-de-litio\/\" \/>\n<meta property=\"og:site_name\" content=\"Solar Street Light and Solar System Manufacturer in China\" \/>\n<meta property=\"article:modified_time\" content=\"2023-08-15T02:34:39+00:00\" \/>\n<meta property=\"og:image\" content=\"https:\/\/sunvis-solar.com\/wp-content\/uploads\/2022\/09\/5KW-SOLAR-INVERTER.webp\" \/>\n\t<meta property=\"og:image:width\" content=\"600\" \/>\n\t<meta property=\"og:image:height\" content=\"600\" \/>\n\t<meta property=\"og:image:type\" content=\"image\/webp\" \/>\n<meta name=\"twitter:card\" content=\"summary_large_image\" \/>\n<script type=\"application\/ld+json\" class=\"yoast-schema-graph\">{\"@context\":\"https:\\\/\\\/schema.org\",\"@graph\":[{\"@type\":\"WebPage\",\"@id\":\"https:\\\/\\\/sunvis-solar.com\\\/product\\\/3kw-5kw-solar-hybrid-inverter-for-lithium-battery-system\\\/\",\"url\":\"https:\\\/\\\/sunvis-solar.com\\\/product\\\/3kw-5kw-solar-hybrid-inverter-for-lithium-battery-system\\\/\",\"name\":\"3KW\\\/5KW Solar Hybrid Inverter for Lithium Battery System\",\"isPartOf\":{\"@id\":\"https:\\\/\\\/sunvis-solar.com\\\/#website\"},\"primaryImageOfPage\":{\"@id\":\"https:\\\/\\\/sunvis-solar.com\\\/product\\\/3kw-5kw-solar-hybrid-inverter-for-lithium-battery-system\\\/#primaryimage\"},\"image\":{\"@id\":\"https:\\\/\\\/sunvis-solar.com\\\/product\\\/3kw-5kw-solar-hybrid-inverter-for-lithium-battery-system\\\/#primaryimage\"},\"thumbnailUrl\":\"https:\\\/\\\/sunvis-solar.com\\\/wp-content\\\/uploads\\\/2022\\\/09\\\/5KW-SOLAR-INVERTER.webp\",\"datePublished\":\"2022-09-20T09:46:53+00:00\",\"dateModified\":\"2023-08-15T02:34:39+00:00\",\"breadcrumb\":{\"@id\":\"https:\\\/\\\/sunvis-solar.com\\\/product\\\/3kw-5kw-solar-hybrid-inverter-for-lithium-battery-system\\\/#breadcrumb\"},\"inLanguage\":\"es\",\"potentialAction\":[{\"@type\":\"ReadAction\",\"target\":[\"https:\\\/\\\/sunvis-solar.com\\\/product\\\/3kw-5kw-solar-hybrid-inverter-for-lithium-battery-system\\\/\"]}]},{\"@type\":\"ImageObject\",\"inLanguage\":\"es\",\"@id\":\"https:\\\/\\\/sunvis-solar.com\\\/product\\\/3kw-5kw-solar-hybrid-inverter-for-lithium-battery-system\\\/#primaryimage\",\"url\":\"https:\\\/\\\/sunvis-solar.com\\\/wp-content\\\/uploads\\\/2022\\\/09\\\/5KW-SOLAR-INVERTER.webp\",\"contentUrl\":\"https:\\\/\\\/sunvis-solar.com\\\/wp-content\\\/uploads\\\/2022\\\/09\\\/5KW-SOLAR-INVERTER.webp\",\"width\":600,\"height\":600,\"caption\":\"5KW SOLAR INVERTER\"},{\"@type\":\"BreadcrumbList\",\"@id\":\"https:\\\/\\\/sunvis-solar.com\\\/product\\\/3kw-5kw-solar-hybrid-inverter-for-lithium-battery-system\\\/#breadcrumb\",\"itemListElement\":[{\"@type\":\"ListItem\",\"position\":1,\"name\":\"Home\",\"item\":\"https:\\\/\\\/sunvis-solar.com\\\/\"},{\"@type\":\"ListItem\",\"position\":2,\"name\":\"Product\",\"item\":\"https:\\\/\\\/sunvis-solar.com\\\/product\\\/\"},{\"@type\":\"ListItem\",\"position\":3,\"name\":\"3KW\\\/5KW Solar Hybrid Inverter for Lithium Battery System\"}]},{\"@type\":\"WebSite\",\"@id\":\"https:\\\/\\\/sunvis-solar.com\\\/#website\",\"url\":\"https:\\\/\\\/sunvis-solar.com\\\/\",\"name\":\"Solar Street Light and Solar System Manufacturer in China\",\"description\":\"Solar Street Light and Solar System Manufacturer in China\",\"publisher\":{\"@id\":\"https:\\\/\\\/sunvis-solar.com\\\/#organization\"},\"potentialAction\":[{\"@type\":\"SearchAction\",\"target\":{\"@type\":\"EntryPoint\",\"urlTemplate\":\"https:\\\/\\\/sunvis-solar.com\\\/?s={search_term_string}\"},\"query-input\":{\"@type\":\"PropertyValueSpecification\",\"valueRequired\":true,\"valueName\":\"search_term_string\"}}],\"inLanguage\":\"es\"},{\"@type\":\"Organization\",\"@id\":\"https:\\\/\\\/sunvis-solar.com\\\/#organization\",\"name\":\"Solar Street Light and Solar System Manufacturer in China\",\"url\":\"https:\\\/\\\/sunvis-solar.com\\\/\",\"logo\":{\"@type\":\"ImageObject\",\"inLanguage\":\"es\",\"@id\":\"https:\\\/\\\/sunvis-solar.com\\\/#\\\/schema\\\/logo\\\/image\\\/\",\"url\":\"https:\\\/\\\/sunvis-solar.com\\\/wp-content\\\/uploads\\\/2023\\\/02\\\/SUNVIS-logo-2.png\",\"contentUrl\":\"https:\\\/\\\/sunvis-solar.com\\\/wp-content\\\/uploads\\\/2023\\\/02\\\/SUNVIS-logo-2.png\",\"width\":200,\"height\":45,\"caption\":\"Solar Street Light and Solar System Manufacturer in China\"},\"image\":{\"@id\":\"https:\\\/\\\/sunvis-solar.com\\\/#\\\/schema\\\/logo\\\/image\\\/\"}}]}<\/script>\n<!-- \/ Yoast SEO plugin. -->","yoast_head_json":{"title":"Inversor h\u00edbrido solar de 3KW\/5KW para sistema de bater\u00eda de litio","robots":{"index":"index","follow":"follow","max-snippet":"max-snippet:-1","max-image-preview":"max-image-preview:large","max-video-preview":"max-video-preview:-1"},"canonical":"https:\/\/sunvis-solar.com\/es\/producto\/3kw-5kw-solar-hybrid-inverter-para-sistema-de-bateria-de-litio\/","og_locale":"es_ES","og_type":"article","og_title":"3KW\/5KW Solar Hybrid Inverter for Lithium Battery System","og_description":"ALL-IN-ONE SOLAR INVERTER - The Solar Hybrid Inverter is perfect for anyone looking for an all-in-one solar inverter charger. It features a built in MPPT controller and supports Utility\/Generator\/Solar charge.  AVS FUNCTION - The Solar Hybrid Inverter also has an AVS function, which allows it to sync with your utility grid or generator. This ensures that you always have power when you need it.  BUILT IN MPPT CONTROLLER - The Solar Hybrid Inverter's built in MPPT controller allows it to harvest more energy from the sun, making it the perfect choice for those looking to go solar.  Item NO.: SHF4830S60 Type : DC\/AC Inverters Max.Power : 3KW\/5KW, 48V Output Voltage :\u00a0 AC220V PV operation voltage range: 120V-500V Loaded motor capacity: 2HP-4HP","og_url":"https:\/\/sunvis-solar.com\/es\/producto\/3kw-5kw-solar-hybrid-inverter-para-sistema-de-bateria-de-litio\/","og_site_name":"Solar Street Light and Solar System Manufacturer in China","article_modified_time":"2023-08-15T02:34:39+00:00","og_image":[{"width":600,"height":600,"url":"https:\/\/sunvis-solar.com\/wp-content\/uploads\/2022\/09\/5KW-SOLAR-INVERTER.webp","type":"image\/webp"}],"twitter_card":"summary_large_image","schema":{"@context":"https:\/\/schema.org","@graph":[{"@type":"WebPage","@id":"https:\/\/sunvis-solar.com\/product\/3kw-5kw-solar-hybrid-inverter-for-lithium-battery-system\/","url":"https:\/\/sunvis-solar.com\/product\/3kw-5kw-solar-hybrid-inverter-for-lithium-battery-system\/","name":"Inversor h\u00edbrido solar de 3KW\/5KW para sistema de bater\u00eda de litio","isPartOf":{"@id":"https:\/\/sunvis-solar.com\/#website"},"primaryImageOfPage":{"@id":"https:\/\/sunvis-solar.com\/product\/3kw-5kw-solar-hybrid-inverter-for-lithium-battery-system\/#primaryimage"},"image":{"@id":"https:\/\/sunvis-solar.com\/product\/3kw-5kw-solar-hybrid-inverter-for-lithium-battery-system\/#primaryimage"},"thumbnailUrl":"https:\/\/sunvis-solar.com\/wp-content\/uploads\/2022\/09\/5KW-SOLAR-INVERTER.webp","datePublished":"2022-09-20T09:46:53+00:00","dateModified":"2023-08-15T02:34:39+00:00","breadcrumb":{"@id":"https:\/\/sunvis-solar.com\/product\/3kw-5kw-solar-hybrid-inverter-for-lithium-battery-system\/#breadcrumb"},"inLanguage":"es","potentialAction":[{"@type":"ReadAction","target":["https:\/\/sunvis-solar.com\/product\/3kw-5kw-solar-hybrid-inverter-for-lithium-battery-system\/"]}]},{"@type":"ImageObject","inLanguage":"es","@id":"https:\/\/sunvis-solar.com\/product\/3kw-5kw-solar-hybrid-inverter-for-lithium-battery-system\/#primaryimage","url":"https:\/\/sunvis-solar.com\/wp-content\/uploads\/2022\/09\/5KW-SOLAR-INVERTER.webp","contentUrl":"https:\/\/sunvis-solar.com\/wp-content\/uploads\/2022\/09\/5KW-SOLAR-INVERTER.webp","width":600,"height":600,"caption":"5KW SOLAR INVERTER"},{"@type":"BreadcrumbList","@id":"https:\/\/sunvis-solar.com\/product\/3kw-5kw-solar-hybrid-inverter-for-lithium-battery-system\/#breadcrumb","itemListElement":[{"@type":"ListItem","position":1,"name":"Home","item":"https:\/\/sunvis-solar.com\/"},{"@type":"ListItem","position":2,"name":"Product","item":"https:\/\/sunvis-solar.com\/product\/"},{"@type":"ListItem","position":3,"name":"3KW\/5KW Solar Hybrid Inverter for Lithium Battery System"}]},{"@type":"WebSite","@id":"https:\/\/sunvis-solar.com\/#website","url":"https:\/\/sunvis-solar.com\/","name":"Fabricante de farolas solares y sistemas solares en China","description":"Fabricante de farolas solares y sistemas solares en China","publisher":{"@id":"https:\/\/sunvis-solar.com\/#organization"},"potentialAction":[{"@type":"SearchAction","target":{"@type":"EntryPoint","urlTemplate":"https:\/\/sunvis-solar.com\/?s={search_term_string}"},"query-input":{"@type":"PropertyValueSpecification","valueRequired":true,"valueName":"search_term_string"}}],"inLanguage":"es"},{"@type":"Organization","@id":"https:\/\/sunvis-solar.com\/#organization","name":"Fabricante de farolas solares y sistemas solares en China","url":"https:\/\/sunvis-solar.com\/","logo":{"@type":"ImageObject","inLanguage":"es","@id":"https:\/\/sunvis-solar.com\/#\/schema\/logo\/image\/","url":"https:\/\/sunvis-solar.com\/wp-content\/uploads\/2023\/02\/SUNVIS-logo-2.png","contentUrl":"https:\/\/sunvis-solar.com\/wp-content\/uploads\/2023\/02\/SUNVIS-logo-2.png","width":200,"height":45,"caption":"Solar Street Light and Solar System Manufacturer in China"},"image":{"@id":"https:\/\/sunvis-solar.com\/#\/schema\/logo\/image\/"}}]}},"_links":{"self":[{"href":"https:\/\/sunvis-solar.com\/es\/wp-json\/wp\/v2\/product\/1097","targetHints":{"allow":["GET"]}}],"collection":[{"href":"https:\/\/sunvis-solar.com\/es\/wp-json\/wp\/v2\/product"}],"about":[{"href":"https:\/\/sunvis-solar.com\/es\/wp-json\/wp\/v2\/types\/product"}],"wp:featuredmedia":[{"embeddable":true,"href":"https:\/\/sunvis-solar.com\/es\/wp-json\/wp\/v2\/media\/1107"}],"wp:attachment":[{"href":"https:\/\/sunvis-solar.com\/es\/wp-json\/wp\/v2\/media?parent=1097"}],"wp:term":[{"taxonomy":"product_brand","embeddable":true,"href":"https:\/\/sunvis-solar.com\/es\/wp-json\/wp\/v2\/product_brand?post=1097"},{"taxonomy":"product_cat","embeddable":true,"href":"https:\/\/sunvis-solar.com\/es\/wp-json\/wp\/v2\/product_cat?post=1097"},{"taxonomy":"product_tag","embeddable":true,"href":"https:\/\/sunvis-solar.com\/es\/wp-json\/wp\/v2\/product_tag?post=1097"}],"curies":[{"name":"Gracias","href":"https:\/\/api.w.org\/{rel}","templated":true}]}}