{"id":1072,"date":"2022-09-18T07:29:23","date_gmt":"2022-09-18T07:29:23","guid":{"rendered":"https:\/\/sunvis-solar.com\/?post_type=product&#038;p=1072"},"modified":"2023-08-15T02:31:00","modified_gmt":"2023-08-15T02:31:00","slug":"48v-ion-litio-bateria-100ah","status":"publish","type":"product","link":"https:\/\/sunvis-solar.com\/es\/product\/48v-lithium-ion-battery-100ah\/","title":{"rendered":"Bater\u00eda de iones de litio de 48V 100AH"},"content":{"rendered":"","protected":false},"excerpt":{"rendered":"<h5 style=\"text-align: left;\">\u00bfBusca una soluci\u00f3n de almacenamiento de energ\u00eda solar confiable y eficiente? \u00a1Vea el paquete de bater\u00edas de iones de litio (LiFePO4) SUNVIS Powerwall 48V 4.8KWH! Esta unidad montada en la pared es perfecta para aquellos que desean cargar con energ\u00eda solar y energ\u00eda de la red p\u00fablica, y almacenar energ\u00eda solar como respaldo durante cortes de energ\u00eda. El SUNVIS Powerwall est\u00e1 fabricado con bater\u00edas LiFePO4 de alta calidad que est\u00e1n dise\u00f1adas para durar a\u00f1os, brind\u00e1ndole una fuente de energ\u00eda limpia y ecol\u00f3gica en la que puede confiar. \u00a1Con este paquete de bater\u00edas, nunca m\u00e1s tendr\u00e1 que preocuparse por quedarse sin energ\u00eda!<\/h5>\n<p style=\"text-align: left;\">Powerwall de 48 voltios y 100 Ah incluye un BMS din\u00e1mico con:<\/p>\n<ul>\n<li class=\"fusion-li-item-content\" style=\"text-align: left;\">Voltaje: 48V (sistema de 48V)<\/li>\n<\/ul>\n<ul>\n<li class=\"fusion-li-item-content\" style=\"text-align: left;\">Tipo de celda de bater\u00eda: bater\u00eda LiFepo4<\/li>\n<\/ul>\n<ul>\n<li class=\"fusion-li-item-content\" style=\"text-align: left;\">Energ\u00eda: 4,8 kwh<\/li>\n<\/ul>\n<ul>\n<li class=\"fusion-li-item-content\" style=\"text-align: left;\">Paralelo flexible<\/li>\n<\/ul>\n<ul>\n<li class=\"fusion-li-item-content\" style=\"text-align: left;\">Comunicaci\u00f3n<\/li>\n<\/ul>\n<div class=\"do-content\">\n<div class=\"do-overview\">\n<div class=\"do-entry do-entry-separate\" data-e2e-name=\"quickDetail\" data-spm-anchor-id=\"a2700.details.0.i7.4f1b22d6NXuIdM\">\n<div class=\"do-entry-list\" style=\"text-align: left;\"><\/div>\n<\/div>\n<\/div>\n<\/div>","protected":false},"featured_media":1191,"template":"","meta":[],"product_brand":[],"product_cat":[305],"product_tag":[],"class_list":{"0":"post-1072","1":"product","2":"type-product","3":"status-publish","4":"has-post-thumbnail","6":"product_cat-battery","8":"first","9":"instock","10":"shipping-taxable","11":"product-type-simple"},"yoast_head":"<!-- This site is optimized with the Yoast SEO plugin v27.3 - https:\/\/yoast.com\/product\/yoast-seo-wordpress\/ -->\n<title>48V 100AH LiFePO4 Lithium Battery Pack with 5 Years Warranty<\/title>\n<meta name=\"description\" content=\"Looking for a reliable and powerful solar energy storage solution? SUNVIS Powerwall 48V Lithium Battery Pack is wall mounted, and can be charged with both solar power and utility power. Contact us for Price Now!\" \/>\n<meta name=\"robots\" content=\"index, follow, max-snippet:-1, max-image-preview:large, max-video-preview:-1\" \/>\n<link rel=\"canonical\" href=\"https:\/\/sunvis-solar.com\/es\/producto\/48v-ion-litio-bateria-100ah\/\" \/>\n<meta property=\"og:locale\" content=\"es_ES\" \/>\n<meta property=\"og:type\" content=\"article\" \/>\n<meta property=\"og:title\" content=\"48V 100AH LiFePO4 Lithium Battery Pack with 5 Years Warranty\" \/>\n<meta property=\"og:description\" content=\"Looking for a reliable and powerful solar energy storage solution? SUNVIS Powerwall 48V Lithium Battery Pack is wall mounted, and can be charged with both solar power and utility power. Contact us for Price Now!\" \/>\n<meta property=\"og:url\" content=\"https:\/\/sunvis-solar.com\/es\/producto\/48v-ion-litio-bateria-100ah\/\" \/>\n<meta property=\"og:site_name\" content=\"Solar Street Light and Solar System Manufacturer in China\" \/>\n<meta property=\"article:modified_time\" content=\"2023-08-15T02:31:00+00:00\" \/>\n<meta property=\"og:image\" content=\"https:\/\/sunvis-solar.com\/wp-content\/uploads\/2022\/09\/48V-100AH-Lithium-Battery-11-1.png\" \/>\n\t<meta property=\"og:image:width\" content=\"600\" \/>\n\t<meta property=\"og:image:height\" content=\"601\" \/>\n\t<meta property=\"og:image:type\" content=\"image\/png\" \/>\n<meta name=\"twitter:card\" content=\"summary_large_image\" \/>\n<script type=\"application\/ld+json\" class=\"yoast-schema-graph\">{\"@context\":\"https:\\\/\\\/schema.org\",\"@graph\":[{\"@type\":\"WebPage\",\"@id\":\"https:\\\/\\\/sunvis-solar.com\\\/product\\\/48v-lithium-ion-battery-100ah\\\/\",\"url\":\"https:\\\/\\\/sunvis-solar.com\\\/product\\\/48v-lithium-ion-battery-100ah\\\/\",\"name\":\"48V 100AH LiFePO4 Lithium Battery Pack with 5 Years Warranty\",\"isPartOf\":{\"@id\":\"https:\\\/\\\/sunvis-solar.com\\\/#website\"},\"primaryImageOfPage\":{\"@id\":\"https:\\\/\\\/sunvis-solar.com\\\/product\\\/48v-lithium-ion-battery-100ah\\\/#primaryimage\"},\"image\":{\"@id\":\"https:\\\/\\\/sunvis-solar.com\\\/product\\\/48v-lithium-ion-battery-100ah\\\/#primaryimage\"},\"thumbnailUrl\":\"https:\\\/\\\/sunvis-solar.com\\\/wp-content\\\/uploads\\\/2022\\\/10\\\/48V-100AH-Lithium-Battery-11-1.png\",\"datePublished\":\"2022-09-18T07:29:23+00:00\",\"dateModified\":\"2023-08-15T02:31:00+00:00\",\"description\":\"Looking for a reliable and powerful solar energy storage solution? SUNVIS Powerwall 48V Lithium Battery Pack is wall mounted, and can be charged with both solar power and utility power. Contact us for Price Now!\",\"breadcrumb\":{\"@id\":\"https:\\\/\\\/sunvis-solar.com\\\/product\\\/48v-lithium-ion-battery-100ah\\\/#breadcrumb\"},\"inLanguage\":\"es\",\"potentialAction\":[{\"@type\":\"ReadAction\",\"target\":[\"https:\\\/\\\/sunvis-solar.com\\\/product\\\/48v-lithium-ion-battery-100ah\\\/\"]}]},{\"@type\":\"ImageObject\",\"inLanguage\":\"es\",\"@id\":\"https:\\\/\\\/sunvis-solar.com\\\/product\\\/48v-lithium-ion-battery-100ah\\\/#primaryimage\",\"url\":\"https:\\\/\\\/sunvis-solar.com\\\/wp-content\\\/uploads\\\/2022\\\/10\\\/48V-100AH-Lithium-Battery-11-1.png\",\"contentUrl\":\"https:\\\/\\\/sunvis-solar.com\\\/wp-content\\\/uploads\\\/2022\\\/10\\\/48V-100AH-Lithium-Battery-11-1.png\",\"width\":600,\"height\":601,\"caption\":\"48V 100AH Lithium Battery 11\"},{\"@type\":\"BreadcrumbList\",\"@id\":\"https:\\\/\\\/sunvis-solar.com\\\/product\\\/48v-lithium-ion-battery-100ah\\\/#breadcrumb\",\"itemListElement\":[{\"@type\":\"ListItem\",\"position\":1,\"name\":\"Home\",\"item\":\"https:\\\/\\\/sunvis-solar.com\\\/\"},{\"@type\":\"ListItem\",\"position\":2,\"name\":\"Product\",\"item\":\"https:\\\/\\\/sunvis-solar.com\\\/product\\\/\"},{\"@type\":\"ListItem\",\"position\":3,\"name\":\"48V Lithium Ion Battery 100AH\"}]},{\"@type\":\"WebSite\",\"@id\":\"https:\\\/\\\/sunvis-solar.com\\\/#website\",\"url\":\"https:\\\/\\\/sunvis-solar.com\\\/\",\"name\":\"Solar Street Light and Solar System Manufacturer in China\",\"description\":\"Solar Street Light and Solar System Manufacturer in China\",\"publisher\":{\"@id\":\"https:\\\/\\\/sunvis-solar.com\\\/#organization\"},\"potentialAction\":[{\"@type\":\"SearchAction\",\"target\":{\"@type\":\"EntryPoint\",\"urlTemplate\":\"https:\\\/\\\/sunvis-solar.com\\\/?s={search_term_string}\"},\"query-input\":{\"@type\":\"PropertyValueSpecification\",\"valueRequired\":true,\"valueName\":\"search_term_string\"}}],\"inLanguage\":\"es\"},{\"@type\":\"Organization\",\"@id\":\"https:\\\/\\\/sunvis-solar.com\\\/#organization\",\"name\":\"Solar Street Light and Solar System Manufacturer in China\",\"url\":\"https:\\\/\\\/sunvis-solar.com\\\/\",\"logo\":{\"@type\":\"ImageObject\",\"inLanguage\":\"es\",\"@id\":\"https:\\\/\\\/sunvis-solar.com\\\/#\\\/schema\\\/logo\\\/image\\\/\",\"url\":\"https:\\\/\\\/sunvis-solar.com\\\/wp-content\\\/uploads\\\/2023\\\/02\\\/SUNVIS-logo-2.png\",\"contentUrl\":\"https:\\\/\\\/sunvis-solar.com\\\/wp-content\\\/uploads\\\/2023\\\/02\\\/SUNVIS-logo-2.png\",\"width\":200,\"height\":45,\"caption\":\"Solar Street Light and Solar System Manufacturer in China\"},\"image\":{\"@id\":\"https:\\\/\\\/sunvis-solar.com\\\/#\\\/schema\\\/logo\\\/image\\\/\"}}]}<\/script>\n<!-- \/ Yoast SEO plugin. -->","yoast_head_json":{"title":"Paquete de bater\u00eda de litio LiFePO4 de 48V 100AH con 5 a\u00f1os de garant\u00eda","description":"\u00bfBusca una soluci\u00f3n de almacenamiento de energ\u00eda solar fiable y potente? El paquete de bater\u00edas de litio SUNVIS Powerwall de 48 V se monta en la pared y se puede cargar tanto con energ\u00eda solar como con energ\u00eda de la red p\u00fablica. \u00a1Cont\u00e1ctenos para precio ahora!","robots":{"index":"index","follow":"follow","max-snippet":"max-snippet:-1","max-image-preview":"max-image-preview:large","max-video-preview":"max-video-preview:-1"},"canonical":"https:\/\/sunvis-solar.com\/es\/producto\/48v-ion-litio-bateria-100ah\/","og_locale":"es_ES","og_type":"article","og_title":"48V 100AH LiFePO4 Lithium Battery Pack with 5 Years Warranty","og_description":"Looking for a reliable and powerful solar energy storage solution? SUNVIS Powerwall 48V Lithium Battery Pack is wall mounted, and can be charged with both solar power and utility power. Contact us for Price Now!","og_url":"https:\/\/sunvis-solar.com\/es\/producto\/48v-ion-litio-bateria-100ah\/","og_site_name":"Solar Street Light and Solar System Manufacturer in China","article_modified_time":"2023-08-15T02:31:00+00:00","og_image":[{"width":600,"height":601,"url":"https:\/\/sunvis-solar.com\/wp-content\/uploads\/2022\/09\/48V-100AH-Lithium-Battery-11-1.png","type":"image\/png"}],"twitter_card":"summary_large_image","schema":{"@context":"https:\/\/schema.org","@graph":[{"@type":"WebPage","@id":"https:\/\/sunvis-solar.com\/product\/48v-lithium-ion-battery-100ah\/","url":"https:\/\/sunvis-solar.com\/product\/48v-lithium-ion-battery-100ah\/","name":"Paquete de bater\u00eda de litio LiFePO4 de 48V 100AH con 5 a\u00f1os de garant\u00eda","isPartOf":{"@id":"https:\/\/sunvis-solar.com\/#website"},"primaryImageOfPage":{"@id":"https:\/\/sunvis-solar.com\/product\/48v-lithium-ion-battery-100ah\/#primaryimage"},"image":{"@id":"https:\/\/sunvis-solar.com\/product\/48v-lithium-ion-battery-100ah\/#primaryimage"},"thumbnailUrl":"https:\/\/sunvis-solar.com\/wp-content\/uploads\/2022\/10\/48V-100AH-Lithium-Battery-11-1.png","datePublished":"2022-09-18T07:29:23+00:00","dateModified":"2023-08-15T02:31:00+00:00","description":"\u00bfBusca una soluci\u00f3n de almacenamiento de energ\u00eda solar fiable y potente? El paquete de bater\u00edas de litio SUNVIS Powerwall de 48 V se monta en la pared y se puede cargar tanto con energ\u00eda solar como con energ\u00eda de la red p\u00fablica. \u00a1Cont\u00e1ctenos para precio ahora!","breadcrumb":{"@id":"https:\/\/sunvis-solar.com\/product\/48v-lithium-ion-battery-100ah\/#breadcrumb"},"inLanguage":"es","potentialAction":[{"@type":"ReadAction","target":["https:\/\/sunvis-solar.com\/product\/48v-lithium-ion-battery-100ah\/"]}]},{"@type":"ImageObject","inLanguage":"es","@id":"https:\/\/sunvis-solar.com\/product\/48v-lithium-ion-battery-100ah\/#primaryimage","url":"https:\/\/sunvis-solar.com\/wp-content\/uploads\/2022\/10\/48V-100AH-Lithium-Battery-11-1.png","contentUrl":"https:\/\/sunvis-solar.com\/wp-content\/uploads\/2022\/10\/48V-100AH-Lithium-Battery-11-1.png","width":600,"height":601,"caption":"48V 100AH Lithium Battery 11"},{"@type":"BreadcrumbList","@id":"https:\/\/sunvis-solar.com\/product\/48v-lithium-ion-battery-100ah\/#breadcrumb","itemListElement":[{"@type":"ListItem","position":1,"name":"Home","item":"https:\/\/sunvis-solar.com\/"},{"@type":"ListItem","position":2,"name":"Product","item":"https:\/\/sunvis-solar.com\/product\/"},{"@type":"ListItem","position":3,"name":"48V Lithium Ion Battery 100AH"}]},{"@type":"WebSite","@id":"https:\/\/sunvis-solar.com\/#website","url":"https:\/\/sunvis-solar.com\/","name":"Fabricante de farolas solares y sistemas solares en China","description":"Fabricante de farolas solares y sistemas solares en China","publisher":{"@id":"https:\/\/sunvis-solar.com\/#organization"},"potentialAction":[{"@type":"SearchAction","target":{"@type":"EntryPoint","urlTemplate":"https:\/\/sunvis-solar.com\/?s={search_term_string}"},"query-input":{"@type":"PropertyValueSpecification","valueRequired":true,"valueName":"search_term_string"}}],"inLanguage":"es"},{"@type":"Organization","@id":"https:\/\/sunvis-solar.com\/#organization","name":"Fabricante de farolas solares y sistemas solares en China","url":"https:\/\/sunvis-solar.com\/","logo":{"@type":"ImageObject","inLanguage":"es","@id":"https:\/\/sunvis-solar.com\/#\/schema\/logo\/image\/","url":"https:\/\/sunvis-solar.com\/wp-content\/uploads\/2023\/02\/SUNVIS-logo-2.png","contentUrl":"https:\/\/sunvis-solar.com\/wp-content\/uploads\/2023\/02\/SUNVIS-logo-2.png","width":200,"height":45,"caption":"Solar Street Light and Solar System Manufacturer in China"},"image":{"@id":"https:\/\/sunvis-solar.com\/#\/schema\/logo\/image\/"}}]}},"_links":{"self":[{"href":"https:\/\/sunvis-solar.com\/es\/wp-json\/wp\/v2\/product\/1072","targetHints":{"allow":["GET"]}}],"collection":[{"href":"https:\/\/sunvis-solar.com\/es\/wp-json\/wp\/v2\/product"}],"about":[{"href":"https:\/\/sunvis-solar.com\/es\/wp-json\/wp\/v2\/types\/product"}],"wp:featuredmedia":[{"embeddable":true,"href":"https:\/\/sunvis-solar.com\/es\/wp-json\/wp\/v2\/media\/1191"}],"wp:attachment":[{"href":"https:\/\/sunvis-solar.com\/es\/wp-json\/wp\/v2\/media?parent=1072"}],"wp:term":[{"taxonomy":"product_brand","embeddable":true,"href":"https:\/\/sunvis-solar.com\/es\/wp-json\/wp\/v2\/product_brand?post=1072"},{"taxonomy":"product_cat","embeddable":true,"href":"https:\/\/sunvis-solar.com\/es\/wp-json\/wp\/v2\/product_cat?post=1072"},{"taxonomy":"product_tag","embeddable":true,"href":"https:\/\/sunvis-solar.com\/es\/wp-json\/wp\/v2\/product_tag?post=1072"}],"curies":[{"name":"Gracias","href":"https:\/\/api.w.org\/{rel}","templated":true}]}}