{"id":1033,"date":"2022-09-18T07:26:28","date_gmt":"2022-09-18T07:26:28","guid":{"rendered":"https:\/\/sunvis-solar.com\/?post_type=product&#038;p=1033"},"modified":"2023-08-14T16:41:22","modified_gmt":"2023-08-14T16:41:22","slug":"48v-bateria-litio-200ah","status":"publish","type":"product","link":"https:\/\/sunvis-solar.com\/es\/product\/48v-lithium-battery-200ah\/","title":{"rendered":"Bater\u00eda de litio de 48V 200AH"},"content":{"rendered":"","protected":false},"excerpt":{"rendered":"<h5 style=\"text-align: left;\">El paquete de bater\u00eda de iones de litio (LiFePO4) SUNVIS Powerwall 48V 9.6KWH es un sistema integrado de bater\u00eda de almacenamiento de energ\u00eda solar, tiene un dise\u00f1o montado en la pared. Puede cargar con energ\u00eda solar y energ\u00eda de utilidad. Almacena su energ\u00eda solar como una fuente de energ\u00eda de respaldo, para que sus electrodom\u00e9sticos permanezcan en funcionamiento cuando se corta la red.<\/h5>\n<p style=\"text-align: left;\">Powerwall de 48 voltios y 200 Ah incluye un BMS din\u00e1mico con:<\/p>\n<ul>\n<li class=\"fusion-li-item-content\" style=\"text-align: left;\">Voltaje: 48V (sistema de 48V)<\/li>\n<\/ul>\n<ul>\n<li class=\"fusion-li-item-content\" style=\"text-align: left;\">Tipo de celda de bater\u00eda: bater\u00eda LiFepo4<\/li>\n<\/ul>\n<ul>\n<li class=\"fusion-li-item-content\" style=\"text-align: left;\">Energ\u00eda: 9,6 kwh<\/li>\n<\/ul>\n<ul>\n<li class=\"fusion-li-item-content\" style=\"text-align: left;\">Paralelo flexible<\/li>\n<\/ul>\n<ul>\n<li class=\"fusion-li-item-content\" style=\"text-align: left;\">Comunicaci\u00f3n<\/li>\n<\/ul>\n<div class=\"do-content\">\n<div class=\"do-overview\">\n<div class=\"do-entry do-entry-separate\" data-e2e-name=\"quickDetail\" data-spm-anchor-id=\"a2700.details.0.i7.4f1b22d6NXuIdM\">\n<div class=\"do-entry-list\" style=\"text-align: left;\"><\/div>\n<\/div>\n<\/div>\n<\/div>","protected":false},"featured_media":1066,"template":"","meta":[],"product_brand":[],"product_cat":[305],"product_tag":[],"class_list":{"0":"post-1033","1":"product","2":"type-product","3":"status-publish","4":"has-post-thumbnail","6":"product_cat-battery","8":"first","9":"instock","10":"shipping-taxable","11":"product-type-simple"},"yoast_head":"<!-- This site is optimized with the Yoast SEO plugin v27.3 - https:\/\/yoast.com\/product\/yoast-seo-wordpress\/ -->\n<title>China 48v 200ah lithium ion battery Supplier and Manufacturer<\/title>\n<meta name=\"robots\" content=\"index, follow, max-snippet:-1, max-image-preview:large, max-video-preview:-1\" \/>\n<link rel=\"canonical\" href=\"https:\/\/sunvis-solar.com\/es\/producto\/48v-bateria-litio-200ah\/\" \/>\n<meta property=\"og:locale\" content=\"es_ES\" \/>\n<meta property=\"og:type\" content=\"article\" \/>\n<meta property=\"og:title\" content=\"China 48v 200ah lithium ion battery Supplier and Manufacturer\" \/>\n<meta property=\"og:description\" content=\"SUNVIS Powerwall 48V 9.6KWH Lithium Ion(LiFePO4) Battery Pack is an integrated solar energy storage battery system, it is wall mounted design. You can charge with solar energy and utility power. It stores your solar energy as a backup power source, so your appliances stay up and running when the grid goes out. 48 volt 200Ah Powerwall includes a dynamic BMS with:    Voltage: 48V(48V system)    Battery cell Type: LiFepo4 battery    Energy: 9.6 kwh    Flexible parallel    Communication\" \/>\n<meta property=\"og:url\" content=\"https:\/\/sunvis-solar.com\/es\/producto\/48v-bateria-litio-200ah\/\" \/>\n<meta property=\"og:site_name\" content=\"Solar Street Light and Solar System Manufacturer in China\" \/>\n<meta property=\"article:modified_time\" content=\"2023-08-14T16:41:22+00:00\" \/>\n<meta property=\"og:image\" content=\"https:\/\/sunvis-solar.com\/wp-content\/uploads\/2022\/09\/48V-200AH-Lithium-Battery-5.webp\" \/>\n\t<meta property=\"og:image:width\" content=\"600\" \/>\n\t<meta property=\"og:image:height\" content=\"600\" \/>\n\t<meta property=\"og:image:type\" content=\"image\/webp\" \/>\n<meta name=\"twitter:card\" content=\"summary_large_image\" \/>\n<script type=\"application\/ld+json\" class=\"yoast-schema-graph\">{\"@context\":\"https:\\\/\\\/schema.org\",\"@graph\":[{\"@type\":\"WebPage\",\"@id\":\"https:\\\/\\\/sunvis-solar.com\\\/product\\\/48v-lithium-battery-200ah\\\/\",\"url\":\"https:\\\/\\\/sunvis-solar.com\\\/product\\\/48v-lithium-battery-200ah\\\/\",\"name\":\"China 48v 200ah lithium ion battery Supplier and Manufacturer\",\"isPartOf\":{\"@id\":\"https:\\\/\\\/sunvis-solar.com\\\/#website\"},\"primaryImageOfPage\":{\"@id\":\"https:\\\/\\\/sunvis-solar.com\\\/product\\\/48v-lithium-battery-200ah\\\/#primaryimage\"},\"image\":{\"@id\":\"https:\\\/\\\/sunvis-solar.com\\\/product\\\/48v-lithium-battery-200ah\\\/#primaryimage\"},\"thumbnailUrl\":\"https:\\\/\\\/sunvis-solar.com\\\/wp-content\\\/uploads\\\/2022\\\/09\\\/48V-200AH-Lithium-Battery-5.webp\",\"datePublished\":\"2022-09-18T07:26:28+00:00\",\"dateModified\":\"2023-08-14T16:41:22+00:00\",\"breadcrumb\":{\"@id\":\"https:\\\/\\\/sunvis-solar.com\\\/product\\\/48v-lithium-battery-200ah\\\/#breadcrumb\"},\"inLanguage\":\"es\",\"potentialAction\":[{\"@type\":\"ReadAction\",\"target\":[\"https:\\\/\\\/sunvis-solar.com\\\/product\\\/48v-lithium-battery-200ah\\\/\"]}]},{\"@type\":\"ImageObject\",\"inLanguage\":\"es\",\"@id\":\"https:\\\/\\\/sunvis-solar.com\\\/product\\\/48v-lithium-battery-200ah\\\/#primaryimage\",\"url\":\"https:\\\/\\\/sunvis-solar.com\\\/wp-content\\\/uploads\\\/2022\\\/09\\\/48V-200AH-Lithium-Battery-5.webp\",\"contentUrl\":\"https:\\\/\\\/sunvis-solar.com\\\/wp-content\\\/uploads\\\/2022\\\/09\\\/48V-200AH-Lithium-Battery-5.webp\",\"width\":600,\"height\":600,\"caption\":\"48V 200AH Lithium Battery 5\"},{\"@type\":\"BreadcrumbList\",\"@id\":\"https:\\\/\\\/sunvis-solar.com\\\/product\\\/48v-lithium-battery-200ah\\\/#breadcrumb\",\"itemListElement\":[{\"@type\":\"ListItem\",\"position\":1,\"name\":\"Home\",\"item\":\"https:\\\/\\\/sunvis-solar.com\\\/\"},{\"@type\":\"ListItem\",\"position\":2,\"name\":\"Product\",\"item\":\"https:\\\/\\\/sunvis-solar.com\\\/product\\\/\"},{\"@type\":\"ListItem\",\"position\":3,\"name\":\"48V Lithium Battery 200AH\"}]},{\"@type\":\"WebSite\",\"@id\":\"https:\\\/\\\/sunvis-solar.com\\\/#website\",\"url\":\"https:\\\/\\\/sunvis-solar.com\\\/\",\"name\":\"Solar Street Light and Solar System Manufacturer in China\",\"description\":\"Solar Street Light and Solar System Manufacturer in China\",\"publisher\":{\"@id\":\"https:\\\/\\\/sunvis-solar.com\\\/#organization\"},\"potentialAction\":[{\"@type\":\"SearchAction\",\"target\":{\"@type\":\"EntryPoint\",\"urlTemplate\":\"https:\\\/\\\/sunvis-solar.com\\\/?s={search_term_string}\"},\"query-input\":{\"@type\":\"PropertyValueSpecification\",\"valueRequired\":true,\"valueName\":\"search_term_string\"}}],\"inLanguage\":\"es\"},{\"@type\":\"Organization\",\"@id\":\"https:\\\/\\\/sunvis-solar.com\\\/#organization\",\"name\":\"Solar Street Light and Solar System Manufacturer in China\",\"url\":\"https:\\\/\\\/sunvis-solar.com\\\/\",\"logo\":{\"@type\":\"ImageObject\",\"inLanguage\":\"es\",\"@id\":\"https:\\\/\\\/sunvis-solar.com\\\/#\\\/schema\\\/logo\\\/image\\\/\",\"url\":\"https:\\\/\\\/sunvis-solar.com\\\/wp-content\\\/uploads\\\/2023\\\/02\\\/SUNVIS-logo-2.png\",\"contentUrl\":\"https:\\\/\\\/sunvis-solar.com\\\/wp-content\\\/uploads\\\/2023\\\/02\\\/SUNVIS-logo-2.png\",\"width\":200,\"height\":45,\"caption\":\"Solar Street Light and Solar System Manufacturer in China\"},\"image\":{\"@id\":\"https:\\\/\\\/sunvis-solar.com\\\/#\\\/schema\\\/logo\\\/image\\\/\"}}]}<\/script>\n<!-- \/ Yoast SEO plugin. -->","yoast_head_json":{"title":"Proveedor y fabricante de bater\u00eda de iones de litio de China 48v 200ah","robots":{"index":"index","follow":"follow","max-snippet":"max-snippet:-1","max-image-preview":"max-image-preview:large","max-video-preview":"max-video-preview:-1"},"canonical":"https:\/\/sunvis-solar.com\/es\/producto\/48v-bateria-litio-200ah\/","og_locale":"es_ES","og_type":"article","og_title":"China 48v 200ah lithium ion battery Supplier and Manufacturer","og_description":"SUNVIS Powerwall 48V 9.6KWH Lithium Ion(LiFePO4) Battery Pack is an integrated solar energy storage battery system, it is wall mounted design. You can charge with solar energy and utility power. It stores your solar energy as a backup power source, so your appliances stay up and running when the grid goes out. 48 volt 200Ah Powerwall includes a dynamic BMS with:    Voltage: 48V(48V system)    Battery cell Type: LiFepo4 battery    Energy: 9.6 kwh    Flexible parallel    Communication","og_url":"https:\/\/sunvis-solar.com\/es\/producto\/48v-bateria-litio-200ah\/","og_site_name":"Solar Street Light and Solar System Manufacturer in China","article_modified_time":"2023-08-14T16:41:22+00:00","og_image":[{"width":600,"height":600,"url":"https:\/\/sunvis-solar.com\/wp-content\/uploads\/2022\/09\/48V-200AH-Lithium-Battery-5.webp","type":"image\/webp"}],"twitter_card":"summary_large_image","schema":{"@context":"https:\/\/schema.org","@graph":[{"@type":"WebPage","@id":"https:\/\/sunvis-solar.com\/product\/48v-lithium-battery-200ah\/","url":"https:\/\/sunvis-solar.com\/product\/48v-lithium-battery-200ah\/","name":"Proveedor y fabricante de bater\u00eda de iones de litio de China 48v 200ah","isPartOf":{"@id":"https:\/\/sunvis-solar.com\/#website"},"primaryImageOfPage":{"@id":"https:\/\/sunvis-solar.com\/product\/48v-lithium-battery-200ah\/#primaryimage"},"image":{"@id":"https:\/\/sunvis-solar.com\/product\/48v-lithium-battery-200ah\/#primaryimage"},"thumbnailUrl":"https:\/\/sunvis-solar.com\/wp-content\/uploads\/2022\/09\/48V-200AH-Lithium-Battery-5.webp","datePublished":"2022-09-18T07:26:28+00:00","dateModified":"2023-08-14T16:41:22+00:00","breadcrumb":{"@id":"https:\/\/sunvis-solar.com\/product\/48v-lithium-battery-200ah\/#breadcrumb"},"inLanguage":"es","potentialAction":[{"@type":"ReadAction","target":["https:\/\/sunvis-solar.com\/product\/48v-lithium-battery-200ah\/"]}]},{"@type":"ImageObject","inLanguage":"es","@id":"https:\/\/sunvis-solar.com\/product\/48v-lithium-battery-200ah\/#primaryimage","url":"https:\/\/sunvis-solar.com\/wp-content\/uploads\/2022\/09\/48V-200AH-Lithium-Battery-5.webp","contentUrl":"https:\/\/sunvis-solar.com\/wp-content\/uploads\/2022\/09\/48V-200AH-Lithium-Battery-5.webp","width":600,"height":600,"caption":"48V 200AH Lithium Battery 5"},{"@type":"BreadcrumbList","@id":"https:\/\/sunvis-solar.com\/product\/48v-lithium-battery-200ah\/#breadcrumb","itemListElement":[{"@type":"ListItem","position":1,"name":"Home","item":"https:\/\/sunvis-solar.com\/"},{"@type":"ListItem","position":2,"name":"Product","item":"https:\/\/sunvis-solar.com\/product\/"},{"@type":"ListItem","position":3,"name":"48V Lithium Battery 200AH"}]},{"@type":"WebSite","@id":"https:\/\/sunvis-solar.com\/#website","url":"https:\/\/sunvis-solar.com\/","name":"Fabricante de farolas solares y sistemas solares en China","description":"Fabricante de farolas solares y sistemas solares en China","publisher":{"@id":"https:\/\/sunvis-solar.com\/#organization"},"potentialAction":[{"@type":"SearchAction","target":{"@type":"EntryPoint","urlTemplate":"https:\/\/sunvis-solar.com\/?s={search_term_string}"},"query-input":{"@type":"PropertyValueSpecification","valueRequired":true,"valueName":"search_term_string"}}],"inLanguage":"es"},{"@type":"Organization","@id":"https:\/\/sunvis-solar.com\/#organization","name":"Fabricante de farolas solares y sistemas solares en China","url":"https:\/\/sunvis-solar.com\/","logo":{"@type":"ImageObject","inLanguage":"es","@id":"https:\/\/sunvis-solar.com\/#\/schema\/logo\/image\/","url":"https:\/\/sunvis-solar.com\/wp-content\/uploads\/2023\/02\/SUNVIS-logo-2.png","contentUrl":"https:\/\/sunvis-solar.com\/wp-content\/uploads\/2023\/02\/SUNVIS-logo-2.png","width":200,"height":45,"caption":"Solar Street Light and Solar System Manufacturer in China"},"image":{"@id":"https:\/\/sunvis-solar.com\/#\/schema\/logo\/image\/"}}]}},"_links":{"self":[{"href":"https:\/\/sunvis-solar.com\/es\/wp-json\/wp\/v2\/product\/1033","targetHints":{"allow":["GET"]}}],"collection":[{"href":"https:\/\/sunvis-solar.com\/es\/wp-json\/wp\/v2\/product"}],"about":[{"href":"https:\/\/sunvis-solar.com\/es\/wp-json\/wp\/v2\/types\/product"}],"wp:featuredmedia":[{"embeddable":true,"href":"https:\/\/sunvis-solar.com\/es\/wp-json\/wp\/v2\/media\/1066"}],"wp:attachment":[{"href":"https:\/\/sunvis-solar.com\/es\/wp-json\/wp\/v2\/media?parent=1033"}],"wp:term":[{"taxonomy":"product_brand","embeddable":true,"href":"https:\/\/sunvis-solar.com\/es\/wp-json\/wp\/v2\/product_brand?post=1033"},{"taxonomy":"product_cat","embeddable":true,"href":"https:\/\/sunvis-solar.com\/es\/wp-json\/wp\/v2\/product_cat?post=1033"},{"taxonomy":"product_tag","embeddable":true,"href":"https:\/\/sunvis-solar.com\/es\/wp-json\/wp\/v2\/product_tag?post=1033"}],"curies":[{"name":"Gracias","href":"https:\/\/api.w.org\/{rel}","templated":true}]}}