{"id":671,"date":"2021-11-07T01:17:36","date_gmt":"2021-11-07T01:17:36","guid":{"rendered":"https:\/\/sunvis-solar.com\/?page_id=671"},"modified":"2024-02-19T02:35:54","modified_gmt":"2024-02-19T02:35:54","slug":"fabricante-bomba-de-agua-solar","status":"publish","type":"page","link":"https:\/\/sunvis-solar.com\/es\/solar-water-pump-manufacturer\/","title":{"rendered":"Fabricante de bombas de agua solares"},"content":{"rendered":"","protected":false},"excerpt":{"rendered":"","protected":false},"author":1,"featured_media":2217,"parent":0,"menu_order":0,"comment_status":"closed","ping_status":"closed","template":"","meta":{"footnotes":""},"class_list":["post-671","page","type-page","status-publish","has-post-thumbnail","hentry"],"yoast_head":"<!-- This site is optimized with the Yoast SEO plugin v27.3 - https:\/\/yoast.com\/product\/yoast-seo-wordpress\/ -->\n<title>Solar Water Pump from China Manufacturer | SNESOL<\/title>\n<meta name=\"description\" content=\"SUNVIS is the best solar water pump Manufacturer and Supplier in China. Competitive Price. Five-Year Warranty. Low MOQ. Ask For a Quote Now!\" \/>\n<meta name=\"robots\" content=\"index, follow, max-snippet:-1, max-image-preview:large, max-video-preview:-1\" \/>\n<link rel=\"canonical\" href=\"https:\/\/sunvis-solar.com\/es\/fabricante-bomba-de-agua-solar\/\" \/>\n<meta property=\"og:locale\" content=\"es_ES\" \/>\n<meta property=\"og:type\" content=\"article\" \/>\n<meta property=\"og:title\" content=\"Solar Water Pump from China Manufacturer | SNESOL\" \/>\n<meta property=\"og:description\" content=\"SUNVIS is the best solar water pump Manufacturer and Supplier in China. Competitive Price. Five-Year Warranty. Low MOQ. Ask For a Quote Now!\" \/>\n<meta property=\"og:url\" content=\"https:\/\/sunvis-solar.com\/es\/fabricante-bomba-de-agua-solar\/\" \/>\n<meta property=\"og:site_name\" content=\"Solar Street Light and Solar System Manufacturer in China\" \/>\n<meta property=\"article:modified_time\" content=\"2024-02-19T02:35:54+00:00\" \/>\n<meta property=\"og:image\" content=\"https:\/\/sunvis-solar.com\/wp-content\/uploads\/2024\/02\/8-inch-solar-water-pump.jpg\" \/>\n\t<meta property=\"og:image:width\" content=\"780\" \/>\n\t<meta property=\"og:image:height\" content=\"550\" \/>\n\t<meta property=\"og:image:type\" content=\"image\/jpeg\" \/>\n<meta name=\"twitter:card\" content=\"summary_large_image\" \/>\n<meta name=\"twitter:label1\" content=\"Tiempo de lectura\" \/>\n\t<meta name=\"twitter:data1\" content=\"1 minuto\" \/>\n<script type=\"application\/ld+json\" class=\"yoast-schema-graph\">{\"@context\":\"https:\\\/\\\/schema.org\",\"@graph\":[{\"@type\":\"WebPage\",\"@id\":\"https:\\\/\\\/sunvis-solar.com\\\/solar-water-pump-manufacturer\\\/\",\"url\":\"https:\\\/\\\/sunvis-solar.com\\\/solar-water-pump-manufacturer\\\/\",\"name\":\"Solar Water Pump from China Manufacturer | SNESOL\",\"isPartOf\":{\"@id\":\"https:\\\/\\\/sunvis-solar.com\\\/#website\"},\"primaryImageOfPage\":{\"@id\":\"https:\\\/\\\/sunvis-solar.com\\\/solar-water-pump-manufacturer\\\/#primaryimage\"},\"image\":{\"@id\":\"https:\\\/\\\/sunvis-solar.com\\\/solar-water-pump-manufacturer\\\/#primaryimage\"},\"thumbnailUrl\":\"https:\\\/\\\/sunvis-solar.com\\\/wp-content\\\/uploads\\\/2024\\\/02\\\/8-inch-solar-water-pump.jpg\",\"datePublished\":\"2021-11-07T01:17:36+00:00\",\"dateModified\":\"2024-02-19T02:35:54+00:00\",\"description\":\"SUNVIS is the best solar water pump Manufacturer and Supplier in China. Competitive Price. Five-Year Warranty. Low MOQ. Ask For a Quote Now!\",\"breadcrumb\":{\"@id\":\"https:\\\/\\\/sunvis-solar.com\\\/solar-water-pump-manufacturer\\\/#breadcrumb\"},\"inLanguage\":\"es\",\"potentialAction\":[{\"@type\":\"ReadAction\",\"target\":[\"https:\\\/\\\/sunvis-solar.com\\\/solar-water-pump-manufacturer\\\/\"]}]},{\"@type\":\"ImageObject\",\"inLanguage\":\"es\",\"@id\":\"https:\\\/\\\/sunvis-solar.com\\\/solar-water-pump-manufacturer\\\/#primaryimage\",\"url\":\"https:\\\/\\\/sunvis-solar.com\\\/wp-content\\\/uploads\\\/2024\\\/02\\\/8-inch-solar-water-pump.jpg\",\"contentUrl\":\"https:\\\/\\\/sunvis-solar.com\\\/wp-content\\\/uploads\\\/2024\\\/02\\\/8-inch-solar-water-pump.jpg\",\"width\":780,\"height\":550,\"caption\":\"8 inch solar water pump\"},{\"@type\":\"BreadcrumbList\",\"@id\":\"https:\\\/\\\/sunvis-solar.com\\\/solar-water-pump-manufacturer\\\/#breadcrumb\",\"itemListElement\":[{\"@type\":\"ListItem\",\"position\":1,\"name\":\"Home\",\"item\":\"https:\\\/\\\/sunvis-solar.com\\\/\"},{\"@type\":\"ListItem\",\"position\":2,\"name\":\"Solar Water Pump Manufacturer\"}]},{\"@type\":\"WebSite\",\"@id\":\"https:\\\/\\\/sunvis-solar.com\\\/#website\",\"url\":\"https:\\\/\\\/sunvis-solar.com\\\/\",\"name\":\"Solar Street Light and Solar System Manufacturer in China\",\"description\":\"Solar Street Light and Solar System Manufacturer in China\",\"publisher\":{\"@id\":\"https:\\\/\\\/sunvis-solar.com\\\/#organization\"},\"potentialAction\":[{\"@type\":\"SearchAction\",\"target\":{\"@type\":\"EntryPoint\",\"urlTemplate\":\"https:\\\/\\\/sunvis-solar.com\\\/?s={search_term_string}\"},\"query-input\":{\"@type\":\"PropertyValueSpecification\",\"valueRequired\":true,\"valueName\":\"search_term_string\"}}],\"inLanguage\":\"es\"},{\"@type\":\"Organization\",\"@id\":\"https:\\\/\\\/sunvis-solar.com\\\/#organization\",\"name\":\"Solar Street Light and Solar System Manufacturer in China\",\"url\":\"https:\\\/\\\/sunvis-solar.com\\\/\",\"logo\":{\"@type\":\"ImageObject\",\"inLanguage\":\"es\",\"@id\":\"https:\\\/\\\/sunvis-solar.com\\\/#\\\/schema\\\/logo\\\/image\\\/\",\"url\":\"https:\\\/\\\/sunvis-solar.com\\\/wp-content\\\/uploads\\\/2023\\\/02\\\/SUNVIS-logo-2.png\",\"contentUrl\":\"https:\\\/\\\/sunvis-solar.com\\\/wp-content\\\/uploads\\\/2023\\\/02\\\/SUNVIS-logo-2.png\",\"width\":200,\"height\":45,\"caption\":\"Solar Street Light and Solar System Manufacturer in China\"},\"image\":{\"@id\":\"https:\\\/\\\/sunvis-solar.com\\\/#\\\/schema\\\/logo\\\/image\\\/\"}}]}<\/script>\n<!-- \/ Yoast SEO plugin. -->","yoast_head_json":{"title":"bomba de agua solar del fabricante de China | SNESOL","description":"SUNVIS es el mejor fabricante y proveedor de bombas de agua solares en China. Precio competitivo. Garant\u00eda de cinco a\u00f1os. MOQ bajo. Pida una cotizaci\u00f3n ahora!","robots":{"index":"index","follow":"follow","max-snippet":"max-snippet:-1","max-image-preview":"max-image-preview:large","max-video-preview":"max-video-preview:-1"},"canonical":"https:\/\/sunvis-solar.com\/es\/fabricante-bomba-de-agua-solar\/","og_locale":"es_ES","og_type":"article","og_title":"Solar Water Pump from China Manufacturer | SNESOL","og_description":"SUNVIS is the best solar water pump Manufacturer and Supplier in China. Competitive Price. Five-Year Warranty. Low MOQ. Ask For a Quote Now!","og_url":"https:\/\/sunvis-solar.com\/es\/fabricante-bomba-de-agua-solar\/","og_site_name":"Solar Street Light and Solar System Manufacturer in China","article_modified_time":"2024-02-19T02:35:54+00:00","og_image":[{"width":780,"height":550,"url":"https:\/\/sunvis-solar.com\/wp-content\/uploads\/2024\/02\/8-inch-solar-water-pump.jpg","type":"image\/jpeg"}],"twitter_card":"summary_large_image","twitter_misc":{"Tiempo de lectura":"1 minuto"},"schema":{"@context":"https:\/\/schema.org","@graph":[{"@type":"WebPage","@id":"https:\/\/sunvis-solar.com\/solar-water-pump-manufacturer\/","url":"https:\/\/sunvis-solar.com\/solar-water-pump-manufacturer\/","name":"bomba de agua solar del fabricante de China | SNESOL","isPartOf":{"@id":"https:\/\/sunvis-solar.com\/#website"},"primaryImageOfPage":{"@id":"https:\/\/sunvis-solar.com\/solar-water-pump-manufacturer\/#primaryimage"},"image":{"@id":"https:\/\/sunvis-solar.com\/solar-water-pump-manufacturer\/#primaryimage"},"thumbnailUrl":"https:\/\/sunvis-solar.com\/wp-content\/uploads\/2024\/02\/8-inch-solar-water-pump.jpg","datePublished":"2021-11-07T01:17:36+00:00","dateModified":"2024-02-19T02:35:54+00:00","description":"SUNVIS es el mejor fabricante y proveedor de bombas de agua solares en China. Precio competitivo. Garant\u00eda de cinco a\u00f1os. MOQ bajo. Pida una cotizaci\u00f3n ahora!","breadcrumb":{"@id":"https:\/\/sunvis-solar.com\/solar-water-pump-manufacturer\/#breadcrumb"},"inLanguage":"es","potentialAction":[{"@type":"ReadAction","target":["https:\/\/sunvis-solar.com\/solar-water-pump-manufacturer\/"]}]},{"@type":"ImageObject","inLanguage":"es","@id":"https:\/\/sunvis-solar.com\/solar-water-pump-manufacturer\/#primaryimage","url":"https:\/\/sunvis-solar.com\/wp-content\/uploads\/2024\/02\/8-inch-solar-water-pump.jpg","contentUrl":"https:\/\/sunvis-solar.com\/wp-content\/uploads\/2024\/02\/8-inch-solar-water-pump.jpg","width":780,"height":550,"caption":"8 inch solar water pump"},{"@type":"BreadcrumbList","@id":"https:\/\/sunvis-solar.com\/solar-water-pump-manufacturer\/#breadcrumb","itemListElement":[{"@type":"ListItem","position":1,"name":"Home","item":"https:\/\/sunvis-solar.com\/"},{"@type":"ListItem","position":2,"name":"Solar Water Pump Manufacturer"}]},{"@type":"WebSite","@id":"https:\/\/sunvis-solar.com\/#website","url":"https:\/\/sunvis-solar.com\/","name":"Fabricante de farolas solares y sistemas solares en China","description":"Fabricante de farolas solares y sistemas solares en China","publisher":{"@id":"https:\/\/sunvis-solar.com\/#organization"},"potentialAction":[{"@type":"SearchAction","target":{"@type":"EntryPoint","urlTemplate":"https:\/\/sunvis-solar.com\/?s={search_term_string}"},"query-input":{"@type":"PropertyValueSpecification","valueRequired":true,"valueName":"search_term_string"}}],"inLanguage":"es"},{"@type":"Organization","@id":"https:\/\/sunvis-solar.com\/#organization","name":"Fabricante de farolas solares y sistemas solares en China","url":"https:\/\/sunvis-solar.com\/","logo":{"@type":"ImageObject","inLanguage":"es","@id":"https:\/\/sunvis-solar.com\/#\/schema\/logo\/image\/","url":"https:\/\/sunvis-solar.com\/wp-content\/uploads\/2023\/02\/SUNVIS-logo-2.png","contentUrl":"https:\/\/sunvis-solar.com\/wp-content\/uploads\/2023\/02\/SUNVIS-logo-2.png","width":200,"height":45,"caption":"Solar Street Light and Solar System Manufacturer in China"},"image":{"@id":"https:\/\/sunvis-solar.com\/#\/schema\/logo\/image\/"}}]}},"_links":{"self":[{"href":"https:\/\/sunvis-solar.com\/es\/wp-json\/wp\/v2\/pages\/671","targetHints":{"allow":["GET"]}}],"collection":[{"href":"https:\/\/sunvis-solar.com\/es\/wp-json\/wp\/v2\/pages"}],"about":[{"href":"https:\/\/sunvis-solar.com\/es\/wp-json\/wp\/v2\/types\/page"}],"author":[{"embeddable":true,"href":"https:\/\/sunvis-solar.com\/es\/wp-json\/wp\/v2\/users\/1"}],"replies":[{"embeddable":true,"href":"https:\/\/sunvis-solar.com\/es\/wp-json\/wp\/v2\/comments?post=671"}],"version-history":[{"count":2,"href":"https:\/\/sunvis-solar.com\/es\/wp-json\/wp\/v2\/pages\/671\/revisions"}],"predecessor-version":[{"id":677,"href":"https:\/\/sunvis-solar.com\/es\/wp-json\/wp\/v2\/pages\/671\/revisions\/677"}],"wp:featuredmedia":[{"embeddable":true,"href":"https:\/\/sunvis-solar.com\/es\/wp-json\/wp\/v2\/media\/2217"}],"wp:attachment":[{"href":"https:\/\/sunvis-solar.com\/es\/wp-json\/wp\/v2\/media?parent=671"}],"curies":[{"name":"Gracias","href":"https:\/\/api.w.org\/{rel}","templated":true}]}}