{"id":2409,"date":"2024-12-29T14:08:23","date_gmt":"2024-12-29T14:08:23","guid":{"rendered":"https:\/\/sunvis-solar.com\/?page_id=2409"},"modified":"2024-12-30T00:38:20","modified_gmt":"2024-12-30T00:38:20","slug":"bateria-de-farola-solar","status":"publish","type":"page","link":"https:\/\/sunvis-solar.com\/es\/solar-streetlight-battery\/","title":{"rendered":"Bater\u00eda de farola solar"},"content":{"rendered":"","protected":false},"excerpt":{"rendered":"","protected":false},"author":1,"featured_media":2413,"parent":0,"menu_order":0,"comment_status":"closed","ping_status":"closed","template":"","meta":{"footnotes":""},"class_list":["post-2409","page","type-page","status-publish","has-post-thumbnail","hentry"],"yoast_head":"<!-- This site is optimized with the Yoast SEO plugin v27.3 - https:\/\/yoast.com\/product\/yoast-seo-wordpress\/ -->\n<title>Solar Street Light Battery | LiFePO4 Battery Pack with MPPT (12.8V\/25.6V 45AH-150AH)<\/title>\n<meta name=\"description\" content=\"Professional solar street light lithium battery with built-in MPPT controller. IP67 waterproof, 2000+ cycles, 5-year warranty. Perfect for 40W-180W LED lights. Available in 12.8V &amp; 25.6V series.\" \/>\n<meta name=\"robots\" content=\"index, follow, max-snippet:-1, max-image-preview:large, max-video-preview:-1\" \/>\n<link rel=\"canonical\" href=\"https:\/\/sunvis-solar.com\/es\/bateria-de-farola-solar\/\" \/>\n<meta property=\"og:locale\" content=\"es_ES\" \/>\n<meta property=\"og:type\" content=\"article\" \/>\n<meta property=\"og:title\" content=\"Solar Street Light Battery | LiFePO4 Battery Pack with MPPT (12.8V\/25.6V 45AH-150AH)\" \/>\n<meta property=\"og:description\" content=\"Professional solar street light lithium battery with built-in MPPT controller. IP67 waterproof, 2000+ cycles, 5-year warranty. Perfect for 40W-180W LED lights. Available in 12.8V &amp; 25.6V series.\" \/>\n<meta property=\"og:url\" content=\"https:\/\/sunvis-solar.com\/es\/bateria-de-farola-solar\/\" \/>\n<meta property=\"og:site_name\" content=\"Solar Street Light and Solar System Manufacturer in China\" \/>\n<meta property=\"article:modified_time\" content=\"2024-12-30T00:38:20+00:00\" \/>\n<meta property=\"og:image\" content=\"https:\/\/sunvis-solar.com\/wp-content\/uploads\/2024\/12\/solar-street-light-battery-c.png\" \/>\n\t<meta property=\"og:image:width\" content=\"1200\" \/>\n\t<meta property=\"og:image:height\" content=\"985\" \/>\n\t<meta property=\"og:image:type\" content=\"image\/png\" \/>\n<meta name=\"twitter:card\" content=\"summary_large_image\" \/>\n<meta name=\"twitter:label1\" content=\"Tiempo de lectura\" \/>\n\t<meta name=\"twitter:data1\" content=\"1 minuto\" \/>\n<script type=\"application\/ld+json\" class=\"yoast-schema-graph\">{\"@context\":\"https:\\\/\\\/schema.org\",\"@graph\":[{\"@type\":\"WebPage\",\"@id\":\"https:\\\/\\\/sunvis-solar.com\\\/solar-streetlight-battery\\\/\",\"url\":\"https:\\\/\\\/sunvis-solar.com\\\/solar-streetlight-battery\\\/\",\"name\":\"Solar Street Light Battery | LiFePO4 Battery Pack with MPPT (12.8V\\\/25.6V 45AH-150AH)\",\"isPartOf\":{\"@id\":\"https:\\\/\\\/sunvis-solar.com\\\/#website\"},\"primaryImageOfPage\":{\"@id\":\"https:\\\/\\\/sunvis-solar.com\\\/solar-streetlight-battery\\\/#primaryimage\"},\"image\":{\"@id\":\"https:\\\/\\\/sunvis-solar.com\\\/solar-streetlight-battery\\\/#primaryimage\"},\"thumbnailUrl\":\"https:\\\/\\\/sunvis-solar.com\\\/wp-content\\\/uploads\\\/2024\\\/12\\\/solar-street-light-battery-c.png\",\"datePublished\":\"2024-12-29T14:08:23+00:00\",\"dateModified\":\"2024-12-30T00:38:20+00:00\",\"description\":\"Professional solar street light lithium battery with built-in MPPT controller. IP67 waterproof, 2000+ cycles, 5-year warranty. Perfect for 40W-180W LED lights. Available in 12.8V & 25.6V series.\",\"breadcrumb\":{\"@id\":\"https:\\\/\\\/sunvis-solar.com\\\/solar-streetlight-battery\\\/#breadcrumb\"},\"inLanguage\":\"es\",\"potentialAction\":[{\"@type\":\"ReadAction\",\"target\":[\"https:\\\/\\\/sunvis-solar.com\\\/solar-streetlight-battery\\\/\"]}]},{\"@type\":\"ImageObject\",\"inLanguage\":\"es\",\"@id\":\"https:\\\/\\\/sunvis-solar.com\\\/solar-streetlight-battery\\\/#primaryimage\",\"url\":\"https:\\\/\\\/sunvis-solar.com\\\/wp-content\\\/uploads\\\/2024\\\/12\\\/solar-street-light-battery-c.png\",\"contentUrl\":\"https:\\\/\\\/sunvis-solar.com\\\/wp-content\\\/uploads\\\/2024\\\/12\\\/solar-street-light-battery-c.png\",\"width\":1200,\"height\":985},{\"@type\":\"BreadcrumbList\",\"@id\":\"https:\\\/\\\/sunvis-solar.com\\\/solar-streetlight-battery\\\/#breadcrumb\",\"itemListElement\":[{\"@type\":\"ListItem\",\"position\":1,\"name\":\"Home\",\"item\":\"https:\\\/\\\/sunvis-solar.com\\\/\"},{\"@type\":\"ListItem\",\"position\":2,\"name\":\"solar streetlight battery\"}]},{\"@type\":\"WebSite\",\"@id\":\"https:\\\/\\\/sunvis-solar.com\\\/#website\",\"url\":\"https:\\\/\\\/sunvis-solar.com\\\/\",\"name\":\"Solar Street Light and Solar System Manufacturer in China\",\"description\":\"Solar Street Light and Solar System Manufacturer in China\",\"publisher\":{\"@id\":\"https:\\\/\\\/sunvis-solar.com\\\/#organization\"},\"potentialAction\":[{\"@type\":\"SearchAction\",\"target\":{\"@type\":\"EntryPoint\",\"urlTemplate\":\"https:\\\/\\\/sunvis-solar.com\\\/?s={search_term_string}\"},\"query-input\":{\"@type\":\"PropertyValueSpecification\",\"valueRequired\":true,\"valueName\":\"search_term_string\"}}],\"inLanguage\":\"es\"},{\"@type\":\"Organization\",\"@id\":\"https:\\\/\\\/sunvis-solar.com\\\/#organization\",\"name\":\"Solar Street Light and Solar System Manufacturer in China\",\"url\":\"https:\\\/\\\/sunvis-solar.com\\\/\",\"logo\":{\"@type\":\"ImageObject\",\"inLanguage\":\"es\",\"@id\":\"https:\\\/\\\/sunvis-solar.com\\\/#\\\/schema\\\/logo\\\/image\\\/\",\"url\":\"https:\\\/\\\/sunvis-solar.com\\\/wp-content\\\/uploads\\\/2023\\\/02\\\/SUNVIS-logo-2.png\",\"contentUrl\":\"https:\\\/\\\/sunvis-solar.com\\\/wp-content\\\/uploads\\\/2023\\\/02\\\/SUNVIS-logo-2.png\",\"width\":200,\"height\":45,\"caption\":\"Solar Street Light and Solar System Manufacturer in China\"},\"image\":{\"@id\":\"https:\\\/\\\/sunvis-solar.com\\\/#\\\/schema\\\/logo\\\/image\\\/\"}}]}<\/script>\n<!-- \/ Yoast SEO plugin. -->","yoast_head_json":{"title":"Bater\u00eda para farolas solares | Paquete de bater\u00edas LiFePO4 con MPPT (12,8 V\/25,6 V 45 AH-150 AH)","description":"Farola solar profesional con bater\u00eda de litio y controlador MPPT integrado. Resistente al agua IP67, m\u00e1s de 2000 ciclos, garant\u00eda de 5 a\u00f1os. Perfecta para luces LED de 40 W a 180 W. Disponible en series de 12,8 V y 25,6 V.","robots":{"index":"index","follow":"follow","max-snippet":"max-snippet:-1","max-image-preview":"max-image-preview:large","max-video-preview":"max-video-preview:-1"},"canonical":"https:\/\/sunvis-solar.com\/es\/bateria-de-farola-solar\/","og_locale":"es_ES","og_type":"article","og_title":"Solar Street Light Battery | LiFePO4 Battery Pack with MPPT (12.8V\/25.6V 45AH-150AH)","og_description":"Professional solar street light lithium battery with built-in MPPT controller. IP67 waterproof, 2000+ cycles, 5-year warranty. Perfect for 40W-180W LED lights. Available in 12.8V & 25.6V series.","og_url":"https:\/\/sunvis-solar.com\/es\/bateria-de-farola-solar\/","og_site_name":"Solar Street Light and Solar System Manufacturer in China","article_modified_time":"2024-12-30T00:38:20+00:00","og_image":[{"width":1200,"height":985,"url":"https:\/\/sunvis-solar.com\/wp-content\/uploads\/2024\/12\/solar-street-light-battery-c.png","type":"image\/png"}],"twitter_card":"summary_large_image","twitter_misc":{"Tiempo de lectura":"1 minuto"},"schema":{"@context":"https:\/\/schema.org","@graph":[{"@type":"WebPage","@id":"https:\/\/sunvis-solar.com\/solar-streetlight-battery\/","url":"https:\/\/sunvis-solar.com\/solar-streetlight-battery\/","name":"Bater\u00eda para farolas solares | Paquete de bater\u00edas LiFePO4 con MPPT (12,8 V\/25,6 V 45 AH-150 AH)","isPartOf":{"@id":"https:\/\/sunvis-solar.com\/#website"},"primaryImageOfPage":{"@id":"https:\/\/sunvis-solar.com\/solar-streetlight-battery\/#primaryimage"},"image":{"@id":"https:\/\/sunvis-solar.com\/solar-streetlight-battery\/#primaryimage"},"thumbnailUrl":"https:\/\/sunvis-solar.com\/wp-content\/uploads\/2024\/12\/solar-street-light-battery-c.png","datePublished":"2024-12-29T14:08:23+00:00","dateModified":"2024-12-30T00:38:20+00:00","description":"Farola solar profesional con bater\u00eda de litio y controlador MPPT integrado. Resistente al agua IP67, m\u00e1s de 2000 ciclos, garant\u00eda de 5 a\u00f1os. Perfecta para luces LED de 40 W a 180 W. Disponible en series de 12,8 V y 25,6 V.","breadcrumb":{"@id":"https:\/\/sunvis-solar.com\/solar-streetlight-battery\/#breadcrumb"},"inLanguage":"es","potentialAction":[{"@type":"ReadAction","target":["https:\/\/sunvis-solar.com\/solar-streetlight-battery\/"]}]},{"@type":"ImageObject","inLanguage":"es","@id":"https:\/\/sunvis-solar.com\/solar-streetlight-battery\/#primaryimage","url":"https:\/\/sunvis-solar.com\/wp-content\/uploads\/2024\/12\/solar-street-light-battery-c.png","contentUrl":"https:\/\/sunvis-solar.com\/wp-content\/uploads\/2024\/12\/solar-street-light-battery-c.png","width":1200,"height":985},{"@type":"BreadcrumbList","@id":"https:\/\/sunvis-solar.com\/solar-streetlight-battery\/#breadcrumb","itemListElement":[{"@type":"ListItem","position":1,"name":"Home","item":"https:\/\/sunvis-solar.com\/"},{"@type":"ListItem","position":2,"name":"solar streetlight battery"}]},{"@type":"WebSite","@id":"https:\/\/sunvis-solar.com\/#website","url":"https:\/\/sunvis-solar.com\/","name":"Fabricante de farolas solares y sistemas solares en China","description":"Fabricante de farolas solares y sistemas solares en China","publisher":{"@id":"https:\/\/sunvis-solar.com\/#organization"},"potentialAction":[{"@type":"SearchAction","target":{"@type":"EntryPoint","urlTemplate":"https:\/\/sunvis-solar.com\/?s={search_term_string}"},"query-input":{"@type":"PropertyValueSpecification","valueRequired":true,"valueName":"search_term_string"}}],"inLanguage":"es"},{"@type":"Organization","@id":"https:\/\/sunvis-solar.com\/#organization","name":"Fabricante de farolas solares y sistemas solares en China","url":"https:\/\/sunvis-solar.com\/","logo":{"@type":"ImageObject","inLanguage":"es","@id":"https:\/\/sunvis-solar.com\/#\/schema\/logo\/image\/","url":"https:\/\/sunvis-solar.com\/wp-content\/uploads\/2023\/02\/SUNVIS-logo-2.png","contentUrl":"https:\/\/sunvis-solar.com\/wp-content\/uploads\/2023\/02\/SUNVIS-logo-2.png","width":200,"height":45,"caption":"Solar Street Light and Solar System Manufacturer in China"},"image":{"@id":"https:\/\/sunvis-solar.com\/#\/schema\/logo\/image\/"}}]}},"_links":{"self":[{"href":"https:\/\/sunvis-solar.com\/es\/wp-json\/wp\/v2\/pages\/2409","targetHints":{"allow":["GET"]}}],"collection":[{"href":"https:\/\/sunvis-solar.com\/es\/wp-json\/wp\/v2\/pages"}],"about":[{"href":"https:\/\/sunvis-solar.com\/es\/wp-json\/wp\/v2\/types\/page"}],"author":[{"embeddable":true,"href":"https:\/\/sunvis-solar.com\/es\/wp-json\/wp\/v2\/users\/1"}],"replies":[{"embeddable":true,"href":"https:\/\/sunvis-solar.com\/es\/wp-json\/wp\/v2\/comments?post=2409"}],"version-history":[{"count":1,"href":"https:\/\/sunvis-solar.com\/es\/wp-json\/wp\/v2\/pages\/2409\/revisions"}],"predecessor-version":[{"id":2410,"href":"https:\/\/sunvis-solar.com\/es\/wp-json\/wp\/v2\/pages\/2409\/revisions\/2410"}],"wp:featuredmedia":[{"embeddable":true,"href":"https:\/\/sunvis-solar.com\/es\/wp-json\/wp\/v2\/media\/2413"}],"wp:attachment":[{"href":"https:\/\/sunvis-solar.com\/es\/wp-json\/wp\/v2\/media?parent=2409"}],"curies":[{"name":"Gracias","href":"https:\/\/api.w.org\/{rel}","templated":true}]}}