{"id":1615,"date":"2023-03-19T13:11:56","date_gmt":"2023-03-19T13:11:56","guid":{"rendered":"https:\/\/sunvis-solar.com\/?page_id=1615"},"modified":"2023-03-19T13:49:38","modified_gmt":"2023-03-19T13:49:38","slug":"sistema-de-energia-solar-de-35-kw-sin-conexion-a-la-red","status":"publish","type":"page","link":"https:\/\/sunvis-solar.com\/es\/solar-power-systems\/3-5-kw-off-grid-solar-power-system\/","title":{"rendered":"Sistema de energ\u00eda solar fuera de la red de 3.5KW"},"content":{"rendered":"","protected":false},"excerpt":{"rendered":"","protected":false},"author":1,"featured_media":1623,"parent":1493,"menu_order":0,"comment_status":"closed","ping_status":"closed","template":"","meta":{"footnotes":""},"class_list":["post-1615","page","type-page","status-publish","has-post-thumbnail","hentry"],"yoast_head":"<!-- This site is optimized with the Yoast SEO plugin v27.3 - https:\/\/yoast.com\/product\/yoast-seo-wordpress\/ -->\n<title>3.5KW Off Grid Solar Power System with 4.8KWH Battery | SUNVIS<\/title>\n<meta name=\"description\" content=\"As a leading Solar Power System manufacturer in China, we offer high-quality 3.5KW solar off-grid systems for wholesalers, distributors, and installers worldwide. Contact us today to learn more.\" \/>\n<meta name=\"robots\" content=\"index, follow, max-snippet:-1, max-image-preview:large, max-video-preview:-1\" \/>\n<link rel=\"canonical\" href=\"https:\/\/sunvis-solar.com\/es\/sistemas-de-energia-solar\/sistema-de-energia-solar-de-35-kw-sin-conexion-a-la-red\/\" \/>\n<meta property=\"og:locale\" content=\"es_ES\" \/>\n<meta property=\"og:type\" content=\"article\" \/>\n<meta property=\"og:title\" content=\"3.5KW Off Grid Solar Power System with 4.8KWH Battery | SUNVIS\" \/>\n<meta property=\"og:description\" content=\"As a leading Solar Power System manufacturer in China, we offer high-quality 3.5KW solar off-grid systems for wholesalers, distributors, and installers worldwide. Contact us today to learn more.\" \/>\n<meta property=\"og:url\" content=\"https:\/\/sunvis-solar.com\/es\/sistemas-de-energia-solar\/sistema-de-energia-solar-de-35-kw-sin-conexion-a-la-red\/\" \/>\n<meta property=\"og:site_name\" content=\"Solar Street Light and Solar System Manufacturer in China\" \/>\n<meta property=\"article:modified_time\" content=\"2023-03-19T13:49:38+00:00\" \/>\n<meta property=\"og:image\" content=\"https:\/\/sunvis-solar.com\/wp-content\/uploads\/2023\/03\/3.5KW-Solar-System.webp\" \/>\n\t<meta property=\"og:image:width\" content=\"600\" \/>\n\t<meta property=\"og:image:height\" content=\"602\" \/>\n\t<meta property=\"og:image:type\" content=\"image\/webp\" \/>\n<meta name=\"twitter:card\" content=\"summary_large_image\" \/>\n<script type=\"application\/ld+json\" class=\"yoast-schema-graph\">{\"@context\":\"https:\\\/\\\/schema.org\",\"@graph\":[{\"@type\":\"WebPage\",\"@id\":\"https:\\\/\\\/sunvis-solar.com\\\/solar-power-systems\\\/3-5-kw-off-grid-solar-power-system\\\/\",\"url\":\"https:\\\/\\\/sunvis-solar.com\\\/solar-power-systems\\\/3-5-kw-off-grid-solar-power-system\\\/\",\"name\":\"3.5KW Off Grid Solar Power System with 4.8KWH Battery | SUNVIS\",\"isPartOf\":{\"@id\":\"https:\\\/\\\/sunvis-solar.com\\\/#website\"},\"primaryImageOfPage\":{\"@id\":\"https:\\\/\\\/sunvis-solar.com\\\/solar-power-systems\\\/3-5-kw-off-grid-solar-power-system\\\/#primaryimage\"},\"image\":{\"@id\":\"https:\\\/\\\/sunvis-solar.com\\\/solar-power-systems\\\/3-5-kw-off-grid-solar-power-system\\\/#primaryimage\"},\"thumbnailUrl\":\"https:\\\/\\\/sunvis-solar.com\\\/wp-content\\\/uploads\\\/2023\\\/03\\\/3.5KW-Solar-System.webp\",\"datePublished\":\"2023-03-19T13:11:56+00:00\",\"dateModified\":\"2023-03-19T13:49:38+00:00\",\"description\":\"As a leading Solar Power System manufacturer in China, we offer high-quality 3.5KW solar off-grid systems for wholesalers, distributors, and installers worldwide. Contact us today to learn more.\",\"breadcrumb\":{\"@id\":\"https:\\\/\\\/sunvis-solar.com\\\/solar-power-systems\\\/3-5-kw-off-grid-solar-power-system\\\/#breadcrumb\"},\"inLanguage\":\"es\",\"potentialAction\":[{\"@type\":\"ReadAction\",\"target\":[\"https:\\\/\\\/sunvis-solar.com\\\/solar-power-systems\\\/3-5-kw-off-grid-solar-power-system\\\/\"]}]},{\"@type\":\"ImageObject\",\"inLanguage\":\"es\",\"@id\":\"https:\\\/\\\/sunvis-solar.com\\\/solar-power-systems\\\/3-5-kw-off-grid-solar-power-system\\\/#primaryimage\",\"url\":\"https:\\\/\\\/sunvis-solar.com\\\/wp-content\\\/uploads\\\/2023\\\/03\\\/3.5KW-Solar-System.webp\",\"contentUrl\":\"https:\\\/\\\/sunvis-solar.com\\\/wp-content\\\/uploads\\\/2023\\\/03\\\/3.5KW-Solar-System.webp\",\"width\":600,\"height\":602,\"caption\":\"3.5KW-off-grid-Solar-power-System\"},{\"@type\":\"BreadcrumbList\",\"@id\":\"https:\\\/\\\/sunvis-solar.com\\\/solar-power-systems\\\/3-5-kw-off-grid-solar-power-system\\\/#breadcrumb\",\"itemListElement\":[{\"@type\":\"ListItem\",\"position\":1,\"name\":\"Home\",\"item\":\"https:\\\/\\\/sunvis-solar.com\\\/\"},{\"@type\":\"ListItem\",\"position\":2,\"name\":\"Solar Power Systems\",\"item\":\"https:\\\/\\\/sunvis-solar.com\\\/solar-power-systems\\\/\"},{\"@type\":\"ListItem\",\"position\":3,\"name\":\"3.5KW Off-grid Solar Power System\"}]},{\"@type\":\"WebSite\",\"@id\":\"https:\\\/\\\/sunvis-solar.com\\\/#website\",\"url\":\"https:\\\/\\\/sunvis-solar.com\\\/\",\"name\":\"Solar Street Light and Solar System Manufacturer in China\",\"description\":\"Solar Street Light and Solar System Manufacturer in China\",\"publisher\":{\"@id\":\"https:\\\/\\\/sunvis-solar.com\\\/#organization\"},\"potentialAction\":[{\"@type\":\"SearchAction\",\"target\":{\"@type\":\"EntryPoint\",\"urlTemplate\":\"https:\\\/\\\/sunvis-solar.com\\\/?s={search_term_string}\"},\"query-input\":{\"@type\":\"PropertyValueSpecification\",\"valueRequired\":true,\"valueName\":\"search_term_string\"}}],\"inLanguage\":\"es\"},{\"@type\":\"Organization\",\"@id\":\"https:\\\/\\\/sunvis-solar.com\\\/#organization\",\"name\":\"Solar Street Light and Solar System Manufacturer in China\",\"url\":\"https:\\\/\\\/sunvis-solar.com\\\/\",\"logo\":{\"@type\":\"ImageObject\",\"inLanguage\":\"es\",\"@id\":\"https:\\\/\\\/sunvis-solar.com\\\/#\\\/schema\\\/logo\\\/image\\\/\",\"url\":\"https:\\\/\\\/sunvis-solar.com\\\/wp-content\\\/uploads\\\/2023\\\/02\\\/SUNVIS-logo-2.png\",\"contentUrl\":\"https:\\\/\\\/sunvis-solar.com\\\/wp-content\\\/uploads\\\/2023\\\/02\\\/SUNVIS-logo-2.png\",\"width\":200,\"height\":45,\"caption\":\"Solar Street Light and Solar System Manufacturer in China\"},\"image\":{\"@id\":\"https:\\\/\\\/sunvis-solar.com\\\/#\\\/schema\\\/logo\\\/image\\\/\"}}]}<\/script>\n<!-- \/ Yoast SEO plugin. -->","yoast_head_json":{"title":"Sistema de energ\u00eda solar fuera de la red de 3,5 KW con bater\u00eda de 4,8 KWH | VISERA SOLAR","description":"Como fabricante l\u00edder de sistemas de energ\u00eda solar en China, ofrecemos sistemas solares aislados de alta calidad de 3,5 KW para mayoristas, distribuidores e instaladores de todo el mundo. Cont\u00e1ctenos hoy para aprender m\u00e1s.","robots":{"index":"index","follow":"follow","max-snippet":"max-snippet:-1","max-image-preview":"max-image-preview:large","max-video-preview":"max-video-preview:-1"},"canonical":"https:\/\/sunvis-solar.com\/es\/sistemas-de-energia-solar\/sistema-de-energia-solar-de-35-kw-sin-conexion-a-la-red\/","og_locale":"es_ES","og_type":"article","og_title":"3.5KW Off Grid Solar Power System with 4.8KWH Battery | SUNVIS","og_description":"As a leading Solar Power System manufacturer in China, we offer high-quality 3.5KW solar off-grid systems for wholesalers, distributors, and installers worldwide. Contact us today to learn more.","og_url":"https:\/\/sunvis-solar.com\/es\/sistemas-de-energia-solar\/sistema-de-energia-solar-de-35-kw-sin-conexion-a-la-red\/","og_site_name":"Solar Street Light and Solar System Manufacturer in China","article_modified_time":"2023-03-19T13:49:38+00:00","og_image":[{"width":600,"height":602,"url":"https:\/\/sunvis-solar.com\/wp-content\/uploads\/2023\/03\/3.5KW-Solar-System.webp","type":"image\/webp"}],"twitter_card":"summary_large_image","schema":{"@context":"https:\/\/schema.org","@graph":[{"@type":"WebPage","@id":"https:\/\/sunvis-solar.com\/solar-power-systems\/3-5-kw-off-grid-solar-power-system\/","url":"https:\/\/sunvis-solar.com\/solar-power-systems\/3-5-kw-off-grid-solar-power-system\/","name":"Sistema de energ\u00eda solar fuera de la red de 3,5 KW con bater\u00eda de 4,8 KWH | VISERA SOLAR","isPartOf":{"@id":"https:\/\/sunvis-solar.com\/#website"},"primaryImageOfPage":{"@id":"https:\/\/sunvis-solar.com\/solar-power-systems\/3-5-kw-off-grid-solar-power-system\/#primaryimage"},"image":{"@id":"https:\/\/sunvis-solar.com\/solar-power-systems\/3-5-kw-off-grid-solar-power-system\/#primaryimage"},"thumbnailUrl":"https:\/\/sunvis-solar.com\/wp-content\/uploads\/2023\/03\/3.5KW-Solar-System.webp","datePublished":"2023-03-19T13:11:56+00:00","dateModified":"2023-03-19T13:49:38+00:00","description":"Como fabricante l\u00edder de sistemas de energ\u00eda solar en China, ofrecemos sistemas solares aislados de alta calidad de 3,5 KW para mayoristas, distribuidores e instaladores de todo el mundo. Cont\u00e1ctenos hoy para aprender m\u00e1s.","breadcrumb":{"@id":"https:\/\/sunvis-solar.com\/solar-power-systems\/3-5-kw-off-grid-solar-power-system\/#breadcrumb"},"inLanguage":"es","potentialAction":[{"@type":"ReadAction","target":["https:\/\/sunvis-solar.com\/solar-power-systems\/3-5-kw-off-grid-solar-power-system\/"]}]},{"@type":"ImageObject","inLanguage":"es","@id":"https:\/\/sunvis-solar.com\/solar-power-systems\/3-5-kw-off-grid-solar-power-system\/#primaryimage","url":"https:\/\/sunvis-solar.com\/wp-content\/uploads\/2023\/03\/3.5KW-Solar-System.webp","contentUrl":"https:\/\/sunvis-solar.com\/wp-content\/uploads\/2023\/03\/3.5KW-Solar-System.webp","width":600,"height":602,"caption":"3.5KW-off-grid-Solar-power-System"},{"@type":"BreadcrumbList","@id":"https:\/\/sunvis-solar.com\/solar-power-systems\/3-5-kw-off-grid-solar-power-system\/#breadcrumb","itemListElement":[{"@type":"ListItem","position":1,"name":"Home","item":"https:\/\/sunvis-solar.com\/"},{"@type":"ListItem","position":2,"name":"Solar Power Systems","item":"https:\/\/sunvis-solar.com\/solar-power-systems\/"},{"@type":"ListItem","position":3,"name":"3.5KW Off-grid Solar Power System"}]},{"@type":"WebSite","@id":"https:\/\/sunvis-solar.com\/#website","url":"https:\/\/sunvis-solar.com\/","name":"Fabricante de farolas solares y sistemas solares en China","description":"Fabricante de farolas solares y sistemas solares en China","publisher":{"@id":"https:\/\/sunvis-solar.com\/#organization"},"potentialAction":[{"@type":"SearchAction","target":{"@type":"EntryPoint","urlTemplate":"https:\/\/sunvis-solar.com\/?s={search_term_string}"},"query-input":{"@type":"PropertyValueSpecification","valueRequired":true,"valueName":"search_term_string"}}],"inLanguage":"es"},{"@type":"Organization","@id":"https:\/\/sunvis-solar.com\/#organization","name":"Fabricante de farolas solares y sistemas solares en China","url":"https:\/\/sunvis-solar.com\/","logo":{"@type":"ImageObject","inLanguage":"es","@id":"https:\/\/sunvis-solar.com\/#\/schema\/logo\/image\/","url":"https:\/\/sunvis-solar.com\/wp-content\/uploads\/2023\/02\/SUNVIS-logo-2.png","contentUrl":"https:\/\/sunvis-solar.com\/wp-content\/uploads\/2023\/02\/SUNVIS-logo-2.png","width":200,"height":45,"caption":"Solar Street Light and Solar System Manufacturer in China"},"image":{"@id":"https:\/\/sunvis-solar.com\/#\/schema\/logo\/image\/"}}]}},"_links":{"self":[{"href":"https:\/\/sunvis-solar.com\/es\/wp-json\/wp\/v2\/pages\/1615","targetHints":{"allow":["GET"]}}],"collection":[{"href":"https:\/\/sunvis-solar.com\/es\/wp-json\/wp\/v2\/pages"}],"about":[{"href":"https:\/\/sunvis-solar.com\/es\/wp-json\/wp\/v2\/types\/page"}],"author":[{"embeddable":true,"href":"https:\/\/sunvis-solar.com\/es\/wp-json\/wp\/v2\/users\/1"}],"replies":[{"embeddable":true,"href":"https:\/\/sunvis-solar.com\/es\/wp-json\/wp\/v2\/comments?post=1615"}],"version-history":[{"count":2,"href":"https:\/\/sunvis-solar.com\/es\/wp-json\/wp\/v2\/pages\/1615\/revisions"}],"predecessor-version":[{"id":1622,"href":"https:\/\/sunvis-solar.com\/es\/wp-json\/wp\/v2\/pages\/1615\/revisions\/1622"}],"up":[{"embeddable":true,"href":"https:\/\/sunvis-solar.com\/es\/wp-json\/wp\/v2\/pages\/1493"}],"wp:featuredmedia":[{"embeddable":true,"href":"https:\/\/sunvis-solar.com\/es\/wp-json\/wp\/v2\/media\/1623"}],"wp:attachment":[{"href":"https:\/\/sunvis-solar.com\/es\/wp-json\/wp\/v2\/media?parent=1615"}],"curies":[{"name":"Gracias","href":"https:\/\/api.w.org\/{rel}","templated":true}]}}