{"id":1556,"date":"2023-02-28T13:09:16","date_gmt":"2023-02-28T13:09:16","guid":{"rendered":"https:\/\/sunvis-solar.com\/?page_id=1556"},"modified":"2023-03-01T01:42:29","modified_gmt":"2023-03-01T01:42:29","slug":"sistema-de-almacenamiento-de-energia-apilable","status":"publish","type":"page","link":"https:\/\/sunvis-solar.com\/es\/solar-lifepo4-battery\/stackable-energy-storage-system-2\/","title":{"rendered":"Sistema de almacenamiento de energ\u00eda apilable"},"content":{"rendered":"","protected":false},"excerpt":{"rendered":"","protected":false},"author":1,"featured_media":1529,"parent":1138,"menu_order":0,"comment_status":"closed","ping_status":"closed","template":"","meta":{"footnotes":""},"class_list":["post-1556","page","type-page","status-publish","has-post-thumbnail","hentry"],"yoast_head":"<!-- This site is optimized with the Yoast SEO plugin v27.3 - https:\/\/yoast.com\/product\/yoast-seo-wordpress\/ -->\n<title>Reliable Stackable Energy Storage System Supplier | SUNVIS<\/title>\n<meta name=\"description\" content=\"SUNVIS Supplies Stackable Energy Stroage System from 5KWh to 20KWH with AC220V or AC110V Output for different countries. Contact Now For More Details!\" \/>\n<meta name=\"robots\" content=\"index, follow, max-snippet:-1, max-image-preview:large, max-video-preview:-1\" \/>\n<link rel=\"canonical\" href=\"https:\/\/sunvis-solar.com\/es\/bateria-lifepo4-solar\/sistema-de-almacenamiento-de-energia-apilable\/\" \/>\n<meta property=\"og:locale\" content=\"es_ES\" \/>\n<meta property=\"og:type\" content=\"article\" \/>\n<meta property=\"og:title\" content=\"Reliable Stackable Energy Storage System Supplier | SUNVIS\" \/>\n<meta property=\"og:description\" content=\"SUNVIS Supplies Stackable Energy Stroage System from 5KWh to 20KWH with AC220V or AC110V Output for different countries. Contact Now For More Details!\" \/>\n<meta property=\"og:url\" content=\"https:\/\/sunvis-solar.com\/es\/bateria-lifepo4-solar\/sistema-de-almacenamiento-de-energia-apilable\/\" \/>\n<meta property=\"og:site_name\" content=\"Solar Street Light and Solar System Manufacturer in China\" \/>\n<meta property=\"article:modified_time\" content=\"2023-03-01T01:42:29+00:00\" \/>\n<meta property=\"og:image\" content=\"https:\/\/sunvis-solar.com\/wp-content\/uploads\/2023\/02\/stackable-energy-storage-system.webp\" \/>\n\t<meta property=\"og:image:width\" content=\"600\" \/>\n\t<meta property=\"og:image:height\" content=\"600\" \/>\n\t<meta property=\"og:image:type\" content=\"image\/webp\" \/>\n<meta name=\"twitter:card\" content=\"summary_large_image\" \/>\n<script type=\"application\/ld+json\" class=\"yoast-schema-graph\">{\"@context\":\"https:\\\/\\\/schema.org\",\"@graph\":[{\"@type\":\"WebPage\",\"@id\":\"https:\\\/\\\/sunvis-solar.com\\\/solar-lifepo4-battery\\\/stackable-energy-storage-system-2\\\/\",\"url\":\"https:\\\/\\\/sunvis-solar.com\\\/solar-lifepo4-battery\\\/stackable-energy-storage-system-2\\\/\",\"name\":\"Reliable Stackable Energy Storage System Supplier | SUNVIS\",\"isPartOf\":{\"@id\":\"https:\\\/\\\/sunvis-solar.com\\\/#website\"},\"primaryImageOfPage\":{\"@id\":\"https:\\\/\\\/sunvis-solar.com\\\/solar-lifepo4-battery\\\/stackable-energy-storage-system-2\\\/#primaryimage\"},\"image\":{\"@id\":\"https:\\\/\\\/sunvis-solar.com\\\/solar-lifepo4-battery\\\/stackable-energy-storage-system-2\\\/#primaryimage\"},\"thumbnailUrl\":\"https:\\\/\\\/sunvis-solar.com\\\/wp-content\\\/uploads\\\/2023\\\/02\\\/stackable-energy-storage-system.webp\",\"datePublished\":\"2023-02-28T13:09:16+00:00\",\"dateModified\":\"2023-03-01T01:42:29+00:00\",\"description\":\"SUNVIS Supplies Stackable Energy Stroage System from 5KWh to 20KWH with AC220V or AC110V Output for different countries. Contact Now For More Details!\",\"breadcrumb\":{\"@id\":\"https:\\\/\\\/sunvis-solar.com\\\/solar-lifepo4-battery\\\/stackable-energy-storage-system-2\\\/#breadcrumb\"},\"inLanguage\":\"es\",\"potentialAction\":[{\"@type\":\"ReadAction\",\"target\":[\"https:\\\/\\\/sunvis-solar.com\\\/solar-lifepo4-battery\\\/stackable-energy-storage-system-2\\\/\"]}]},{\"@type\":\"ImageObject\",\"inLanguage\":\"es\",\"@id\":\"https:\\\/\\\/sunvis-solar.com\\\/solar-lifepo4-battery\\\/stackable-energy-storage-system-2\\\/#primaryimage\",\"url\":\"https:\\\/\\\/sunvis-solar.com\\\/wp-content\\\/uploads\\\/2023\\\/02\\\/stackable-energy-storage-system.webp\",\"contentUrl\":\"https:\\\/\\\/sunvis-solar.com\\\/wp-content\\\/uploads\\\/2023\\\/02\\\/stackable-energy-storage-system.webp\",\"width\":600,\"height\":600,\"caption\":\"stackable-energy-storage-system\"},{\"@type\":\"BreadcrumbList\",\"@id\":\"https:\\\/\\\/sunvis-solar.com\\\/solar-lifepo4-battery\\\/stackable-energy-storage-system-2\\\/#breadcrumb\",\"itemListElement\":[{\"@type\":\"ListItem\",\"position\":1,\"name\":\"Home\",\"item\":\"https:\\\/\\\/sunvis-solar.com\\\/\"},{\"@type\":\"ListItem\",\"position\":2,\"name\":\"Solar LiFePO4 Battery\",\"item\":\"https:\\\/\\\/sunvis-solar.com\\\/solar-lifepo4-battery\\\/\"},{\"@type\":\"ListItem\",\"position\":3,\"name\":\"Stackable Energy Storage System\"}]},{\"@type\":\"WebSite\",\"@id\":\"https:\\\/\\\/sunvis-solar.com\\\/#website\",\"url\":\"https:\\\/\\\/sunvis-solar.com\\\/\",\"name\":\"Solar Street Light and Solar System Manufacturer in China\",\"description\":\"Solar Street Light and Solar System Manufacturer in China\",\"publisher\":{\"@id\":\"https:\\\/\\\/sunvis-solar.com\\\/#organization\"},\"potentialAction\":[{\"@type\":\"SearchAction\",\"target\":{\"@type\":\"EntryPoint\",\"urlTemplate\":\"https:\\\/\\\/sunvis-solar.com\\\/?s={search_term_string}\"},\"query-input\":{\"@type\":\"PropertyValueSpecification\",\"valueRequired\":true,\"valueName\":\"search_term_string\"}}],\"inLanguage\":\"es\"},{\"@type\":\"Organization\",\"@id\":\"https:\\\/\\\/sunvis-solar.com\\\/#organization\",\"name\":\"Solar Street Light and Solar System Manufacturer in China\",\"url\":\"https:\\\/\\\/sunvis-solar.com\\\/\",\"logo\":{\"@type\":\"ImageObject\",\"inLanguage\":\"es\",\"@id\":\"https:\\\/\\\/sunvis-solar.com\\\/#\\\/schema\\\/logo\\\/image\\\/\",\"url\":\"https:\\\/\\\/sunvis-solar.com\\\/wp-content\\\/uploads\\\/2023\\\/02\\\/SUNVIS-logo-2.png\",\"contentUrl\":\"https:\\\/\\\/sunvis-solar.com\\\/wp-content\\\/uploads\\\/2023\\\/02\\\/SUNVIS-logo-2.png\",\"width\":200,\"height\":45,\"caption\":\"Solar Street Light and Solar System Manufacturer in China\"},\"image\":{\"@id\":\"https:\\\/\\\/sunvis-solar.com\\\/#\\\/schema\\\/logo\\\/image\\\/\"}}]}<\/script>\n<!-- \/ Yoast SEO plugin. -->","yoast_head_json":{"title":"Proveedor confiable de sistema de almacenamiento de energ\u00eda apilable | VISERA SOLAR","description":"SUNVIS suministra un sistema de almacenamiento de energ\u00eda apilable de 5KWh a 20KWH con salida AC220V o AC110V para diferentes pa\u00edses. P\u00f3ngase en contacto ahora para obtener m\u00e1s detalles.","robots":{"index":"index","follow":"follow","max-snippet":"max-snippet:-1","max-image-preview":"max-image-preview:large","max-video-preview":"max-video-preview:-1"},"canonical":"https:\/\/sunvis-solar.com\/es\/bateria-lifepo4-solar\/sistema-de-almacenamiento-de-energia-apilable\/","og_locale":"es_ES","og_type":"article","og_title":"Reliable Stackable Energy Storage System Supplier | SUNVIS","og_description":"SUNVIS Supplies Stackable Energy Stroage System from 5KWh to 20KWH with AC220V or AC110V Output for different countries. Contact Now For More Details!","og_url":"https:\/\/sunvis-solar.com\/es\/bateria-lifepo4-solar\/sistema-de-almacenamiento-de-energia-apilable\/","og_site_name":"Solar Street Light and Solar System Manufacturer in China","article_modified_time":"2023-03-01T01:42:29+00:00","og_image":[{"width":600,"height":600,"url":"https:\/\/sunvis-solar.com\/wp-content\/uploads\/2023\/02\/stackable-energy-storage-system.webp","type":"image\/webp"}],"twitter_card":"summary_large_image","schema":{"@context":"https:\/\/schema.org","@graph":[{"@type":"WebPage","@id":"https:\/\/sunvis-solar.com\/solar-lifepo4-battery\/stackable-energy-storage-system-2\/","url":"https:\/\/sunvis-solar.com\/solar-lifepo4-battery\/stackable-energy-storage-system-2\/","name":"Proveedor confiable de sistema de almacenamiento de energ\u00eda apilable | VISERA SOLAR","isPartOf":{"@id":"https:\/\/sunvis-solar.com\/#website"},"primaryImageOfPage":{"@id":"https:\/\/sunvis-solar.com\/solar-lifepo4-battery\/stackable-energy-storage-system-2\/#primaryimage"},"image":{"@id":"https:\/\/sunvis-solar.com\/solar-lifepo4-battery\/stackable-energy-storage-system-2\/#primaryimage"},"thumbnailUrl":"https:\/\/sunvis-solar.com\/wp-content\/uploads\/2023\/02\/stackable-energy-storage-system.webp","datePublished":"2023-02-28T13:09:16+00:00","dateModified":"2023-03-01T01:42:29+00:00","description":"SUNVIS suministra un sistema de almacenamiento de energ\u00eda apilable de 5KWh a 20KWH con salida AC220V o AC110V para diferentes pa\u00edses. P\u00f3ngase en contacto ahora para obtener m\u00e1s detalles.","breadcrumb":{"@id":"https:\/\/sunvis-solar.com\/solar-lifepo4-battery\/stackable-energy-storage-system-2\/#breadcrumb"},"inLanguage":"es","potentialAction":[{"@type":"ReadAction","target":["https:\/\/sunvis-solar.com\/solar-lifepo4-battery\/stackable-energy-storage-system-2\/"]}]},{"@type":"ImageObject","inLanguage":"es","@id":"https:\/\/sunvis-solar.com\/solar-lifepo4-battery\/stackable-energy-storage-system-2\/#primaryimage","url":"https:\/\/sunvis-solar.com\/wp-content\/uploads\/2023\/02\/stackable-energy-storage-system.webp","contentUrl":"https:\/\/sunvis-solar.com\/wp-content\/uploads\/2023\/02\/stackable-energy-storage-system.webp","width":600,"height":600,"caption":"stackable-energy-storage-system"},{"@type":"BreadcrumbList","@id":"https:\/\/sunvis-solar.com\/solar-lifepo4-battery\/stackable-energy-storage-system-2\/#breadcrumb","itemListElement":[{"@type":"ListItem","position":1,"name":"Home","item":"https:\/\/sunvis-solar.com\/"},{"@type":"ListItem","position":2,"name":"Solar LiFePO4 Battery","item":"https:\/\/sunvis-solar.com\/solar-lifepo4-battery\/"},{"@type":"ListItem","position":3,"name":"Stackable Energy Storage System"}]},{"@type":"WebSite","@id":"https:\/\/sunvis-solar.com\/#website","url":"https:\/\/sunvis-solar.com\/","name":"Fabricante de farolas solares y sistemas solares en China","description":"Fabricante de farolas solares y sistemas solares en China","publisher":{"@id":"https:\/\/sunvis-solar.com\/#organization"},"potentialAction":[{"@type":"SearchAction","target":{"@type":"EntryPoint","urlTemplate":"https:\/\/sunvis-solar.com\/?s={search_term_string}"},"query-input":{"@type":"PropertyValueSpecification","valueRequired":true,"valueName":"search_term_string"}}],"inLanguage":"es"},{"@type":"Organization","@id":"https:\/\/sunvis-solar.com\/#organization","name":"Fabricante de farolas solares y sistemas solares en China","url":"https:\/\/sunvis-solar.com\/","logo":{"@type":"ImageObject","inLanguage":"es","@id":"https:\/\/sunvis-solar.com\/#\/schema\/logo\/image\/","url":"https:\/\/sunvis-solar.com\/wp-content\/uploads\/2023\/02\/SUNVIS-logo-2.png","contentUrl":"https:\/\/sunvis-solar.com\/wp-content\/uploads\/2023\/02\/SUNVIS-logo-2.png","width":200,"height":45,"caption":"Solar Street Light and Solar System Manufacturer in China"},"image":{"@id":"https:\/\/sunvis-solar.com\/#\/schema\/logo\/image\/"}}]}},"_links":{"self":[{"href":"https:\/\/sunvis-solar.com\/es\/wp-json\/wp\/v2\/pages\/1556","targetHints":{"allow":["GET"]}}],"collection":[{"href":"https:\/\/sunvis-solar.com\/es\/wp-json\/wp\/v2\/pages"}],"about":[{"href":"https:\/\/sunvis-solar.com\/es\/wp-json\/wp\/v2\/types\/page"}],"author":[{"embeddable":true,"href":"https:\/\/sunvis-solar.com\/es\/wp-json\/wp\/v2\/users\/1"}],"replies":[{"embeddable":true,"href":"https:\/\/sunvis-solar.com\/es\/wp-json\/wp\/v2\/comments?post=1556"}],"version-history":[{"count":1,"href":"https:\/\/sunvis-solar.com\/es\/wp-json\/wp\/v2\/pages\/1556\/revisions"}],"predecessor-version":[{"id":1558,"href":"https:\/\/sunvis-solar.com\/es\/wp-json\/wp\/v2\/pages\/1556\/revisions\/1558"}],"up":[{"embeddable":true,"href":"https:\/\/sunvis-solar.com\/es\/wp-json\/wp\/v2\/pages\/1138"}],"wp:featuredmedia":[{"embeddable":true,"href":"https:\/\/sunvis-solar.com\/es\/wp-json\/wp\/v2\/media\/1529"}],"wp:attachment":[{"href":"https:\/\/sunvis-solar.com\/es\/wp-json\/wp\/v2\/media?parent=1556"}],"curies":[{"name":"Gracias","href":"https:\/\/api.w.org\/{rel}","templated":true}]}}