{"id":1439,"date":"2023-02-21T07:41:25","date_gmt":"2023-02-21T07:41:25","guid":{"rendered":"https:\/\/sunvis-solar.com\/?page_id=1439"},"modified":"2023-02-21T08:17:05","modified_gmt":"2023-02-21T08:17:05","slug":"tiras-de-luces-led-solares","status":"publish","type":"page","link":"https:\/\/sunvis-solar.com\/es\/solar-led-strip-lights\/","title":{"rendered":"Tiras de luces LED solares"},"content":{"rendered":"<p><\/p>\n\n\n\n<p><\/p>","protected":false},"excerpt":{"rendered":"","protected":false},"author":1,"featured_media":1441,"parent":0,"menu_order":0,"comment_status":"closed","ping_status":"closed","template":"","meta":{"footnotes":""},"class_list":["post-1439","page","type-page","status-publish","has-post-thumbnail","hentry"],"yoast_head":"<!-- This site is optimized with the Yoast SEO plugin v27.3 - https:\/\/yoast.com\/product\/yoast-seo-wordpress\/ -->\n<title>Reliable Solar LED Strip Light Kit for Wholesale and Distribution | SUNVIS<\/title>\n<meta name=\"description\" content=\"Help Your Customers Update Their Outdoor Lighting Selection with Our Newly Designed Solar LED Strip Light Kit! Get it now and give your customers great outdoor lighting.\" \/>\n<meta name=\"robots\" content=\"index, follow, max-snippet:-1, max-image-preview:large, max-video-preview:-1\" \/>\n<link rel=\"canonical\" href=\"https:\/\/sunvis-solar.com\/es\/tiras-de-luces-led-solares\/\" \/>\n<meta property=\"og:locale\" content=\"es_ES\" \/>\n<meta property=\"og:type\" content=\"article\" \/>\n<meta property=\"og:title\" content=\"Reliable Solar LED Strip Light Kit for Wholesale and Distribution | SUNVIS\" \/>\n<meta property=\"og:description\" content=\"Help Your Customers Update Their Outdoor Lighting Selection with Our Newly Designed Solar LED Strip Light Kit! Get it now and give your customers great outdoor lighting.\" \/>\n<meta property=\"og:url\" content=\"https:\/\/sunvis-solar.com\/es\/tiras-de-luces-led-solares\/\" \/>\n<meta property=\"og:site_name\" content=\"Solar Street Light and Solar System Manufacturer in China\" \/>\n<meta property=\"article:modified_time\" content=\"2023-02-21T08:17:05+00:00\" \/>\n<meta property=\"og:image\" content=\"https:\/\/sunvis-solar.com\/wp-content\/uploads\/2023\/02\/RGB-Solar-LED-Strip-Light.webp\" \/>\n\t<meta property=\"og:image:width\" content=\"600\" \/>\n\t<meta property=\"og:image:height\" content=\"600\" \/>\n\t<meta property=\"og:image:type\" content=\"image\/webp\" \/>\n<meta name=\"twitter:card\" content=\"summary_large_image\" \/>\n<script type=\"application\/ld+json\" class=\"yoast-schema-graph\">{\"@context\":\"https:\\\/\\\/schema.org\",\"@graph\":[{\"@type\":\"WebPage\",\"@id\":\"https:\\\/\\\/sunvis-solar.com\\\/solar-led-strip-lights\\\/\",\"url\":\"https:\\\/\\\/sunvis-solar.com\\\/solar-led-strip-lights\\\/\",\"name\":\"Reliable Solar LED Strip Light Kit for Wholesale and Distribution | SUNVIS\",\"isPartOf\":{\"@id\":\"https:\\\/\\\/sunvis-solar.com\\\/#website\"},\"primaryImageOfPage\":{\"@id\":\"https:\\\/\\\/sunvis-solar.com\\\/solar-led-strip-lights\\\/#primaryimage\"},\"image\":{\"@id\":\"https:\\\/\\\/sunvis-solar.com\\\/solar-led-strip-lights\\\/#primaryimage\"},\"thumbnailUrl\":\"https:\\\/\\\/sunvis-solar.com\\\/wp-content\\\/uploads\\\/2023\\\/02\\\/RGB-Solar-LED-Strip-Light.webp\",\"datePublished\":\"2023-02-21T07:41:25+00:00\",\"dateModified\":\"2023-02-21T08:17:05+00:00\",\"description\":\"Help Your Customers Update Their Outdoor Lighting Selection with Our Newly Designed Solar LED Strip Light Kit! Get it now and give your customers great outdoor lighting.\",\"breadcrumb\":{\"@id\":\"https:\\\/\\\/sunvis-solar.com\\\/solar-led-strip-lights\\\/#breadcrumb\"},\"inLanguage\":\"es\",\"potentialAction\":[{\"@type\":\"ReadAction\",\"target\":[\"https:\\\/\\\/sunvis-solar.com\\\/solar-led-strip-lights\\\/\"]}]},{\"@type\":\"ImageObject\",\"inLanguage\":\"es\",\"@id\":\"https:\\\/\\\/sunvis-solar.com\\\/solar-led-strip-lights\\\/#primaryimage\",\"url\":\"https:\\\/\\\/sunvis-solar.com\\\/wp-content\\\/uploads\\\/2023\\\/02\\\/RGB-Solar-LED-Strip-Light.webp\",\"contentUrl\":\"https:\\\/\\\/sunvis-solar.com\\\/wp-content\\\/uploads\\\/2023\\\/02\\\/RGB-Solar-LED-Strip-Light.webp\",\"width\":600,\"height\":600,\"caption\":\"RGB Solar LED Strip Light\"},{\"@type\":\"BreadcrumbList\",\"@id\":\"https:\\\/\\\/sunvis-solar.com\\\/solar-led-strip-lights\\\/#breadcrumb\",\"itemListElement\":[{\"@type\":\"ListItem\",\"position\":1,\"name\":\"Home\",\"item\":\"https:\\\/\\\/sunvis-solar.com\\\/\"},{\"@type\":\"ListItem\",\"position\":2,\"name\":\"Solar LED Strip Lights\"}]},{\"@type\":\"WebSite\",\"@id\":\"https:\\\/\\\/sunvis-solar.com\\\/#website\",\"url\":\"https:\\\/\\\/sunvis-solar.com\\\/\",\"name\":\"Solar Street Light and Solar System Manufacturer in China\",\"description\":\"Solar Street Light and Solar System Manufacturer in China\",\"publisher\":{\"@id\":\"https:\\\/\\\/sunvis-solar.com\\\/#organization\"},\"potentialAction\":[{\"@type\":\"SearchAction\",\"target\":{\"@type\":\"EntryPoint\",\"urlTemplate\":\"https:\\\/\\\/sunvis-solar.com\\\/?s={search_term_string}\"},\"query-input\":{\"@type\":\"PropertyValueSpecification\",\"valueRequired\":true,\"valueName\":\"search_term_string\"}}],\"inLanguage\":\"es\"},{\"@type\":\"Organization\",\"@id\":\"https:\\\/\\\/sunvis-solar.com\\\/#organization\",\"name\":\"Solar Street Light and Solar System Manufacturer in China\",\"url\":\"https:\\\/\\\/sunvis-solar.com\\\/\",\"logo\":{\"@type\":\"ImageObject\",\"inLanguage\":\"es\",\"@id\":\"https:\\\/\\\/sunvis-solar.com\\\/#\\\/schema\\\/logo\\\/image\\\/\",\"url\":\"https:\\\/\\\/sunvis-solar.com\\\/wp-content\\\/uploads\\\/2023\\\/02\\\/SUNVIS-logo-2.png\",\"contentUrl\":\"https:\\\/\\\/sunvis-solar.com\\\/wp-content\\\/uploads\\\/2023\\\/02\\\/SUNVIS-logo-2.png\",\"width\":200,\"height\":45,\"caption\":\"Solar Street Light and Solar System Manufacturer in China\"},\"image\":{\"@id\":\"https:\\\/\\\/sunvis-solar.com\\\/#\\\/schema\\\/logo\\\/image\\\/\"}}]}<\/script>\n<!-- \/ Yoast SEO plugin. -->","yoast_head_json":{"title":"Kit de tira de luz LED solar confiable para mayoristas y distribuci\u00f3n | VISERA SOLAR","description":"\u00a1Ayude a sus clientes a actualizar su selecci\u00f3n de iluminaci\u00f3n exterior con nuestro kit de tiras de luces LED solares de nuevo dise\u00f1o! Cons\u00edguelo ahora y ofrece a tus clientes una excelente iluminaci\u00f3n exterior.","robots":{"index":"index","follow":"follow","max-snippet":"max-snippet:-1","max-image-preview":"max-image-preview:large","max-video-preview":"max-video-preview:-1"},"canonical":"https:\/\/sunvis-solar.com\/es\/tiras-de-luces-led-solares\/","og_locale":"es_ES","og_type":"article","og_title":"Reliable Solar LED Strip Light Kit for Wholesale and Distribution | SUNVIS","og_description":"Help Your Customers Update Their Outdoor Lighting Selection with Our Newly Designed Solar LED Strip Light Kit! Get it now and give your customers great outdoor lighting.","og_url":"https:\/\/sunvis-solar.com\/es\/tiras-de-luces-led-solares\/","og_site_name":"Solar Street Light and Solar System Manufacturer in China","article_modified_time":"2023-02-21T08:17:05+00:00","og_image":[{"width":600,"height":600,"url":"https:\/\/sunvis-solar.com\/wp-content\/uploads\/2023\/02\/RGB-Solar-LED-Strip-Light.webp","type":"image\/webp"}],"twitter_card":"summary_large_image","schema":{"@context":"https:\/\/schema.org","@graph":[{"@type":"WebPage","@id":"https:\/\/sunvis-solar.com\/solar-led-strip-lights\/","url":"https:\/\/sunvis-solar.com\/solar-led-strip-lights\/","name":"Kit de tira de luz LED solar confiable para mayoristas y distribuci\u00f3n | VISERA SOLAR","isPartOf":{"@id":"https:\/\/sunvis-solar.com\/#website"},"primaryImageOfPage":{"@id":"https:\/\/sunvis-solar.com\/solar-led-strip-lights\/#primaryimage"},"image":{"@id":"https:\/\/sunvis-solar.com\/solar-led-strip-lights\/#primaryimage"},"thumbnailUrl":"https:\/\/sunvis-solar.com\/wp-content\/uploads\/2023\/02\/RGB-Solar-LED-Strip-Light.webp","datePublished":"2023-02-21T07:41:25+00:00","dateModified":"2023-02-21T08:17:05+00:00","description":"\u00a1Ayude a sus clientes a actualizar su selecci\u00f3n de iluminaci\u00f3n exterior con nuestro kit de tiras de luces LED solares de nuevo dise\u00f1o! Cons\u00edguelo ahora y ofrece a tus clientes una excelente iluminaci\u00f3n exterior.","breadcrumb":{"@id":"https:\/\/sunvis-solar.com\/solar-led-strip-lights\/#breadcrumb"},"inLanguage":"es","potentialAction":[{"@type":"ReadAction","target":["https:\/\/sunvis-solar.com\/solar-led-strip-lights\/"]}]},{"@type":"ImageObject","inLanguage":"es","@id":"https:\/\/sunvis-solar.com\/solar-led-strip-lights\/#primaryimage","url":"https:\/\/sunvis-solar.com\/wp-content\/uploads\/2023\/02\/RGB-Solar-LED-Strip-Light.webp","contentUrl":"https:\/\/sunvis-solar.com\/wp-content\/uploads\/2023\/02\/RGB-Solar-LED-Strip-Light.webp","width":600,"height":600,"caption":"RGB Solar LED Strip Light"},{"@type":"BreadcrumbList","@id":"https:\/\/sunvis-solar.com\/solar-led-strip-lights\/#breadcrumb","itemListElement":[{"@type":"ListItem","position":1,"name":"Home","item":"https:\/\/sunvis-solar.com\/"},{"@type":"ListItem","position":2,"name":"Solar LED Strip Lights"}]},{"@type":"WebSite","@id":"https:\/\/sunvis-solar.com\/#website","url":"https:\/\/sunvis-solar.com\/","name":"Fabricante de farolas solares y sistemas solares en China","description":"Fabricante de farolas solares y sistemas solares en China","publisher":{"@id":"https:\/\/sunvis-solar.com\/#organization"},"potentialAction":[{"@type":"SearchAction","target":{"@type":"EntryPoint","urlTemplate":"https:\/\/sunvis-solar.com\/?s={search_term_string}"},"query-input":{"@type":"PropertyValueSpecification","valueRequired":true,"valueName":"search_term_string"}}],"inLanguage":"es"},{"@type":"Organization","@id":"https:\/\/sunvis-solar.com\/#organization","name":"Fabricante de farolas solares y sistemas solares en China","url":"https:\/\/sunvis-solar.com\/","logo":{"@type":"ImageObject","inLanguage":"es","@id":"https:\/\/sunvis-solar.com\/#\/schema\/logo\/image\/","url":"https:\/\/sunvis-solar.com\/wp-content\/uploads\/2023\/02\/SUNVIS-logo-2.png","contentUrl":"https:\/\/sunvis-solar.com\/wp-content\/uploads\/2023\/02\/SUNVIS-logo-2.png","width":200,"height":45,"caption":"Solar Street Light and Solar System Manufacturer in China"},"image":{"@id":"https:\/\/sunvis-solar.com\/#\/schema\/logo\/image\/"}}]}},"_links":{"self":[{"href":"https:\/\/sunvis-solar.com\/es\/wp-json\/wp\/v2\/pages\/1439","targetHints":{"allow":["GET"]}}],"collection":[{"href":"https:\/\/sunvis-solar.com\/es\/wp-json\/wp\/v2\/pages"}],"about":[{"href":"https:\/\/sunvis-solar.com\/es\/wp-json\/wp\/v2\/types\/page"}],"author":[{"embeddable":true,"href":"https:\/\/sunvis-solar.com\/es\/wp-json\/wp\/v2\/users\/1"}],"replies":[{"embeddable":true,"href":"https:\/\/sunvis-solar.com\/es\/wp-json\/wp\/v2\/comments?post=1439"}],"version-history":[{"count":1,"href":"https:\/\/sunvis-solar.com\/es\/wp-json\/wp\/v2\/pages\/1439\/revisions"}],"predecessor-version":[{"id":1440,"href":"https:\/\/sunvis-solar.com\/es\/wp-json\/wp\/v2\/pages\/1439\/revisions\/1440"}],"wp:featuredmedia":[{"embeddable":true,"href":"https:\/\/sunvis-solar.com\/es\/wp-json\/wp\/v2\/media\/1441"}],"wp:attachment":[{"href":"https:\/\/sunvis-solar.com\/es\/wp-json\/wp\/v2\/media?parent=1439"}],"curies":[{"name":"Gracias","href":"https:\/\/api.w.org\/{rel}","templated":true}]}}