{"id":1138,"date":"2022-09-28T07:31:51","date_gmt":"2022-09-28T07:31:51","guid":{"rendered":"https:\/\/sunvis-solar.com\/?page_id=1138"},"modified":"2023-02-28T13:18:02","modified_gmt":"2023-02-28T13:18:02","slug":"bateria-lifepo4-solar","status":"publish","type":"page","link":"https:\/\/sunvis-solar.com\/es\/solar-lifepo4-battery\/","title":{"rendered":"Bater\u00eda solar LiFePO4"},"content":{"rendered":"","protected":false},"excerpt":{"rendered":"","protected":false},"author":1,"featured_media":1529,"parent":0,"menu_order":0,"comment_status":"closed","ping_status":"closed","template":"","meta":{"footnotes":""},"class_list":["post-1138","page","type-page","status-publish","has-post-thumbnail","hentry"],"yoast_head":"<!-- This site is optimized with the Yoast SEO plugin v27.3 - https:\/\/yoast.com\/product\/yoast-seo-wordpress\/ -->\n<title>Solar LiFePO4 Battery | 24V\/48V Energy Storage System Supplier in China<\/title>\n<meta name=\"description\" content=\"SUNVIS SOLAR Supply Rack Mounted, Wall Mounted, and Stackable LiFePO4 Energy Storage Systems.Voltage Range: 24V to 48V, Contact for More!\" \/>\n<meta name=\"robots\" content=\"index, follow, max-snippet:-1, max-image-preview:large, max-video-preview:-1\" \/>\n<link rel=\"canonical\" href=\"https:\/\/sunvis-solar.com\/es\/bateria-lifepo4-solar\/\" \/>\n<meta property=\"og:locale\" content=\"es_ES\" \/>\n<meta property=\"og:type\" content=\"article\" \/>\n<meta property=\"og:title\" content=\"Solar LiFePO4 Battery | 24V\/48V Energy Storage System Supplier in China\" \/>\n<meta property=\"og:description\" content=\"SUNVIS SOLAR Supply Rack Mounted, Wall Mounted, and Stackable LiFePO4 Energy Storage Systems.Voltage Range: 24V to 48V, Contact for More!\" \/>\n<meta property=\"og:url\" content=\"https:\/\/sunvis-solar.com\/es\/bateria-lifepo4-solar\/\" \/>\n<meta property=\"og:site_name\" content=\"Solar Street Light and Solar System Manufacturer in China\" \/>\n<meta property=\"article:modified_time\" content=\"2023-02-28T13:18:02+00:00\" \/>\n<meta property=\"og:image\" content=\"https:\/\/sunvis-solar.com\/wp-content\/uploads\/2023\/02\/stackable-energy-storage-system.webp\" \/>\n\t<meta property=\"og:image:width\" content=\"600\" \/>\n\t<meta property=\"og:image:height\" content=\"600\" \/>\n\t<meta property=\"og:image:type\" content=\"image\/webp\" \/>\n<meta name=\"twitter:card\" content=\"summary_large_image\" \/>\n<script type=\"application\/ld+json\" class=\"yoast-schema-graph\">{\"@context\":\"https:\\\/\\\/schema.org\",\"@graph\":[{\"@type\":\"WebPage\",\"@id\":\"https:\\\/\\\/sunvis-solar.com\\\/solar-lifepo4-battery\\\/\",\"url\":\"https:\\\/\\\/sunvis-solar.com\\\/solar-lifepo4-battery\\\/\",\"name\":\"Solar LiFePO4 Battery | 24V\\\/48V Energy Storage System Supplier in China\",\"isPartOf\":{\"@id\":\"https:\\\/\\\/sunvis-solar.com\\\/#website\"},\"primaryImageOfPage\":{\"@id\":\"https:\\\/\\\/sunvis-solar.com\\\/solar-lifepo4-battery\\\/#primaryimage\"},\"image\":{\"@id\":\"https:\\\/\\\/sunvis-solar.com\\\/solar-lifepo4-battery\\\/#primaryimage\"},\"thumbnailUrl\":\"https:\\\/\\\/sunvis-solar.com\\\/wp-content\\\/uploads\\\/2023\\\/02\\\/stackable-energy-storage-system.webp\",\"datePublished\":\"2022-09-28T07:31:51+00:00\",\"dateModified\":\"2023-02-28T13:18:02+00:00\",\"description\":\"SUNVIS SOLAR Supply Rack Mounted, Wall Mounted, and Stackable LiFePO4 Energy Storage Systems.Voltage Range: 24V to 48V, Contact for More!\",\"breadcrumb\":{\"@id\":\"https:\\\/\\\/sunvis-solar.com\\\/solar-lifepo4-battery\\\/#breadcrumb\"},\"inLanguage\":\"es\",\"potentialAction\":[{\"@type\":\"ReadAction\",\"target\":[\"https:\\\/\\\/sunvis-solar.com\\\/solar-lifepo4-battery\\\/\"]}]},{\"@type\":\"ImageObject\",\"inLanguage\":\"es\",\"@id\":\"https:\\\/\\\/sunvis-solar.com\\\/solar-lifepo4-battery\\\/#primaryimage\",\"url\":\"https:\\\/\\\/sunvis-solar.com\\\/wp-content\\\/uploads\\\/2023\\\/02\\\/stackable-energy-storage-system.webp\",\"contentUrl\":\"https:\\\/\\\/sunvis-solar.com\\\/wp-content\\\/uploads\\\/2023\\\/02\\\/stackable-energy-storage-system.webp\",\"width\":600,\"height\":600,\"caption\":\"stackable-energy-storage-system\"},{\"@type\":\"BreadcrumbList\",\"@id\":\"https:\\\/\\\/sunvis-solar.com\\\/solar-lifepo4-battery\\\/#breadcrumb\",\"itemListElement\":[{\"@type\":\"ListItem\",\"position\":1,\"name\":\"Home\",\"item\":\"https:\\\/\\\/sunvis-solar.com\\\/\"},{\"@type\":\"ListItem\",\"position\":2,\"name\":\"Solar LiFePO4 Battery\"}]},{\"@type\":\"WebSite\",\"@id\":\"https:\\\/\\\/sunvis-solar.com\\\/#website\",\"url\":\"https:\\\/\\\/sunvis-solar.com\\\/\",\"name\":\"Solar Street Light and Solar System Manufacturer in China\",\"description\":\"Solar Street Light and Solar System Manufacturer in China\",\"publisher\":{\"@id\":\"https:\\\/\\\/sunvis-solar.com\\\/#organization\"},\"potentialAction\":[{\"@type\":\"SearchAction\",\"target\":{\"@type\":\"EntryPoint\",\"urlTemplate\":\"https:\\\/\\\/sunvis-solar.com\\\/?s={search_term_string}\"},\"query-input\":{\"@type\":\"PropertyValueSpecification\",\"valueRequired\":true,\"valueName\":\"search_term_string\"}}],\"inLanguage\":\"es\"},{\"@type\":\"Organization\",\"@id\":\"https:\\\/\\\/sunvis-solar.com\\\/#organization\",\"name\":\"Solar Street Light and Solar System Manufacturer in China\",\"url\":\"https:\\\/\\\/sunvis-solar.com\\\/\",\"logo\":{\"@type\":\"ImageObject\",\"inLanguage\":\"es\",\"@id\":\"https:\\\/\\\/sunvis-solar.com\\\/#\\\/schema\\\/logo\\\/image\\\/\",\"url\":\"https:\\\/\\\/sunvis-solar.com\\\/wp-content\\\/uploads\\\/2023\\\/02\\\/SUNVIS-logo-2.png\",\"contentUrl\":\"https:\\\/\\\/sunvis-solar.com\\\/wp-content\\\/uploads\\\/2023\\\/02\\\/SUNVIS-logo-2.png\",\"width\":200,\"height\":45,\"caption\":\"Solar Street Light and Solar System Manufacturer in China\"},\"image\":{\"@id\":\"https:\\\/\\\/sunvis-solar.com\\\/#\\\/schema\\\/logo\\\/image\\\/\"}}]}<\/script>\n<!-- \/ Yoast SEO plugin. -->","yoast_head_json":{"title":"Bater\u00eda solar LiFePO4 | Proveedor de sistemas de almacenamiento de energ\u00eda de 24 V\/48 V en China","description":"SUNVIS SOLAR Suministro de sistemas de almacenamiento de energ\u00eda LiFePO4 montados en bastidor, montados en la pared y apilables. Rango de voltaje: 24 V a 48 V, \u00a1comun\u00edquese para obtener m\u00e1s informaci\u00f3n!","robots":{"index":"index","follow":"follow","max-snippet":"max-snippet:-1","max-image-preview":"max-image-preview:large","max-video-preview":"max-video-preview:-1"},"canonical":"https:\/\/sunvis-solar.com\/es\/bateria-lifepo4-solar\/","og_locale":"es_ES","og_type":"article","og_title":"Solar LiFePO4 Battery | 24V\/48V Energy Storage System Supplier in China","og_description":"SUNVIS SOLAR Supply Rack Mounted, Wall Mounted, and Stackable LiFePO4 Energy Storage Systems.Voltage Range: 24V to 48V, Contact for More!","og_url":"https:\/\/sunvis-solar.com\/es\/bateria-lifepo4-solar\/","og_site_name":"Solar Street Light and Solar System Manufacturer in China","article_modified_time":"2023-02-28T13:18:02+00:00","og_image":[{"width":600,"height":600,"url":"https:\/\/sunvis-solar.com\/wp-content\/uploads\/2023\/02\/stackable-energy-storage-system.webp","type":"image\/webp"}],"twitter_card":"summary_large_image","schema":{"@context":"https:\/\/schema.org","@graph":[{"@type":"WebPage","@id":"https:\/\/sunvis-solar.com\/solar-lifepo4-battery\/","url":"https:\/\/sunvis-solar.com\/solar-lifepo4-battery\/","name":"Bater\u00eda solar LiFePO4 | Proveedor de sistemas de almacenamiento de energ\u00eda de 24 V\/48 V en China","isPartOf":{"@id":"https:\/\/sunvis-solar.com\/#website"},"primaryImageOfPage":{"@id":"https:\/\/sunvis-solar.com\/solar-lifepo4-battery\/#primaryimage"},"image":{"@id":"https:\/\/sunvis-solar.com\/solar-lifepo4-battery\/#primaryimage"},"thumbnailUrl":"https:\/\/sunvis-solar.com\/wp-content\/uploads\/2023\/02\/stackable-energy-storage-system.webp","datePublished":"2022-09-28T07:31:51+00:00","dateModified":"2023-02-28T13:18:02+00:00","description":"SUNVIS SOLAR Suministro de sistemas de almacenamiento de energ\u00eda LiFePO4 montados en bastidor, montados en la pared y apilables. Rango de voltaje: 24 V a 48 V, \u00a1comun\u00edquese para obtener m\u00e1s informaci\u00f3n!","breadcrumb":{"@id":"https:\/\/sunvis-solar.com\/solar-lifepo4-battery\/#breadcrumb"},"inLanguage":"es","potentialAction":[{"@type":"ReadAction","target":["https:\/\/sunvis-solar.com\/solar-lifepo4-battery\/"]}]},{"@type":"ImageObject","inLanguage":"es","@id":"https:\/\/sunvis-solar.com\/solar-lifepo4-battery\/#primaryimage","url":"https:\/\/sunvis-solar.com\/wp-content\/uploads\/2023\/02\/stackable-energy-storage-system.webp","contentUrl":"https:\/\/sunvis-solar.com\/wp-content\/uploads\/2023\/02\/stackable-energy-storage-system.webp","width":600,"height":600,"caption":"stackable-energy-storage-system"},{"@type":"BreadcrumbList","@id":"https:\/\/sunvis-solar.com\/solar-lifepo4-battery\/#breadcrumb","itemListElement":[{"@type":"ListItem","position":1,"name":"Home","item":"https:\/\/sunvis-solar.com\/"},{"@type":"ListItem","position":2,"name":"Solar LiFePO4 Battery"}]},{"@type":"WebSite","@id":"https:\/\/sunvis-solar.com\/#website","url":"https:\/\/sunvis-solar.com\/","name":"Fabricante de farolas solares y sistemas solares en China","description":"Fabricante de farolas solares y sistemas solares en China","publisher":{"@id":"https:\/\/sunvis-solar.com\/#organization"},"potentialAction":[{"@type":"SearchAction","target":{"@type":"EntryPoint","urlTemplate":"https:\/\/sunvis-solar.com\/?s={search_term_string}"},"query-input":{"@type":"PropertyValueSpecification","valueRequired":true,"valueName":"search_term_string"}}],"inLanguage":"es"},{"@type":"Organization","@id":"https:\/\/sunvis-solar.com\/#organization","name":"Fabricante de farolas solares y sistemas solares en China","url":"https:\/\/sunvis-solar.com\/","logo":{"@type":"ImageObject","inLanguage":"es","@id":"https:\/\/sunvis-solar.com\/#\/schema\/logo\/image\/","url":"https:\/\/sunvis-solar.com\/wp-content\/uploads\/2023\/02\/SUNVIS-logo-2.png","contentUrl":"https:\/\/sunvis-solar.com\/wp-content\/uploads\/2023\/02\/SUNVIS-logo-2.png","width":200,"height":45,"caption":"Solar Street Light and Solar System Manufacturer in China"},"image":{"@id":"https:\/\/sunvis-solar.com\/#\/schema\/logo\/image\/"}}]}},"_links":{"self":[{"href":"https:\/\/sunvis-solar.com\/es\/wp-json\/wp\/v2\/pages\/1138","targetHints":{"allow":["GET"]}}],"collection":[{"href":"https:\/\/sunvis-solar.com\/es\/wp-json\/wp\/v2\/pages"}],"about":[{"href":"https:\/\/sunvis-solar.com\/es\/wp-json\/wp\/v2\/types\/page"}],"author":[{"embeddable":true,"href":"https:\/\/sunvis-solar.com\/es\/wp-json\/wp\/v2\/users\/1"}],"replies":[{"embeddable":true,"href":"https:\/\/sunvis-solar.com\/es\/wp-json\/wp\/v2\/comments?post=1138"}],"version-history":[{"count":3,"href":"https:\/\/sunvis-solar.com\/es\/wp-json\/wp\/v2\/pages\/1138\/revisions"}],"predecessor-version":[{"id":1143,"href":"https:\/\/sunvis-solar.com\/es\/wp-json\/wp\/v2\/pages\/1138\/revisions\/1143"}],"wp:featuredmedia":[{"embeddable":true,"href":"https:\/\/sunvis-solar.com\/es\/wp-json\/wp\/v2\/media\/1529"}],"wp:attachment":[{"href":"https:\/\/sunvis-solar.com\/es\/wp-json\/wp\/v2\/media?parent=1138"}],"curies":[{"name":"Gracias","href":"https:\/\/api.w.org\/{rel}","templated":true}]}}